{"id":9164,"date":"2020-07-10T12:47:11","date_gmt":"2020-07-10T12:47:11","guid":{"rendered":"https:\/\/www.nordex-online.com\/fr\/?page_id=9164"},"modified":"2023-04-24T11:25:56","modified_gmt":"2023-04-24T11:25:56","slug":"maintenance","status":"publish","type":"page","link":"https:\/\/www.nordex-online.com\/fr\/maintenance\/","title":{"rendered":"Maintenance"},"content":{"rendered":"\n<div class=\"wp-block-cover alignfull has-background-dim-10 has-background-dim is-style-default\" style=\"min-height:340px;aspect-ratio:unset;\"><video class=\"wp-block-cover__video-background\" autoplay muted loop src=\"https:\/\/www.nordex-online.com\/wp-content\/uploads\/sites\/6\/2021\/07\/Service-2-final.mp4\"><\/video><div class=\"wp-block-cover__inner-container is-layout-flow wp-block-cover-is-layout-flow\">\n<p class=\"has-text-align-center has-large-font-size\">MAINTENANCE<\/p>\n<\/div><\/div>\n\n\n\n<div class=\"wp-block-nordex-heading is-style-underline nordex-heading wp-block-columns has-4-columns\"><div class=\"nordex-heading__chapter wp-block-column\"><span class=\"nordex-heading__chapter-title\">01<\/span><span class=\"nordex-heading__chapter-subtitle\">05<\/span><\/div><div class=\"nordex-heading__heading wp-block-column\"><h3 class=\"nordex-heading__heading-title\">MAINTENANCE<\/h3><\/div><div class=\"nordex-heading__subhead wp-block-column\"><p class=\"nordex-heading__subhead-title\"><\/p><\/div><div class=\"nordex-heading__button wp-block-column\"><\/div><\/div>\n\n\n\n<p>Notre \u00e9ventail de services propose des forfaits flexibles afin de garantir qu&rsquo;il y en ait un qui r\u00e9ponde aux besoins sp\u00e9cifiques de votre projet. Nous sommes \u00e9galement \u00e0 la disposition de nos clients pour envisager des solutions individuelles \u2013 le choix leur appartient.<\/p>\n\n\n\n<div class=\"wp-block-nordex-text wp-block-nordex-text--three-block-paragraphs\">\n<div class=\"wp-block-nordex-columns wp-block-nordex-columns--one-one-one wp-block-columns has-3-columns\">\n<div class=\"wp-block-nordex-column wp-block-column\">\n<p><strong>1. PREMIUM LIGHT&nbsp;&#8211;&nbsp;LA SOLUTION FLEXIBLE <\/strong><br><br>Le forfait Premium Light comprend une surveillance \u00e0 distance 24\/7, une maintenance programm\u00e9e et non programm\u00e9e, ainsi qu&rsquo;une garantie de disponibilit\u00e9 en fonction du temps. Les principaux composants ne font pas partie de la port\u00e9e du contrat, ce qui est le cas pour les r\u00e9parations et les pi\u00e8ces de rechange. Bien entendu, les r\u00e9parations et la fourniture des pi\u00e8ces de rechange de toutes les autres pi\u00e8ces et composants sont enti\u00e8rement couvertes.<br><\/p>\n<\/div>\n\n\n\n<div class=\"wp-block-nordex-column wp-block-column\">\n<p><strong>2. PREMIUM&nbsp;&#8211;&nbsp;LE FORFAIT DE GARANTIE TRANQUILLIT\u00c9  <br><\/strong><br>Le forfait contractuel Premium garantit un service complet en toute tranquillit\u00e9 d&rsquo;esprit afin de s\u00e9curiser l&rsquo;investissement de nos clients. En plus de la port\u00e9e de Premium Light, les r\u00e9parations et la fourniture de pi\u00e8ces de rechange de tous les principaux composants sont toutes incluses.<br><\/p>\n<\/div>\n\n\n\n<div class=\"wp-block-nordex-column wp-block-column\">\n<p><strong>3. PREMIUM PLUS&nbsp;&#8211;&nbsp;L&rsquo;ALTERNATIVE EN FONCTION DE LA PRODUCTION <br><\/strong><br>Le \u00ab&nbsp;Plus&nbsp;\u00bb est une garantie de disponibilit\u00e9 en fonction de la production qui prolonge le forfait complet en toute tranquillit\u00e9 d&rsquo;esprit du contrat Premium. La planification des travaux pendant les p\u00e9riodes de vent faible garantit \u00e0 nos clients les meilleurs rendements possible.<\/p>\n<\/div>\n<\/div>\n<\/div>\n\n\n\n<div class=\"wp-block-nordex-heading is-style-underline nordex-heading wp-block-columns has-4-columns\"><div class=\"nordex-heading__chapter wp-block-column\"><span class=\"nordex-heading__chapter-title\">02<\/span><span class=\"nordex-heading__chapter-subtitle\">05<\/span><\/div><div class=\"nordex-heading__heading wp-block-column\"><h3 class=\"nordex-heading__heading-title\">D\u00e9tails du contrat<\/h3><\/div><div class=\"nordex-heading__subhead wp-block-column\"><p class=\"nordex-heading__subhead-title\"><\/p><\/div><div class=\"nordex-heading__button wp-block-column\"><\/div><\/div>\n\n\n\n<figure class=\"wp-block-image size-large\"><img loading=\"lazy\" decoding=\"async\" width=\"1024\" height=\"724\" src=\"https:\/\/www.nordex-online.com\/wp-content\/uploads\/sites\/6\/2019\/10\/Service_Contracts_Overview-1024x724.jpg\" alt=\"\" class=\"wp-image-4538\" srcset=\"https:\/\/www.nordex-online.com\/wp-content\/uploads\/sites\/6\/2019\/10\/Service_Contracts_Overview-1024x724.jpg 1024w, https:\/\/www.nordex-online.com\/wp-content\/uploads\/sites\/6\/2019\/10\/Service_Contracts_Overview-300x212.jpg 300w, https:\/\/www.nordex-online.com\/wp-content\/uploads\/sites\/6\/2019\/10\/Service_Contracts_Overview-768x543.jpg 768w, https:\/\/www.nordex-online.com\/wp-content\/uploads\/sites\/6\/2019\/10\/Service_Contracts_Overview-1536x1086.jpg 1536w, https:\/\/www.nordex-online.com\/wp-content\/uploads\/sites\/6\/2019\/10\/Service_Contracts_Overview-2048x1448.jpg 2048w\" sizes=\"auto, (max-width: 1024px) 100vw, 1024px\" \/><\/figure>\n\n\n\n<div class=\"wp-block-nordex-heading is-style-underline nordex-heading wp-block-columns has-4-columns\"><div class=\"nordex-heading__chapter wp-block-column\"><span class=\"nordex-heading__chapter-title\">03<\/span><span class=\"nordex-heading__chapter-subtitle\">05<\/span><\/div><div class=\"nordex-heading__heading wp-block-column\"><h3 class=\"nordex-heading__heading-title\">Pi\u00e8ces de rechange &amp; R\u00e9parations<\/h3><\/div><div class=\"nordex-heading__subhead wp-block-column\"><p class=\"nordex-heading__subhead-title\"><\/p><\/div><div class=\"nordex-heading__button wp-block-column\"><\/div><\/div>\n\n\n\n<div class=\"wp-block-nordex-media-text wp-block-nordex-media-text--image-block-paragraph-block-paragraph\">\n<div class=\"wp-block-nordex-columns wp-block-nordex-columns--one-one-two wp-block-columns has-3-columns\">\n<div class=\"wp-block-nordex-column wp-block-column\">\n<figure class=\"wp-block-image size-large\"><img loading=\"lazy\" decoding=\"async\" width=\"1024\" height=\"683\" src=\"https:\/\/www.nordex-online.com\/wp-content\/uploads\/sites\/6\/2019\/11\/Ersatzteillager_D_HRO_2017-1024px.jpg\" alt=\"\" class=\"wp-image-6420\" srcset=\"https:\/\/www.nordex-online.com\/wp-content\/uploads\/sites\/6\/2019\/11\/Ersatzteillager_D_HRO_2017-1024px.jpg 1024w, https:\/\/www.nordex-online.com\/wp-content\/uploads\/sites\/6\/2019\/11\/Ersatzteillager_D_HRO_2017-1024px-300x200.jpg 300w, https:\/\/www.nordex-online.com\/wp-content\/uploads\/sites\/6\/2019\/11\/Ersatzteillager_D_HRO_2017-1024px-768x512.jpg 768w\" sizes=\"auto, (max-width: 1024px) 100vw, 1024px\" \/><\/figure>\n<\/div>\n\n\n\n<div class=\"wp-block-nordex-column wp-block-column\">\n<p>Le Spare Parts Management de Nordex Group assure un approvisionnement mondial en pi\u00e8ces de rechange pour votre \u00e9olienne, et ce, 365&nbsp;jours par an. La fourniture exclusive des types de mat\u00e9riaux requis, ainsi que les temps de r\u00e9ponse et de transport courts, garantissent la meilleure disponibilit\u00e9 possible de la flotte mondiale. En tant que fabricant, nous savons exactement quelles pi\u00e8ces de rechange sont n\u00e9cessaires pour un fonctionnement efficace et durable des turbines tout au long de leur p\u00e9riode d&rsquo;utilisation. <br> Fort de ces connaissances, le Spare Parts Management en collaboration avec les organisations de service locales d\u00e9finit la gamme de pi\u00e8ces de rechange requises pour tous les incidents de maintenance et de r\u00e9paration.  Cette fourniture de mat\u00e9riaux sur mesure et la livraison ponctuelle au parc \u00e9olien garantissent un service optimal sur site. <\/p>\n<\/div>\n\n\n\n<div class=\"wp-block-nordex-column wp-block-column\">\n<p>Quels que soient les composants requis, notre \u00e9quipe efficace garantit l&rsquo;ensemble de la cha\u00eene d&rsquo;approvisionnement en pi\u00e8ces de rechange, de l&rsquo;achat, au stockage et \u00e0 la livraison dans le monde entier.<br>Des contr\u00f4les r\u00e9guliers sont n\u00e9cessaires afin de maintenir le parc \u00e9olien dans un \u00e9tat optimal et pr\u00e9venir les dommages graves. Nos techniciens d\u00e9di\u00e9s effectuent les contr\u00f4les selon un plan d&rsquo;entretien programm\u00e9 optimis\u00e9. Gr\u00e2ce \u00e0 nos m\u00e9thodes de contr\u00f4le flexibles, telles que l&rsquo;utilisation de drones ou l&rsquo;endoscopie, nous emp\u00eachons la baisse des performances et garantissons une qualit\u00e9 optimale, assurant ainsi le succ\u00e8s de votre flotte. <br><br><br><strong>Veuillez contacter nos experts en pi\u00e8ces de rechange par e-mail \u00e0 l&rsquo;adresse <a href=\"mailto:spare_parts@nordex-online.com\">spare_parts@nordex-online.com<\/a><\/strong><\/p>\n<\/div>\n<\/div>\n<\/div>\n\n\n\n<div class=\"wp-block-nordex-heading is-style-underline nordex-heading wp-block-columns has-4-columns\"><div class=\"nordex-heading__chapter wp-block-column\"><span class=\"nordex-heading__chapter-title\">04<\/span><span class=\"nordex-heading__chapter-subtitle\">05<\/span><\/div><div class=\"nordex-heading__heading wp-block-column\"><h3 class=\"nordex-heading__heading-title\">Concepts orient\u00e9s COE   <\/h3><\/div><div class=\"nordex-heading__subhead wp-block-column\"><p class=\"nordex-heading__subhead-title\"><\/p><\/div><div class=\"nordex-heading__button wp-block-column\"><\/div><\/div>\n\n\n\n<div class=\"wp-block-columns is-layout-flex wp-container-core-columns-is-layout-28f84493 wp-block-columns-is-layout-flex\">\n<div class=\"wp-block-column is-layout-flow wp-block-column-is-layout-flow\" style=\"flex-basis:33.33%\">\n<h3 class=\"has-grey-65-color has-text-color wp-block-heading\" id=\"h-des-solutions-intelligentes-pour-plus-de-rendement\">DES SOLUTIONS INTELLIGENTES POUR PLUS DE RENDEMENT <\/h3>\n<\/div>\n\n\n\n<div class=\"wp-block-column is-layout-flow wp-block-column-is-layout-flow\" style=\"flex-basis:66.66%\">\n<p>Nous proposons des solutions rapides pour chaque question complexe. Notre Competence Centre, qui se concentre sur les convertisseurs, les transmissions et les pales, fournit une expertise sp\u00e9cifique avec un seul objectif : garantir le meilleur rendement possible pour nos clients.<br>\nLa faisabilit\u00e9 s\u00fbre et rentable du service et de la maintenance sont des principes de conception centraux dans le d\u00e9veloppement des \u00e9oliennes. <br>\nAinsi, dans la derni\u00e8re g\u00e9n\u00e9ration, la s\u00e9rie Delta4000, chaque composant est syst\u00e9matiquement con\u00e7u pour une bonne accessibilit\u00e9 et un faible effort de maintenance. Le remplacement de grands composants tels que les bo\u00eetes de vitesses peut \u00eatre effectu\u00e9 de mani\u00e8re plus durable, plus rentable et plus rapide qu&rsquo;avec les approches conventionnelles utilisant des solutions de grues mobiles \u00e0 montage automatique.<\/p>\n<\/div>\n<\/div>\n\n\n\n<div class=\"wp-block-nordex-video-text is-style-large-image nordex-video-text wp-block-columns wp-block-nordex-columns has-2-columns\"><div class=\"nordex-video-text__left wp-block-column wp-block-nordex-column\">\n<figure class=\"wp-block-embed-youtube wp-block-embed is-type-video is-provider-youtube wp-embed-aspect-16-9 wp-has-aspect-ratio\"><div class=\"wp-block-embed__wrapper\">\n <div class=\"brlbs-cmpnt-container brlbs-cmpnt-content-blocker brlbs-cmpnt-with-individual-styles\" data-borlabs-cookie-content-blocker-id=\"youtube-content-blocker\" data-borlabs-cookie-content=\"PGlmcmFtZSB0aXRsZT0iR2VhcmJveCBFeGNoYW5nZSB3aXRoIExpZnRyYSBTZWxmLUhvaXN0aW5nLUNyYW5lIHwgU2VydmljZSBhdCB0aGUgTm9yZGV4IEdyb3VwIiB3aWR0aD0iOTYwIiBoZWlnaHQ9IjU0MCIgc3JjPSJodHRwczovL3d3dy55b3V0dWJlLmNvbS9lbWJlZC90R25TcDBtTnoxND9mZWF0dXJlPW9lbWJlZCIgZnJhbWVib3JkZXI9IjAiIGFsbG93PSJhY2NlbGVyb21ldGVyOyBhdXRvcGxheTsgY2xpcGJvYXJkLXdyaXRlOyBlbmNyeXB0ZWQtbWVkaWE7IGd5cm9zY29wZTsgcGljdHVyZS1pbi1waWN0dXJlIiBhbGxvd2Z1bGxzY3JlZW4+PC9pZnJhbWU+\"><div class=\"brlbs-cmpnt-cb-preset-c brlbs-cmpnt-cb-youtube\"> <div class=\"brlbs-cmpnt-cb-thumbnail\" style=\"background-image: url('')\"><\/div> <div class=\"brlbs-cmpnt-cb-main\"> <div class=\"brlbs-cmpnt-cb-play-button\"><\/div> <div class=\"brlbs-cmpnt-cb-content\"> <p class=\"brlbs-cmpnt-cb-description\">Vous \u00eates actuellement en train de consulter le contenu d&rsquo;un espace r\u00e9serv\u00e9 de <strong>YouTube<\/strong>. Pour acc\u00e9der au contenu r\u00e9el, cliquez sur le bouton ci-dessous. Veuillez noter que ce faisant, des donn\u00e9es seront partag\u00e9es avec des providers tiers.<\/p> <a class=\"brlbs-cmpnt-cb-provider-toggle\" href=\"#\" data-borlabs-cookie-show-provider-information role=\"button\">Plus d&rsquo;informations<\/a> <\/div> <div class=\"brlbs-cmpnt-cb-buttons\"> <a class=\"brlbs-cmpnt-cb-btn\" href=\"#\" data-borlabs-cookie-unblock role=\"button\">D\u00e9bloquer le contenu<\/a> <a class=\"brlbs-cmpnt-cb-btn\" href=\"#\" data-borlabs-cookie-accept-service role=\"button\" style=\"display: inherit\">Accepter le service requis et d\u00e9bloquer les contenus<\/a> <\/div> <\/div> <\/div><\/div>\n<\/div><\/figure>\n<\/div><div class=\"nordex-video-text__right wp-block-column wp-block-nordex-column\"><div class=\"nordex-video-text__container\"><h2><\/h2><p class=\"nordex-video-text__subtitle\" style=\"color:#0e5783\"><\/p><p class=\"nordex-video-text__content\">Aujourd&rsquo;hui, un \u00e9change de tests fait d\u00e9j\u00e0 partie du processus de certification et d&rsquo;essai des prototypes &#8211; comme on peut le voir dans la vid\u00e9o sur le prototype Delta4000 \u00e0 Wennersdorf, en Allemagne.<\/p><\/div><\/div><\/div>\n\n\n\n<div class=\"wp-block-nordex-heading is-style-underline nordex-heading wp-block-columns has-4-columns\"><div class=\"nordex-heading__chapter wp-block-column\"><span class=\"nordex-heading__chapter-title\">05<\/span><span class=\"nordex-heading__chapter-subtitle\">05<\/span><\/div><div class=\"nordex-heading__heading wp-block-column\"><h3 class=\"nordex-heading__heading-title\">En savoir plus<\/h3><\/div><div class=\"nordex-heading__subhead wp-block-column\"><p class=\"nordex-heading__subhead-title\"><\/p><\/div><div class=\"nordex-heading__button wp-block-column\"><\/div><\/div>\n\n\n\n<div class=\"wp-block-columns is-style-nordex-gaps is-layout-flex wp-container-core-columns-is-layout-28f84493 wp-block-columns-is-layout-flex\">\n<div class=\"wp-block-column is-layout-flow wp-block-column-is-layout-flow\">\n<div class=\"wp-block-nordex-tile wp-block-nordex-tile--portrait\"><a class=\"wp-block-nordex-tile__button\" href=\"https:\/\/www.nordex-online.com\/fr\/service\/\"><div class=\"wp-block-nordex-tile__image\" style=\"background-image:url(https:\/\/www.nordex-online.com\/wp-content\/uploads\/sites\/6\/2021\/07\/1.jpg)\"><\/div><p class=\"wp-block-nordex-tile__title\">SERVICE<\/p><p class=\"wp-block-button is-style-underline\"><span class=\"wp-block-button__link\">En savoir plus<\/span><\/p><\/a><\/div>\n<\/div>\n\n\n\n<div class=\"wp-block-column is-layout-flow wp-block-column-is-layout-flow\">\n<div class=\"wp-block-nordex-tile wp-block-nordex-tile--portrait\"><a class=\"wp-block-nordex-tile__button\" href=\"https:\/\/www.nordex-online.com\/fr\/nouvelles-options-machines\/\"><div class=\"wp-block-nordex-tile__image\" style=\"background-image:url(https:\/\/www.nordex-online.com\/wp-content\/uploads\/sites\/6\/2019\/11\/21UMertens.png)\"><\/div><p class=\"wp-block-nordex-tile__title\">MISES \u00c0 NIVEAU<\/p><p class=\"wp-block-button is-style-underline\"><span class=\"wp-block-button__link\">en savoir plus<\/span><\/p><\/a><\/div>\n<\/div>\n\n\n\n<div class=\"wp-block-column is-layout-flow wp-block-column-is-layout-flow\">\n<div class=\"wp-block-nordex-tile wp-block-nordex-tile--portrait\"><a class=\"wp-block-nordex-tile__button\" href=\"https:\/\/www.nordex-online.com\/fr\/product\/page-principale\/\"><div class=\"wp-block-nordex-tile__image\" style=\"background-image:url(https:\/\/www.nordex-online.com\/wp-content\/uploads\/sites\/6\/2019\/11\/04UMertens.png)\"><\/div><p class=\"wp-block-nordex-tile__title\">PRODUITS<\/p><p class=\"wp-block-button is-style-underline\"><span class=\"wp-block-button__link\">en savoir plus<\/span><\/p><\/a><\/div>\n<\/div>\n<\/div>\n","protected":false},"excerpt":{"rendered":"<p>Notre \u00e9ventail de services propose des forfaits flexibles afin de garantir qu&rsquo;il y en ait un qui r\u00e9ponde aux besoins sp\u00e9cifiques de votre projet. Nous sommes \u00e9galement \u00e0 la disposition de nos clients pour envisager des solutions individuelles \u2013 le choix leur appartient. DES SOLUTIONS INTELLIGENTES POUR PLUS DE RENDEMENT Nous proposons des solutions rapides [&hellip;]<\/p>\n","protected":false},"author":16,"featured_media":11357,"parent":0,"menu_order":0,"comment_status":"closed","ping_status":"closed","template":"","meta":{"_trash_the_other_posts":false,"editor_notices":[],"footnotes":""},"class_list":["post-9164","page","type-page","status-publish","has-post-thumbnail","hentry"],"yoast_head":"<!-- This site is optimized with the Yoast SEO Premium plugin v27.3 (Yoast SEO v27.3) - https:\/\/yoast.com\/product\/yoast-seo-premium-wordpress\/ -->\n<title>Maintenance - Nordex SE<\/title>\n<meta name=\"robots\" content=\"index, follow, max-snippet:-1, max-image-preview:large, max-video-preview:-1\" \/>\n<link rel=\"canonical\" href=\"https:\/\/www.nordex-online.com\/fr\/maintenance\/\" \/>\n<meta property=\"og:locale\" content=\"fr_FR\" \/>\n<meta property=\"og:type\" content=\"article\" \/>\n<meta property=\"og:title\" content=\"Maintenance\" \/>\n<meta property=\"og:description\" content=\"Notre \u00e9ventail de services propose des forfaits flexibles afin de garantir qu&rsquo;il y en ait un qui r\u00e9ponde aux besoins sp\u00e9cifiques de votre projet. Nous sommes \u00e9galement \u00e0 la disposition de nos clients pour envisager des solutions individuelles \u2013 le choix leur appartient. DES SOLUTIONS INTELLIGENTES POUR PLUS DE RENDEMENT Nous proposons des solutions rapides [&hellip;]\" \/>\n<meta property=\"og:url\" content=\"https:\/\/www.nordex-online.com\/fr\/maintenance\/\" \/>\n<meta property=\"og:site_name\" content=\"Nordex SE\" \/>\n<meta property=\"article:modified_time\" content=\"2023-04-24T11:25:56+00:00\" \/>\n<meta property=\"og:image\" content=\"https:\/\/www.nordex-online.com\/wp-content\/uploads\/sites\/6\/2021\/07\/2.jpg\" \/>\n\t<meta property=\"og:image:width\" content=\"387\" \/>\n\t<meta property=\"og:image:height\" content=\"450\" \/>\n\t<meta property=\"og:image:type\" content=\"image\/jpeg\" \/>\n<meta name=\"twitter:card\" content=\"summary_large_image\" \/>\n<meta name=\"twitter:label1\" content=\"Dur\u00e9e de lecture estim\u00e9e\" \/>\n\t<meta name=\"twitter:data1\" content=\"4 minutes\" \/>\n<script type=\"application\/ld+json\" class=\"yoast-schema-graph\">{\"@context\":\"https:\\\/\\\/schema.org\",\"@graph\":[{\"@type\":\"WebPage\",\"@id\":\"https:\\\/\\\/www.nordex-online.com\\\/fr\\\/maintenance\\\/\",\"url\":\"https:\\\/\\\/www.nordex-online.com\\\/fr\\\/maintenance\\\/\",\"name\":\"Maintenance - Nordex SE\",\"isPartOf\":{\"@id\":\"https:\\\/\\\/www.nordex-online.com\\\/fr\\\/#website\"},\"primaryImageOfPage\":{\"@id\":\"https:\\\/\\\/www.nordex-online.com\\\/fr\\\/maintenance\\\/#primaryimage\"},\"image\":{\"@id\":\"https:\\\/\\\/www.nordex-online.com\\\/fr\\\/maintenance\\\/#primaryimage\"},\"thumbnailUrl\":\"https:\\\/\\\/www.nordex-online.com\\\/wp-content\\\/uploads\\\/sites\\\/6\\\/2021\\\/07\\\/2.jpg\",\"datePublished\":\"2020-07-10T12:47:11+00:00\",\"dateModified\":\"2023-04-24T11:25:56+00:00\",\"breadcrumb\":{\"@id\":\"https:\\\/\\\/www.nordex-online.com\\\/fr\\\/maintenance\\\/#breadcrumb\"},\"inLanguage\":\"fr-FR\",\"potentialAction\":[{\"@type\":\"ReadAction\",\"target\":[\"https:\\\/\\\/www.nordex-online.com\\\/fr\\\/maintenance\\\/\"]}]},{\"@type\":\"ImageObject\",\"inLanguage\":\"fr-FR\",\"@id\":\"https:\\\/\\\/www.nordex-online.com\\\/fr\\\/maintenance\\\/#primaryimage\",\"url\":\"https:\\\/\\\/www.nordex-online.com\\\/wp-content\\\/uploads\\\/sites\\\/6\\\/2021\\\/07\\\/2.jpg\",\"contentUrl\":\"https:\\\/\\\/www.nordex-online.com\\\/wp-content\\\/uploads\\\/sites\\\/6\\\/2021\\\/07\\\/2.jpg\",\"width\":387,\"height\":450},{\"@type\":\"BreadcrumbList\",\"@id\":\"https:\\\/\\\/www.nordex-online.com\\\/fr\\\/maintenance\\\/#breadcrumb\",\"itemListElement\":[{\"@type\":\"ListItem\",\"position\":1,\"name\":\"Home\",\"item\":\"https:\\\/\\\/www.nordex-online.com\\\/fr\\\/\"},{\"@type\":\"ListItem\",\"position\":2,\"name\":\"Maintenance\"}]},{\"@type\":\"WebSite\",\"@id\":\"https:\\\/\\\/www.nordex-online.com\\\/fr\\\/#website\",\"url\":\"https:\\\/\\\/www.nordex-online.com\\\/fr\\\/\",\"name\":\"Nordex SE\",\"description\":\"Manufacture, installation and maintenance of wind turbines.\",\"publisher\":{\"@id\":\"https:\\\/\\\/www.nordex-online.com\\\/fr\\\/#organization\"},\"potentialAction\":[{\"@type\":\"SearchAction\",\"target\":{\"@type\":\"EntryPoint\",\"urlTemplate\":\"https:\\\/\\\/www.nordex-online.com\\\/fr\\\/?s={search_term_string}\"},\"query-input\":{\"@type\":\"PropertyValueSpecification\",\"valueRequired\":true,\"valueName\":\"search_term_string\"}}],\"inLanguage\":\"fr-FR\"},{\"@type\":\"Organization\",\"@id\":\"https:\\\/\\\/www.nordex-online.com\\\/fr\\\/#organization\",\"name\":\"Nordex SE\",\"url\":\"https:\\\/\\\/www.nordex-online.com\\\/fr\\\/\",\"logo\":{\"@type\":\"ImageObject\",\"inLanguage\":\"fr-FR\",\"@id\":\"https:\\\/\\\/www.nordex-online.com\\\/fr\\\/#\\\/schema\\\/logo\\\/image\\\/\",\"url\":\"https:\\\/\\\/www.nordex-online.com\\\/wp-content\\\/uploads\\\/sites\\\/6\\\/2024\\\/07\\\/cropped-cropped-Combined-Logos_cmyk_PNG.png\",\"contentUrl\":\"https:\\\/\\\/www.nordex-online.com\\\/wp-content\\\/uploads\\\/sites\\\/6\\\/2024\\\/07\\\/cropped-cropped-Combined-Logos_cmyk_PNG.png\",\"width\":1181,\"height\":353,\"caption\":\"Nordex SE\"},\"image\":{\"@id\":\"https:\\\/\\\/www.nordex-online.com\\\/fr\\\/#\\\/schema\\\/logo\\\/image\\\/\"}}]}<\/script>\n<!-- \/ Yoast SEO Premium plugin. -->","yoast_head_json":{"title":"Maintenance - Nordex SE","robots":{"index":"index","follow":"follow","max-snippet":"max-snippet:-1","max-image-preview":"max-image-preview:large","max-video-preview":"max-video-preview:-1"},"canonical":"https:\/\/www.nordex-online.com\/fr\/maintenance\/","og_locale":"fr_FR","og_type":"article","og_title":"Maintenance","og_description":"Notre \u00e9ventail de services propose des forfaits flexibles afin de garantir qu&rsquo;il y en ait un qui r\u00e9ponde aux besoins sp\u00e9cifiques de votre projet. Nous sommes \u00e9galement \u00e0 la disposition de nos clients pour envisager des solutions individuelles \u2013 le choix leur appartient. DES SOLUTIONS INTELLIGENTES POUR PLUS DE RENDEMENT Nous proposons des solutions rapides [&hellip;]","og_url":"https:\/\/www.nordex-online.com\/fr\/maintenance\/","og_site_name":"Nordex SE","article_modified_time":"2023-04-24T11:25:56+00:00","og_image":[{"width":387,"height":450,"url":"https:\/\/www.nordex-online.com\/wp-content\/uploads\/sites\/6\/2021\/07\/2.jpg","type":"image\/jpeg"}],"twitter_card":"summary_large_image","twitter_misc":{"Dur\u00e9e de lecture estim\u00e9e":"4 minutes"},"schema":{"@context":"https:\/\/schema.org","@graph":[{"@type":"WebPage","@id":"https:\/\/www.nordex-online.com\/fr\/maintenance\/","url":"https:\/\/www.nordex-online.com\/fr\/maintenance\/","name":"Maintenance - Nordex SE","isPartOf":{"@id":"https:\/\/www.nordex-online.com\/fr\/#website"},"primaryImageOfPage":{"@id":"https:\/\/www.nordex-online.com\/fr\/maintenance\/#primaryimage"},"image":{"@id":"https:\/\/www.nordex-online.com\/fr\/maintenance\/#primaryimage"},"thumbnailUrl":"https:\/\/www.nordex-online.com\/wp-content\/uploads\/sites\/6\/2021\/07\/2.jpg","datePublished":"2020-07-10T12:47:11+00:00","dateModified":"2023-04-24T11:25:56+00:00","breadcrumb":{"@id":"https:\/\/www.nordex-online.com\/fr\/maintenance\/#breadcrumb"},"inLanguage":"fr-FR","potentialAction":[{"@type":"ReadAction","target":["https:\/\/www.nordex-online.com\/fr\/maintenance\/"]}]},{"@type":"ImageObject","inLanguage":"fr-FR","@id":"https:\/\/www.nordex-online.com\/fr\/maintenance\/#primaryimage","url":"https:\/\/www.nordex-online.com\/wp-content\/uploads\/sites\/6\/2021\/07\/2.jpg","contentUrl":"https:\/\/www.nordex-online.com\/wp-content\/uploads\/sites\/6\/2021\/07\/2.jpg","width":387,"height":450},{"@type":"BreadcrumbList","@id":"https:\/\/www.nordex-online.com\/fr\/maintenance\/#breadcrumb","itemListElement":[{"@type":"ListItem","position":1,"name":"Home","item":"https:\/\/www.nordex-online.com\/fr\/"},{"@type":"ListItem","position":2,"name":"Maintenance"}]},{"@type":"WebSite","@id":"https:\/\/www.nordex-online.com\/fr\/#website","url":"https:\/\/www.nordex-online.com\/fr\/","name":"Nordex SE","description":"Manufacture, installation and maintenance of wind turbines.","publisher":{"@id":"https:\/\/www.nordex-online.com\/fr\/#organization"},"potentialAction":[{"@type":"SearchAction","target":{"@type":"EntryPoint","urlTemplate":"https:\/\/www.nordex-online.com\/fr\/?s={search_term_string}"},"query-input":{"@type":"PropertyValueSpecification","valueRequired":true,"valueName":"search_term_string"}}],"inLanguage":"fr-FR"},{"@type":"Organization","@id":"https:\/\/www.nordex-online.com\/fr\/#organization","name":"Nordex SE","url":"https:\/\/www.nordex-online.com\/fr\/","logo":{"@type":"ImageObject","inLanguage":"fr-FR","@id":"https:\/\/www.nordex-online.com\/fr\/#\/schema\/logo\/image\/","url":"https:\/\/www.nordex-online.com\/wp-content\/uploads\/sites\/6\/2024\/07\/cropped-cropped-Combined-Logos_cmyk_PNG.png","contentUrl":"https:\/\/www.nordex-online.com\/wp-content\/uploads\/sites\/6\/2024\/07\/cropped-cropped-Combined-Logos_cmyk_PNG.png","width":1181,"height":353,"caption":"Nordex SE"},"image":{"@id":"https:\/\/www.nordex-online.com\/fr\/#\/schema\/logo\/image\/"}}]}},"_links":{"self":[{"href":"https:\/\/www.nordex-online.com\/fr\/wp-json\/wp\/v2\/pages\/9164","targetHints":{"allow":["GET"]}}],"collection":[{"href":"https:\/\/www.nordex-online.com\/fr\/wp-json\/wp\/v2\/pages"}],"about":[{"href":"https:\/\/www.nordex-online.com\/fr\/wp-json\/wp\/v2\/types\/page"}],"author":[{"embeddable":true,"href":"https:\/\/www.nordex-online.com\/fr\/wp-json\/wp\/v2\/users\/16"}],"replies":[{"embeddable":true,"href":"https:\/\/www.nordex-online.com\/fr\/wp-json\/wp\/v2\/comments?post=9164"}],"version-history":[{"count":18,"href":"https:\/\/www.nordex-online.com\/fr\/wp-json\/wp\/v2\/pages\/9164\/revisions"}],"predecessor-version":[{"id":11359,"href":"https:\/\/www.nordex-online.com\/fr\/wp-json\/wp\/v2\/pages\/9164\/revisions\/11359"}],"wp:featuredmedia":[{"embeddable":true,"href":"https:\/\/www.nordex-online.com\/fr\/wp-json\/wp\/v2\/media\/11357"}],"wp:attachment":[{"href":"https:\/\/www.nordex-online.com\/fr\/wp-json\/wp\/v2\/media?parent=9164"}],"curies":[{"name":"wp","href":"https:\/\/api.w.org\/{rel}","templated":true}]}}