{"id":47,"date":"2018-09-05T14:43:30","date_gmt":"2018-09-05T14:43:30","guid":{"rendered":"https:\/\/www.nordex-online.com\/fr\/?page_id=47"},"modified":"2025-11-04T15:58:30","modified_gmt":"2025-11-04T15:58:30","slug":"service","status":"publish","type":"page","link":"https:\/\/www.nordex-online.com\/fr\/service\/","title":{"rendered":"Service"},"content":{"rendered":"\n<div class=\"wp-block-cover alignfull is-light is-style-default\" style=\"min-height:340px;aspect-ratio:unset;\"><video class=\"wp-block-cover__video-background intrinsic-ignore\" autoplay muted loop playsinline src=\"https:\/\/www.nordex-online.com\/wp-content\/uploads\/sites\/6\/2021\/07\/Service-Final.mp4\" data-object-fit=\"cover\"><\/video><span aria-hidden=\"true\" class=\"wp-block-cover__background has-background-dim-10 has-background-dim\"><\/span><div class=\"wp-block-cover__inner-container is-layout-flow wp-block-cover-is-layout-flow\">\n<p class=\"has-text-align-center has-white-color has-text-color has-large-font-size\">LE SERVICE FAIT LA DIFF\u00c9RENCE<\/p>\n<\/div><\/div>\n\n\n\n<div class=\"wp-block-nordex-heading is-style-underline nordex-heading wp-block-columns has-4-columns\"><div class=\"nordex-heading__chapter wp-block-column\"><span class=\"nordex-heading__chapter-title\">01<\/span><span class=\"nordex-heading__chapter-subtitle\">05<\/span><\/div><div class=\"nordex-heading__heading wp-block-column\"><h3 class=\"nordex-heading__heading-title\">Nordex Service<\/h3><\/div><div class=\"nordex-heading__subhead wp-block-column\"><p class=\"nordex-heading__subhead-title\"><\/p><\/div><div class=\"nordex-heading__button wp-block-column\"><\/div><\/div>\n\n\n\n<div class=\"wp-block-nordex-text wp-block-nordex-text--headline-two-block-paragraphs\">\n<div class=\"wp-block-nordex-columns wp-block-nordex-columns--one-one-one wp-block-columns has-3-columns\">\n<div class=\"wp-block-nordex-column wp-block-column\">\n<h3 class=\"wp-block-heading\" id=\"h-rien-ne-convient-mieux-aux-turbines-nordex-que-nordex-service-nous-sommes-le-meilleur-partenaire-pour-votre-site\">Rien ne convient mieux aux turbines Nordex que Nordex Service. <br><br>Nous sommes le meilleur partenaire pour votre site.   <\/h3>\n<\/div>\n\n\n\n<div class=\"wp-block-nordex-column wp-block-column\">\n<p>Capturer le maximum de vent disponible et assurer le meilleur rendement \u00e9nerg\u00e9tique au moindre co\u00fbt possible n&rsquo;est pas seulement la devise de notre ing\u00e9nierie \u00e9nerg\u00e9tique. C&rsquo;est aussi le principe qui r\u00e9git toutes nos actions tout au long de la dur\u00e9e de vie de nos produits. <br><br>C&rsquo;est la raison pour laquelle nos collaborateurs responsables du service dans le monde entier poursuivent tous le m\u00eame objectif commun\u00a0: r\u00e9duire le co\u00fbt de l&rsquo;\u00e9nergie en minimalisant les temps d&rsquo;arr\u00eat et en maximisant le rendement. <br><br>Pour y parvenir, notre r\u00e9seau de service veille \u00e0 ce que nos clients b\u00e9n\u00e9ficient de l&rsquo;intervention de nos techniciens de service locaux, tandis que les \u00e9quipes du si\u00e8ge \u0153uvrent pour une excellence et des solutions \u00e0 l&rsquo;\u00e9chelle globale, fond\u00e9es \u00e0 la fois sur les connaissances en ing\u00e9nierie et sur les donn\u00e9es collect\u00e9es au long de 40\u00a0ann\u00e9es d&rsquo;exp\u00e9rience. Les bureaux r\u00e9gionaux d\u00e9centralis\u00e9s constituent les points de contact directs pour nos clients. Avec environ 380\u00a0points de service r\u00e9partis dans toutes les r\u00e9gions, la densit\u00e9 de notre r\u00e9seau permet l&rsquo;intervention \u00e0 court terme de nos techniciens et la garantie d&rsquo;un savoir-faire local.<\/p>\n<\/div>\n\n\n\n<div class=\"wp-block-nordex-column wp-block-column\">\n<p>Nos techniciens hautement qualifi\u00e9s r\u00e9alisent des travaux de maintenance et de r\u00e9paration d&rsquo;une excellente qualit\u00e9. <br><br>Nordex Spare Parts Management garantit la rentabilit\u00e9 et le court terme de toutes les interventions de maintenance et de r\u00e9paration. La r\u00e9duction des temps d&rsquo;arr\u00eat et des co\u00fbts constitue l&rsquo;objectif cl\u00e9 de nos initiatives num\u00e9riques et de notre concept de service de pointe. Nos mod\u00e8les de contrat tr\u00e8s flexibles assurent un niveau de service adapt\u00e9 \u00e0 tous les besoins individuels. <br><br>Afin d&rsquo;optimiser continuellement le rendement et garantir un retour sur investissement, des mises \u00e0 niveau r\u00e9alis\u00e9es par Nordex fournissent aux flottes existantes des solutions pr\u00eates \u00e0 l&#8217;emploi incluant les derniers d\u00e9veloppements techniques. <br><br>Chez Nordex Group, nous sommes convaincus que l&rsquo;excellence du service consiste \u00e0 vous fournir les services dont vous avez pr\u00e9cis\u00e9ment besoin. <\/p>\n<\/div>\n<\/div>\n<\/div>\n\n\n\n<div class=\"wp-block-nordex-image-text nordex-image-text wp-block-columns wp-block-nordex-columns has-2-columns\"><div class=\"nordex-image-text__left wp-block-column wp-block-nordex-column\">\n<figure class=\"wp-block-image size-full\"><img loading=\"lazy\" decoding=\"async\" width=\"945\" height=\"630\" src=\"https:\/\/www.nordex-online.com\/wp-content\/uploads\/sites\/6\/2025\/03\/DJI_0183_web.png\" alt=\"\" class=\"wp-image-41412\" srcset=\"https:\/\/www.nordex-online.com\/wp-content\/uploads\/sites\/6\/2025\/03\/DJI_0183_web.png 945w, https:\/\/www.nordex-online.com\/wp-content\/uploads\/sites\/6\/2025\/03\/DJI_0183_web-300x200.png 300w, https:\/\/www.nordex-online.com\/wp-content\/uploads\/sites\/6\/2025\/03\/DJI_0183_web-768x512.png 768w\" sizes=\"auto, (max-width: 945px) 100vw, 945px\" \/><\/figure>\n<\/div><div class=\"nordex-image-text__right wp-block-column wp-block-nordex-column\"><div class=\"nordex-image-text__container\"><h2><\/h2><p class=\"nordex-image-text__subtitle\" style=\"color:#0e5783\">LE SERVICE FAIT LA DIFF\u00c9RENCE <\/p><p class=\"nordex-image-text__content\">Des relations tr\u00e8s \u00e9troites avec les clients, des produits sur mesure, des concepts de pointe et une rentabilit\u00e9 \u00e9nerg\u00e9tique \u00e9lev\u00e9e font de nous le meilleur partenaire sur votre site.<\/p><\/div><\/div><\/div>\n\n\n\n<div class=\"wp-block-nordex-heading is-style-underline nordex-heading wp-block-columns has-4-columns\"><div class=\"nordex-heading__chapter wp-block-column\"><span class=\"nordex-heading__chapter-title\">02<\/span><span class=\"nordex-heading__chapter-subtitle\">05<\/span><\/div><div class=\"nordex-heading__heading wp-block-column\"><h3 class=\"nordex-heading__heading-title\">Assistance sur le terrain &amp; \u00e0 distance<\/h3><\/div><div class=\"nordex-heading__subhead wp-block-column\"><p class=\"nordex-heading__subhead-title\"><\/p><\/div><div class=\"nordex-heading__button wp-block-column\"><\/div><\/div>\n\n\n\n<div class=\"wp-block-nordex-text wp-block-nordex-text--headline-two-block-paragraphs\">\n<div class=\"wp-block-nordex-columns wp-block-nordex-columns--one-one-one wp-block-columns has-3-columns\">\n<div class=\"wp-block-nordex-column wp-block-column\">\n<h3 class=\"wp-block-heading\" id=\"h-objectifs-cles-nbsp-minimaliser-le-temps-d-arret-maximiser-le-rendement\">Objectifs cl\u00e9s&nbsp;: Minimaliser le temps d&rsquo;arr\u00eat, maximiser le rendement <\/h3>\n<\/div>\n\n\n\n<div class=\"wp-block-nordex-column wp-block-column\">\n<p>Nous connaissons nos turbines mieux que quiconque&nbsp;; nous d\u00e9veloppons continuellement ces connaissances de base gr\u00e2ce \u00e0 la d\u00e9tection pr\u00e9coce des types de dommages via notre analyse moderne des donn\u00e9es. <br>Tandis que le si\u00e8ge de Nordex Group oeuvre pour l&rsquo;excellence globale, nos r\u00e9gions assurent la proximit\u00e9 avec les clients. Les services op\u00e9rationnels d\u00e9centralis\u00e9s sur site sont g\u00e9r\u00e9s par nos bureaux r\u00e9gionaux&nbsp;: ils constituent le point de contact direct pour nos clients. Gr\u00e2ce au flux continu d&rsquo;informations entre notre si\u00e8ge et nos filiales, les clients b\u00e9n\u00e9ficient des derniers r\u00e9sultats de la recherche et du d\u00e9veloppement, de la connaissance des demandes actuelles du march\u00e9, ainsi que de solutions rapides aux probl\u00e8mes techniques. <br>C&rsquo;est ainsi que nous fournissons un excellent service et que nous rendons possible la performance maximale de vos actifs. <\/p>\n<\/div>\n\n\n\n<div class=\"wp-block-nordex-column wp-block-column\">\n<p>Gr\u00e2ce au concept de formation Nordex, nos techniciens sont \u00e0 m\u00eame d&rsquo;effectuer non seulement l&rsquo;entretien r\u00e9gulier, la r\u00e9paration et le remplacement de composants individuels, mais aussi la modernisation de la turbine elle-m\u00eame, ainsi qu&rsquo;une mise \u00e0 jour avec la technologie de pointe. <br>Il nous tient \u00e0 c\u0153ur de fournir \u00e0 nos clients le meilleur service possible pour leurs \u00e9quipements et veillons pour ce faire \u00e0 une qualification uniforme de tous les techniciens dans le monde entier. <br><br>Afin de garantir des normes mondiales, les techniciens de service sont form\u00e9s dans leur propre pays par les formateurs de notre Acad\u00e9mie.<br><br>S\u00e9curit\u00e9, qualit\u00e9 et savoir-faire local&nbsp;: nos techniciens de service exp\u00e9riment\u00e9s et hautement qualifi\u00e9s constituent le garant du fonctionnement sans heurts de vos syst\u00e8mes. <\/p>\n<\/div>\n<\/div>\n<\/div>\n\n\n\n<div class=\"wp-block-nordex-heading is-style-underline nordex-heading wp-block-columns has-4-columns\"><div class=\"nordex-heading__chapter wp-block-column\"><span class=\"nordex-heading__chapter-title\">03<\/span><span class=\"nordex-heading__chapter-subtitle\">05<\/span><\/div><div class=\"nordex-heading__heading wp-block-column\"><h3 class=\"nordex-heading__heading-title\">Assistance t\u00e9l\u00e9phonique<\/h3><\/div><div class=\"nordex-heading__subhead wp-block-column\"><p class=\"nordex-heading__subhead-title\"><\/p><\/div><div class=\"nordex-heading__button wp-block-column\"><\/div><\/div>\n\n\n\n<p><\/p>\n\n\n\n<div class=\"wp-block-cover is-light\"><img loading=\"lazy\" decoding=\"async\" width=\"2560\" height=\"1706\" class=\"wp-block-cover__image-background wp-image-41413\" alt=\"\" src=\"https:\/\/www.nordex-online.com\/wp-content\/uploads\/sites\/6\/2025\/03\/Nordex-Recruiting-campaign_2390_web-scaled.jpg\" data-object-fit=\"cover\" srcset=\"https:\/\/www.nordex-online.com\/wp-content\/uploads\/sites\/6\/2025\/03\/Nordex-Recruiting-campaign_2390_web-scaled.jpg 2560w, https:\/\/www.nordex-online.com\/wp-content\/uploads\/sites\/6\/2025\/03\/Nordex-Recruiting-campaign_2390_web-300x200.jpg 300w, https:\/\/www.nordex-online.com\/wp-content\/uploads\/sites\/6\/2025\/03\/Nordex-Recruiting-campaign_2390_web-1024x683.jpg 1024w, https:\/\/www.nordex-online.com\/wp-content\/uploads\/sites\/6\/2025\/03\/Nordex-Recruiting-campaign_2390_web-768x512.jpg 768w, https:\/\/www.nordex-online.com\/wp-content\/uploads\/sites\/6\/2025\/03\/Nordex-Recruiting-campaign_2390_web-1536x1024.jpg 1536w, https:\/\/www.nordex-online.com\/wp-content\/uploads\/sites\/6\/2025\/03\/Nordex-Recruiting-campaign_2390_web-2048x1365.jpg 2048w\" sizes=\"auto, (max-width: 2560px) 100vw, 2560px\" \/><span aria-hidden=\"true\" class=\"wp-block-cover__background has-grey-85-background-color has-background-dim-40 has-background-dim\"><\/span><div class=\"wp-block-cover__inner-container is-layout-flow wp-block-cover-is-layout-flow\">\n<p class=\"has-white-color has-text-color has-large-font-size\"><strong>24\/7 \u00c0 VOTRE SERVICE<\/strong><\/p>\n\n\n\n<p class=\"has-white-color has-text-color has-large-font-size\"> <strong>P&nbsp;: +49 381 6663 3728 <\/strong> <\/p>\n\n\n\n<p class=\"has-white-color has-text-color has-large-font-size\">Offre exclusive pour les clients ayant des contrats de service&nbsp;: Si votre interlocuteur local dans la r\u00e9gion n&rsquo;est pas disponible, obtenez l&rsquo;aide de notre assistance t\u00e9l\u00e9phonique.<strong> <\/strong> <\/p>\n<\/div><\/div>\n\n\n\n<div class=\"wp-block-nordex-heading is-style-underline nordex-heading wp-block-columns has-4-columns\"><div class=\"nordex-heading__chapter wp-block-column\"><span class=\"nordex-heading__chapter-title\">04<\/span><span class=\"nordex-heading__chapter-subtitle\">05<\/span><\/div><div class=\"nordex-heading__heading wp-block-column\"><h3 class=\"nordex-heading__heading-title\">Services num\u00e9riques<\/h3><\/div><div class=\"nordex-heading__subhead wp-block-column\"><p class=\"nordex-heading__subhead-title\"><\/p><\/div><div class=\"nordex-heading__button wp-block-column\"><\/div><\/div>\n\n\n\n<div class=\"wp-block-nordex-text wp-block-nordex-text--headline-two-block-paragraphs\">\n<div class=\"wp-block-nordex-columns wp-block-nordex-columns--one-one-one wp-block-columns has-3-columns\">\n<div class=\"wp-block-nordex-column wp-block-column\">\n<h3 class=\"wp-block-heading\" id=\"h-services-numeriques-amp-concepts-modernes\">Services num\u00e9riques &amp; Concepts modernes<\/h3>\n<\/div>\n\n\n\n<div class=\"wp-block-nordex-column wp-block-column\">\n<p>Les donn\u00e9es et la num\u00e9risation sont des sujets essentiels pour Nordex Group. Nous aspirons \u00e0 un avenir num\u00e9rique pour notre parc \u00e9olien et nos activit\u00e9s de services et ces deux axes en constituent le fondement. Nous menons avec succ\u00e8s diff\u00e9rentes initiatives de num\u00e9risation, telles que l&rsquo;Internet industriel des objets (IIdO), les outils de distribution et le Condition Monitoring (surveillance des conditions) (CMS).  <br>Le programme de maintenance pr\u00e9ventive \u00ab&nbsp;Predict to Prevent&nbsp;\u00bb se concentre sur la fourniture d&rsquo;alertes pr\u00e9coces aux techniciens en cas de pannes imminentes de composants des turbines.  <\/p>\n<\/div>\n\n\n\n<div class=\"wp-block-nordex-column wp-block-column\">\n<p>En plus de la surveillance \u00e0 long terme de l&rsquo;\u00e9tat des composants majeurs, \u00ab&nbsp;Predict to Prevent&nbsp;\u00bb utilise des mod\u00e8les d&rsquo;apprentissage machine sur les donn\u00e9es SCADA afin de fournir des informations \u00e0 l&rsquo;avance. <br><br>Nos \u00e9quipes de num\u00e9risation et d&rsquo;analyse des donn\u00e9es d\u00e9veloppent sans cesse de nouvelles m\u00e9thodes et des solutions intelligentes afin d&rsquo;accro\u00eetre la transparence et de minimaliser les temps d&rsquo;arr\u00eat et les dommages indirects pour nos clients. <\/p>\n<\/div>\n<\/div>\n<\/div>\n\n\n\n<div class=\"wp-block-nordex-heading is-style-underline nordex-heading wp-block-columns has-4-columns\"><div class=\"nordex-heading__chapter wp-block-column\"><span class=\"nordex-heading__chapter-title\">05<\/span><span class=\"nordex-heading__chapter-subtitle\">05<\/span><\/div><div class=\"nordex-heading__heading wp-block-column\"><h3 class=\"nordex-heading__heading-title\">En savoir plus<\/h3><\/div><div class=\"nordex-heading__subhead wp-block-column\"><p class=\"nordex-heading__subhead-title\"><\/p><\/div><div class=\"nordex-heading__button wp-block-column\"><\/div><\/div>\n\n\n\n<div class=\"wp-block-columns is-style-nordex-gaps is-layout-flex wp-container-core-columns-is-layout-28f84493 wp-block-columns-is-layout-flex\">\n<div class=\"wp-block-column is-layout-flow wp-block-column-is-layout-flow\">\n<div class=\"wp-block-nordex-tile wp-block-nordex-tile--portrait\"><a class=\"wp-block-nordex-tile__button\" href=\"https:\/\/www.nordex-online.com\/fr\/nouvelles-options-machines\/\"><div class=\"wp-block-nordex-tile__image\" style=\"background-image:url(https:\/\/www.nordex-online.com\/wp-content\/uploads\/sites\/6\/2019\/11\/21UMertens.png)\"><\/div><p class=\"wp-block-nordex-tile__title\">MISES \u00c0 NIVEAU<\/p><p class=\"wp-block-button is-style-underline\"><span class=\"wp-block-button__link\">en savoir plus<\/span><\/p><\/a><\/div>\n<\/div>\n\n\n\n<div class=\"wp-block-column is-layout-flow wp-block-column-is-layout-flow\">\n<div class=\"wp-block-nordex-tile wp-block-nordex-tile--portrait\"><a class=\"wp-block-nordex-tile__button\" href=\"https:\/\/www.nordex-online.com\/fr\/maintenance\/\"><div class=\"wp-block-nordex-tile__image\" style=\"background-image:url(https:\/\/www.nordex-online.com\/wp-content\/uploads\/sites\/6\/2021\/07\/2.jpg)\"><\/div><p class=\"wp-block-nordex-tile__title\">MAINTENANCE<\/p><p class=\"wp-block-button is-style-underline\"><span class=\"wp-block-button__link\">en savoir plus<\/span><\/p><\/a><\/div>\n<\/div>\n\n\n\n<div class=\"wp-block-column is-layout-flow wp-block-column-is-layout-flow\">\n<div class=\"wp-block-nordex-tile wp-block-nordex-tile--portrait\"><a class=\"wp-block-nordex-tile__button\" href=\"https:\/\/www.nordex-online.com\/fr\/formation-technique\/\"><div class=\"wp-block-nordex-tile__image\" style=\"background-image:url(https:\/\/www.nordex-online.com\/wp-content\/uploads\/sites\/6\/2023\/10\/GTA-400x460.png)\"><\/div><p class=\"wp-block-nordex-tile__title\">FORMATION TECHNIQUE<\/p><p class=\"wp-block-button is-style-underline\"><span class=\"wp-block-button__link\">en savoir plus<\/span><\/p><\/a><\/div>\n<\/div>\n<\/div>\n","protected":false},"excerpt":{"rendered":"","protected":false},"author":5,"featured_media":11356,"parent":0,"menu_order":0,"comment_status":"closed","ping_status":"closed","template":"","meta":{"_trash_the_other_posts":false,"editor_notices":[],"footnotes":""},"class_list":["post-47","page","type-page","status-publish","has-post-thumbnail","hentry"],"yoast_head":"<!-- This site is optimized with the Yoast SEO Premium plugin v27.3 (Yoast SEO v27.3) - https:\/\/yoast.com\/product\/yoast-seo-premium-wordpress\/ -->\n<title>Service - Nordex SE<\/title>\n<meta name=\"robots\" content=\"index, follow, max-snippet:-1, max-image-preview:large, max-video-preview:-1\" \/>\n<link rel=\"canonical\" href=\"https:\/\/www.nordex-online.com\/fr\/service\/\" \/>\n<meta property=\"og:locale\" content=\"fr_FR\" \/>\n<meta property=\"og:type\" content=\"article\" \/>\n<meta property=\"og:title\" content=\"Service\" \/>\n<meta property=\"og:url\" content=\"https:\/\/www.nordex-online.com\/fr\/service\/\" \/>\n<meta property=\"og:site_name\" content=\"Nordex SE\" \/>\n<meta property=\"article:modified_time\" content=\"2025-11-04T15:58:30+00:00\" \/>\n<meta property=\"og:image\" content=\"https:\/\/www.nordex-online.com\/wp-content\/uploads\/sites\/6\/2021\/07\/1.jpg\" \/>\n\t<meta property=\"og:image:width\" content=\"387\" \/>\n\t<meta property=\"og:image:height\" content=\"450\" \/>\n\t<meta property=\"og:image:type\" content=\"image\/jpeg\" \/>\n<meta name=\"twitter:card\" content=\"summary_large_image\" \/>\n<meta name=\"twitter:label1\" content=\"Dur\u00e9e de lecture estim\u00e9e\" \/>\n\t<meta name=\"twitter:data1\" content=\"5 minutes\" \/>\n<script type=\"application\/ld+json\" class=\"yoast-schema-graph\">{\"@context\":\"https:\\\/\\\/schema.org\",\"@graph\":[{\"@type\":\"WebPage\",\"@id\":\"https:\\\/\\\/www.nordex-online.com\\\/fr\\\/service\\\/\",\"url\":\"https:\\\/\\\/www.nordex-online.com\\\/fr\\\/service\\\/\",\"name\":\"Service - Nordex SE\",\"isPartOf\":{\"@id\":\"https:\\\/\\\/www.nordex-online.com\\\/fr\\\/#website\"},\"primaryImageOfPage\":{\"@id\":\"https:\\\/\\\/www.nordex-online.com\\\/fr\\\/service\\\/#primaryimage\"},\"image\":{\"@id\":\"https:\\\/\\\/www.nordex-online.com\\\/fr\\\/service\\\/#primaryimage\"},\"thumbnailUrl\":\"https:\\\/\\\/www.nordex-online.com\\\/wp-content\\\/uploads\\\/sites\\\/6\\\/2021\\\/07\\\/1.jpg\",\"datePublished\":\"2018-09-05T14:43:30+00:00\",\"dateModified\":\"2025-11-04T15:58:30+00:00\",\"breadcrumb\":{\"@id\":\"https:\\\/\\\/www.nordex-online.com\\\/fr\\\/service\\\/#breadcrumb\"},\"inLanguage\":\"fr-FR\",\"potentialAction\":[{\"@type\":\"ReadAction\",\"target\":[\"https:\\\/\\\/www.nordex-online.com\\\/fr\\\/service\\\/\"]}]},{\"@type\":\"ImageObject\",\"inLanguage\":\"fr-FR\",\"@id\":\"https:\\\/\\\/www.nordex-online.com\\\/fr\\\/service\\\/#primaryimage\",\"url\":\"https:\\\/\\\/www.nordex-online.com\\\/wp-content\\\/uploads\\\/sites\\\/6\\\/2021\\\/07\\\/1.jpg\",\"contentUrl\":\"https:\\\/\\\/www.nordex-online.com\\\/wp-content\\\/uploads\\\/sites\\\/6\\\/2021\\\/07\\\/1.jpg\",\"width\":387,\"height\":450},{\"@type\":\"BreadcrumbList\",\"@id\":\"https:\\\/\\\/www.nordex-online.com\\\/fr\\\/service\\\/#breadcrumb\",\"itemListElement\":[{\"@type\":\"ListItem\",\"position\":1,\"name\":\"Home\",\"item\":\"https:\\\/\\\/www.nordex-online.com\\\/fr\\\/\"},{\"@type\":\"ListItem\",\"position\":2,\"name\":\"Service\"}]},{\"@type\":\"WebSite\",\"@id\":\"https:\\\/\\\/www.nordex-online.com\\\/fr\\\/#website\",\"url\":\"https:\\\/\\\/www.nordex-online.com\\\/fr\\\/\",\"name\":\"Nordex SE\",\"description\":\"Manufacture, installation and maintenance of wind turbines.\",\"publisher\":{\"@id\":\"https:\\\/\\\/www.nordex-online.com\\\/fr\\\/#organization\"},\"potentialAction\":[{\"@type\":\"SearchAction\",\"target\":{\"@type\":\"EntryPoint\",\"urlTemplate\":\"https:\\\/\\\/www.nordex-online.com\\\/fr\\\/?s={search_term_string}\"},\"query-input\":{\"@type\":\"PropertyValueSpecification\",\"valueRequired\":true,\"valueName\":\"search_term_string\"}}],\"inLanguage\":\"fr-FR\"},{\"@type\":\"Organization\",\"@id\":\"https:\\\/\\\/www.nordex-online.com\\\/fr\\\/#organization\",\"name\":\"Nordex SE\",\"url\":\"https:\\\/\\\/www.nordex-online.com\\\/fr\\\/\",\"logo\":{\"@type\":\"ImageObject\",\"inLanguage\":\"fr-FR\",\"@id\":\"https:\\\/\\\/www.nordex-online.com\\\/fr\\\/#\\\/schema\\\/logo\\\/image\\\/\",\"url\":\"https:\\\/\\\/www.nordex-online.com\\\/wp-content\\\/uploads\\\/sites\\\/6\\\/2024\\\/07\\\/cropped-cropped-Combined-Logos_cmyk_PNG.png\",\"contentUrl\":\"https:\\\/\\\/www.nordex-online.com\\\/wp-content\\\/uploads\\\/sites\\\/6\\\/2024\\\/07\\\/cropped-cropped-Combined-Logos_cmyk_PNG.png\",\"width\":1181,\"height\":353,\"caption\":\"Nordex SE\"},\"image\":{\"@id\":\"https:\\\/\\\/www.nordex-online.com\\\/fr\\\/#\\\/schema\\\/logo\\\/image\\\/\"}}]}<\/script>\n<!-- \/ Yoast SEO Premium plugin. -->","yoast_head_json":{"title":"Service - Nordex SE","robots":{"index":"index","follow":"follow","max-snippet":"max-snippet:-1","max-image-preview":"max-image-preview:large","max-video-preview":"max-video-preview:-1"},"canonical":"https:\/\/www.nordex-online.com\/fr\/service\/","og_locale":"fr_FR","og_type":"article","og_title":"Service","og_url":"https:\/\/www.nordex-online.com\/fr\/service\/","og_site_name":"Nordex SE","article_modified_time":"2025-11-04T15:58:30+00:00","og_image":[{"width":387,"height":450,"url":"https:\/\/www.nordex-online.com\/wp-content\/uploads\/sites\/6\/2021\/07\/1.jpg","type":"image\/jpeg"}],"twitter_card":"summary_large_image","twitter_misc":{"Dur\u00e9e de lecture estim\u00e9e":"5 minutes"},"schema":{"@context":"https:\/\/schema.org","@graph":[{"@type":"WebPage","@id":"https:\/\/www.nordex-online.com\/fr\/service\/","url":"https:\/\/www.nordex-online.com\/fr\/service\/","name":"Service - Nordex SE","isPartOf":{"@id":"https:\/\/www.nordex-online.com\/fr\/#website"},"primaryImageOfPage":{"@id":"https:\/\/www.nordex-online.com\/fr\/service\/#primaryimage"},"image":{"@id":"https:\/\/www.nordex-online.com\/fr\/service\/#primaryimage"},"thumbnailUrl":"https:\/\/www.nordex-online.com\/wp-content\/uploads\/sites\/6\/2021\/07\/1.jpg","datePublished":"2018-09-05T14:43:30+00:00","dateModified":"2025-11-04T15:58:30+00:00","breadcrumb":{"@id":"https:\/\/www.nordex-online.com\/fr\/service\/#breadcrumb"},"inLanguage":"fr-FR","potentialAction":[{"@type":"ReadAction","target":["https:\/\/www.nordex-online.com\/fr\/service\/"]}]},{"@type":"ImageObject","inLanguage":"fr-FR","@id":"https:\/\/www.nordex-online.com\/fr\/service\/#primaryimage","url":"https:\/\/www.nordex-online.com\/wp-content\/uploads\/sites\/6\/2021\/07\/1.jpg","contentUrl":"https:\/\/www.nordex-online.com\/wp-content\/uploads\/sites\/6\/2021\/07\/1.jpg","width":387,"height":450},{"@type":"BreadcrumbList","@id":"https:\/\/www.nordex-online.com\/fr\/service\/#breadcrumb","itemListElement":[{"@type":"ListItem","position":1,"name":"Home","item":"https:\/\/www.nordex-online.com\/fr\/"},{"@type":"ListItem","position":2,"name":"Service"}]},{"@type":"WebSite","@id":"https:\/\/www.nordex-online.com\/fr\/#website","url":"https:\/\/www.nordex-online.com\/fr\/","name":"Nordex SE","description":"Manufacture, installation and maintenance of wind turbines.","publisher":{"@id":"https:\/\/www.nordex-online.com\/fr\/#organization"},"potentialAction":[{"@type":"SearchAction","target":{"@type":"EntryPoint","urlTemplate":"https:\/\/www.nordex-online.com\/fr\/?s={search_term_string}"},"query-input":{"@type":"PropertyValueSpecification","valueRequired":true,"valueName":"search_term_string"}}],"inLanguage":"fr-FR"},{"@type":"Organization","@id":"https:\/\/www.nordex-online.com\/fr\/#organization","name":"Nordex SE","url":"https:\/\/www.nordex-online.com\/fr\/","logo":{"@type":"ImageObject","inLanguage":"fr-FR","@id":"https:\/\/www.nordex-online.com\/fr\/#\/schema\/logo\/image\/","url":"https:\/\/www.nordex-online.com\/wp-content\/uploads\/sites\/6\/2024\/07\/cropped-cropped-Combined-Logos_cmyk_PNG.png","contentUrl":"https:\/\/www.nordex-online.com\/wp-content\/uploads\/sites\/6\/2024\/07\/cropped-cropped-Combined-Logos_cmyk_PNG.png","width":1181,"height":353,"caption":"Nordex SE"},"image":{"@id":"https:\/\/www.nordex-online.com\/fr\/#\/schema\/logo\/image\/"}}]}},"_links":{"self":[{"href":"https:\/\/www.nordex-online.com\/fr\/wp-json\/wp\/v2\/pages\/47","targetHints":{"allow":["GET"]}}],"collection":[{"href":"https:\/\/www.nordex-online.com\/fr\/wp-json\/wp\/v2\/pages"}],"about":[{"href":"https:\/\/www.nordex-online.com\/fr\/wp-json\/wp\/v2\/types\/page"}],"author":[{"embeddable":true,"href":"https:\/\/www.nordex-online.com\/fr\/wp-json\/wp\/v2\/users\/5"}],"replies":[{"embeddable":true,"href":"https:\/\/www.nordex-online.com\/fr\/wp-json\/wp\/v2\/comments?post=47"}],"version-history":[{"count":197,"href":"https:\/\/www.nordex-online.com\/fr\/wp-json\/wp\/v2\/pages\/47\/revisions"}],"predecessor-version":[{"id":42898,"href":"https:\/\/www.nordex-online.com\/fr\/wp-json\/wp\/v2\/pages\/47\/revisions\/42898"}],"wp:featuredmedia":[{"embeddable":true,"href":"https:\/\/www.nordex-online.com\/fr\/wp-json\/wp\/v2\/media\/11356"}],"wp:attachment":[{"href":"https:\/\/www.nordex-online.com\/fr\/wp-json\/wp\/v2\/media?parent=47"}],"curies":[{"name":"wp","href":"https:\/\/api.w.org\/{rel}","templated":true}]}}