{"id":42940,"date":"2025-11-25T22:18:57","date_gmt":"2025-11-25T22:18:57","guid":{"rendered":"https:\/\/www.nordex-online.com\/fr\/?page_id=42940"},"modified":"2025-12-05T15:08:43","modified_gmt":"2025-12-05T15:08:43","slug":"formation-pour-les-sous-traitants","status":"publish","type":"page","link":"https:\/\/www.nordex-online.com\/fr\/formation-pour-les-sous-traitants\/","title":{"rendered":"Formation pour les sous-traitants"},"content":{"rendered":"\n<div class=\"wp-block-cover alignfull is-light\" style=\"min-height:340px;aspect-ratio:unset;\"><video class=\"wp-block-cover__video-background intrinsic-ignore\" autoplay muted loop playsinline src=\"https:\/\/www.nordex-online.com\/wp-content\/uploads\/sites\/6\/2025\/12\/Subcontractors.mp4\" style=\"object-position:51% 21%\" data-object-fit=\"cover\" data-object-position=\"51% 21%\"><\/video><span aria-hidden=\"true\" class=\"wp-block-cover__background has-grey-85-background-color has-background-dim-20 has-background-dim\"><\/span><div class=\"wp-block-cover__inner-container is-layout-constrained wp-block-cover-is-layout-constrained\">\n<p class=\"has-text-align-center has-white-color has-text-color has-link-color has-large-font-size wp-elements-b9c11d7091295dd8841271538611e8f9\">FORMATION POUR LES SOUS-TRAITANTS PENDANT LA PHASE DE MAINTENANCE<\/p>\n<\/div><\/div>\n\n\n\n<div class=\"wp-block-nordex-heading is-style-underline nordex-heading wp-block-columns has-4-columns\"><div class=\"nordex-heading__chapter wp-block-column\"><span class=\"nordex-heading__chapter-title\">01<\/span><span class=\"nordex-heading__chapter-subtitle\">04<\/span><\/div><div class=\"nordex-heading__heading wp-block-column\"><h3 class=\"nordex-heading__heading-title\">Le concept de formation chez Nordex Group<\/h3><\/div><div class=\"nordex-heading__subhead wp-block-column\"><p class=\"nordex-heading__subhead-title\"><\/p><\/div><div class=\"nordex-heading__button wp-block-column\"><\/div><\/div>\n\n\n\n<div class=\"wp-block-columns is-layout-flex wp-container-core-columns-is-layout-28f84493 wp-block-columns-is-layout-flex\">\n<div class=\"wp-block-column is-layout-flow wp-block-column-is-layout-flow\" style=\"flex-basis:33.33%\">\n<h3 class=\"wp-block-heading has-grey-65-color has-text-color has-link-color wp-elements-65358bf03471e5329ca4761ba3a1e944\" id=\"h-la-securite-est-le-socle-de-notre-action-la-connaissance-est-votre-outil\">LA S\u00c9CURIT\u00c9 EST LE SOCLE DE NOTRE ACTION. LA CONNAISSANCE EST VOTRE OUTIL.<\/h3>\n<\/div>\n\n\n\n<div class=\"wp-block-column is-layout-flow wp-block-column-is-layout-flow\" style=\"flex-basis:66.66%\">\n<p>Chez Nordex Group, la s\u00e9curit\u00e9 n&rsquo;est pas seulement une priorit\u00e9, c&rsquo;est une responsabilit\u00e9 collective. C\u2019est pourquoi nous avons mis au point un programme de formation d\u00e9di\u00e9 aux sous-traitants, con\u00e7u pour d\u00e9velopper les comp\u00e9tences et la sensibilisation n\u00e9cessaires pour travailler avec confiance et efficacit\u00e9 sur nos \u00e9oliennes.<br>S\u2019appuyant sur le principe de \u00ab Safety Together \u00bb, nos programmes allient th\u00e9orie et pratique pour r\u00e9pondre aux exigences sp\u00e9cifiques des sous-traitants dans les domaines de l\u2019assistance technique, de la mise en service et de la maintenance. La formation est assur\u00e9e par notre Global Technical Academy (GTA) en Allemagne et dans certains centres r\u00e9gionaux.*<br>Que vous soyez d\u00e9butant en mati\u00e8re de technologie Nordex ou que vous cherchiez \u00e0 approfondir vos connaissances, avec nos formations vous serez pr\u00eats \u00e0 r\u00e9pondre aux normes les plus \u00e9lev\u00e9es en mati\u00e8re de s\u00e9curit\u00e9, de qualit\u00e9 et de performance.<\/p>\n\n\n\n<p class=\"has-small-font-size\">*Remarque : Toutes les acad\u00e9mies Nordex n&rsquo;offrent pas actuellement de formation aux sous-traitants.<\/p>\n<\/div>\n<\/div>\n\n\n\n<div class=\"wp-block-nordex-heading is-style-underline nordex-heading wp-block-columns has-4-columns\"><div class=\"nordex-heading__chapter wp-block-column\"><span class=\"nordex-heading__chapter-title\">02<\/span><span class=\"nordex-heading__chapter-subtitle\">04<\/span><\/div><div class=\"nordex-heading__heading wp-block-column\"><h3 class=\"nordex-heading__heading-title\">TYPES DE FORMATION<\/h3><\/div><div class=\"nordex-heading__subhead wp-block-column\"><p class=\"nordex-heading__subhead-title\"><\/p><\/div><div class=\"nordex-heading__button wp-block-column\"><\/div><\/div>\n\n\n\n<div class=\"wp-block-columns is-layout-flex wp-container-core-columns-is-layout-28f84493 wp-block-columns-is-layout-flex\">\n<div class=\"wp-block-column is-layout-flow wp-block-column-is-layout-flow\" style=\"flex-basis:50%\">\n<figure class=\"wp-block-image size-full\"><img loading=\"lazy\" decoding=\"async\" width=\"959\" height=\"639\" src=\"https:\/\/www.nordex-online.com\/wp-content\/uploads\/sites\/6\/2025\/12\/Technical-Training-2.jpg\" alt=\"\" class=\"wp-image-42980\" srcset=\"https:\/\/www.nordex-online.com\/wp-content\/uploads\/sites\/6\/2025\/12\/Technical-Training-2.jpg 959w, https:\/\/www.nordex-online.com\/wp-content\/uploads\/sites\/6\/2025\/12\/Technical-Training-2-300x200.jpg 300w, https:\/\/www.nordex-online.com\/wp-content\/uploads\/sites\/6\/2025\/12\/Technical-Training-2-768x512.jpg 768w\" sizes=\"auto, (max-width: 959px) 100vw, 959px\" \/><\/figure>\n<\/div>\n\n\n\n<div class=\"wp-block-column is-layout-flow wp-block-column-is-layout-flow\" style=\"flex-basis:50%\">\n<h4 class=\"wp-block-heading\" id=\"h-formation-technique\"><strong>FORMATION TECHNIQUE<\/strong><\/h4>\n\n\n\n<p>Formation pratique ax\u00e9e sur la maintenance des \u00e9oliennes, les composants du syst\u00e8me et Nordex Control 2 (NC2), adapt\u00e9e aux sous-traitants travaillant sur les plateformes Gamma, Delta et Delta4000. Con\u00e7ue pour une application dans le monde r\u00e9el, cette formation garantit que les techniciens sont \u00e9quip\u00e9s pour assurer un service s\u00fbr, efficace et de haute qualit\u00e9.<\/p>\n\n\n\n<p><strong>OBJECTIF DE CETTE FORMATION<\/strong><\/p>\n\n\n\n<ul class=\"wp-block-list\">\n<li>Comprendre les \u00e9oliennes Nordex pour une performance maximale et une excellence op\u00e9rationnelle.<\/li>\n\n\n\n<li>Disposer des comp\u00e9tences techniques et une connaissance approfondie des syst\u00e8mes des \u00e9oliennes, pour garantir l\u2019efficacit\u00e9 des op\u00e9rations de maintenance.<\/li>\n\n\n\n<li>Optimiser le fonctionnement des \u00e9oliennes et r\u00e9soudre rapidement les \u00e9ventuels probl\u00e8mes.<\/li>\n<\/ul>\n\n\n\n<p><strong>MODULES DE FORMATION CL\u00c9S<\/strong><\/p>\n\n\n\n<ul class=\"wp-block-list\">\n<li>NC2 Level 270&nbsp;<\/li>\n\n\n\n<li>Initial Maintenance&nbsp;<\/li>\n\n\n\n<li>Turbine Specific&nbsp;Maintenance Training&nbsp;&nbsp;<\/li>\n<\/ul>\n<\/div>\n<\/div>\n\n\n\n<div class=\"wp-block-columns is-layout-flex wp-container-core-columns-is-layout-28f84493 wp-block-columns-is-layout-flex\">\n<div class=\"wp-block-column is-layout-flow wp-block-column-is-layout-flow\" style=\"flex-basis:50%\">\n<figure class=\"wp-block-image size-large\"><img loading=\"lazy\" decoding=\"async\" width=\"1024\" height=\"683\" src=\"https:\/\/www.nordex-online.com\/wp-content\/uploads\/sites\/6\/2025\/12\/HSE-Training-2-1024x683.jpg\" alt=\"\" class=\"wp-image-42971\" srcset=\"https:\/\/www.nordex-online.com\/wp-content\/uploads\/sites\/6\/2025\/12\/HSE-Training-2-1024x683.jpg 1024w, https:\/\/www.nordex-online.com\/wp-content\/uploads\/sites\/6\/2025\/12\/HSE-Training-2-300x200.jpg 300w, https:\/\/www.nordex-online.com\/wp-content\/uploads\/sites\/6\/2025\/12\/HSE-Training-2-768x512.jpg 768w, https:\/\/www.nordex-online.com\/wp-content\/uploads\/sites\/6\/2025\/12\/HSE-Training-2-1536x1024.jpg 1536w, https:\/\/www.nordex-online.com\/wp-content\/uploads\/sites\/6\/2025\/12\/HSE-Training-2.jpg 1620w\" sizes=\"auto, (max-width: 1024px) 100vw, 1024px\" \/><\/figure>\n<\/div>\n\n\n\n<div class=\"wp-block-column is-layout-flow wp-block-column-is-layout-flow\" style=\"flex-basis:50%\">\n<h4 class=\"wp-block-heading\" id=\"h-formation-hse\"><strong>FORMATION HSE<\/strong><\/h4>\n\n\n\n<p>Cette formation fournit des connaissances essentielles sur les protocoles Sant\u00e9, S\u00e9curit\u00e9 et Environnement (HSE), l\u2019identification des dangers et la r\u00e9ponse aux situations d\u2019urgence. Elle est dispens\u00e9e au travers de modules obligatoires qui garantissent la conformit\u00e9 aux exigences de Nordex et favorisent une culture proactive de la s\u00e9curit\u00e9 sur chaque site.<\/p>\n\n\n\n<p><strong>OBJECTIF DE CETTE FORMATION<\/strong><\/p>\n\n\n\n<ul class=\"wp-block-list\">\n<li>Garantir la conformit\u00e9 aux protocoles de s\u00e9curit\u00e9 et aux normes l\u00e9gales de Nordex Group.<\/li>\n\n\n\n<li>Renforcer les capacit\u00e9s de reconnaissance des risques et d&rsquo;intervention d&rsquo;urgence<\/li>\n\n\n\n<li>Stay current with evolving safety practices and site requirements.<\/li>\n<\/ul>\n\n\n\n<p><strong>MODULES DE FORMATION CL\u00c9S<\/strong><\/p>\n\n\n\n<ul class=\"wp-block-list\">\n<li>Annual Safety Site Induction<\/li>\n\n\n\n<li>Safety and Handling<\/li>\n\n\n\n<li>Formation en s\u00e9curit\u00e9 sp\u00e9cifique \u00e0 chaque pays<\/li>\n<\/ul>\n<\/div>\n<\/div>\n\n\n\n<div class=\"wp-block-nordex-heading is-style-underline nordex-heading wp-block-columns has-4-columns\"><div class=\"nordex-heading__chapter wp-block-column\"><span class=\"nordex-heading__chapter-title\">03<\/span><span class=\"nordex-heading__chapter-subtitle\">04<\/span><\/div><div class=\"nordex-heading__heading wp-block-column\"><h3 class=\"nordex-heading__heading-title\">Catalogue de formation<\/h3><\/div><div class=\"nordex-heading__subhead wp-block-column\"><p class=\"nordex-heading__subhead-title\"><\/p><\/div><div class=\"nordex-heading__button wp-block-column\"><\/div><\/div>\n\n\n\n<p>D\u00e9couvrez le catalogue de formation des sous-traitants, votre guide complet pour acqu\u00e9rir les comp\u00e9tences et les connaissances n\u00e9cessaires \u00e0 l\u2019exploitation s\u00fbre et efficace des \u00e9oliennes Nordex. Explorez un large \u00e9ventail de formats d&rsquo;apprentissage, allant des modules d&rsquo;apprentissage en ligne flexibles aux sessions immersives mixtes et en pr\u00e9sentiel, con\u00e7us pour s&rsquo;adapter \u00e0 votre emploi du temps et \u00e0 vos besoins. Chaque programme est con\u00e7u sur mesure pour les sous-traitants, vous assurant ainsi de rester \u00e0 la pointe des derni\u00e8res normes de s\u00e9curit\u00e9, des connaissances en mati\u00e8re de technologie des \u00e9oliennes et des meilleures pratiques op\u00e9rationnelles. Avec la formation Nordex, vous n&rsquo;apprenez pas seulement, vous acqu\u00e9rez la confiance et l&rsquo;expertise n\u00e9cessaires pour exceller dans votre domaine.<\/p>\n\n\n<div class=\"nordex-iframe\" style=\"--nordex-iframe-height: 500px;\">\n                 <div class=\"brlbs-cmpnt-container brlbs-cmpnt-content-blocker brlbs-cmpnt-with-individual-styles\" data-borlabs-cookie-content-blocker-id=\"heyzine\" data-borlabs-cookie-content=\"PGlmcmFtZSBhbGxvd2Z1bGxzY3JlZW4gc3JjPSJodHRwczovL2hleXppbmUuY29tL2ZsaXAtYm9vay8yN2ZmMDFkM2IzLmh0bWwiPjwvaWZyYW1lPg==\"><div class=\"brlbs-cmpnt-cb-preset-b\"> <div class=\"brlbs-cmpnt-cb-thumbnail\" style=\"background-image: url('')\"><\/div> <div class=\"brlbs-cmpnt-cb-main\"> <div class=\"brlbs-cmpnt-cb-content\"> <p class=\"brlbs-cmpnt-cb-description\">Vous \u00eates actuellement en train de consulter le contenu d&rsquo;un espace r\u00e9serv\u00e9 de <strong>Heyzine<\/strong>. Pour acc\u00e9der au contenu r\u00e9el, cliquez sur le bouton ci-dessous. Veuillez noter que ce faisant, des donn\u00e9es seront partag\u00e9es avec des providers tiers.<\/p> <a class=\"brlbs-cmpnt-cb-provider-toggle\" href=\"#\" data-borlabs-cookie-show-provider-information role=\"button\">Plus d&rsquo;informations<\/a> <\/div> <div class=\"brlbs-cmpnt-cb-buttons\"> <a class=\"brlbs-cmpnt-cb-btn\" href=\"#\" data-borlabs-cookie-unblock role=\"button\">D\u00e9bloquer le contenu<\/a> <a class=\"brlbs-cmpnt-cb-btn\" href=\"#\" data-borlabs-cookie-accept-service role=\"button\" style=\"display: inherit\">Accepter le service requis et d\u00e9bloquer les contenus<\/a> <\/div> <\/div> <\/div><\/div>\n                <img loading=\"lazy\" decoding=\"async\" src=\"https:\/\/www.nordex-online.com\/wp-content\/uploads\/sites\/6\/iframe-preview-thumbnails\/27ff01d3b3d5ebdc0da75be97346f0d30f00bf25-4.pdf-thumb.jpg\" alt=\"International Training Catalog for Service Subcontractors 2026 w\/o prices\" width=\"1400\" height=\"990\" class=\"iframe-preview-image iframe-preview-image--heyzine\" \/>\n            <\/div>\n\n\n<div class=\"wp-block-nordex-heading is-style-underline nordex-heading wp-block-columns has-4-columns\"><div class=\"nordex-heading__chapter wp-block-column\"><span class=\"nordex-heading__chapter-title\">04<\/span><span class=\"nordex-heading__chapter-subtitle\">04<\/span><\/div><div class=\"nordex-heading__heading wp-block-column\"><h3 class=\"nordex-heading__heading-title\">EN SAVOIR PLUS<\/h3><\/div><div class=\"nordex-heading__subhead wp-block-column\"><p class=\"nordex-heading__subhead-title\"><\/p><\/div><div class=\"nordex-heading__button wp-block-column\"><\/div><\/div>\n\n\n\n<div class=\"wp-block-columns is-style-nordex-gaps is-layout-flex wp-container-core-columns-is-layout-28f84493 wp-block-columns-is-layout-flex\">\n<div class=\"wp-block-column is-layout-flow wp-block-column-is-layout-flow\">\n<div class=\"wp-block-nordex-tile wp-block-nordex-tile--portrait\"><a class=\"wp-block-nordex-tile__button\" href=\"https:\/\/www.nordex-online.com\/fr\/product\/page-principale\/\"><div class=\"wp-block-nordex-tile__image\" style=\"background-image:url(https:\/\/www.nordex-online.com\/wp-content\/uploads\/sites\/2\/2019\/11\/04UMertens.png)\"><\/div><p class=\"wp-block-nordex-tile__title\">PRODUITS<\/p><p class=\"wp-block-button is-style-underline\"><span class=\"wp-block-button__link\">EN SAVOIR PLUS<\/span><\/p><\/a><\/div>\n<\/div>\n\n\n\n<div class=\"wp-block-column is-layout-flow wp-block-column-is-layout-flow\">\n<div class=\"wp-block-nordex-tile wp-block-nordex-tile--portrait\"><a class=\"wp-block-nordex-tile__button\" href=\"https:\/\/www.nordex-online.com\/fr\/maintenance\/\"><div class=\"wp-block-nordex-tile__image\" style=\"background-image:url(https:\/\/www.nordex-online.com\/wp-content\/uploads\/sites\/2\/2021\/07\/2.jpg)\"><\/div><p class=\"wp-block-nordex-tile__title\">MAINTENANCE<\/p><p class=\"wp-block-button is-style-underline\"><span class=\"wp-block-button__link\">EN SAVOIR PLUS<\/span><\/p><\/a><\/div>\n<\/div>\n\n\n\n<div class=\"wp-block-column is-layout-flow wp-block-column-is-layout-flow\">\n<div class=\"wp-block-nordex-tile wp-block-nordex-tile--portrait\"><a class=\"wp-block-nordex-tile__button\" href=\"https:\/\/www.nordex-online.com\/fr\/nouvelles-options-machines\/\"><div class=\"wp-block-nordex-tile__image\" style=\"background-image:url(https:\/\/www.nordex-online.com\/wp-content\/uploads\/sites\/2\/2019\/11\/21UMertens.png)\"><\/div><p class=\"wp-block-nordex-tile__title\">MISES \u00c0 NIVEAU<\/p><p class=\"wp-block-button is-style-underline\"><span class=\"wp-block-button__link\">EN SAVOIR PLUS<\/span><\/p><\/a><\/div>\n<\/div>\n<\/div>\n\n\n\n<p><\/p>\n","protected":false},"excerpt":{"rendered":"<p>LA S\u00c9CURIT\u00c9 EST LE SOCLE DE NOTRE ACTION. LA CONNAISSANCE EST VOTRE OUTIL. Chez Nordex Group, la s\u00e9curit\u00e9 n&rsquo;est pas seulement une priorit\u00e9, c&rsquo;est une responsabilit\u00e9 collective. C\u2019est pourquoi nous avons mis au point un programme de formation d\u00e9di\u00e9 aux sous-traitants, con\u00e7u pour d\u00e9velopper les comp\u00e9tences et la sensibilisation n\u00e9cessaires pour travailler avec confiance et [&hellip;]<\/p>\n","protected":false},"author":6,"featured_media":0,"parent":0,"menu_order":0,"comment_status":"closed","ping_status":"closed","template":"","meta":{"_trash_the_other_posts":false,"editor_notices":[],"footnotes":""},"class_list":["post-42940","page","type-page","status-publish","hentry"],"yoast_head":"<!-- This site is optimized with the Yoast SEO Premium plugin v27.3 (Yoast SEO v27.3) - https:\/\/yoast.com\/product\/yoast-seo-premium-wordpress\/ -->\n<title>Formation pour les sous-traitants - Nordex SE<\/title>\n<meta name=\"robots\" content=\"index, follow, max-snippet:-1, max-image-preview:large, max-video-preview:-1\" \/>\n<link rel=\"canonical\" href=\"https:\/\/www.nordex-online.com\/fr\/formation-pour-les-sous-traitants\/\" \/>\n<meta property=\"og:locale\" content=\"fr_FR\" \/>\n<meta property=\"og:type\" content=\"article\" \/>\n<meta property=\"og:title\" content=\"Formation pour les sous-traitants\" \/>\n<meta property=\"og:description\" content=\"LA S\u00c9CURIT\u00c9 EST LE SOCLE DE NOTRE ACTION. LA CONNAISSANCE EST VOTRE OUTIL. Chez Nordex Group, la s\u00e9curit\u00e9 n&rsquo;est pas seulement une priorit\u00e9, c&rsquo;est une responsabilit\u00e9 collective. C\u2019est pourquoi nous avons mis au point un programme de formation d\u00e9di\u00e9 aux sous-traitants, con\u00e7u pour d\u00e9velopper les comp\u00e9tences et la sensibilisation n\u00e9cessaires pour travailler avec confiance et [&hellip;]\" \/>\n<meta property=\"og:url\" content=\"https:\/\/www.nordex-online.com\/fr\/formation-pour-les-sous-traitants\/\" \/>\n<meta property=\"og:site_name\" content=\"Nordex SE\" \/>\n<meta property=\"article:modified_time\" content=\"2025-12-05T15:08:43+00:00\" \/>\n<meta property=\"og:image\" content=\"https:\/\/www.nordex-online.com\/wp-content\/uploads\/sites\/6\/2025\/12\/Technical-Training-2.jpg\" \/>\n\t<meta property=\"og:image:width\" content=\"959\" \/>\n\t<meta property=\"og:image:height\" content=\"639\" \/>\n\t<meta property=\"og:image:type\" content=\"image\/jpeg\" \/>\n<meta name=\"twitter:card\" content=\"summary_large_image\" \/>\n<meta name=\"twitter:label1\" content=\"Dur\u00e9e de lecture estim\u00e9e\" \/>\n\t<meta name=\"twitter:data1\" content=\"4 minutes\" \/>\n<script type=\"application\/ld+json\" class=\"yoast-schema-graph\">{\"@context\":\"https:\\\/\\\/schema.org\",\"@graph\":[{\"@type\":\"WebPage\",\"@id\":\"https:\\\/\\\/www.nordex-online.com\\\/fr\\\/formation-pour-les-sous-traitants\\\/\",\"url\":\"https:\\\/\\\/www.nordex-online.com\\\/fr\\\/formation-pour-les-sous-traitants\\\/\",\"name\":\"Formation pour les sous-traitants - Nordex SE\",\"isPartOf\":{\"@id\":\"https:\\\/\\\/www.nordex-online.com\\\/fr\\\/#website\"},\"primaryImageOfPage\":{\"@id\":\"https:\\\/\\\/www.nordex-online.com\\\/fr\\\/formation-pour-les-sous-traitants\\\/#primaryimage\"},\"image\":{\"@id\":\"https:\\\/\\\/www.nordex-online.com\\\/fr\\\/formation-pour-les-sous-traitants\\\/#primaryimage\"},\"thumbnailUrl\":\"https:\\\/\\\/www.nordex-online.com\\\/wp-content\\\/uploads\\\/sites\\\/6\\\/2025\\\/12\\\/Technical-Training-2.jpg\",\"datePublished\":\"2025-11-25T22:18:57+00:00\",\"dateModified\":\"2025-12-05T15:08:43+00:00\",\"breadcrumb\":{\"@id\":\"https:\\\/\\\/www.nordex-online.com\\\/fr\\\/formation-pour-les-sous-traitants\\\/#breadcrumb\"},\"inLanguage\":\"fr-FR\",\"potentialAction\":[{\"@type\":\"ReadAction\",\"target\":[\"https:\\\/\\\/www.nordex-online.com\\\/fr\\\/formation-pour-les-sous-traitants\\\/\"]}]},{\"@type\":\"ImageObject\",\"inLanguage\":\"fr-FR\",\"@id\":\"https:\\\/\\\/www.nordex-online.com\\\/fr\\\/formation-pour-les-sous-traitants\\\/#primaryimage\",\"url\":\"https:\\\/\\\/www.nordex-online.com\\\/wp-content\\\/uploads\\\/sites\\\/6\\\/2025\\\/12\\\/Technical-Training-2.jpg\",\"contentUrl\":\"https:\\\/\\\/www.nordex-online.com\\\/wp-content\\\/uploads\\\/sites\\\/6\\\/2025\\\/12\\\/Technical-Training-2.jpg\"},{\"@type\":\"BreadcrumbList\",\"@id\":\"https:\\\/\\\/www.nordex-online.com\\\/fr\\\/formation-pour-les-sous-traitants\\\/#breadcrumb\",\"itemListElement\":[{\"@type\":\"ListItem\",\"position\":1,\"name\":\"Home\",\"item\":\"https:\\\/\\\/www.nordex-online.com\\\/fr\\\/\"},{\"@type\":\"ListItem\",\"position\":2,\"name\":\"Formation pour les sous-traitants\"}]},{\"@type\":\"WebSite\",\"@id\":\"https:\\\/\\\/www.nordex-online.com\\\/fr\\\/#website\",\"url\":\"https:\\\/\\\/www.nordex-online.com\\\/fr\\\/\",\"name\":\"Nordex SE\",\"description\":\"Manufacture, installation and maintenance of wind turbines.\",\"publisher\":{\"@id\":\"https:\\\/\\\/www.nordex-online.com\\\/fr\\\/#organization\"},\"potentialAction\":[{\"@type\":\"SearchAction\",\"target\":{\"@type\":\"EntryPoint\",\"urlTemplate\":\"https:\\\/\\\/www.nordex-online.com\\\/fr\\\/?s={search_term_string}\"},\"query-input\":{\"@type\":\"PropertyValueSpecification\",\"valueRequired\":true,\"valueName\":\"search_term_string\"}}],\"inLanguage\":\"fr-FR\"},{\"@type\":\"Organization\",\"@id\":\"https:\\\/\\\/www.nordex-online.com\\\/fr\\\/#organization\",\"name\":\"Nordex SE\",\"url\":\"https:\\\/\\\/www.nordex-online.com\\\/fr\\\/\",\"logo\":{\"@type\":\"ImageObject\",\"inLanguage\":\"fr-FR\",\"@id\":\"https:\\\/\\\/www.nordex-online.com\\\/fr\\\/#\\\/schema\\\/logo\\\/image\\\/\",\"url\":\"https:\\\/\\\/www.nordex-online.com\\\/wp-content\\\/uploads\\\/sites\\\/6\\\/2024\\\/07\\\/cropped-cropped-Combined-Logos_cmyk_PNG.png\",\"contentUrl\":\"https:\\\/\\\/www.nordex-online.com\\\/wp-content\\\/uploads\\\/sites\\\/6\\\/2024\\\/07\\\/cropped-cropped-Combined-Logos_cmyk_PNG.png\",\"width\":1181,\"height\":353,\"caption\":\"Nordex SE\"},\"image\":{\"@id\":\"https:\\\/\\\/www.nordex-online.com\\\/fr\\\/#\\\/schema\\\/logo\\\/image\\\/\"}}]}<\/script>\n<!-- \/ Yoast SEO Premium plugin. -->","yoast_head_json":{"title":"Formation pour les sous-traitants - Nordex SE","robots":{"index":"index","follow":"follow","max-snippet":"max-snippet:-1","max-image-preview":"max-image-preview:large","max-video-preview":"max-video-preview:-1"},"canonical":"https:\/\/www.nordex-online.com\/fr\/formation-pour-les-sous-traitants\/","og_locale":"fr_FR","og_type":"article","og_title":"Formation pour les sous-traitants","og_description":"LA S\u00c9CURIT\u00c9 EST LE SOCLE DE NOTRE ACTION. LA CONNAISSANCE EST VOTRE OUTIL. Chez Nordex Group, la s\u00e9curit\u00e9 n&rsquo;est pas seulement une priorit\u00e9, c&rsquo;est une responsabilit\u00e9 collective. C\u2019est pourquoi nous avons mis au point un programme de formation d\u00e9di\u00e9 aux sous-traitants, con\u00e7u pour d\u00e9velopper les comp\u00e9tences et la sensibilisation n\u00e9cessaires pour travailler avec confiance et [&hellip;]","og_url":"https:\/\/www.nordex-online.com\/fr\/formation-pour-les-sous-traitants\/","og_site_name":"Nordex SE","article_modified_time":"2025-12-05T15:08:43+00:00","og_image":[{"width":959,"height":639,"url":"https:\/\/www.nordex-online.com\/wp-content\/uploads\/sites\/6\/2025\/12\/Technical-Training-2.jpg","type":"image\/jpeg"}],"twitter_card":"summary_large_image","twitter_misc":{"Dur\u00e9e de lecture estim\u00e9e":"4 minutes"},"schema":{"@context":"https:\/\/schema.org","@graph":[{"@type":"WebPage","@id":"https:\/\/www.nordex-online.com\/fr\/formation-pour-les-sous-traitants\/","url":"https:\/\/www.nordex-online.com\/fr\/formation-pour-les-sous-traitants\/","name":"Formation pour les sous-traitants - Nordex SE","isPartOf":{"@id":"https:\/\/www.nordex-online.com\/fr\/#website"},"primaryImageOfPage":{"@id":"https:\/\/www.nordex-online.com\/fr\/formation-pour-les-sous-traitants\/#primaryimage"},"image":{"@id":"https:\/\/www.nordex-online.com\/fr\/formation-pour-les-sous-traitants\/#primaryimage"},"thumbnailUrl":"https:\/\/www.nordex-online.com\/wp-content\/uploads\/sites\/6\/2025\/12\/Technical-Training-2.jpg","datePublished":"2025-11-25T22:18:57+00:00","dateModified":"2025-12-05T15:08:43+00:00","breadcrumb":{"@id":"https:\/\/www.nordex-online.com\/fr\/formation-pour-les-sous-traitants\/#breadcrumb"},"inLanguage":"fr-FR","potentialAction":[{"@type":"ReadAction","target":["https:\/\/www.nordex-online.com\/fr\/formation-pour-les-sous-traitants\/"]}]},{"@type":"ImageObject","inLanguage":"fr-FR","@id":"https:\/\/www.nordex-online.com\/fr\/formation-pour-les-sous-traitants\/#primaryimage","url":"https:\/\/www.nordex-online.com\/wp-content\/uploads\/sites\/6\/2025\/12\/Technical-Training-2.jpg","contentUrl":"https:\/\/www.nordex-online.com\/wp-content\/uploads\/sites\/6\/2025\/12\/Technical-Training-2.jpg"},{"@type":"BreadcrumbList","@id":"https:\/\/www.nordex-online.com\/fr\/formation-pour-les-sous-traitants\/#breadcrumb","itemListElement":[{"@type":"ListItem","position":1,"name":"Home","item":"https:\/\/www.nordex-online.com\/fr\/"},{"@type":"ListItem","position":2,"name":"Formation pour les sous-traitants"}]},{"@type":"WebSite","@id":"https:\/\/www.nordex-online.com\/fr\/#website","url":"https:\/\/www.nordex-online.com\/fr\/","name":"Nordex SE","description":"Manufacture, installation and maintenance of wind turbines.","publisher":{"@id":"https:\/\/www.nordex-online.com\/fr\/#organization"},"potentialAction":[{"@type":"SearchAction","target":{"@type":"EntryPoint","urlTemplate":"https:\/\/www.nordex-online.com\/fr\/?s={search_term_string}"},"query-input":{"@type":"PropertyValueSpecification","valueRequired":true,"valueName":"search_term_string"}}],"inLanguage":"fr-FR"},{"@type":"Organization","@id":"https:\/\/www.nordex-online.com\/fr\/#organization","name":"Nordex SE","url":"https:\/\/www.nordex-online.com\/fr\/","logo":{"@type":"ImageObject","inLanguage":"fr-FR","@id":"https:\/\/www.nordex-online.com\/fr\/#\/schema\/logo\/image\/","url":"https:\/\/www.nordex-online.com\/wp-content\/uploads\/sites\/6\/2024\/07\/cropped-cropped-Combined-Logos_cmyk_PNG.png","contentUrl":"https:\/\/www.nordex-online.com\/wp-content\/uploads\/sites\/6\/2024\/07\/cropped-cropped-Combined-Logos_cmyk_PNG.png","width":1181,"height":353,"caption":"Nordex SE"},"image":{"@id":"https:\/\/www.nordex-online.com\/fr\/#\/schema\/logo\/image\/"}}]}},"_links":{"self":[{"href":"https:\/\/www.nordex-online.com\/fr\/wp-json\/wp\/v2\/pages\/42940","targetHints":{"allow":["GET"]}}],"collection":[{"href":"https:\/\/www.nordex-online.com\/fr\/wp-json\/wp\/v2\/pages"}],"about":[{"href":"https:\/\/www.nordex-online.com\/fr\/wp-json\/wp\/v2\/types\/page"}],"author":[{"embeddable":true,"href":"https:\/\/www.nordex-online.com\/fr\/wp-json\/wp\/v2\/users\/6"}],"replies":[{"embeddable":true,"href":"https:\/\/www.nordex-online.com\/fr\/wp-json\/wp\/v2\/comments?post=42940"}],"version-history":[{"count":8,"href":"https:\/\/www.nordex-online.com\/fr\/wp-json\/wp\/v2\/pages\/42940\/revisions"}],"predecessor-version":[{"id":43006,"href":"https:\/\/www.nordex-online.com\/fr\/wp-json\/wp\/v2\/pages\/42940\/revisions\/43006"}],"wp:attachment":[{"href":"https:\/\/www.nordex-online.com\/fr\/wp-json\/wp\/v2\/media?parent=42940"}],"curies":[{"name":"wp","href":"https:\/\/api.w.org\/{rel}","templated":true}]}}