{"id":42938,"date":"2025-11-25T22:11:06","date_gmt":"2025-11-25T22:11:06","guid":{"rendered":"https:\/\/www.nordex-online.com\/fr\/?page_id=42938"},"modified":"2025-12-05T15:30:26","modified_gmt":"2025-12-05T15:30:26","slug":"formation-pour-les-proprietaires-et-exploitants","status":"publish","type":"page","link":"https:\/\/www.nordex-online.com\/fr\/formation-pour-les-proprietaires-et-exploitants\/","title":{"rendered":"Formation pour les propri\u00e9taires et exploitants"},"content":{"rendered":"\n<div class=\"wp-block-cover alignfull is-light\" style=\"min-height:340px;aspect-ratio:unset;\"><video class=\"wp-block-cover__video-background intrinsic-ignore\" autoplay muted loop playsinline src=\"https:\/\/www.nordex-online.com\/wp-content\/uploads\/sites\/6\/2025\/12\/Owners-Operators.mp4\" data-object-fit=\"cover\"><\/video><span aria-hidden=\"true\" class=\"wp-block-cover__background has-grey-85-background-color has-background-dim-20 has-background-dim\"><\/span><div class=\"wp-block-cover__inner-container is-layout-constrained wp-block-cover-is-layout-constrained\">\n<p class=\"has-text-align-center has-white-color has-text-color has-link-color has-large-font-size wp-elements-ef511f45493a547a72ca4afc67c9c490\">FORMATION POUR LES PROPRI\u00c9TAIRES ET EXPLOITANTS DE PARCS \u00c9OLIENS<\/p>\n<\/div><\/div>\n\n\n\n<div class=\"wp-block-nordex-heading is-style-underline nordex-heading wp-block-columns has-4-columns\"><div class=\"nordex-heading__chapter wp-block-column\"><span class=\"nordex-heading__chapter-title\">01<\/span><span class=\"nordex-heading__chapter-subtitle\">04<\/span><\/div><div class=\"nordex-heading__heading wp-block-column\"><h3 class=\"nordex-heading__heading-title\">LE CONCEPT DE FORMATION CHEZ NORDEX GROUP<\/h3><\/div><div class=\"nordex-heading__subhead wp-block-column\"><p class=\"nordex-heading__subhead-title\"><\/p><\/div><div class=\"nordex-heading__button wp-block-column\"><\/div><\/div>\n\n\n\n<div class=\"wp-block-columns is-layout-flex wp-container-core-columns-is-layout-28f84493 wp-block-columns-is-layout-flex\">\n<div class=\"wp-block-column is-vertically-aligned-top is-layout-flow wp-block-column-is-layout-flow\" style=\"flex-basis:33.33%\">\n<h3 class=\"wp-block-heading has-grey-65-color has-text-color has-link-color wp-elements-94101df90df9e2c744ff29ca9e18063e\" id=\"h-connaissances-et-confiance-pour-un-fonctionnement-sur-et-efficace-des-eoliennes\">CONNAISSANCES ET CONFIANCE POUR UN FONCTIONNEMENT S\u00dbR ET EFFICACE DES \u00c9OLIENNES<\/h3>\n<\/div>\n\n\n\n<div class=\"wp-block-column is-layout-flow wp-block-column-is-layout-flow\" style=\"flex-basis:66.66%\">\n<p>Chez Nordex Group, nous aidons les propri\u00e9taires et exploitants de parcs \u00e9oliens \u00e0 travailler en toute s\u00e9curit\u00e9 et efficacit\u00e9 avec les turbines Nordex. Notre portefeuille de formations standardis\u00e9es d\u00e9veloppe des connaissances techniques coh\u00e9rentes et des pratiques de s\u00e9curit\u00e9 pour tous les r\u00f4les clients. Des formateurs exp\u00e9riment\u00e9s combinent une th\u00e9orie claire avec des exemples concrets et r\u00e9pondent \u00e0 vos questions sp\u00e9cifiques afin que l\u2019apprentissage se transforme en action.<br>Les formats de cours sont adapt\u00e9s au contenu et au public \u2013 des modules enti\u00e8rement en ligne aux formats hybrides et aux sessions en pr\u00e9sentiel. Que vous coordonniez des \u00e9quipes de service, surveilliez la performance des turbines ou veilliez au respect des protocoles de s\u00e9curit\u00e9, nos modules dirig\u00e9s par des experts vous apportent les comp\u00e9tences et la confiance n\u00e9cessaires pour g\u00e9rer vos actifs efficacement.<\/p>\n<\/div>\n<\/div>\n\n\n\n<div class=\"wp-block-nordex-heading is-style-underline nordex-heading wp-block-columns has-4-columns\"><div class=\"nordex-heading__chapter wp-block-column\"><span class=\"nordex-heading__chapter-title\">02<\/span><span class=\"nordex-heading__chapter-subtitle\">04<\/span><\/div><div class=\"nordex-heading__heading wp-block-column\"><h3 class=\"nordex-heading__heading-title\">TYPES DE FORMATION<\/h3><\/div><div class=\"nordex-heading__subhead wp-block-column\"><p class=\"nordex-heading__subhead-title\"><\/p><\/div><div class=\"nordex-heading__button wp-block-column\"><\/div><\/div>\n\n\n\n<div class=\"wp-block-columns is-layout-flex wp-container-core-columns-is-layout-28f84493 wp-block-columns-is-layout-flex\">\n<div class=\"wp-block-column is-layout-flow wp-block-column-is-layout-flow\">\n<figure class=\"wp-block-image size-full\"><img loading=\"lazy\" decoding=\"async\" width=\"959\" height=\"639\" src=\"https:\/\/www.nordex-online.com\/wp-content\/uploads\/sites\/6\/2025\/12\/Technical-Training-2.jpg\" alt=\"\" class=\"wp-image-42980\" srcset=\"https:\/\/www.nordex-online.com\/wp-content\/uploads\/sites\/6\/2025\/12\/Technical-Training-2.jpg 959w, https:\/\/www.nordex-online.com\/wp-content\/uploads\/sites\/6\/2025\/12\/Technical-Training-2-300x200.jpg 300w, https:\/\/www.nordex-online.com\/wp-content\/uploads\/sites\/6\/2025\/12\/Technical-Training-2-768x512.jpg 768w\" sizes=\"auto, (max-width: 959px) 100vw, 959px\" \/><\/figure>\n<\/div>\n\n\n\n<div class=\"wp-block-column is-layout-flow wp-block-column-is-layout-flow\">\n<h4 class=\"wp-block-heading\" id=\"h-formation-technique\"><strong>FORMATION TECHNIQUE<\/strong><\/h4>\n\n\n\n<p>Cette formation renforce vos capacit\u00e9s op\u00e9rationnelles \u00e0 tous les niveaux d\u2019exp\u00e9rience \u2013 des bases des turbines et des syst\u00e8mes de contr\u00f4le jusqu\u2019au travail s\u00fbr et conforme sur site.<\/p>\n\n\n\n<p><strong>OBJECTIF DE CETTE FORMATION<\/strong><\/p>\n\n\n\n<ul class=\"wp-block-list\">\n<li>Comprendre les \u00e9oliennes Nordex pour une performance maximale et une excellence op\u00e9rationnelle.<\/li>\n\n\n\n<li>Disposer des comp\u00e9tences techniques et une connaissance approfondie des syst\u00e8mes des \u00e9oliennes.<\/li>\n\n\n\n<li>Am\u00e9liorer vos comp\u00e9tences en mati\u00e8re de surveillance en utilisant SCADA EDGE pour une gestion fond\u00e9e sur les donn\u00e9es.<\/li>\n<\/ul>\n\n\n\n<p><strong>MODULES DE FORMATION CL\u00c9S<\/strong><\/p>\n\n\n\n<ul class=\"wp-block-list\">\n<li>Modules 2.0 &#8211; 4.5<\/li>\n\n\n\n<li>Modules 5.0 &#8211; 6.0 and Nordex OS<\/li>\n\n\n\n<li>Modules 8.0 &#8211; 12.0<\/li>\n<\/ul>\n<\/div>\n<\/div>\n\n\n\n<div class=\"wp-block-columns is-layout-flex wp-container-core-columns-is-layout-28f84493 wp-block-columns-is-layout-flex\">\n<div class=\"wp-block-column is-layout-flow wp-block-column-is-layout-flow\" style=\"flex-basis:33.33%\"><\/div>\n\n\n\n<div class=\"wp-block-column is-layout-flow wp-block-column-is-layout-flow\" style=\"flex-basis:66.66%\"><\/div>\n<\/div>\n\n\n\n<div class=\"wp-block-columns is-layout-flex wp-container-core-columns-is-layout-28f84493 wp-block-columns-is-layout-flex\">\n<div class=\"wp-block-column is-layout-flow wp-block-column-is-layout-flow\">\n<figure class=\"wp-block-image size-large\"><img loading=\"lazy\" decoding=\"async\" width=\"1024\" height=\"576\" src=\"https:\/\/www.nordex-online.com\/wp-content\/uploads\/sites\/6\/2025\/12\/Subcontractors-HSE-Small-Icon-Image-1024x576.jpg\" alt=\"\" class=\"wp-image-42968\" srcset=\"https:\/\/www.nordex-online.com\/wp-content\/uploads\/sites\/6\/2025\/12\/Subcontractors-HSE-Small-Icon-Image-1024x576.jpg 1024w, https:\/\/www.nordex-online.com\/wp-content\/uploads\/sites\/6\/2025\/12\/Subcontractors-HSE-Small-Icon-Image-300x169.jpg 300w, https:\/\/www.nordex-online.com\/wp-content\/uploads\/sites\/6\/2025\/12\/Subcontractors-HSE-Small-Icon-Image-768x432.jpg 768w, https:\/\/www.nordex-online.com\/wp-content\/uploads\/sites\/6\/2025\/12\/Subcontractors-HSE-Small-Icon-Image-1536x864.jpg 1536w, https:\/\/www.nordex-online.com\/wp-content\/uploads\/sites\/6\/2025\/12\/Subcontractors-HSE-Small-Icon-Image.jpg 1920w\" sizes=\"auto, (max-width: 1024px) 100vw, 1024px\" \/><\/figure>\n<\/div>\n\n\n\n<div class=\"wp-block-column is-layout-flow wp-block-column-is-layout-flow\">\n<h4 class=\"wp-block-heading\" id=\"h-formation-hse\"><strong>FORMATION HSE<\/strong><\/h4>\n\n\n\n<p>Nos modules e-learning ax\u00e9s sur la s\u00e9curit\u00e9 soutiennent la conformit\u00e9 aux normes de l\u2019industrie et encouragent les comportements s\u00fbrs sur site. Ils couvrent les proc\u00e9dures de s\u00e9curit\u00e9 essentielles et les connaissances de base en HSE pour les parcs \u00e9oliens Nordex.<\/p>\n\n\n\n<p><strong>OBJECTIF DE CETTE FORMATION<\/strong><\/p>\n\n\n\n<ul class=\"wp-block-list\">\n<li>Apprenez les proc\u00e9dures d\u2019entr\u00e9e et d\u2019exploitation en toute s\u00e9curit\u00e9 sur les sites Nordex.<\/li>\n\n\n\n<li>Acqu\u00e9rir une connaissance compl\u00e8te des normes HSE sur les parcs \u00e9oliens de Nordex<\/li>\n\n\n\n<li>Savoir g\u00e9rer efficacement les situations d&rsquo;urgence.<\/li>\n<\/ul>\n\n\n\n<p><strong>MODULES DE FORMATION CL\u00c9S<\/strong><\/p>\n\n\n\n<ul class=\"wp-block-list\">\n<li>Annual Safety Site Induction<\/li>\n\n\n\n<li>Safety and Handling<\/li>\n\n\n\n<li>Modules 8.0 &#8211; 10.0<\/li>\n<\/ul>\n<\/div>\n<\/div>\n\n\n\n<div class=\"wp-block-columns is-layout-flex wp-container-core-columns-is-layout-28f84493 wp-block-columns-is-layout-flex\">\n<div class=\"wp-block-column is-layout-flow wp-block-column-is-layout-flow\" style=\"flex-basis:33.33%\"><\/div>\n\n\n\n<div class=\"wp-block-column is-layout-flow wp-block-column-is-layout-flow\" style=\"flex-basis:66.66%\"><\/div>\n<\/div>\n\n\n\n<div class=\"wp-block-nordex-heading is-style-underline nordex-heading wp-block-columns has-4-columns\"><div class=\"nordex-heading__chapter wp-block-column\"><span class=\"nordex-heading__chapter-title\">03<\/span><span class=\"nordex-heading__chapter-subtitle\">04<\/span><\/div><div class=\"nordex-heading__heading wp-block-column\"><h3 class=\"nordex-heading__heading-title\">CATALOGUE DE FORMATION<\/h3><\/div><div class=\"nordex-heading__subhead wp-block-column\"><p class=\"nordex-heading__subhead-title\"><\/p><\/div><div class=\"nordex-heading__button wp-block-column\"><\/div><\/div>\n\n\n\n<p>Outre la formation de ses employ\u00e9s, Nordex Group propose \u00e9galement des cours de formation \u00e0 ses clients. Allant des composantes d\u2019\u00e9oliennes aux proc\u00e9dures de maintenance sur le terrain, les sujets abord\u00e9s sont tr\u00e8s vari\u00e9s. Consultez notre catalogue de formations mis \u00e0 jour et contactez-nous !<\/p>\n\n\n<div class=\"nordex-iframe\" style=\"--nordex-iframe-height: 500px;\">\n                 <div class=\"brlbs-cmpnt-container brlbs-cmpnt-content-blocker brlbs-cmpnt-with-individual-styles\" data-borlabs-cookie-content-blocker-id=\"heyzine\" data-borlabs-cookie-content=\"PGlmcmFtZSBhbGxvd2Z1bGxzY3JlZW4gc3JjPSJodHRwczovL2hleXppbmUuY29tL2ZsaXAtYm9vay9OWEctdHJhaW5pbmctY2F0YWxvZy1jdXN0b21lcnMtZW4iPjwvaWZyYW1lPg==\"><div class=\"brlbs-cmpnt-cb-preset-b\"> <div class=\"brlbs-cmpnt-cb-thumbnail\" style=\"background-image: url('')\"><\/div> <div class=\"brlbs-cmpnt-cb-main\"> <div class=\"brlbs-cmpnt-cb-content\"> <p class=\"brlbs-cmpnt-cb-description\">Vous \u00eates actuellement en train de consulter le contenu d&rsquo;un espace r\u00e9serv\u00e9 de <strong>Heyzine<\/strong>. Pour acc\u00e9der au contenu r\u00e9el, cliquez sur le bouton ci-dessous. Veuillez noter que ce faisant, des donn\u00e9es seront partag\u00e9es avec des providers tiers.<\/p> <a class=\"brlbs-cmpnt-cb-provider-toggle\" href=\"#\" data-borlabs-cookie-show-provider-information role=\"button\">Plus d&rsquo;informations<\/a> <\/div> <div class=\"brlbs-cmpnt-cb-buttons\"> <a class=\"brlbs-cmpnt-cb-btn\" href=\"#\" data-borlabs-cookie-unblock role=\"button\">D\u00e9bloquer le contenu<\/a> <a class=\"brlbs-cmpnt-cb-btn\" href=\"#\" data-borlabs-cookie-accept-service role=\"button\" style=\"display: inherit\">Accepter le service requis et d\u00e9bloquer les contenus<\/a> <\/div> <\/div> <\/div><\/div>\n                <img loading=\"lazy\" decoding=\"async\" src=\"https:\/\/www.nordex-online.com\/wp-content\/uploads\/sites\/6\/iframe-preview-thumbnails\/3ff85bfb07ae8f68e12b52a071fdc581095aeb62-28.pdf-thumb.jpg\" alt=\"International Training Catalog Customers 2026\" width=\"1400\" height=\"990\" class=\"iframe-preview-image iframe-preview-image--heyzine\" \/>\n            <\/div>\n\n\n<div class=\"wp-block-nordex-heading is-style-underline nordex-heading wp-block-columns has-4-columns\"><div class=\"nordex-heading__chapter wp-block-column\"><span class=\"nordex-heading__chapter-title\">04<\/span><span class=\"nordex-heading__chapter-subtitle\">04<\/span><\/div><div class=\"nordex-heading__heading wp-block-column\"><h3 class=\"nordex-heading__heading-title\">EN SAVOIR PLUS<\/h3><\/div><div class=\"nordex-heading__subhead wp-block-column\"><p class=\"nordex-heading__subhead-title\"><\/p><\/div><div class=\"nordex-heading__button wp-block-column\"><\/div><\/div>\n\n\n\n<div class=\"wp-block-columns is-style-nordex-gaps is-layout-flex wp-container-core-columns-is-layout-28f84493 wp-block-columns-is-layout-flex\">\n<div class=\"wp-block-column is-layout-flow wp-block-column-is-layout-flow\">\n<div class=\"wp-block-nordex-tile wp-block-nordex-tile--portrait\"><a class=\"wp-block-nordex-tile__button\" href=\"https:\/\/www.nordex-online.com\/fr\/product\/page-principale\/\"><div class=\"wp-block-nordex-tile__image\" style=\"background-image:url(https:\/\/www.nordex-online.com\/wp-content\/uploads\/sites\/2\/2019\/11\/04UMertens.png)\"><\/div><p class=\"wp-block-nordex-tile__title\">PRODUITS<\/p><p class=\"wp-block-button is-style-underline\"><span class=\"wp-block-button__link\">EN SAVOIR PLUS<\/span><\/p><\/a><\/div>\n<\/div>\n\n\n\n<div class=\"wp-block-column is-layout-flow wp-block-column-is-layout-flow\">\n<div class=\"wp-block-nordex-tile wp-block-nordex-tile--portrait\"><a class=\"wp-block-nordex-tile__button\" href=\"https:\/\/www.nordex-online.com\/fr\/maintenance\/\"><div class=\"wp-block-nordex-tile__image\" style=\"background-image:url(https:\/\/www.nordex-online.com\/wp-content\/uploads\/sites\/2\/2021\/07\/2.jpg)\"><\/div><p class=\"wp-block-nordex-tile__title\">MAINTENANCE<\/p><p class=\"wp-block-button is-style-underline\"><span class=\"wp-block-button__link\">EN SAVOIR PLUS<\/span><\/p><\/a><\/div>\n<\/div>\n\n\n\n<div class=\"wp-block-column is-layout-flow wp-block-column-is-layout-flow\">\n<div class=\"wp-block-nordex-tile wp-block-nordex-tile--portrait\"><a class=\"wp-block-nordex-tile__button\" href=\"https:\/\/www.nordex-online.com\/fr\/nouvelles-options-machines\/\"><div class=\"wp-block-nordex-tile__image\" style=\"background-image:url(https:\/\/www.nordex-online.com\/wp-content\/uploads\/sites\/2\/2019\/11\/21UMertens.png)\"><\/div><p class=\"wp-block-nordex-tile__title\">MISES \u00c0 NIVEAU<\/p><p class=\"wp-block-button is-style-underline\"><span class=\"wp-block-button__link\">EN SAVOIR PLUS<\/span><\/p><\/a><\/div>\n<\/div>\n<\/div>\n\n\n\n<p><\/p>\n","protected":false},"excerpt":{"rendered":"<p>CONNAISSANCES ET CONFIANCE POUR UN FONCTIONNEMENT S\u00dbR ET EFFICACE DES \u00c9OLIENNES Chez Nordex Group, nous aidons les propri\u00e9taires et exploitants de parcs \u00e9oliens \u00e0 travailler en toute s\u00e9curit\u00e9 et efficacit\u00e9 avec les turbines Nordex. Notre portefeuille de formations standardis\u00e9es d\u00e9veloppe des connaissances techniques coh\u00e9rentes et des pratiques de s\u00e9curit\u00e9 pour tous les r\u00f4les clients. Des [&hellip;]<\/p>\n","protected":false},"author":6,"featured_media":0,"parent":0,"menu_order":0,"comment_status":"closed","ping_status":"closed","template":"","meta":{"_trash_the_other_posts":false,"editor_notices":[],"footnotes":""},"class_list":["post-42938","page","type-page","status-publish","hentry"],"yoast_head":"<!-- This site is optimized with the Yoast SEO Premium plugin v27.3 (Yoast SEO v27.3) - https:\/\/yoast.com\/product\/yoast-seo-premium-wordpress\/ -->\n<title>Formation pour les propri\u00e9taires et exploitants - Nordex SE<\/title>\n<meta name=\"robots\" content=\"index, follow, max-snippet:-1, max-image-preview:large, max-video-preview:-1\" \/>\n<link rel=\"canonical\" href=\"https:\/\/www.nordex-online.com\/fr\/formation-pour-les-proprietaires-et-exploitants\/\" \/>\n<meta property=\"og:locale\" content=\"fr_FR\" \/>\n<meta property=\"og:type\" content=\"article\" \/>\n<meta property=\"og:title\" content=\"Formation pour les propri\u00e9taires et exploitants\" \/>\n<meta property=\"og:description\" content=\"CONNAISSANCES ET CONFIANCE POUR UN FONCTIONNEMENT S\u00dbR ET EFFICACE DES \u00c9OLIENNES Chez Nordex Group, nous aidons les propri\u00e9taires et exploitants de parcs \u00e9oliens \u00e0 travailler en toute s\u00e9curit\u00e9 et efficacit\u00e9 avec les turbines Nordex. Notre portefeuille de formations standardis\u00e9es d\u00e9veloppe des connaissances techniques coh\u00e9rentes et des pratiques de s\u00e9curit\u00e9 pour tous les r\u00f4les clients. Des [&hellip;]\" \/>\n<meta property=\"og:url\" content=\"https:\/\/www.nordex-online.com\/fr\/formation-pour-les-proprietaires-et-exploitants\/\" \/>\n<meta property=\"og:site_name\" content=\"Nordex SE\" \/>\n<meta property=\"article:modified_time\" content=\"2025-12-05T15:30:26+00:00\" \/>\n<meta property=\"og:image\" content=\"https:\/\/www.nordex-online.com\/wp-content\/uploads\/sites\/6\/2025\/12\/Technical-Training-2.jpg\" \/>\n\t<meta property=\"og:image:width\" content=\"959\" \/>\n\t<meta property=\"og:image:height\" content=\"639\" \/>\n\t<meta property=\"og:image:type\" content=\"image\/jpeg\" \/>\n<meta name=\"twitter:card\" content=\"summary_large_image\" \/>\n<meta name=\"twitter:label1\" content=\"Dur\u00e9e de lecture estim\u00e9e\" \/>\n\t<meta name=\"twitter:data1\" content=\"3 minutes\" \/>\n<script type=\"application\/ld+json\" class=\"yoast-schema-graph\">{\"@context\":\"https:\\\/\\\/schema.org\",\"@graph\":[{\"@type\":\"WebPage\",\"@id\":\"https:\\\/\\\/www.nordex-online.com\\\/fr\\\/formation-pour-les-proprietaires-et-exploitants\\\/\",\"url\":\"https:\\\/\\\/www.nordex-online.com\\\/fr\\\/formation-pour-les-proprietaires-et-exploitants\\\/\",\"name\":\"Formation pour les propri\u00e9taires et exploitants - Nordex SE\",\"isPartOf\":{\"@id\":\"https:\\\/\\\/www.nordex-online.com\\\/fr\\\/#website\"},\"primaryImageOfPage\":{\"@id\":\"https:\\\/\\\/www.nordex-online.com\\\/fr\\\/formation-pour-les-proprietaires-et-exploitants\\\/#primaryimage\"},\"image\":{\"@id\":\"https:\\\/\\\/www.nordex-online.com\\\/fr\\\/formation-pour-les-proprietaires-et-exploitants\\\/#primaryimage\"},\"thumbnailUrl\":\"https:\\\/\\\/www.nordex-online.com\\\/wp-content\\\/uploads\\\/sites\\\/6\\\/2025\\\/12\\\/Technical-Training-2.jpg\",\"datePublished\":\"2025-11-25T22:11:06+00:00\",\"dateModified\":\"2025-12-05T15:30:26+00:00\",\"breadcrumb\":{\"@id\":\"https:\\\/\\\/www.nordex-online.com\\\/fr\\\/formation-pour-les-proprietaires-et-exploitants\\\/#breadcrumb\"},\"inLanguage\":\"fr-FR\",\"potentialAction\":[{\"@type\":\"ReadAction\",\"target\":[\"https:\\\/\\\/www.nordex-online.com\\\/fr\\\/formation-pour-les-proprietaires-et-exploitants\\\/\"]}]},{\"@type\":\"ImageObject\",\"inLanguage\":\"fr-FR\",\"@id\":\"https:\\\/\\\/www.nordex-online.com\\\/fr\\\/formation-pour-les-proprietaires-et-exploitants\\\/#primaryimage\",\"url\":\"https:\\\/\\\/www.nordex-online.com\\\/wp-content\\\/uploads\\\/sites\\\/6\\\/2025\\\/12\\\/Technical-Training-2.jpg\",\"contentUrl\":\"https:\\\/\\\/www.nordex-online.com\\\/wp-content\\\/uploads\\\/sites\\\/6\\\/2025\\\/12\\\/Technical-Training-2.jpg\"},{\"@type\":\"BreadcrumbList\",\"@id\":\"https:\\\/\\\/www.nordex-online.com\\\/fr\\\/formation-pour-les-proprietaires-et-exploitants\\\/#breadcrumb\",\"itemListElement\":[{\"@type\":\"ListItem\",\"position\":1,\"name\":\"Home\",\"item\":\"https:\\\/\\\/www.nordex-online.com\\\/fr\\\/\"},{\"@type\":\"ListItem\",\"position\":2,\"name\":\"Formation pour les propri\u00e9taires et exploitants\"}]},{\"@type\":\"WebSite\",\"@id\":\"https:\\\/\\\/www.nordex-online.com\\\/fr\\\/#website\",\"url\":\"https:\\\/\\\/www.nordex-online.com\\\/fr\\\/\",\"name\":\"Nordex SE\",\"description\":\"Manufacture, installation and maintenance of wind turbines.\",\"publisher\":{\"@id\":\"https:\\\/\\\/www.nordex-online.com\\\/fr\\\/#organization\"},\"potentialAction\":[{\"@type\":\"SearchAction\",\"target\":{\"@type\":\"EntryPoint\",\"urlTemplate\":\"https:\\\/\\\/www.nordex-online.com\\\/fr\\\/?s={search_term_string}\"},\"query-input\":{\"@type\":\"PropertyValueSpecification\",\"valueRequired\":true,\"valueName\":\"search_term_string\"}}],\"inLanguage\":\"fr-FR\"},{\"@type\":\"Organization\",\"@id\":\"https:\\\/\\\/www.nordex-online.com\\\/fr\\\/#organization\",\"name\":\"Nordex SE\",\"url\":\"https:\\\/\\\/www.nordex-online.com\\\/fr\\\/\",\"logo\":{\"@type\":\"ImageObject\",\"inLanguage\":\"fr-FR\",\"@id\":\"https:\\\/\\\/www.nordex-online.com\\\/fr\\\/#\\\/schema\\\/logo\\\/image\\\/\",\"url\":\"https:\\\/\\\/www.nordex-online.com\\\/wp-content\\\/uploads\\\/sites\\\/6\\\/2024\\\/07\\\/cropped-cropped-Combined-Logos_cmyk_PNG.png\",\"contentUrl\":\"https:\\\/\\\/www.nordex-online.com\\\/wp-content\\\/uploads\\\/sites\\\/6\\\/2024\\\/07\\\/cropped-cropped-Combined-Logos_cmyk_PNG.png\",\"width\":1181,\"height\":353,\"caption\":\"Nordex SE\"},\"image\":{\"@id\":\"https:\\\/\\\/www.nordex-online.com\\\/fr\\\/#\\\/schema\\\/logo\\\/image\\\/\"}}]}<\/script>\n<!-- \/ Yoast SEO Premium plugin. -->","yoast_head_json":{"title":"Formation pour les propri\u00e9taires et exploitants - Nordex SE","robots":{"index":"index","follow":"follow","max-snippet":"max-snippet:-1","max-image-preview":"max-image-preview:large","max-video-preview":"max-video-preview:-1"},"canonical":"https:\/\/www.nordex-online.com\/fr\/formation-pour-les-proprietaires-et-exploitants\/","og_locale":"fr_FR","og_type":"article","og_title":"Formation pour les propri\u00e9taires et exploitants","og_description":"CONNAISSANCES ET CONFIANCE POUR UN FONCTIONNEMENT S\u00dbR ET EFFICACE DES \u00c9OLIENNES Chez Nordex Group, nous aidons les propri\u00e9taires et exploitants de parcs \u00e9oliens \u00e0 travailler en toute s\u00e9curit\u00e9 et efficacit\u00e9 avec les turbines Nordex. Notre portefeuille de formations standardis\u00e9es d\u00e9veloppe des connaissances techniques coh\u00e9rentes et des pratiques de s\u00e9curit\u00e9 pour tous les r\u00f4les clients. Des [&hellip;]","og_url":"https:\/\/www.nordex-online.com\/fr\/formation-pour-les-proprietaires-et-exploitants\/","og_site_name":"Nordex SE","article_modified_time":"2025-12-05T15:30:26+00:00","og_image":[{"width":959,"height":639,"url":"https:\/\/www.nordex-online.com\/wp-content\/uploads\/sites\/6\/2025\/12\/Technical-Training-2.jpg","type":"image\/jpeg"}],"twitter_card":"summary_large_image","twitter_misc":{"Dur\u00e9e de lecture estim\u00e9e":"3 minutes"},"schema":{"@context":"https:\/\/schema.org","@graph":[{"@type":"WebPage","@id":"https:\/\/www.nordex-online.com\/fr\/formation-pour-les-proprietaires-et-exploitants\/","url":"https:\/\/www.nordex-online.com\/fr\/formation-pour-les-proprietaires-et-exploitants\/","name":"Formation pour les propri\u00e9taires et exploitants - Nordex SE","isPartOf":{"@id":"https:\/\/www.nordex-online.com\/fr\/#website"},"primaryImageOfPage":{"@id":"https:\/\/www.nordex-online.com\/fr\/formation-pour-les-proprietaires-et-exploitants\/#primaryimage"},"image":{"@id":"https:\/\/www.nordex-online.com\/fr\/formation-pour-les-proprietaires-et-exploitants\/#primaryimage"},"thumbnailUrl":"https:\/\/www.nordex-online.com\/wp-content\/uploads\/sites\/6\/2025\/12\/Technical-Training-2.jpg","datePublished":"2025-11-25T22:11:06+00:00","dateModified":"2025-12-05T15:30:26+00:00","breadcrumb":{"@id":"https:\/\/www.nordex-online.com\/fr\/formation-pour-les-proprietaires-et-exploitants\/#breadcrumb"},"inLanguage":"fr-FR","potentialAction":[{"@type":"ReadAction","target":["https:\/\/www.nordex-online.com\/fr\/formation-pour-les-proprietaires-et-exploitants\/"]}]},{"@type":"ImageObject","inLanguage":"fr-FR","@id":"https:\/\/www.nordex-online.com\/fr\/formation-pour-les-proprietaires-et-exploitants\/#primaryimage","url":"https:\/\/www.nordex-online.com\/wp-content\/uploads\/sites\/6\/2025\/12\/Technical-Training-2.jpg","contentUrl":"https:\/\/www.nordex-online.com\/wp-content\/uploads\/sites\/6\/2025\/12\/Technical-Training-2.jpg"},{"@type":"BreadcrumbList","@id":"https:\/\/www.nordex-online.com\/fr\/formation-pour-les-proprietaires-et-exploitants\/#breadcrumb","itemListElement":[{"@type":"ListItem","position":1,"name":"Home","item":"https:\/\/www.nordex-online.com\/fr\/"},{"@type":"ListItem","position":2,"name":"Formation pour les propri\u00e9taires et exploitants"}]},{"@type":"WebSite","@id":"https:\/\/www.nordex-online.com\/fr\/#website","url":"https:\/\/www.nordex-online.com\/fr\/","name":"Nordex SE","description":"Manufacture, installation and maintenance of wind turbines.","publisher":{"@id":"https:\/\/www.nordex-online.com\/fr\/#organization"},"potentialAction":[{"@type":"SearchAction","target":{"@type":"EntryPoint","urlTemplate":"https:\/\/www.nordex-online.com\/fr\/?s={search_term_string}"},"query-input":{"@type":"PropertyValueSpecification","valueRequired":true,"valueName":"search_term_string"}}],"inLanguage":"fr-FR"},{"@type":"Organization","@id":"https:\/\/www.nordex-online.com\/fr\/#organization","name":"Nordex SE","url":"https:\/\/www.nordex-online.com\/fr\/","logo":{"@type":"ImageObject","inLanguage":"fr-FR","@id":"https:\/\/www.nordex-online.com\/fr\/#\/schema\/logo\/image\/","url":"https:\/\/www.nordex-online.com\/wp-content\/uploads\/sites\/6\/2024\/07\/cropped-cropped-Combined-Logos_cmyk_PNG.png","contentUrl":"https:\/\/www.nordex-online.com\/wp-content\/uploads\/sites\/6\/2024\/07\/cropped-cropped-Combined-Logos_cmyk_PNG.png","width":1181,"height":353,"caption":"Nordex SE"},"image":{"@id":"https:\/\/www.nordex-online.com\/fr\/#\/schema\/logo\/image\/"}}]}},"_links":{"self":[{"href":"https:\/\/www.nordex-online.com\/fr\/wp-json\/wp\/v2\/pages\/42938","targetHints":{"allow":["GET"]}}],"collection":[{"href":"https:\/\/www.nordex-online.com\/fr\/wp-json\/wp\/v2\/pages"}],"about":[{"href":"https:\/\/www.nordex-online.com\/fr\/wp-json\/wp\/v2\/types\/page"}],"author":[{"embeddable":true,"href":"https:\/\/www.nordex-online.com\/fr\/wp-json\/wp\/v2\/users\/6"}],"replies":[{"embeddable":true,"href":"https:\/\/www.nordex-online.com\/fr\/wp-json\/wp\/v2\/comments?post=42938"}],"version-history":[{"count":8,"href":"https:\/\/www.nordex-online.com\/fr\/wp-json\/wp\/v2\/pages\/42938\/revisions"}],"predecessor-version":[{"id":43015,"href":"https:\/\/www.nordex-online.com\/fr\/wp-json\/wp\/v2\/pages\/42938\/revisions\/43015"}],"wp:attachment":[{"href":"https:\/\/www.nordex-online.com\/fr\/wp-json\/wp\/v2\/media?parent=42938"}],"curies":[{"name":"wp","href":"https:\/\/api.w.org\/{rel}","templated":true}]}}