{"id":27,"date":"2018-09-05T14:21:07","date_gmt":"2018-09-05T14:21:07","guid":{"rendered":"https:\/\/www.nordex-online.com\/fr\/?page_id=27"},"modified":"2025-11-04T16:07:55","modified_gmt":"2025-11-04T16:07:55","slug":"career","status":"publish","type":"page","link":"https:\/\/www.nordex-online.com\/fr\/career\/","title":{"rendered":"Offres d&#8217;emploi"},"content":{"rendered":"\n<div class=\"wp-block-cover alignfull is-light\" style=\"min-height:340px;aspect-ratio:unset;\"><img decoding=\"async\" class=\"wp-block-cover__image-background wp-image-49776\" alt=\"\" src=\"https:\/\/www.nordex-online.com\/wp-content\/uploads\/sites\/2\/2025\/03\/Career-Headers-Website-12.jpg\" data-object-fit=\"cover\"\/><span aria-hidden=\"true\" class=\"wp-block-cover__background has-grey-85-background-color has-background-dim-40 has-background-dim\"><\/span><div class=\"wp-block-cover__inner-container is-layout-constrained wp-block-cover-is-layout-constrained\">\n<p class=\"has-text-align-center has-white-color has-text-color has-link-color has-large-font-size wp-elements-9ac8d1310a151e5735db40cff32fe528\">#TEAMUP. POUR UN AVENIR PLUS VERT.<\/p>\n<\/div><\/div>\n\n\n\n<div class=\"wp-block-nordex-heading is-style-underline nordex-heading wp-block-columns has-4-columns\"><div class=\"nordex-heading__chapter wp-block-column\"><span class=\"nordex-heading__chapter-title\">01<\/span><span class=\"nordex-heading__chapter-subtitle\">04<\/span><\/div><div class=\"nordex-heading__heading wp-block-column\"><h3 class=\"nordex-heading__heading-title\">Qui sommes-nous?<\/h3><\/div><div class=\"nordex-heading__subhead wp-block-column\"><p class=\"nordex-heading__subhead-title\"><\/p><\/div><div class=\"nordex-heading__button wp-block-column\"><\/div><\/div>\n\n\n\n<div class=\"wp-block-nordex-text wp-block-nordex-text--headline-one-block-paragraph\">\n<div class=\"wp-block-nordex-columns wp-block-nordex-columns--one-two wp-block-columns has-2-columns\">\n<div class=\"wp-block-nordex-column wp-block-column\">\n<h3 class=\"wp-block-heading\" id=\"h-powered-by-nature-and-driven-by-passionate-people\">POWERED BY NATURE AND DRIVEN BY PASSIONATE PEOPLE<\/h3>\n<\/div>\n\n\n\n<div class=\"wp-block-nordex-column wp-block-column\">\n<p>Avec plus de 10&nbsp;900 employ\u00e9s dans le monde, Nordex Group est sp\u00e9cialis\u00e9 dans le d\u00e9veloppement, la fabrication, la gestion de projets et le service apr\u00e8s-vente d&rsquo;\u00e9oliennes terrestres. Fond\u00e9 en 1985, le groupe est devenu l&rsquo;un des plus grands fabricants d&rsquo;\u00e9oliennes au monde, avec 40 ans d&rsquo;exp\u00e9rience dans la fili\u00e8re. <br><br>Install\u00e9es dans plus de 40 pays, nos \u00e9oliennes terrestres contribuent \u00e0 la r\u00e9volution \u00e9nerg\u00e9tique mondiale en fournissant une \u00e9nergie abordable et respectueuse de l\u2018environnement. Internationale et diversifi\u00e9e, notre \u00e9quipe est form\u00e9e de personnes passionn\u00e9es et dynamiques, qui travaillent en \u00e9troite collaboration pour atteindre nos objectifs. Chez #TeamNordex, vous trouverez un environnement de travail favorable et solidaire qui encourage l&rsquo;innovation et la collaboration.<\/p>\n<\/div>\n<\/div>\n<\/div>\n\n\n\n<p class=\"has-blue-100-color has-text-color has-link-color has-medium-font-size wp-elements-ec1bddcb83f8bff26693295002b70f78\"><strong>NORDEX GROUP EN CHIFFRES<\/strong><\/p>\n\n\n\n<div class=\"wp-block-nordex-products-numbers ndx-numbers wp-block-columns is-style-nordex-gaps\"><div class=\"wp-block-nordex-column wp-block-column\"><div class=\"metric -large-number\"><div class=\"metric__title\"><h3>~ 10 900<\/h3><\/div><div class=\"metric__description\"><p>EMPLOY\u00c9S DANS LE MONDE ENTIER<\/p><\/div><\/div><\/div><div class=\"wp-block-nordex-column wp-block-column\"><div class=\"metric -large-number\"><div class=\"metric__title\"><h3>~ 100<\/h3><\/div><div class=\"metric__description\"><p>NATIONALIT\u00c9S<\/p><\/div><\/div><\/div><div class=\"wp-block-nordex-column wp-block-column\"><div class=\"metric -large-number\"><div class=\"metric__title\"><h3>> 40<\/h3><\/div><div class=\"metric__description\"><p>PAYS<\/p><\/div><\/div><\/div><\/div>\n\n\n\n<div class=\"wp-block-nordex-products-numbers ndx-numbers wp-block-columns is-style-nordex-gaps\"><div class=\"wp-block-nordex-column wp-block-column\"><div class=\"metric -large-number\"><div class=\"metric__title\"><h3>~ 21 000<\/h3><\/div><div class=\"metric__description\"><p>\u00c9OLIENNES INSTALL\u00c9ES<\/p><\/div><\/div><\/div><div class=\"wp-block-nordex-column wp-block-column\"><div class=\"metric -large-number\"><div class=\"metric__title\"><h3>~ 61 GW<\/h3><\/div><div class=\"metric__description\"><p>CAPACIT\u00c9 \u00c9OLIENNE<\/p><\/div><\/div><\/div><div class=\"wp-block-nordex-column wp-block-column\"><div class=\"metric -large-number\"><div class=\"metric__title\"><h3>5,000 M\u00c9NAGES<\/h3><\/div><div class=\"metric__description\"><p>PAR AN APPROVISIONN\u00c9S PAR UNE SEULE N163\/6.X<\/p><\/div><\/div><\/div><\/div>\n\n\n\n<div class=\"wp-block-nordex-heading is-style-underline nordex-heading wp-block-columns has-4-columns\"><div class=\"nordex-heading__chapter wp-block-column\"><span class=\"nordex-heading__chapter-title\">02<\/span><span class=\"nordex-heading__chapter-subtitle\">04<\/span><\/div><div class=\"nordex-heading__heading wp-block-column\"><h3 class=\"nordex-heading__heading-title\">Pourquoi #teamnordex <\/h3><\/div><div class=\"nordex-heading__subhead wp-block-column\"><p class=\"nordex-heading__subhead-title\"><\/p><\/div><div class=\"nordex-heading__button wp-block-column\"><\/div><\/div>\n\n\n\n<div class=\"wp-block-columns is-layout-flex wp-container-core-columns-is-layout-28f84493 wp-block-columns-is-layout-flex\">\n<div class=\"wp-block-column is-vertically-aligned-center is-layout-flow wp-block-column-is-layout-flow\" style=\"flex-basis:66.66%\">\n<p class=\"has-grey-05-background-color has-background\"><br>Chez Nordex Group, nous croyons fermement que nos salari\u00e9s sont notre meilleur atout. Nous sommes d\u00e9termin\u00e9s \u00e0 cr\u00e9er une culture qui favorise le travail d&rsquo;\u00e9quipe, la cr\u00e9ativit\u00e9 et l&rsquo;\u00e9panouissement personnel. Ensemble, nous travaillons sur des projets innovants, d\u00e9veloppons nos comp\u00e9tences et nos connaissances, et fournissons des solutions \u00e9nerg\u00e9tiques propres qui ont un impact positif sur la plan\u00e8te. Si vous \u00eates \u00e0 la recherche d&rsquo;une carri\u00e8re \u00e9panouissante et passionnante, Nordex Group est fait pour vous! Rejoignez #TeamNordex !<em> <\/em><br><br><strong>Christian Heinen<\/strong><br><strong>Chief People Officer<\/strong><br> <br><\/p>\n<\/div>\n\n\n\n<div class=\"wp-block-column is-layout-flow wp-block-column-is-layout-flow\" style=\"flex-basis:33.33%\">\n<figure class=\"wp-block-image size-full is-style-rounded\"><img decoding=\"async\" src=\"https:\/\/www.nordex-online.com\/wp-content\/uploads\/sites\/2\/2025\/02\/CHE-01-scaled.jpg\" alt=\"\" class=\"wp-image-49622\"\/><\/figure>\n<\/div>\n<\/div>\n\n\n\n<div class=\"wp-block-nordex-video-text nordex-video-text wp-block-columns wp-block-nordex-columns has-2-columns\"><div class=\"nordex-video-text__left wp-block-column wp-block-nordex-column\">\n<figure class=\"wp-block-embed is-type-video is-provider-youtube wp-block-embed-youtube\"><div class=\"wp-block-embed__wrapper\">\n <div class=\"brlbs-cmpnt-container brlbs-cmpnt-content-blocker brlbs-cmpnt-with-individual-styles\" data-borlabs-cookie-content-blocker-id=\"youtube-content-blocker\" data-borlabs-cookie-content=\"PGlmcmFtZSB0aXRsZT0iNDAgYW5zIGRlIHBhc3Npb24gcG91ciBsJiMwMzk7w6luZXJnaWUgw6lvbGllbm5lIHwgTm9yZGV4IEdyb3VwIiB3aWR0aD0iOTYwIiBoZWlnaHQ9IjU0MCIgc3JjPSJodHRwczovL3d3dy55b3V0dWJlLmNvbS9lbWJlZC80eUNzU1k0azZqUT9mZWF0dXJlPW9lbWJlZCIgZnJhbWVib3JkZXI9IjAiIGFsbG93PSJhY2NlbGVyb21ldGVyOyBhdXRvcGxheTsgY2xpcGJvYXJkLXdyaXRlOyBlbmNyeXB0ZWQtbWVkaWE7IGd5cm9zY29wZTsgcGljdHVyZS1pbi1waWN0dXJlOyB3ZWItc2hhcmUiIHJlZmVycmVycG9saWN5PSJzdHJpY3Qtb3JpZ2luLXdoZW4tY3Jvc3Mtb3JpZ2luIiBhbGxvd2Z1bGxzY3JlZW4+PC9pZnJhbWU+\"><div class=\"brlbs-cmpnt-cb-preset-c brlbs-cmpnt-cb-youtube\"> <div class=\"brlbs-cmpnt-cb-thumbnail\" style=\"background-image: url('')\"><\/div> <div class=\"brlbs-cmpnt-cb-main\"> <div class=\"brlbs-cmpnt-cb-play-button\"><\/div> <div class=\"brlbs-cmpnt-cb-content\"> <p class=\"brlbs-cmpnt-cb-description\">Vous \u00eates actuellement en train de consulter le contenu d&rsquo;un espace r\u00e9serv\u00e9 de <strong>YouTube<\/strong>. Pour acc\u00e9der au contenu r\u00e9el, cliquez sur le bouton ci-dessous. Veuillez noter que ce faisant, des donn\u00e9es seront partag\u00e9es avec des providers tiers.<\/p> <a class=\"brlbs-cmpnt-cb-provider-toggle\" href=\"#\" data-borlabs-cookie-show-provider-information role=\"button\">Plus d&rsquo;informations<\/a> <\/div> <div class=\"brlbs-cmpnt-cb-buttons\"> <a class=\"brlbs-cmpnt-cb-btn\" href=\"#\" data-borlabs-cookie-unblock role=\"button\">D\u00e9bloquer le contenu<\/a> <a class=\"brlbs-cmpnt-cb-btn\" href=\"#\" data-borlabs-cookie-accept-service role=\"button\" style=\"display: inherit\">Accepter le service requis et d\u00e9bloquer les contenus<\/a> <\/div> <\/div> <\/div><\/div>\n<\/div><\/figure>\n<\/div><div class=\"nordex-video-text__right wp-block-column wp-block-nordex-column\"><div class=\"nordex-video-text__container\"><h2><\/h2><p class=\"nordex-video-text__subtitle\" style=\"color:#0e5783\">ENSEMBLE, NOUS ALLONS PLUS LOIN<\/p><p class=\"nordex-video-text__content\">TeamNordex est fi\u00e8re de proposer des solutions d\u2019\u00e9nergie renouvelable essentielles pour b\u00e2tir un avenir meilleur. Entreprise technologique, nous misons sur l\u2019innovation et la flexibilit\u00e9 \u2013 mais c\u2019est nos \u00e9quipes qui font la diff\u00e9rence. Diversifi\u00e9es, passionn\u00e9es et soud\u00e9es, elles nous permettent d\u2019atteindre nos objectifs.<\/p><div class=\"nordex-video-text__button\"><a class=\"wp-block-button is-style-underline\" href=\"https:\/\/www.nordex-online.com\/fr\/wp-admin\/post.php?post=41591&amp;action=edit\"><span class=\"wp-block-button__link\">EN SAVOIR PLUS SUR NOTRE CULTURE D\u2019ENTREPRISE<\/span><\/a><\/div><\/div><\/div><\/div>\n\n\n\n<div class=\"wp-block-nordex-heading is-style-underline nordex-heading wp-block-columns has-4-columns\"><div class=\"nordex-heading__chapter wp-block-column\"><span class=\"nordex-heading__chapter-title\">03<\/span><span class=\"nordex-heading__chapter-subtitle\">04<\/span><\/div><div class=\"nordex-heading__heading wp-block-column\"><h3 class=\"nordex-heading__heading-title\">Explorez les opportunites qui s&rsquo;offrent a vous <\/h3><\/div><div class=\"nordex-heading__subhead wp-block-column\"><p class=\"nordex-heading__subhead-title\"><\/p><\/div><div class=\"nordex-heading__button wp-block-column\"><\/div><\/div>\n\n\n\n<div class=\"wp-block-cover is-light\"><img decoding=\"async\" class=\"wp-block-cover__image-background wp-image-50099\" alt=\"\" src=\"https:\/\/www.nordex-online.com\/wp-content\/uploads\/sites\/2\/2025\/04\/Nordex-white-collar-shooting_2785-scaled.jpg\" style=\"object-position:47% 29%\" data-object-fit=\"cover\" data-object-position=\"47% 29%\"\/><span aria-hidden=\"true\" class=\"wp-block-cover__background has-grey-85-background-color has-background-dim-30 has-background-dim\"><\/span><div class=\"wp-block-cover__inner-container is-layout-constrained wp-block-cover-is-layout-constrained\">\n<p class=\"has-text-align-left has-white-color has-text-color has-link-color has-large-font-size wp-elements-3a5b39d56408b2091cfe1e6d6d1291b8\"><br><br><br><strong>#TEAMUP. POUR UN AVENIR PLUS VERT.<br><a href=\"https:\/\/jobs.nordex-online.com\/?locale=fr_FR\">OFFRES D&rsquo;EMPLOI<\/a><\/strong><\/p>\n<\/div><\/div>\n\n\n\n<div class=\"wp-block-nordex-heading is-style-underline nordex-heading wp-block-columns has-4-columns\"><div class=\"nordex-heading__chapter wp-block-column\"><span class=\"nordex-heading__chapter-title\">04<\/span><span class=\"nordex-heading__chapter-subtitle\">04<\/span><\/div><div class=\"nordex-heading__heading wp-block-column\"><h3 class=\"nordex-heading__heading-title\">En savoir plus<\/h3><\/div><div class=\"nordex-heading__subhead wp-block-column\"><p class=\"nordex-heading__subhead-title\"><\/p><\/div><div class=\"nordex-heading__button wp-block-column\"><\/div><\/div>\n\n\n\n<div class=\"wp-block-columns is-layout-flex wp-container-core-columns-is-layout-28f84493 wp-block-columns-is-layout-flex\">\n<div class=\"wp-block-column is-layout-flow wp-block-column-is-layout-flow\">\n<div class=\"wp-block-nordex-tile wp-block-nordex-tile--portrait\"><a class=\"wp-block-nordex-tile__button\" href=\"https:\/\/www.nordex-online.com\/fr\/processus-de-candidature\/\"><div class=\"wp-block-nordex-tile__image\" style=\"background-image:url(https:\/\/www.nordex-online.com\/wp-content\/uploads\/sites\/2\/2025\/04\/Website-Learn-More-Teaser-Application.png)\"><\/div><p class=\"wp-block-nordex-tile__title\">PROCESSUS DE CANDIDATURE<\/p><p class=\"wp-block-button is-style-underline\"><span class=\"wp-block-button__link\">En savoir plus<\/span><\/p><\/a><\/div>\n<\/div>\n\n\n\n<div class=\"wp-block-column is-layout-flow wp-block-column-is-layout-flow\">\n<div class=\"wp-block-nordex-tile wp-block-nordex-tile--portrait\"><a class=\"wp-block-nordex-tile__button\" href=\"https:\/\/www.nordex-online.com\/fr\/opportunites-de-carriere\/\"><div class=\"wp-block-nordex-tile__image\" style=\"background-image:url(https:\/\/www.nordex-online.com\/wp-content\/uploads\/sites\/2\/2025\/03\/Career-Opportunities-.png)\"><\/div><p class=\"wp-block-nordex-tile__title\">OPPORTUNIT\u00c9S DE CARRI\u00c8RE<\/p><p class=\"wp-block-button is-style-underline\"><span class=\"wp-block-button__link\">En savoir plus<\/span><\/p><\/a><\/div>\n<\/div>\n\n\n\n<div class=\"wp-block-column is-layout-flow wp-block-column-is-layout-flow\">\n<div class=\"wp-block-nordex-tile wp-block-nordex-tile--portrait\"><a class=\"wp-block-nordex-tile__button\" href=\"https:\/\/jobs.nordex-online.com\/?locale=fr_FR\"><div class=\"wp-block-nordex-tile__image\" style=\"background-image:url(https:\/\/www.nordex-online.com\/wp-content\/uploads\/sites\/2\/2025\/03\/Job-Portal.png)\"><\/div><p class=\"wp-block-nordex-tile__title\">JOB PORTAL<\/p><p class=\"wp-block-button is-style-underline\"><span class=\"wp-block-button__link\">En savoir plus<\/span><\/p><\/a><\/div>\n<\/div>\n<\/div>\n\n\n\n<p><\/p>\n","protected":false},"excerpt":{"rendered":"<p>NORDEX GROUP EN CHIFFRES Chez Nordex Group, nous croyons fermement que nos salari\u00e9s sont notre meilleur atout. Nous sommes d\u00e9termin\u00e9s \u00e0 cr\u00e9er une culture qui favorise le travail d&rsquo;\u00e9quipe, la cr\u00e9ativit\u00e9 et l&rsquo;\u00e9panouissement personnel. Ensemble, nous travaillons sur des projets innovants, d\u00e9veloppons nos comp\u00e9tences et nos connaissances, et fournissons des solutions \u00e9nerg\u00e9tiques propres qui ont [&hellip;]<\/p>\n","protected":false},"author":5,"featured_media":42072,"parent":0,"menu_order":0,"comment_status":"closed","ping_status":"closed","template":"","meta":{"_trash_the_other_posts":false,"editor_notices":[],"footnotes":""},"class_list":["post-27","page","type-page","status-publish","has-post-thumbnail","hentry"],"yoast_head":"<!-- This site is optimized with the Yoast SEO Premium plugin v27.3 (Yoast SEO v27.3) - https:\/\/yoast.com\/product\/yoast-seo-premium-wordpress\/ -->\n<title>Offres d&#039;emploi - Nordex SE<\/title>\n<meta name=\"description\" content=\"D\u00e9couvrez Nordex : qui nous sommes, ce qui nous anime et comment vous pouvez faire \u00e9voluer votre carri\u00e8re dans les \u00e9nergies renouvelables avec nous.\" \/>\n<meta name=\"robots\" content=\"index, follow, max-snippet:-1, max-image-preview:large, max-video-preview:-1\" \/>\n<link rel=\"canonical\" href=\"https:\/\/www.nordex-online.com\/fr\/career\/\" \/>\n<meta property=\"og:locale\" content=\"fr_FR\" \/>\n<meta property=\"og:type\" content=\"article\" \/>\n<meta property=\"og:title\" content=\"Offres d&#039;emploi\" \/>\n<meta property=\"og:description\" content=\"D\u00e9couvrez Nordex : qui nous sommes, ce qui nous anime et comment vous pouvez faire \u00e9voluer votre carri\u00e8re dans les \u00e9nergies renouvelables avec nous.\" \/>\n<meta property=\"og:url\" content=\"https:\/\/www.nordex-online.com\/fr\/career\/\" \/>\n<meta property=\"og:site_name\" content=\"Nordex SE\" \/>\n<meta property=\"article:modified_time\" content=\"2025-11-04T16:07:55+00:00\" \/>\n<meta property=\"og:image\" content=\"https:\/\/www.nordex-online.com\/wp-content\/uploads\/sites\/6\/2025\/08\/Teaser-Career-Main-Page.png\" \/>\n\t<meta property=\"og:image:width\" content=\"387\" \/>\n\t<meta property=\"og:image:height\" content=\"450\" \/>\n\t<meta property=\"og:image:type\" content=\"image\/png\" \/>\n<meta name=\"twitter:card\" content=\"summary_large_image\" \/>\n<meta name=\"twitter:label1\" content=\"Dur\u00e9e de lecture estim\u00e9e\" \/>\n\t<meta name=\"twitter:data1\" content=\"3 minutes\" \/>\n<script type=\"application\/ld+json\" class=\"yoast-schema-graph\">{\"@context\":\"https:\\\/\\\/schema.org\",\"@graph\":[{\"@type\":\"WebPage\",\"@id\":\"https:\\\/\\\/www.nordex-online.com\\\/fr\\\/career\\\/\",\"url\":\"https:\\\/\\\/www.nordex-online.com\\\/fr\\\/career\\\/\",\"name\":\"Offres d'emploi - Nordex SE\",\"isPartOf\":{\"@id\":\"https:\\\/\\\/www.nordex-online.com\\\/fr\\\/#website\"},\"primaryImageOfPage\":{\"@id\":\"https:\\\/\\\/www.nordex-online.com\\\/fr\\\/career\\\/#primaryimage\"},\"image\":{\"@id\":\"https:\\\/\\\/www.nordex-online.com\\\/fr\\\/career\\\/#primaryimage\"},\"thumbnailUrl\":\"https:\\\/\\\/www.nordex-online.com\\\/wp-content\\\/uploads\\\/sites\\\/6\\\/2025\\\/08\\\/Teaser-Career-Main-Page.png\",\"datePublished\":\"2018-09-05T14:21:07+00:00\",\"dateModified\":\"2025-11-04T16:07:55+00:00\",\"description\":\"D\u00e9couvrez Nordex : qui nous sommes, ce qui nous anime et comment vous pouvez faire \u00e9voluer votre carri\u00e8re dans les \u00e9nergies renouvelables avec nous.\",\"breadcrumb\":{\"@id\":\"https:\\\/\\\/www.nordex-online.com\\\/fr\\\/career\\\/#breadcrumb\"},\"inLanguage\":\"fr-FR\",\"potentialAction\":[{\"@type\":\"ReadAction\",\"target\":[\"https:\\\/\\\/www.nordex-online.com\\\/fr\\\/career\\\/\"]}]},{\"@type\":\"ImageObject\",\"inLanguage\":\"fr-FR\",\"@id\":\"https:\\\/\\\/www.nordex-online.com\\\/fr\\\/career\\\/#primaryimage\",\"url\":\"https:\\\/\\\/www.nordex-online.com\\\/wp-content\\\/uploads\\\/sites\\\/6\\\/2025\\\/08\\\/Teaser-Career-Main-Page.png\",\"contentUrl\":\"https:\\\/\\\/www.nordex-online.com\\\/wp-content\\\/uploads\\\/sites\\\/6\\\/2025\\\/08\\\/Teaser-Career-Main-Page.png\",\"width\":387,\"height\":450},{\"@type\":\"BreadcrumbList\",\"@id\":\"https:\\\/\\\/www.nordex-online.com\\\/fr\\\/career\\\/#breadcrumb\",\"itemListElement\":[{\"@type\":\"ListItem\",\"position\":1,\"name\":\"Home\",\"item\":\"https:\\\/\\\/www.nordex-online.com\\\/fr\\\/\"},{\"@type\":\"ListItem\",\"position\":2,\"name\":\"Offres d&#8217;emploi\"}]},{\"@type\":\"WebSite\",\"@id\":\"https:\\\/\\\/www.nordex-online.com\\\/fr\\\/#website\",\"url\":\"https:\\\/\\\/www.nordex-online.com\\\/fr\\\/\",\"name\":\"Nordex SE\",\"description\":\"Manufacture, installation and maintenance of wind turbines.\",\"publisher\":{\"@id\":\"https:\\\/\\\/www.nordex-online.com\\\/fr\\\/#organization\"},\"potentialAction\":[{\"@type\":\"SearchAction\",\"target\":{\"@type\":\"EntryPoint\",\"urlTemplate\":\"https:\\\/\\\/www.nordex-online.com\\\/fr\\\/?s={search_term_string}\"},\"query-input\":{\"@type\":\"PropertyValueSpecification\",\"valueRequired\":true,\"valueName\":\"search_term_string\"}}],\"inLanguage\":\"fr-FR\"},{\"@type\":\"Organization\",\"@id\":\"https:\\\/\\\/www.nordex-online.com\\\/fr\\\/#organization\",\"name\":\"Nordex SE\",\"url\":\"https:\\\/\\\/www.nordex-online.com\\\/fr\\\/\",\"logo\":{\"@type\":\"ImageObject\",\"inLanguage\":\"fr-FR\",\"@id\":\"https:\\\/\\\/www.nordex-online.com\\\/fr\\\/#\\\/schema\\\/logo\\\/image\\\/\",\"url\":\"https:\\\/\\\/www.nordex-online.com\\\/wp-content\\\/uploads\\\/sites\\\/6\\\/2024\\\/07\\\/cropped-cropped-Combined-Logos_cmyk_PNG.png\",\"contentUrl\":\"https:\\\/\\\/www.nordex-online.com\\\/wp-content\\\/uploads\\\/sites\\\/6\\\/2024\\\/07\\\/cropped-cropped-Combined-Logos_cmyk_PNG.png\",\"width\":1181,\"height\":353,\"caption\":\"Nordex SE\"},\"image\":{\"@id\":\"https:\\\/\\\/www.nordex-online.com\\\/fr\\\/#\\\/schema\\\/logo\\\/image\\\/\"}}]}<\/script>\n<!-- \/ Yoast SEO Premium plugin. -->","yoast_head_json":{"title":"Offres d'emploi - Nordex SE","description":"D\u00e9couvrez Nordex : qui nous sommes, ce qui nous anime et comment vous pouvez faire \u00e9voluer votre carri\u00e8re dans les \u00e9nergies renouvelables avec nous.","robots":{"index":"index","follow":"follow","max-snippet":"max-snippet:-1","max-image-preview":"max-image-preview:large","max-video-preview":"max-video-preview:-1"},"canonical":"https:\/\/www.nordex-online.com\/fr\/career\/","og_locale":"fr_FR","og_type":"article","og_title":"Offres d'emploi","og_description":"D\u00e9couvrez Nordex : qui nous sommes, ce qui nous anime et comment vous pouvez faire \u00e9voluer votre carri\u00e8re dans les \u00e9nergies renouvelables avec nous.","og_url":"https:\/\/www.nordex-online.com\/fr\/career\/","og_site_name":"Nordex SE","article_modified_time":"2025-11-04T16:07:55+00:00","og_image":[{"width":387,"height":450,"url":"https:\/\/www.nordex-online.com\/wp-content\/uploads\/sites\/6\/2025\/08\/Teaser-Career-Main-Page.png","type":"image\/png"}],"twitter_card":"summary_large_image","twitter_misc":{"Dur\u00e9e de lecture estim\u00e9e":"3 minutes"},"schema":{"@context":"https:\/\/schema.org","@graph":[{"@type":"WebPage","@id":"https:\/\/www.nordex-online.com\/fr\/career\/","url":"https:\/\/www.nordex-online.com\/fr\/career\/","name":"Offres d'emploi - Nordex SE","isPartOf":{"@id":"https:\/\/www.nordex-online.com\/fr\/#website"},"primaryImageOfPage":{"@id":"https:\/\/www.nordex-online.com\/fr\/career\/#primaryimage"},"image":{"@id":"https:\/\/www.nordex-online.com\/fr\/career\/#primaryimage"},"thumbnailUrl":"https:\/\/www.nordex-online.com\/wp-content\/uploads\/sites\/6\/2025\/08\/Teaser-Career-Main-Page.png","datePublished":"2018-09-05T14:21:07+00:00","dateModified":"2025-11-04T16:07:55+00:00","description":"D\u00e9couvrez Nordex : qui nous sommes, ce qui nous anime et comment vous pouvez faire \u00e9voluer votre carri\u00e8re dans les \u00e9nergies renouvelables avec nous.","breadcrumb":{"@id":"https:\/\/www.nordex-online.com\/fr\/career\/#breadcrumb"},"inLanguage":"fr-FR","potentialAction":[{"@type":"ReadAction","target":["https:\/\/www.nordex-online.com\/fr\/career\/"]}]},{"@type":"ImageObject","inLanguage":"fr-FR","@id":"https:\/\/www.nordex-online.com\/fr\/career\/#primaryimage","url":"https:\/\/www.nordex-online.com\/wp-content\/uploads\/sites\/6\/2025\/08\/Teaser-Career-Main-Page.png","contentUrl":"https:\/\/www.nordex-online.com\/wp-content\/uploads\/sites\/6\/2025\/08\/Teaser-Career-Main-Page.png","width":387,"height":450},{"@type":"BreadcrumbList","@id":"https:\/\/www.nordex-online.com\/fr\/career\/#breadcrumb","itemListElement":[{"@type":"ListItem","position":1,"name":"Home","item":"https:\/\/www.nordex-online.com\/fr\/"},{"@type":"ListItem","position":2,"name":"Offres d&#8217;emploi"}]},{"@type":"WebSite","@id":"https:\/\/www.nordex-online.com\/fr\/#website","url":"https:\/\/www.nordex-online.com\/fr\/","name":"Nordex SE","description":"Manufacture, installation and maintenance of wind turbines.","publisher":{"@id":"https:\/\/www.nordex-online.com\/fr\/#organization"},"potentialAction":[{"@type":"SearchAction","target":{"@type":"EntryPoint","urlTemplate":"https:\/\/www.nordex-online.com\/fr\/?s={search_term_string}"},"query-input":{"@type":"PropertyValueSpecification","valueRequired":true,"valueName":"search_term_string"}}],"inLanguage":"fr-FR"},{"@type":"Organization","@id":"https:\/\/www.nordex-online.com\/fr\/#organization","name":"Nordex SE","url":"https:\/\/www.nordex-online.com\/fr\/","logo":{"@type":"ImageObject","inLanguage":"fr-FR","@id":"https:\/\/www.nordex-online.com\/fr\/#\/schema\/logo\/image\/","url":"https:\/\/www.nordex-online.com\/wp-content\/uploads\/sites\/6\/2024\/07\/cropped-cropped-Combined-Logos_cmyk_PNG.png","contentUrl":"https:\/\/www.nordex-online.com\/wp-content\/uploads\/sites\/6\/2024\/07\/cropped-cropped-Combined-Logos_cmyk_PNG.png","width":1181,"height":353,"caption":"Nordex SE"},"image":{"@id":"https:\/\/www.nordex-online.com\/fr\/#\/schema\/logo\/image\/"}}]}},"_links":{"self":[{"href":"https:\/\/www.nordex-online.com\/fr\/wp-json\/wp\/v2\/pages\/27","targetHints":{"allow":["GET"]}}],"collection":[{"href":"https:\/\/www.nordex-online.com\/fr\/wp-json\/wp\/v2\/pages"}],"about":[{"href":"https:\/\/www.nordex-online.com\/fr\/wp-json\/wp\/v2\/types\/page"}],"author":[{"embeddable":true,"href":"https:\/\/www.nordex-online.com\/fr\/wp-json\/wp\/v2\/users\/5"}],"replies":[{"embeddable":true,"href":"https:\/\/www.nordex-online.com\/fr\/wp-json\/wp\/v2\/comments?post=27"}],"version-history":[{"count":294,"href":"https:\/\/www.nordex-online.com\/fr\/wp-json\/wp\/v2\/pages\/27\/revisions"}],"predecessor-version":[{"id":42901,"href":"https:\/\/www.nordex-online.com\/fr\/wp-json\/wp\/v2\/pages\/27\/revisions\/42901"}],"wp:featuredmedia":[{"embeddable":true,"href":"https:\/\/www.nordex-online.com\/fr\/wp-json\/wp\/v2\/media\/42072"}],"wp:attachment":[{"href":"https:\/\/www.nordex-online.com\/fr\/wp-json\/wp\/v2\/media?parent=27"}],"curies":[{"name":"wp","href":"https:\/\/api.w.org\/{rel}","templated":true}]}}