{"id":12589,"date":"2022-09-05T14:49:43","date_gmt":"2022-09-05T14:49:43","guid":{"rendered":"https:\/\/www.nordex-online.com\/fr\/?page_id=12589"},"modified":"2025-12-09T12:13:13","modified_gmt":"2025-12-09T12:13:13","slug":"global-sourcing","status":"publish","type":"page","link":"https:\/\/www.nordex-online.com\/fr\/global-sourcing\/","title":{"rendered":"Global Sourcing"},"content":{"rendered":"\n<div class=\"wp-block-cover alignfull\" style=\"min-height:340px;aspect-ratio:unset;\"><img decoding=\"async\" class=\"wp-block-cover__image-background wp-image-6952\" alt=\"\" src=\"https:\/\/www.nordex-online.com\/wp-content\/uploads\/sites\/3\/2022\/07\/MicrosoftTeams-image-scaled-e1657281109833.jpg\" style=\"object-position:77% 82%\" data-object-fit=\"cover\" data-object-position=\"77% 82%\"\/><span aria-hidden=\"true\" class=\"wp-block-cover__background has-background-dim-20 has-background-dim\"><\/span><div class=\"wp-block-cover__inner-container is-layout-flow wp-block-cover-is-layout-flow\">\n<p class=\"has-text-align-center has-white-color has-text-color has-large-font-size\">GLOBAL SOURCING<\/p>\n<\/div><\/div>\n\n\n\n<div class=\"wp-block-nordex-heading is-style-underline nordex-heading wp-block-columns has-4-columns\"><div class=\"nordex-heading__chapter wp-block-column\"><span class=\"nordex-heading__chapter-title\">01<\/span><span class=\"nordex-heading__chapter-subtitle\">03<\/span><\/div><div class=\"nordex-heading__heading wp-block-column\"><h3 class=\"nordex-heading__heading-title\">GLOBAL SOURCING AU SEIN DE NORDEX GROUP<\/h3><\/div><div class=\"nordex-heading__subhead wp-block-column\"><p class=\"nordex-heading__subhead-title\"><\/p><\/div><div class=\"nordex-heading__button wp-block-column\"><\/div><\/div>\n\n\n\n<div class=\"wp-block-columns is-layout-flex wp-container-core-columns-is-layout-28f84493 wp-block-columns-is-layout-flex\">\n<div class=\"wp-block-column is-layout-flow wp-block-column-is-layout-flow\" style=\"flex-basis:33.33%\">\n<figure class=\"wp-block-image size-large is-style-rounded\"><img decoding=\"async\" src=\"https:\/\/www.nordex-online.com\/wp-content\/uploads\/sites\/3\/2022\/07\/MicrosoftTeams-image-1-1024x682.jpg\" alt=\"\" class=\"wp-image-6953\"\/><\/figure>\n<\/div>\n\n\n\n<div class=\"wp-block-column is-vertically-aligned-center is-layout-flow wp-block-column-is-layout-flow\" style=\"flex-basis:66.66%\">\n<p>En tant que fabricant d&rsquo;\u00e9oliennes, Nordex Group ach\u00e8te des produits et des services aupr\u00e8s de nombreux fournisseurs dans le monde entier, et g\u00e9n\u00e8re une part importante de sa valeur ajout\u00e9e dans les \u00e9tapes pr\u00e9c\u00e9dant la production. L&rsquo;organisation du sourcing mondial et r\u00e9gional garantit que les mat\u00e9riaux et les services sont achet\u00e9s et contract\u00e9s conform\u00e9ment \u00e0 la strat\u00e9gie de l&rsquo;entreprise. La plupart de nos activit\u00e9s d&rsquo;approvisionnement se centrent sur l&rsquo;Allemagne, l&rsquo;Espagne, la Chine, les \u00c9tats-Unis, le Br\u00e9sil et l&rsquo;Inde. Nos \u00e9quipes sont sp\u00e9cialis\u00e9es dans une large gamme de composants et de services. Elles g\u00e8rent quotidiennement les fournisseurs et les mat\u00e9riaux et les services, prennent en charge les commandes et r\u00e9alisent le suivi des livraisons.<\/p>\n<\/div>\n<\/div>\n\n\n\n<div class=\"wp-block-nordex-heading is-style-underline nordex-heading wp-block-columns has-4-columns\"><div class=\"nordex-heading__chapter wp-block-column\"><span class=\"nordex-heading__chapter-title\">02<\/span><span class=\"nordex-heading__chapter-subtitle\">03<\/span><\/div><div class=\"nordex-heading__heading wp-block-column\"><h3 class=\"nordex-heading__heading-title\">ACHATS RESPONSABLES<\/h3><\/div><div class=\"nordex-heading__subhead wp-block-column\"><p class=\"nordex-heading__subhead-title\"><\/p><\/div><div class=\"nordex-heading__button wp-block-column\"><\/div><\/div>\n\n\n\n<div class=\"wp-block-columns is-layout-flex wp-container-core-columns-is-layout-28f84493 wp-block-columns-is-layout-flex\">\n<div class=\"wp-block-column is-vertically-aligned-center is-layout-flow wp-block-column-is-layout-flow\" style=\"flex-basis:33.33%\">\n<h3 class=\"wp-block-heading has-grey-65-color has-text-color\" id=\"h-nous-attendons-integrite-et-conduite-ethique-tout-au-long-de-notre-chaine-d-approvisionnement\">NOUS ATTENDONS INT\u00c9GRIT\u00c9 ET CONDUITE \u00c9THIQUE TOUT AU LONG DE NOTRE CHA\u00ceNE D&rsquo;APPROVISIONNEMENT.<\/h3>\n<\/div>\n\n\n\n<div class=\"wp-block-column is-vertically-aligned-center is-layout-flow wp-block-column-is-layout-flow\" style=\"flex-basis:66.66%\">\n<p>Nordex Group adopte une approche holistique de la durabilit\u00e9. Dans le cadre de sa Strat\u00e9gie de durabilit\u00e9 de 2025, le Groupe s\u2019est fix\u00e9 l&rsquo;objectif de continuer \u00e0 miser sur une conduite responsable et \u00e9thique des affaires, tout au long de la cha\u00eene d&rsquo;approvisionnement, mais aussi de prendre davantage en compte les questions et les risques ESG (environnement, social et gouvernance) dans son processus d\u00e9cisionnel. C&rsquo;est pourquoi il est essentiel pour nous que les normes environnementales et sociales soient \u00e9galement respect\u00e9es au sein m\u00eame de la cha\u00eene d&rsquo;approvisionnement. Cette attitude est une exigence fondamentale dans le choix de nos fournisseurs.<\/p>\n<\/div>\n<\/div>\n\n\n\n<p><strong>CODE DE CONDUITE DESTIN\u00c9 AUX ENTREPRENEURS ET AUX FOURNISSEURS ET SUPPLIER MANUAL<\/strong><br>Nous attendons de nos sous-traitants et de nos fournisseurs qu&rsquo;ils aient un comportement int\u00e8gre, \u00e9thique et conforme \u00e0 la l\u00e9galit\u00e9 tout au long de notre relation commerciale. Nous interdisons express\u00e9ment toute forme de travail forc\u00e9 ou r\u00e9alis\u00e9 par des enfants, de discrimination, de harc\u00e8lement ou de repr\u00e9sailles.<br>Le <a href=\"https:\/\/www.nordex-online.com\/wp-content\/uploads\/sites\/6\/2024\/11\/112024_Nordex-Group-Supplier-Code-of-Conduct_EN.pdf\" target=\"_blank\" rel=\"noreferrer noopener\">Code de conduite des fournisseurs de Nordex Group<\/a>, le <a href=\"https:\/\/www.nordex-online.com\/wp-content\/uploads\/sites\/2\/2025\/05\/Nordex-Supplier-Manual_EN_v1.2.pdf\" target=\"_blank\" rel=\"noreferrer noopener\">Supplier Manual de Nordex Group<\/a> ainsi que les principes de l&rsquo;initiative du Pacte mondial des Nations unies sur les droits de l&rsquo;homme, les conditions de travail, la protection de l&rsquo;environnement et la lutte contre la corruption, servent de r\u00e9f\u00e9rence commune. Avant toute collaboration, nos fournisseurs doivent accepter de se conformer au Code de conduite de Nordex Group et de le signer.<br>Les employ\u00e9s et employ\u00e9es de nos partenaires commerciaux peuvent signaler des violations de la conformit\u00e9 li\u00e9es aux activit\u00e9s commerciales de Nordex Group par le biais du <a href=\"https:\/\/nordex.whistleblowernetwork.net\/frontpage\" target=\"_blank\" rel=\"noreferrer noopener\">syst\u00e8me de signalment des irr\u00e9gularit\u00e9s \u00ab notify! \u00bb<\/a>.<\/p>\n\n\n\n<div class=\"wp-block-columns is-layout-flex wp-container-core-columns-is-layout-28f84493 wp-block-columns-is-layout-flex\">\n<div class=\"wp-block-column is-layout-flow wp-block-column-is-layout-flow\">\n<p><strong>CONDITIONS G\u00c9N\u00c9RALES D&rsquo;ACHAT POUR LES FOURNISSEURS<\/strong><br>Nordex Group impose des exigences sp\u00e9cifiques aux fournisseurs et \u00e0 la r\u00e9daction des contrats. Ces exigences sont d\u00e9finies dans les conditions g\u00e9n\u00e9rales d&rsquo;achat destin\u00e9es aux fournisseurs, ci-jointes, et qui ont \u00e9t\u00e9 \u00e9labor\u00e9es sp\u00e9cifiquement pour chaque pays.<\/p>\n\n\n\n<p><strong>SP\u00c9CIFICATIONS LOGISTIQUES STANDARD<\/strong><br>Pour garantir un transport et un stockage parfaitement s\u00e9curis\u00e9s des composants Nordex, des sites de nos fournisseurs jusqu&rsquo;\u00e0 leurs lieux de livraison, il est imp\u00e9ratif de s\u00e9lectionner, concevoir et fabriquer correctement leurs emballages. Ces emballages doivent \u00eatre conformes aux sp\u00e9cifications m\u00e9caniques, climatiques, biologiques, chimiques et de durabilit\u00e9 pendant le transport, la manutention et le stockage. Le document <a href=\"https:\/\/www.nordex-online.com\/wp-content\/uploads\/sites\/6\/2025\/12\/2001018EN-06_EN_LOG-SPEC-Standard-Packaging.pdf\">Log Spec Standard Packaging<\/a> est valable pour toutes les livraisons Nordex Nacelle et Nordex Service. Cela s&rsquo;applique \u00e0 tous les composants pour lesquels il n&rsquo;existe pas de sp\u00e9cification logistique individuelle. S&rsquo;il existe une sp\u00e9cification logistique propre \u00e0 un composant sp\u00e9cifique, celle-ci pr\u00e9vaut.<\/p>\n<\/div>\n\n\n\n<div class=\"wp-block-column is-vertically-aligned-center is-layout-flow wp-block-column-is-layout-flow\">\n<div class=\"wp-block-nordex-tabs is-style-no-background nordex-tabs\"><h2 class=\"nordex-tabs__title\">CONDITIONS D&rsquo;ACHAT<\/h2><div class=\"nordex-tabs__content\"><div class=\"nordex-tab\"><div class=\"nordex-tab__header\"><h3 class=\"nordex-tab__title\">Fournisseurs bas\u00e9s en Allemagne<\/h3><div class=\"nordex-tab__header-line\"><div class=\"nordex-tab__spacer\"><\/div><i class=\"nordex-tab__icon\"><\/i><\/div><\/div><div class=\"nordex-tab__content\"><p><a href=\"https:\/\/www.nordex-online.com\/wp-content\/uploads\/sites\/6\/2024\/06\/April-2024_NX-GPCs_GSCs_Contractors-based-in-Germany_English.pdf\" target=\"_blank\" rel=\"noreferrer noopener\">Conditions g\u00e9n\u00e9rales d&rsquo;achat de fournitures et de services pour les fournisseurs bas\u00e9s en Allemagne (ENG)<\/a><\/p><\/div><\/div><div class=\"nordex-tab\"><div class=\"nordex-tab__header\"><h3 class=\"nordex-tab__title\">Fournisseurs bas\u00e9s en Espagne<\/h3><div class=\"nordex-tab__header-line\"><div class=\"nordex-tab__spacer\"><\/div><i class=\"nordex-tab__icon\"><\/i><\/div><\/div><div class=\"nordex-tab__content\"><p><a href=\"https:\/\/www.nordex-online.com\/wp-content\/uploads\/sites\/6\/2024\/06\/April-2024_NX-GPCs_GSCs_Contractors-based-in-Spain_English.pdf\" target=\"_blank\" rel=\"noreferrer noopener\">Conditions g\u00e9n\u00e9rales d&rsquo;achat de fournitures et de services pour les fournisseurs bas\u00e9s en Espagne (ENG)<\/a><\/p><\/div><\/div><div class=\"nordex-tab\"><div class=\"nordex-tab__header\"><h3 class=\"nordex-tab__title\">Fournisseurs bas\u00e9s en dehors de l&rsquo;Allemagne et de l&rsquo;Espagne<\/h3><div class=\"nordex-tab__header-line\"><div class=\"nordex-tab__spacer\"><\/div><i class=\"nordex-tab__icon\"><\/i><\/div><\/div><div class=\"nordex-tab__content\"><p><a href=\"https:\/\/www.nordex-online.com\/wp-content\/uploads\/sites\/6\/2024\/06\/April-2024_NX-GPCs_GSCs_Contractors-based-out-of-Germany_Spain_English.pdf\" target=\"_blank\" rel=\"noreferrer noopener\">Conditions g\u00e9n\u00e9rales d&rsquo;achat de fournitures et de services pour les fournisseurs bas\u00e9s en Allemagne et Espagne (ENG)<\/a><\/p><\/div><\/div><\/div><\/div>\n<\/div>\n<\/div>\n\n\n\n<p>Les documents pr\u00e9sents sur le site sont uniquement fournis \u00e0 titre indicatif. La base de toute collaboration reposera toujours sur des documents valides, \u00e9chang\u00e9s directement entre Nordex Group et le fournisseur.<\/p>\n\n\n\n<div class=\"wp-block-columns is-layout-flex wp-container-core-columns-is-layout-28f84493 wp-block-columns-is-layout-flex\">\n<div class=\"wp-block-column is-vertically-aligned-center is-layout-flow wp-block-column-is-layout-flow\" style=\"flex-basis:66.66%\"><\/div>\n<\/div>\n\n\n\n<div class=\"wp-block-nordex-heading is-style-underline nordex-heading wp-block-columns has-4-columns\"><div class=\"nordex-heading__chapter wp-block-column\"><span class=\"nordex-heading__chapter-title\">03<\/span><span class=\"nordex-heading__chapter-subtitle\">03<\/span><\/div><div class=\"nordex-heading__heading wp-block-column\"><h3 class=\"nordex-heading__heading-title\">En savoir plus <\/h3><\/div><div class=\"nordex-heading__subhead wp-block-column\"><p class=\"nordex-heading__subhead-title\"><\/p><\/div><div class=\"nordex-heading__button wp-block-column\"><\/div><\/div>\n\n\n\n<div class=\"wp-block-columns is-layout-flex wp-container-core-columns-is-layout-28f84493 wp-block-columns-is-layout-flex\">\n<div class=\"wp-block-column is-layout-flow wp-block-column-is-layout-flow\">\n<div class=\"wp-block-nordex-tile wp-block-nordex-tile--portrait\"><a class=\"wp-block-nordex-tile__button\" href=\"https:\/\/www.nordex-online.com\/fr\/entreprise\/\"><div class=\"wp-block-nordex-tile__image\" style=\"background-image:url(https:\/\/www.nordex-online.com\/wp-content\/uploads\/sites\/3\/2021\/01\/Header_Still_Company_11UMertens-400x460.png)\"><\/div><p class=\"wp-block-nordex-tile__title\">ENTREPRISE<\/p><p class=\"wp-block-button is-style-underline\"><span class=\"wp-block-button__link\">En savoir plus<\/span><\/p><\/a><\/div>\n<\/div>\n\n\n\n<div class=\"wp-block-column is-layout-flow wp-block-column-is-layout-flow\">\n<div class=\"wp-block-nordex-tile wp-block-nordex-tile--portrait\"><a class=\"wp-block-nordex-tile__button\" href=\"https:\/\/www.nordex-online.com\/fr\/product\/page-principale\/\"><div class=\"wp-block-nordex-tile__image\" style=\"background-image:url(https:\/\/www.nordex-online.com\/wp-content\/uploads\/sites\/3\/2022\/06\/04UMertens-400x460.png)\"><\/div><p class=\"wp-block-nordex-tile__title\">PRODUITS<\/p><p class=\"wp-block-button is-style-underline\"><span class=\"wp-block-button__link\">En savoir plus<\/span><\/p><\/a><\/div>\n<\/div>\n\n\n\n<div class=\"wp-block-column is-layout-flow wp-block-column-is-layout-flow\">\n<div class=\"wp-block-nordex-tile wp-block-nordex-tile--portrait\"><a class=\"wp-block-nordex-tile__button\" href=\"https:\/\/www.nordex-online.com\/fr\/service\/\"><div class=\"wp-block-nordex-tile__image\" style=\"background-image:url(https:\/\/www.nordex-online.com\/wp-content\/uploads\/sites\/3\/2022\/07\/Service-400x460.png)\"><\/div><p class=\"wp-block-nordex-tile__title\">SERVICE<\/p><p class=\"wp-block-button is-style-underline\"><span class=\"wp-block-button__link\">En savoir plus<\/span><\/p><\/a><\/div>\n<\/div>\n<\/div>\n","protected":false},"excerpt":{"rendered":"<p>En tant que fabricant d&rsquo;\u00e9oliennes, Nordex Group ach\u00e8te des produits et des services aupr\u00e8s de nombreux fournisseurs dans le monde entier, et g\u00e9n\u00e8re une part importante de sa valeur ajout\u00e9e dans les \u00e9tapes pr\u00e9c\u00e9dant la production. L&rsquo;organisation du sourcing mondial et r\u00e9gional garantit que les mat\u00e9riaux et les services sont achet\u00e9s et contract\u00e9s conform\u00e9ment \u00e0 [&hellip;]<\/p>\n","protected":false},"author":6,"featured_media":12593,"parent":0,"menu_order":0,"comment_status":"closed","ping_status":"closed","template":"","meta":{"_trash_the_other_posts":false,"editor_notices":[],"footnotes":""},"class_list":["post-12589","page","type-page","status-publish","has-post-thumbnail","hentry"],"yoast_head":"<!-- This site is optimized with the Yoast SEO Premium plugin v27.3 (Yoast SEO v27.3) - https:\/\/yoast.com\/product\/yoast-seo-premium-wordpress\/ -->\n<title>Global Sourcing - Nordex SE<\/title>\n<meta name=\"description\" content=\"L&#039;organisation du sourcing mondial garantit que les mat\u00e9riaux et les services sont achet\u00e9s et contract\u00e9s conform\u00e9ment \u00e0 la strat\u00e9gie de l&#039;entreprise.\" \/>\n<meta name=\"robots\" content=\"index, follow, max-snippet:-1, max-image-preview:large, max-video-preview:-1\" \/>\n<link rel=\"canonical\" href=\"https:\/\/www.nordex-online.com\/fr\/global-sourcing\/\" \/>\n<meta property=\"og:locale\" content=\"fr_FR\" \/>\n<meta property=\"og:type\" content=\"article\" \/>\n<meta property=\"og:title\" content=\"Global Sourcing\" \/>\n<meta property=\"og:description\" content=\"L&#039;organisation du sourcing mondial garantit que les mat\u00e9riaux et les services sont achet\u00e9s et contract\u00e9s conform\u00e9ment \u00e0 la strat\u00e9gie de l&#039;entreprise.\" \/>\n<meta property=\"og:url\" content=\"https:\/\/www.nordex-online.com\/fr\/global-sourcing\/\" \/>\n<meta property=\"og:site_name\" content=\"Nordex SE\" \/>\n<meta property=\"article:modified_time\" content=\"2025-12-09T12:13:13+00:00\" \/>\n<meta property=\"og:image\" content=\"https:\/\/www.nordex-online.com\/wp-content\/uploads\/sites\/6\/2022\/09\/UMertens_211207_194-scaled.jpg\" \/>\n\t<meta property=\"og:image:width\" content=\"2560\" \/>\n\t<meta property=\"og:image:height\" content=\"1705\" \/>\n\t<meta property=\"og:image:type\" content=\"image\/jpeg\" \/>\n<meta name=\"twitter:card\" content=\"summary_large_image\" \/>\n<meta name=\"twitter:label1\" content=\"Dur\u00e9e de lecture estim\u00e9e\" \/>\n\t<meta name=\"twitter:data1\" content=\"4 minutes\" \/>\n<script type=\"application\/ld+json\" class=\"yoast-schema-graph\">{\"@context\":\"https:\\\/\\\/schema.org\",\"@graph\":[{\"@type\":\"WebPage\",\"@id\":\"https:\\\/\\\/www.nordex-online.com\\\/fr\\\/global-sourcing\\\/\",\"url\":\"https:\\\/\\\/www.nordex-online.com\\\/fr\\\/global-sourcing\\\/\",\"name\":\"Global Sourcing - Nordex SE\",\"isPartOf\":{\"@id\":\"https:\\\/\\\/www.nordex-online.com\\\/fr\\\/#website\"},\"primaryImageOfPage\":{\"@id\":\"https:\\\/\\\/www.nordex-online.com\\\/fr\\\/global-sourcing\\\/#primaryimage\"},\"image\":{\"@id\":\"https:\\\/\\\/www.nordex-online.com\\\/fr\\\/global-sourcing\\\/#primaryimage\"},\"thumbnailUrl\":\"https:\\\/\\\/www.nordex-online.com\\\/wp-content\\\/uploads\\\/sites\\\/6\\\/2022\\\/09\\\/UMertens_211207_194-scaled.jpg\",\"datePublished\":\"2022-09-05T14:49:43+00:00\",\"dateModified\":\"2025-12-09T12:13:13+00:00\",\"description\":\"L'organisation du sourcing mondial garantit que les mat\u00e9riaux et les services sont achet\u00e9s et contract\u00e9s conform\u00e9ment \u00e0 la strat\u00e9gie de l'entreprise.\",\"breadcrumb\":{\"@id\":\"https:\\\/\\\/www.nordex-online.com\\\/fr\\\/global-sourcing\\\/#breadcrumb\"},\"inLanguage\":\"fr-FR\",\"potentialAction\":[{\"@type\":\"ReadAction\",\"target\":[\"https:\\\/\\\/www.nordex-online.com\\\/fr\\\/global-sourcing\\\/\"]}]},{\"@type\":\"ImageObject\",\"inLanguage\":\"fr-FR\",\"@id\":\"https:\\\/\\\/www.nordex-online.com\\\/fr\\\/global-sourcing\\\/#primaryimage\",\"url\":\"https:\\\/\\\/www.nordex-online.com\\\/wp-content\\\/uploads\\\/sites\\\/6\\\/2022\\\/09\\\/UMertens_211207_194-scaled.jpg\",\"contentUrl\":\"https:\\\/\\\/www.nordex-online.com\\\/wp-content\\\/uploads\\\/sites\\\/6\\\/2022\\\/09\\\/UMertens_211207_194-scaled.jpg\",\"width\":2560,\"height\":1705,\"caption\":\"Azimutdrehverbindung, Nordex Produktion in Rostock, Halle auf dem DMR Gel\u00e4nde (Diesel Motoren Rostock)\"},{\"@type\":\"BreadcrumbList\",\"@id\":\"https:\\\/\\\/www.nordex-online.com\\\/fr\\\/global-sourcing\\\/#breadcrumb\",\"itemListElement\":[{\"@type\":\"ListItem\",\"position\":1,\"name\":\"Home\",\"item\":\"https:\\\/\\\/www.nordex-online.com\\\/fr\\\/\"},{\"@type\":\"ListItem\",\"position\":2,\"name\":\"Global Sourcing\"}]},{\"@type\":\"WebSite\",\"@id\":\"https:\\\/\\\/www.nordex-online.com\\\/fr\\\/#website\",\"url\":\"https:\\\/\\\/www.nordex-online.com\\\/fr\\\/\",\"name\":\"Nordex SE\",\"description\":\"Manufacture, installation and maintenance of wind turbines.\",\"publisher\":{\"@id\":\"https:\\\/\\\/www.nordex-online.com\\\/fr\\\/#organization\"},\"potentialAction\":[{\"@type\":\"SearchAction\",\"target\":{\"@type\":\"EntryPoint\",\"urlTemplate\":\"https:\\\/\\\/www.nordex-online.com\\\/fr\\\/?s={search_term_string}\"},\"query-input\":{\"@type\":\"PropertyValueSpecification\",\"valueRequired\":true,\"valueName\":\"search_term_string\"}}],\"inLanguage\":\"fr-FR\"},{\"@type\":\"Organization\",\"@id\":\"https:\\\/\\\/www.nordex-online.com\\\/fr\\\/#organization\",\"name\":\"Nordex SE\",\"url\":\"https:\\\/\\\/www.nordex-online.com\\\/fr\\\/\",\"logo\":{\"@type\":\"ImageObject\",\"inLanguage\":\"fr-FR\",\"@id\":\"https:\\\/\\\/www.nordex-online.com\\\/fr\\\/#\\\/schema\\\/logo\\\/image\\\/\",\"url\":\"https:\\\/\\\/www.nordex-online.com\\\/wp-content\\\/uploads\\\/sites\\\/6\\\/2024\\\/07\\\/cropped-cropped-Combined-Logos_cmyk_PNG.png\",\"contentUrl\":\"https:\\\/\\\/www.nordex-online.com\\\/wp-content\\\/uploads\\\/sites\\\/6\\\/2024\\\/07\\\/cropped-cropped-Combined-Logos_cmyk_PNG.png\",\"width\":1181,\"height\":353,\"caption\":\"Nordex SE\"},\"image\":{\"@id\":\"https:\\\/\\\/www.nordex-online.com\\\/fr\\\/#\\\/schema\\\/logo\\\/image\\\/\"}}]}<\/script>\n<!-- \/ Yoast SEO Premium plugin. -->","yoast_head_json":{"title":"Global Sourcing - Nordex SE","description":"L'organisation du sourcing mondial garantit que les mat\u00e9riaux et les services sont achet\u00e9s et contract\u00e9s conform\u00e9ment \u00e0 la strat\u00e9gie de l'entreprise.","robots":{"index":"index","follow":"follow","max-snippet":"max-snippet:-1","max-image-preview":"max-image-preview:large","max-video-preview":"max-video-preview:-1"},"canonical":"https:\/\/www.nordex-online.com\/fr\/global-sourcing\/","og_locale":"fr_FR","og_type":"article","og_title":"Global Sourcing","og_description":"L'organisation du sourcing mondial garantit que les mat\u00e9riaux et les services sont achet\u00e9s et contract\u00e9s conform\u00e9ment \u00e0 la strat\u00e9gie de l'entreprise.","og_url":"https:\/\/www.nordex-online.com\/fr\/global-sourcing\/","og_site_name":"Nordex SE","article_modified_time":"2025-12-09T12:13:13+00:00","og_image":[{"width":2560,"height":1705,"url":"https:\/\/www.nordex-online.com\/wp-content\/uploads\/sites\/6\/2022\/09\/UMertens_211207_194-scaled.jpg","type":"image\/jpeg"}],"twitter_card":"summary_large_image","twitter_misc":{"Dur\u00e9e de lecture estim\u00e9e":"4 minutes"},"schema":{"@context":"https:\/\/schema.org","@graph":[{"@type":"WebPage","@id":"https:\/\/www.nordex-online.com\/fr\/global-sourcing\/","url":"https:\/\/www.nordex-online.com\/fr\/global-sourcing\/","name":"Global Sourcing - Nordex SE","isPartOf":{"@id":"https:\/\/www.nordex-online.com\/fr\/#website"},"primaryImageOfPage":{"@id":"https:\/\/www.nordex-online.com\/fr\/global-sourcing\/#primaryimage"},"image":{"@id":"https:\/\/www.nordex-online.com\/fr\/global-sourcing\/#primaryimage"},"thumbnailUrl":"https:\/\/www.nordex-online.com\/wp-content\/uploads\/sites\/6\/2022\/09\/UMertens_211207_194-scaled.jpg","datePublished":"2022-09-05T14:49:43+00:00","dateModified":"2025-12-09T12:13:13+00:00","description":"L'organisation du sourcing mondial garantit que les mat\u00e9riaux et les services sont achet\u00e9s et contract\u00e9s conform\u00e9ment \u00e0 la strat\u00e9gie de l'entreprise.","breadcrumb":{"@id":"https:\/\/www.nordex-online.com\/fr\/global-sourcing\/#breadcrumb"},"inLanguage":"fr-FR","potentialAction":[{"@type":"ReadAction","target":["https:\/\/www.nordex-online.com\/fr\/global-sourcing\/"]}]},{"@type":"ImageObject","inLanguage":"fr-FR","@id":"https:\/\/www.nordex-online.com\/fr\/global-sourcing\/#primaryimage","url":"https:\/\/www.nordex-online.com\/wp-content\/uploads\/sites\/6\/2022\/09\/UMertens_211207_194-scaled.jpg","contentUrl":"https:\/\/www.nordex-online.com\/wp-content\/uploads\/sites\/6\/2022\/09\/UMertens_211207_194-scaled.jpg","width":2560,"height":1705,"caption":"Azimutdrehverbindung, Nordex Produktion in Rostock, Halle auf dem DMR Gel\u00e4nde (Diesel Motoren Rostock)"},{"@type":"BreadcrumbList","@id":"https:\/\/www.nordex-online.com\/fr\/global-sourcing\/#breadcrumb","itemListElement":[{"@type":"ListItem","position":1,"name":"Home","item":"https:\/\/www.nordex-online.com\/fr\/"},{"@type":"ListItem","position":2,"name":"Global Sourcing"}]},{"@type":"WebSite","@id":"https:\/\/www.nordex-online.com\/fr\/#website","url":"https:\/\/www.nordex-online.com\/fr\/","name":"Nordex SE","description":"Manufacture, installation and maintenance of wind turbines.","publisher":{"@id":"https:\/\/www.nordex-online.com\/fr\/#organization"},"potentialAction":[{"@type":"SearchAction","target":{"@type":"EntryPoint","urlTemplate":"https:\/\/www.nordex-online.com\/fr\/?s={search_term_string}"},"query-input":{"@type":"PropertyValueSpecification","valueRequired":true,"valueName":"search_term_string"}}],"inLanguage":"fr-FR"},{"@type":"Organization","@id":"https:\/\/www.nordex-online.com\/fr\/#organization","name":"Nordex SE","url":"https:\/\/www.nordex-online.com\/fr\/","logo":{"@type":"ImageObject","inLanguage":"fr-FR","@id":"https:\/\/www.nordex-online.com\/fr\/#\/schema\/logo\/image\/","url":"https:\/\/www.nordex-online.com\/wp-content\/uploads\/sites\/6\/2024\/07\/cropped-cropped-Combined-Logos_cmyk_PNG.png","contentUrl":"https:\/\/www.nordex-online.com\/wp-content\/uploads\/sites\/6\/2024\/07\/cropped-cropped-Combined-Logos_cmyk_PNG.png","width":1181,"height":353,"caption":"Nordex SE"},"image":{"@id":"https:\/\/www.nordex-online.com\/fr\/#\/schema\/logo\/image\/"}}]}},"_links":{"self":[{"href":"https:\/\/www.nordex-online.com\/fr\/wp-json\/wp\/v2\/pages\/12589","targetHints":{"allow":["GET"]}}],"collection":[{"href":"https:\/\/www.nordex-online.com\/fr\/wp-json\/wp\/v2\/pages"}],"about":[{"href":"https:\/\/www.nordex-online.com\/fr\/wp-json\/wp\/v2\/types\/page"}],"author":[{"embeddable":true,"href":"https:\/\/www.nordex-online.com\/fr\/wp-json\/wp\/v2\/users\/6"}],"replies":[{"embeddable":true,"href":"https:\/\/www.nordex-online.com\/fr\/wp-json\/wp\/v2\/comments?post=12589"}],"version-history":[{"count":16,"href":"https:\/\/www.nordex-online.com\/fr\/wp-json\/wp\/v2\/pages\/12589\/revisions"}],"predecessor-version":[{"id":43023,"href":"https:\/\/www.nordex-online.com\/fr\/wp-json\/wp\/v2\/pages\/12589\/revisions\/43023"}],"wp:featuredmedia":[{"embeddable":true,"href":"https:\/\/www.nordex-online.com\/fr\/wp-json\/wp\/v2\/media\/12593"}],"wp:attachment":[{"href":"https:\/\/www.nordex-online.com\/fr\/wp-json\/wp\/v2\/media?parent=12589"}],"curies":[{"name":"wp","href":"https:\/\/api.w.org\/{rel}","templated":true}]}}