{"id":12173,"date":"2022-03-28T19:19:37","date_gmt":"2022-03-28T19:19:37","guid":{"rendered":"https:\/\/www.nordex-online.com\/fr\/?page_id=12173"},"modified":"2025-03-20T15:03:45","modified_gmt":"2025-03-20T15:03:45","slug":"reglement-europeen-sur-la-taxonomie","status":"publish","type":"page","link":"https:\/\/www.nordex-online.com\/fr\/reglement-europeen-sur-la-taxonomie\/","title":{"rendered":"R\u00e8glement europ\u00e9en sur la taxonomie"},"content":{"rendered":"\n<div class=\"wp-block-cover alignfull is-light\" style=\"min-height:340px;aspect-ratio:unset;\"><span aria-hidden=\"true\" class=\"wp-block-cover__background has-background-dim-10 has-background-dim\"><\/span><video class=\"wp-block-cover__video-background intrinsic-ignore\" autoplay muted loop playsinline src=\"https:\/\/www.nordex-online.com\/wp-content\/uploads\/sites\/2\/2022\/03\/Header-Website-26.mp4\" data-object-fit=\"cover\"><\/video><div class=\"wp-block-cover__inner-container is-layout-flow wp-block-cover-is-layout-flow\">\n<p class=\"has-text-align-center has-white-color has-text-color has-large-font-size\">REGLEMENT EUROPEEN SUR LA TAXONOMIE<\/p>\n<\/div><\/div>\n\n\n\n<div class=\"wp-block-nordex-heading is-style-underline nordex-heading wp-block-columns has-4-columns\"><div class=\"nordex-heading__chapter wp-block-column\"><span class=\"nordex-heading__chapter-title\">01<\/span><span class=\"nordex-heading__chapter-subtitle\">05<\/span><\/div><div class=\"nordex-heading__heading wp-block-column\"><h3 class=\"nordex-heading__heading-title\">La Taxonomie europ\u00e9enne en quelques mots<\/h3><\/div><div class=\"nordex-heading__subhead wp-block-column\"><p class=\"nordex-heading__subhead-title\"><\/p><\/div><div class=\"nordex-heading__button wp-block-column\"><\/div><\/div>\n\n\n\n<div class=\"wp-block-columns is-layout-flex wp-container-core-columns-is-layout-28f84493 wp-block-columns-is-layout-flex\">\n<div class=\"wp-block-column is-vertically-aligned-center is-layout-flow wp-block-column-is-layout-flow\" style=\"flex-basis:33.33%\">\n<figure class=\"wp-block-image size-large is-style-default\"><img decoding=\"async\" src=\"https:\/\/www.nordex-online.com\/wp-content\/uploads\/sites\/2\/2022\/03\/JOE100717_034_Germinon-1024x681.jpg\" alt=\"\" class=\"wp-image-13117\"\/><\/figure>\n<\/div>\n\n\n\n<div class=\"wp-block-column is-layout-flow wp-block-column-is-layout-flow\" style=\"flex-basis:66.66%\">\n<p>Le \u00ab Green Deal \u00bb de l&rsquo;UE comprend l&rsquo;objectif ambitieux de parvenir \u00e0 la neutralit\u00e9 carbone en Europe d&rsquo;ici 2050. Pour y parvenir, la Commission Europ\u00e9enne a d\u00e9fini une s\u00e9rie de mesures dans le cadre du plan d&rsquo;action sur la \u00ab finance durable \u00bb pour canaliser les flux de capitaux vers des activit\u00e9s durables sur le plan environnemental. Il s\u2019agit, entre autres, du r\u00e8glement de la taxonomie de l&rsquo;UE 2020\/852 (r\u00e8glement de la taxonomie) un syst\u00e8me unifi\u00e9 et juridiquement contraignant pour classer les activit\u00e9s \u00e9conomiques comme des activit\u00e9s \u00e9cologiquement durables (= align\u00e9es sur la taxonomie).<\/p>\n\n\n\n<p>Premi\u00e8rement, les entreprises doivent d\u00e9terminer quelles activit\u00e9s sont consid\u00e9r\u00e9es comme \u00e9ligibles \u00e0 la taxonomie, c\u2019est-\u00e0-dire celles qui sont d\u00e9crites dans les actes d\u00e9l\u00e9gu\u00e9s de la Commission et qui contribuent ainsi potentiellement \u00e0, au moins, un des objectifs environnementaux illustr\u00e9s dans la figure suivante. Les activit\u00e9s \u00e9ligibles deviennent align\u00e9es sur la taxonomie et sont donc consid\u00e9r\u00e9es durables sur le plan environnemental lorsqu\u2019elles satisfont \u00e0 trois exigences : contribuer substantiellement \u00e0 au moins un des objectifs environnementaux, ne causer de pr\u00e9judice important \u00e0 aucun autre des objectifs environnementaux et respecter les garanties minimales conform\u00e9ment au r\u00e8glement (UE) 2020\/852.<\/p>\n<\/div>\n<\/div>\n\n\n\n<div class=\"wp-block-columns is-layout-flex wp-container-core-columns-is-layout-28f84493 wp-block-columns-is-layout-flex\">\n<div class=\"wp-block-column is-layout-flow wp-block-column-is-layout-flow\" style=\"flex-basis:5%\"><\/div>\n\n\n\n<div class=\"wp-block-column is-layout-flow wp-block-column-is-layout-flow\" style=\"flex-basis:90%\">\n<figure class=\"wp-block-image size-large\"><a href=\"https:\/\/www.nordex-online.com\/wp-content\/uploads\/sites\/6\/2025\/03\/taxonomy-EN-1-1.png\"><img loading=\"lazy\" decoding=\"async\" width=\"1024\" height=\"617\" src=\"https:\/\/www.nordex-online.com\/wp-content\/uploads\/sites\/6\/2025\/03\/taxonomy-EN-1-1-1024x617.png\" alt=\"\" class=\"wp-image-41438\" srcset=\"https:\/\/www.nordex-online.com\/wp-content\/uploads\/sites\/6\/2025\/03\/taxonomy-EN-1-1-1024x617.png 1024w, https:\/\/www.nordex-online.com\/wp-content\/uploads\/sites\/6\/2025\/03\/taxonomy-EN-1-1-300x181.png 300w, https:\/\/www.nordex-online.com\/wp-content\/uploads\/sites\/6\/2025\/03\/taxonomy-EN-1-1-768x463.png 768w, https:\/\/www.nordex-online.com\/wp-content\/uploads\/sites\/6\/2025\/03\/taxonomy-EN-1-1-1536x926.png 1536w, https:\/\/www.nordex-online.com\/wp-content\/uploads\/sites\/6\/2025\/03\/taxonomy-EN-1-1-2048x1234.png 2048w\" sizes=\"auto, (max-width: 1024px) 100vw, 1024px\" \/><\/a><\/figure>\n<\/div>\n\n\n\n<div class=\"wp-block-column is-layout-flow wp-block-column-is-layout-flow\" style=\"flex-basis:5%\"><\/div>\n<\/div>\n\n\n\n<div class=\"wp-block-nordex-heading is-style-underline nordex-heading wp-block-columns has-4-columns\"><div class=\"nordex-heading__chapter wp-block-column\"><span class=\"nordex-heading__chapter-title\">02<\/span><span class=\"nordex-heading__chapter-subtitle\">05<\/span><\/div><div class=\"nordex-heading__heading wp-block-column\"><h3 class=\"nordex-heading__heading-title\">\u00c9VALUATION D\u2019\u00c9LIGIBILIT\u00c9 \u00c0 LA TAXONOMIE<\/h3><\/div><div class=\"nordex-heading__subhead wp-block-column\"><p class=\"nordex-heading__subhead-title\"><\/p><\/div><div class=\"nordex-heading__button wp-block-column\"><\/div><\/div>\n\n\n\n<p>Nous avons identifi\u00e9 nos principales activit\u00e9s \u00e9conomiques comme \u00e9ligibles. Nos activit\u00e9s \u00e9conomiques contribuent au premier objectif environnemental, \u00ab Att\u00e9nuation du changement climatique \u00bb. Dans le cadre du deuxi\u00e8me objectif environnemental \u00ab Adaptation au changement climatique \u00bb, nous ne divulguons aucune activit\u00e9 \u00e9ligible \u00e0 la taxonomie, car nous ne g\u00e9n\u00e9rons pas de chiffre d&rsquo;affaires \u00e0 partir d&rsquo;activit\u00e9s habilitantes et n&rsquo;avons identifi\u00e9 aucun CapEx (ou OpEx) distinct contribuant sp\u00e9cifiquement \u00e0 l&rsquo;adaptation au changement climatique. Ainsi, tous les CapEx et OpEx associ\u00e9s \u00e0 nos activit\u00e9s \u00e9ligibles sont divulgu\u00e9s comme \u00e9ligibles en termes d\u2019att\u00e9nuation du changement climatique. Nordex Group n&rsquo;a aucune activit\u00e9 \u00e9conomique relevant du champ d&rsquo;application de l\u2019Acte d\u00e9l\u00e9gu\u00e9 sur l&rsquo;environnement couvrant d&rsquo;autres objectifs environnementaux non li\u00e9s au climat. En ce qui concerne notre c\u0153ur de m\u00e9tier, deux des activit\u00e9s \u00e9conomiques actuellement r\u00e9pertori\u00e9es dans le R\u00e8glement Taxonomie (Annexe I du R\u00e8glement D\u00e9l\u00e9gu\u00e9 (UE) 2021\/2139) sont pertinentes (\u00e9ligibles \u00e0 la Taxonomie) pour l\u2019objectif environnemental \u00ab Att\u00e9nuation du changement climatique \u00bb :<\/p>\n\n\n\n<ul class=\"wp-block-list\">\n<li>Fabrication de technologies utilisant des \u00e9nergies renouvelables (3.1)<\/li>\n\n\n\n<li>Production d&rsquo;\u00e9lectricit\u00e9 \u00e0 partir d&rsquo;\u00e9nergie \u00e9olienne (4.3)<\/li>\n<\/ul>\n\n\n\n<div class=\"wp-block-nordex-heading is-style-underline nordex-heading wp-block-columns has-4-columns\"><div class=\"nordex-heading__chapter wp-block-column\"><span class=\"nordex-heading__chapter-title\">03<\/span><span class=\"nordex-heading__chapter-subtitle\">05<\/span><\/div><div class=\"nordex-heading__heading wp-block-column\"><h3 class=\"nordex-heading__heading-title\">\u00c9VALUATION DE L\u2019ALIGNEMENT DE LA TAXONOMIE<\/h3><\/div><div class=\"nordex-heading__subhead wp-block-column\"><p class=\"nordex-heading__subhead-title\"><\/p><\/div><div class=\"nordex-heading__button wp-block-column\"><\/div><\/div>\n\n\n\n<p>Lors de la mise en place des processus et des proc\u00e9dures ad\u00e9quats pour assurer le respect des exigences de Garanties Minimales, nous n\u2019avons identifi\u00e9 aucune violation de celles-ci pour aucune de nos activit\u00e9s. En outre, nos activit\u00e9s pertinentes pour le chiffre d\u2019affaires, \u00e0 savoir, \u00ab Fabrication de technologies utilisant des \u00e9nergies renouvelables (3.1) \u00bb et \u00ab Production d\u2019\u00e9lectricit\u00e9 \u00e0 partir d\u2019\u00e9nergie \u00e9olienne \u00bb (4.3) r\u00e9pondent toutes deux aux crit\u00e8res d\u2019examen technique applicables (contribution substantielle et crit\u00e8res DNSH) et sont donc consid\u00e9r\u00e9es comme align\u00e9es sur la taxonomie.<\/p>\n\n\n\n<div class=\"wp-block-nordex-heading is-style-underline nordex-heading wp-block-columns has-4-columns\"><div class=\"nordex-heading__chapter wp-block-column\"><span class=\"nordex-heading__chapter-title\">04<\/span><span class=\"nordex-heading__chapter-subtitle\">05<\/span><\/div><div class=\"nordex-heading__heading wp-block-column\"><h3 class=\"nordex-heading__heading-title\">NOS INDICATEURS CL\u00c9 DE PERFORMANCE (KPI)<\/h3><\/div><div class=\"nordex-heading__subhead wp-block-column\"><p class=\"nordex-heading__subhead-title\"><\/p><\/div><div class=\"nordex-heading__button wp-block-column\"><\/div><\/div>\n\n\n\n<p>Conform\u00e9ment au R\u00e8glement sur la Taxonomie, Nordex Group publie trois chiffres cl\u00e9s pour les activit\u00e9s \u00e9conomiques consid\u00e9r\u00e9es comme durables sur le plan environnemental : la part des revenus (chiffre d\u2019affaires), les d\u00e9penses d\u2019exploitation (OpEx) et les d\u00e9penses d\u2019investissement (CapEx).<\/p>\n\n\n\n<div class=\"wp-block-columns is-layout-flex wp-container-core-columns-is-layout-28f84493 wp-block-columns-is-layout-flex\">\n<div class=\"wp-block-column is-layout-flow wp-block-column-is-layout-flow\" style=\"flex-basis:5%\"><\/div>\n\n\n\n<div class=\"wp-block-column is-layout-flow wp-block-column-is-layout-flow\" style=\"flex-basis:90%\">\n<figure class=\"wp-block-image size-full\"><a href=\"https:\/\/www.nordex-online.com\/wp-content\/uploads\/sites\/6\/2025\/03\/taxonomy-EN-2.png\"><img loading=\"lazy\" decoding=\"async\" width=\"986\" height=\"347\" src=\"https:\/\/www.nordex-online.com\/wp-content\/uploads\/sites\/6\/2025\/03\/taxonomy-EN-2.png\" alt=\"\" class=\"wp-image-41440\" srcset=\"https:\/\/www.nordex-online.com\/wp-content\/uploads\/sites\/6\/2025\/03\/taxonomy-EN-2.png 986w, https:\/\/www.nordex-online.com\/wp-content\/uploads\/sites\/6\/2025\/03\/taxonomy-EN-2-300x106.png 300w, https:\/\/www.nordex-online.com\/wp-content\/uploads\/sites\/6\/2025\/03\/taxonomy-EN-2-768x270.png 768w\" sizes=\"auto, (max-width: 986px) 100vw, 986px\" \/><\/a><\/figure>\n<\/div>\n\n\n\n<div class=\"wp-block-column is-layout-flow wp-block-column-is-layout-flow\" style=\"flex-basis:5%\"><\/div>\n<\/div>\n\n\n\n<p>La d\u00e9claration pr\u00e9sent\u00e9e dans notre <a href=\"https:\/\/www.nordex-online.com\/wp-content\/uploads\/sites\/2\/2025\/02\/Annual-Integrated-Report-2024_ENG.pdf#page=164\" target=\"_blank\" rel=\"noreferrer noopener\">Rapport annuel int\u00e9gr\u00e9 de d\u00e9veloppement durable 2024, contient un r\u00e9sum\u00e9 complet de nos rapports de Taxonomie (p. 164 et suiv.)<\/a>.<\/p>\n\n\n\n<div class=\"wp-block-nordex-heading is-style-underline nordex-heading wp-block-columns has-4-columns\"><div class=\"nordex-heading__chapter wp-block-column\"><span class=\"nordex-heading__chapter-title\">05<\/span><span class=\"nordex-heading__chapter-subtitle\">05<\/span><\/div><div class=\"nordex-heading__heading wp-block-column\"><h3 class=\"nordex-heading__heading-title\">En savoir plus<\/h3><\/div><div class=\"nordex-heading__subhead wp-block-column\"><p class=\"nordex-heading__subhead-title\"><\/p><\/div><div class=\"nordex-heading__button wp-block-column\"><\/div><\/div>\n\n\n\n<div class=\"wp-block-columns is-layout-flex wp-container-core-columns-is-layout-28f84493 wp-block-columns-is-layout-flex\">\n<div class=\"wp-block-column is-layout-flow wp-block-column-is-layout-flow\">\n<div class=\"wp-block-nordex-tile wp-block-nordex-tile--portrait\"><a class=\"wp-block-nordex-tile__button\" href=\"https:\/\/www.nordex-online.com\/fr\/produits-durables\/\"><div class=\"wp-block-nordex-tile__image\" style=\"background-image:url(https:\/\/www.nordex-online.com\/wp-content\/uploads\/sites\/6\/2022\/04\/Website-Learn-More-Teaser-6.png)\"><\/div><p class=\"wp-block-nordex-tile__title\">PRODUITS DURABLES<\/p><p class=\"wp-block-button is-style-underline\"><span class=\"wp-block-button__link\">En savoir plus<\/span><\/p><\/a><\/div>\n<\/div>\n\n\n\n<div class=\"wp-block-column is-layout-flow wp-block-column-is-layout-flow\">\n<div class=\"wp-block-nordex-tile wp-block-nordex-tile--portrait\"><a class=\"wp-block-nordex-tile__button\" href=\"https:\/\/www.nordex-online.com\/fr\/social\"><div class=\"wp-block-nordex-tile__image\" style=\"background-image:url(https:\/\/www.nordex-online.com\/wp-content\/uploads\/sites\/2\/2022\/03\/Teaser-Social-400x460.jpg)\"><\/div><p class=\"wp-block-nordex-tile__title\">SOCIAL<\/p><p class=\"wp-block-button is-style-underline\"><span class=\"wp-block-button__link\">En savoir plus<\/span><\/p><\/a><\/div>\n<\/div>\n\n\n\n<div class=\"wp-block-column is-layout-flow wp-block-column-is-layout-flow\">\n<div class=\"wp-block-nordex-tile wp-block-nordex-tile--portrait\"><a class=\"wp-block-nordex-tile__button\" href=\"https:\/\/www.nordex-online.com\/fr\/environnemeent\"><div class=\"wp-block-nordex-tile__image\" style=\"background-image:url(https:\/\/www.nordex-online.com\/wp-content\/uploads\/sites\/2\/2022\/03\/Website-Learn-More-Teaser-3.png)\"><\/div><p class=\"wp-block-nordex-tile__title\">ENVIRONNEMENT<\/p><p class=\"wp-block-button is-style-underline\"><span class=\"wp-block-button__link\">En savoir plus<\/span><\/p><\/a><\/div>\n<\/div>\n<\/div>\n","protected":false},"excerpt":{"rendered":"<p>Le \u00ab Green Deal \u00bb de l&rsquo;UE comprend l&rsquo;objectif ambitieux de parvenir \u00e0 la neutralit\u00e9 carbone en Europe d&rsquo;ici 2050. Pour y parvenir, la Commission Europ\u00e9enne a d\u00e9fini une s\u00e9rie de mesures dans le cadre du plan d&rsquo;action sur la \u00ab finance durable \u00bb pour canaliser les flux de capitaux vers des activit\u00e9s durables sur [&hellip;]<\/p>\n","protected":false},"author":6,"featured_media":12236,"parent":0,"menu_order":0,"comment_status":"closed","ping_status":"closed","template":"","meta":{"_trash_the_other_posts":false,"editor_notices":[],"footnotes":""},"class_list":["post-12173","page","type-page","status-publish","has-post-thumbnail","hentry"],"yoast_head":"<!-- This site is optimized with the Yoast SEO Premium plugin v27.3 (Yoast SEO v27.3) - https:\/\/yoast.com\/product\/yoast-seo-premium-wordpress\/ -->\n<title>R\u00e8glement europ\u00e9en sur la taxonomie - Nordex SE<\/title>\n<meta name=\"robots\" content=\"index, follow, max-snippet:-1, max-image-preview:large, max-video-preview:-1\" \/>\n<link rel=\"canonical\" href=\"https:\/\/www.nordex-online.com\/fr\/reglement-europeen-sur-la-taxonomie\/\" \/>\n<meta property=\"og:locale\" content=\"fr_FR\" \/>\n<meta property=\"og:type\" content=\"article\" \/>\n<meta property=\"og:title\" content=\"R\u00e8glement europ\u00e9en sur la taxonomie\" \/>\n<meta property=\"og:description\" content=\"Le \u00ab Green Deal \u00bb de l&rsquo;UE comprend l&rsquo;objectif ambitieux de parvenir \u00e0 la neutralit\u00e9 carbone en Europe d&rsquo;ici 2050. Pour y parvenir, la Commission Europ\u00e9enne a d\u00e9fini une s\u00e9rie de mesures dans le cadre du plan d&rsquo;action sur la \u00ab finance durable \u00bb pour canaliser les flux de capitaux vers des activit\u00e9s durables sur [&hellip;]\" \/>\n<meta property=\"og:url\" content=\"https:\/\/www.nordex-online.com\/fr\/reglement-europeen-sur-la-taxonomie\/\" \/>\n<meta property=\"og:site_name\" content=\"Nordex SE\" \/>\n<meta property=\"article:modified_time\" content=\"2025-03-20T15:03:45+00:00\" \/>\n<meta property=\"og:image\" content=\"https:\/\/www.nordex-online.com\/wp-content\/uploads\/sites\/6\/2022\/03\/Teaser-EU-Taxonomy-Regulation.png\" \/>\n\t<meta property=\"og:image:width\" content=\"387\" \/>\n\t<meta property=\"og:image:height\" content=\"450\" \/>\n\t<meta property=\"og:image:type\" content=\"image\/png\" \/>\n<meta name=\"twitter:card\" content=\"summary_large_image\" \/>\n<meta name=\"twitter:label1\" content=\"Dur\u00e9e de lecture estim\u00e9e\" \/>\n\t<meta name=\"twitter:data1\" content=\"4 minutes\" \/>\n<script type=\"application\/ld+json\" class=\"yoast-schema-graph\">{\"@context\":\"https:\\\/\\\/schema.org\",\"@graph\":[{\"@type\":\"WebPage\",\"@id\":\"https:\\\/\\\/www.nordex-online.com\\\/fr\\\/reglement-europeen-sur-la-taxonomie\\\/\",\"url\":\"https:\\\/\\\/www.nordex-online.com\\\/fr\\\/reglement-europeen-sur-la-taxonomie\\\/\",\"name\":\"R\u00e8glement europ\u00e9en sur la taxonomie - Nordex SE\",\"isPartOf\":{\"@id\":\"https:\\\/\\\/www.nordex-online.com\\\/fr\\\/#website\"},\"primaryImageOfPage\":{\"@id\":\"https:\\\/\\\/www.nordex-online.com\\\/fr\\\/reglement-europeen-sur-la-taxonomie\\\/#primaryimage\"},\"image\":{\"@id\":\"https:\\\/\\\/www.nordex-online.com\\\/fr\\\/reglement-europeen-sur-la-taxonomie\\\/#primaryimage\"},\"thumbnailUrl\":\"https:\\\/\\\/www.nordex-online.com\\\/wp-content\\\/uploads\\\/sites\\\/6\\\/2022\\\/03\\\/Teaser-EU-Taxonomy-Regulation.png\",\"datePublished\":\"2022-03-28T19:19:37+00:00\",\"dateModified\":\"2025-03-20T15:03:45+00:00\",\"breadcrumb\":{\"@id\":\"https:\\\/\\\/www.nordex-online.com\\\/fr\\\/reglement-europeen-sur-la-taxonomie\\\/#breadcrumb\"},\"inLanguage\":\"fr-FR\",\"potentialAction\":[{\"@type\":\"ReadAction\",\"target\":[\"https:\\\/\\\/www.nordex-online.com\\\/fr\\\/reglement-europeen-sur-la-taxonomie\\\/\"]}]},{\"@type\":\"ImageObject\",\"inLanguage\":\"fr-FR\",\"@id\":\"https:\\\/\\\/www.nordex-online.com\\\/fr\\\/reglement-europeen-sur-la-taxonomie\\\/#primaryimage\",\"url\":\"https:\\\/\\\/www.nordex-online.com\\\/wp-content\\\/uploads\\\/sites\\\/6\\\/2022\\\/03\\\/Teaser-EU-Taxonomy-Regulation.png\",\"contentUrl\":\"https:\\\/\\\/www.nordex-online.com\\\/wp-content\\\/uploads\\\/sites\\\/6\\\/2022\\\/03\\\/Teaser-EU-Taxonomy-Regulation.png\",\"width\":387,\"height\":450},{\"@type\":\"BreadcrumbList\",\"@id\":\"https:\\\/\\\/www.nordex-online.com\\\/fr\\\/reglement-europeen-sur-la-taxonomie\\\/#breadcrumb\",\"itemListElement\":[{\"@type\":\"ListItem\",\"position\":1,\"name\":\"Home\",\"item\":\"https:\\\/\\\/www.nordex-online.com\\\/fr\\\/\"},{\"@type\":\"ListItem\",\"position\":2,\"name\":\"R\u00e8glement europ\u00e9en sur la taxonomie\"}]},{\"@type\":\"WebSite\",\"@id\":\"https:\\\/\\\/www.nordex-online.com\\\/fr\\\/#website\",\"url\":\"https:\\\/\\\/www.nordex-online.com\\\/fr\\\/\",\"name\":\"Nordex SE\",\"description\":\"Manufacture, installation and maintenance of wind turbines.\",\"publisher\":{\"@id\":\"https:\\\/\\\/www.nordex-online.com\\\/fr\\\/#organization\"},\"potentialAction\":[{\"@type\":\"SearchAction\",\"target\":{\"@type\":\"EntryPoint\",\"urlTemplate\":\"https:\\\/\\\/www.nordex-online.com\\\/fr\\\/?s={search_term_string}\"},\"query-input\":{\"@type\":\"PropertyValueSpecification\",\"valueRequired\":true,\"valueName\":\"search_term_string\"}}],\"inLanguage\":\"fr-FR\"},{\"@type\":\"Organization\",\"@id\":\"https:\\\/\\\/www.nordex-online.com\\\/fr\\\/#organization\",\"name\":\"Nordex SE\",\"url\":\"https:\\\/\\\/www.nordex-online.com\\\/fr\\\/\",\"logo\":{\"@type\":\"ImageObject\",\"inLanguage\":\"fr-FR\",\"@id\":\"https:\\\/\\\/www.nordex-online.com\\\/fr\\\/#\\\/schema\\\/logo\\\/image\\\/\",\"url\":\"https:\\\/\\\/www.nordex-online.com\\\/wp-content\\\/uploads\\\/sites\\\/6\\\/2024\\\/07\\\/cropped-cropped-Combined-Logos_cmyk_PNG.png\",\"contentUrl\":\"https:\\\/\\\/www.nordex-online.com\\\/wp-content\\\/uploads\\\/sites\\\/6\\\/2024\\\/07\\\/cropped-cropped-Combined-Logos_cmyk_PNG.png\",\"width\":1181,\"height\":353,\"caption\":\"Nordex SE\"},\"image\":{\"@id\":\"https:\\\/\\\/www.nordex-online.com\\\/fr\\\/#\\\/schema\\\/logo\\\/image\\\/\"}}]}<\/script>\n<!-- \/ Yoast SEO Premium plugin. -->","yoast_head_json":{"title":"R\u00e8glement europ\u00e9en sur la taxonomie - Nordex SE","robots":{"index":"index","follow":"follow","max-snippet":"max-snippet:-1","max-image-preview":"max-image-preview:large","max-video-preview":"max-video-preview:-1"},"canonical":"https:\/\/www.nordex-online.com\/fr\/reglement-europeen-sur-la-taxonomie\/","og_locale":"fr_FR","og_type":"article","og_title":"R\u00e8glement europ\u00e9en sur la taxonomie","og_description":"Le \u00ab Green Deal \u00bb de l&rsquo;UE comprend l&rsquo;objectif ambitieux de parvenir \u00e0 la neutralit\u00e9 carbone en Europe d&rsquo;ici 2050. Pour y parvenir, la Commission Europ\u00e9enne a d\u00e9fini une s\u00e9rie de mesures dans le cadre du plan d&rsquo;action sur la \u00ab finance durable \u00bb pour canaliser les flux de capitaux vers des activit\u00e9s durables sur [&hellip;]","og_url":"https:\/\/www.nordex-online.com\/fr\/reglement-europeen-sur-la-taxonomie\/","og_site_name":"Nordex SE","article_modified_time":"2025-03-20T15:03:45+00:00","og_image":[{"width":387,"height":450,"url":"https:\/\/www.nordex-online.com\/wp-content\/uploads\/sites\/6\/2022\/03\/Teaser-EU-Taxonomy-Regulation.png","type":"image\/png"}],"twitter_card":"summary_large_image","twitter_misc":{"Dur\u00e9e de lecture estim\u00e9e":"4 minutes"},"schema":{"@context":"https:\/\/schema.org","@graph":[{"@type":"WebPage","@id":"https:\/\/www.nordex-online.com\/fr\/reglement-europeen-sur-la-taxonomie\/","url":"https:\/\/www.nordex-online.com\/fr\/reglement-europeen-sur-la-taxonomie\/","name":"R\u00e8glement europ\u00e9en sur la taxonomie - Nordex SE","isPartOf":{"@id":"https:\/\/www.nordex-online.com\/fr\/#website"},"primaryImageOfPage":{"@id":"https:\/\/www.nordex-online.com\/fr\/reglement-europeen-sur-la-taxonomie\/#primaryimage"},"image":{"@id":"https:\/\/www.nordex-online.com\/fr\/reglement-europeen-sur-la-taxonomie\/#primaryimage"},"thumbnailUrl":"https:\/\/www.nordex-online.com\/wp-content\/uploads\/sites\/6\/2022\/03\/Teaser-EU-Taxonomy-Regulation.png","datePublished":"2022-03-28T19:19:37+00:00","dateModified":"2025-03-20T15:03:45+00:00","breadcrumb":{"@id":"https:\/\/www.nordex-online.com\/fr\/reglement-europeen-sur-la-taxonomie\/#breadcrumb"},"inLanguage":"fr-FR","potentialAction":[{"@type":"ReadAction","target":["https:\/\/www.nordex-online.com\/fr\/reglement-europeen-sur-la-taxonomie\/"]}]},{"@type":"ImageObject","inLanguage":"fr-FR","@id":"https:\/\/www.nordex-online.com\/fr\/reglement-europeen-sur-la-taxonomie\/#primaryimage","url":"https:\/\/www.nordex-online.com\/wp-content\/uploads\/sites\/6\/2022\/03\/Teaser-EU-Taxonomy-Regulation.png","contentUrl":"https:\/\/www.nordex-online.com\/wp-content\/uploads\/sites\/6\/2022\/03\/Teaser-EU-Taxonomy-Regulation.png","width":387,"height":450},{"@type":"BreadcrumbList","@id":"https:\/\/www.nordex-online.com\/fr\/reglement-europeen-sur-la-taxonomie\/#breadcrumb","itemListElement":[{"@type":"ListItem","position":1,"name":"Home","item":"https:\/\/www.nordex-online.com\/fr\/"},{"@type":"ListItem","position":2,"name":"R\u00e8glement europ\u00e9en sur la taxonomie"}]},{"@type":"WebSite","@id":"https:\/\/www.nordex-online.com\/fr\/#website","url":"https:\/\/www.nordex-online.com\/fr\/","name":"Nordex SE","description":"Manufacture, installation and maintenance of wind turbines.","publisher":{"@id":"https:\/\/www.nordex-online.com\/fr\/#organization"},"potentialAction":[{"@type":"SearchAction","target":{"@type":"EntryPoint","urlTemplate":"https:\/\/www.nordex-online.com\/fr\/?s={search_term_string}"},"query-input":{"@type":"PropertyValueSpecification","valueRequired":true,"valueName":"search_term_string"}}],"inLanguage":"fr-FR"},{"@type":"Organization","@id":"https:\/\/www.nordex-online.com\/fr\/#organization","name":"Nordex SE","url":"https:\/\/www.nordex-online.com\/fr\/","logo":{"@type":"ImageObject","inLanguage":"fr-FR","@id":"https:\/\/www.nordex-online.com\/fr\/#\/schema\/logo\/image\/","url":"https:\/\/www.nordex-online.com\/wp-content\/uploads\/sites\/6\/2024\/07\/cropped-cropped-Combined-Logos_cmyk_PNG.png","contentUrl":"https:\/\/www.nordex-online.com\/wp-content\/uploads\/sites\/6\/2024\/07\/cropped-cropped-Combined-Logos_cmyk_PNG.png","width":1181,"height":353,"caption":"Nordex SE"},"image":{"@id":"https:\/\/www.nordex-online.com\/fr\/#\/schema\/logo\/image\/"}}]}},"_links":{"self":[{"href":"https:\/\/www.nordex-online.com\/fr\/wp-json\/wp\/v2\/pages\/12173","targetHints":{"allow":["GET"]}}],"collection":[{"href":"https:\/\/www.nordex-online.com\/fr\/wp-json\/wp\/v2\/pages"}],"about":[{"href":"https:\/\/www.nordex-online.com\/fr\/wp-json\/wp\/v2\/types\/page"}],"author":[{"embeddable":true,"href":"https:\/\/www.nordex-online.com\/fr\/wp-json\/wp\/v2\/users\/6"}],"replies":[{"embeddable":true,"href":"https:\/\/www.nordex-online.com\/fr\/wp-json\/wp\/v2\/comments?post=12173"}],"version-history":[{"count":11,"href":"https:\/\/www.nordex-online.com\/fr\/wp-json\/wp\/v2\/pages\/12173\/revisions"}],"predecessor-version":[{"id":41441,"href":"https:\/\/www.nordex-online.com\/fr\/wp-json\/wp\/v2\/pages\/12173\/revisions\/41441"}],"wp:featuredmedia":[{"embeddable":true,"href":"https:\/\/www.nordex-online.com\/fr\/wp-json\/wp\/v2\/media\/12236"}],"wp:attachment":[{"href":"https:\/\/www.nordex-online.com\/fr\/wp-json\/wp\/v2\/media?parent=12173"}],"curies":[{"name":"wp","href":"https:\/\/api.w.org\/{rel}","templated":true}]}}