{"id":2459,"date":"2019-12-09T14:55:52","date_gmt":"2019-12-09T14:55:52","guid":{"rendered":"https:\/\/www.nordex-online.com\/es\/?post_type=product&#038;p=2459"},"modified":"2025-03-05T10:09:13","modified_gmt":"2025-03-05T10:09:13","slug":"all-products-espanol","status":"publish","type":"product","link":"https:\/\/www.nordex-online.com\/es\/product\/all-products-espanol\/","title":{"rendered":"All products (Espa\u00f1ol)"},"content":{"rendered":"\n<div class=\"wp-block-cover alignfull is-light\" style=\"min-height:340px;aspect-ratio:unset;\"><span aria-hidden=\"true\" class=\"wp-block-cover__background has-background-dim-10 has-background-dim\"><\/span><img decoding=\"async\" class=\"wp-block-cover__image-background wp-image-4937\" alt=\"\" src=\"https:\/\/www.nordex-online.com\/wp-content\/uploads\/sites\/2\/2019\/11\/21UMertensLow.gif\" data-object-fit=\"cover\"\/><div class=\"wp-block-cover__inner-container is-layout-flow wp-block-cover-is-layout-flow\">\n<p class=\"has-text-align-center has-white-color has-text-color has-large-font-size\">SOLUCIONES EFICIENTES PARA TODOS LOS SITIOS<\/p>\n<\/div><\/div>\n\n\n\n<div class=\"wp-block-nordex-heading is-style-underline nordex-heading wp-block-columns has-4-columns\"><div class=\"nordex-heading__chapter wp-block-column\"><span class=\"nordex-heading__chapter-title\">01<\/span><span class=\"nordex-heading__chapter-subtitle\">01<\/span><\/div><div class=\"nordex-heading__heading wp-block-column\"><h3 class=\"nordex-heading__heading-title\"> Portafolio de productos NXG <\/h3><\/div><div class=\"nordex-heading__subhead wp-block-column\"><p class=\"nordex-heading__subhead-title\"><\/p><\/div><div class=\"nordex-heading__button wp-block-column\"><\/div><\/div>\n\n\n\n<div class=\"wp-block-columns is-layout-flex wp-container-core-columns-is-layout-28f84493 wp-block-columns-is-layout-flex\">\n<div class=\"wp-block-column is-layout-flow wp-block-column-is-layout-flow\">\n<div class=\"wp-block-nordex-tile wp-block-nordex-tile--portrait\"><a class=\"wp-block-nordex-tile__button\" href=\"https:\/\/www.nordex-online.com\/es\/product\/n175-6-x\/\"><div class=\"wp-block-nordex-tile__image\" style=\"background-image:url(https:\/\/www.nordex-online.com\/wp-content\/uploads\/sites\/4\/2022\/09\/Website-Learn-More-Teaser.png)\"><\/div><p class=\"wp-block-nordex-tile__title\">N175\/6.X<\/p><p class=\"wp-block-button is-style-underline\"><span class=\"wp-block-button__link\">M\u00c1S INFORMACI\u00d3N<\/span><\/p><\/a><\/div>\n\n\n\n<div class=\"wp-block-nordex-tile wp-block-nordex-tile--portrait\"><a class=\"wp-block-nordex-tile__button\" href=\"https:\/\/www.nordex-online.com\/es\/product\/n149-5-x\/\"><div class=\"wp-block-nordex-tile__image\" style=\"background-image:url(https:\/\/www.nordex-online.com\/wp-content\/uploads\/sites\/3\/2019\/12\/N149_5.X.png)\"><\/div><p class=\"wp-block-nordex-tile__title\">N149\/5.X<\/p><p class=\"wp-block-button is-style-underline\"><span class=\"wp-block-button__link\">M\u00c1S INFORMACI\u00d3N<\/span><\/p><\/a><\/div>\n\n\n\n<div class=\"wp-block-nordex-tile wp-block-nordex-tile--portrait\"><a class=\"wp-block-nordex-tile__button\" href=\"https:\/\/www.nordex-online.com\/es\/product\/n149-4-0-4-5\/\"><div class=\"wp-block-nordex-tile__image\" style=\"background-image:url(https:\/\/www.nordex-online.com\/wp-content\/uploads\/sites\/3\/2019\/12\/N145_4.X.png)\"><\/div><p class=\"wp-block-nordex-tile__title\">N149\/4.X<\/p><p class=\"wp-block-button is-style-underline\"><span class=\"wp-block-button__link\">M\u00c1S INFORMACI\u00d3N<\/span><\/p><\/a><\/div>\n\n\n\n<div class=\"wp-block-nordex-tile wp-block-nordex-tile--portrait\"><a class=\"wp-block-nordex-tile__button\" href=\"https:\/\/www.nordex-online.com\/es\/product\/n131-3900\/\"><div class=\"wp-block-nordex-tile__image\" style=\"background-image:url(https:\/\/www.nordex-online.com\/wp-content\/uploads\/sites\/3\/2019\/12\/131121_iec3a_gemaessigt_gesicht-1-400x460.jpg)\"><\/div><p class=\"wp-block-nordex-tile__title\">N131\/3900<\/p><p class=\"wp-block-button is-style-underline\"><span class=\"wp-block-button__link\">M\u00c1S INFORMACI\u00d3N<\/span><\/p><\/a><\/div>\n<\/div>\n\n\n\n<div class=\"wp-block-column is-layout-flow wp-block-column-is-layout-flow\">\n<div class=\"wp-block-nordex-tile wp-block-nordex-tile--portrait\"><a class=\"wp-block-nordex-tile__button\" href=\"https:\/\/www.nordex-online.com\/es\/product\/n169-5-x\/\"><div class=\"wp-block-nordex-tile__image\" style=\"background-image:url(https:\/\/www.nordex-online.com\/wp-content\/uploads\/sites\/4\/2019\/12\/KEY-VISUAL-US-TURBINE-400x460.jpg)\"><\/div><p class=\"wp-block-nordex-tile__title\">N169\/5.X<\/p><p class=\"wp-block-button is-style-underline\"><span class=\"wp-block-button__link\">M\u00c1S INFORMACI\u00d3N<\/span><\/p><\/a><\/div>\n\n\n\n<div class=\"wp-block-nordex-tile wp-block-nordex-tile--portrait\"><a class=\"wp-block-nordex-tile__button\" href=\"https:\/\/www.nordex-online.com\/es\/product\/n163-6-x\/\"><div class=\"wp-block-nordex-tile__image\" style=\"background-image:url(https:\/\/www.nordex-online.com\/wp-content\/uploads\/sites\/3\/2021\/08\/Teaser-Picture.png)\"><\/div><p class=\"wp-block-nordex-tile__title\">N163\/6.X<\/p><p class=\"wp-block-button is-style-underline\"><span class=\"wp-block-button__link\">M\u00c1S INFORMACI\u00d3N<\/span><\/p><\/a><\/div>\n\n\n\n<div class=\"wp-block-nordex-tile wp-block-nordex-tile--portrait\"><a class=\"wp-block-nordex-tile__button\" href=\"https:\/\/www.nordex-online.com\/es\/product\/n117-3600\/\"><div class=\"wp-block-nordex-tile__image\" style=\"background-image:url(https:\/\/www.nordex-online.com\/wp-content\/uploads\/sites\/3\/2019\/12\/Motiv_S.6u7-400x460.jpg)\"><\/div><p class=\"wp-block-nordex-tile__title\">N117\/3600<\/p><p class=\"wp-block-button is-style-underline\"><span class=\"wp-block-button__link\">M\u00c1S INFORMACI\u00d3N<\/span><\/p><\/a><\/div>\n<\/div>\n\n\n\n<div class=\"wp-block-column is-layout-flow wp-block-column-is-layout-flow\">\n<div class=\"wp-block-nordex-tile wp-block-nordex-tile--portrait\"><a class=\"wp-block-nordex-tile__button\" href=\"https:\/\/www.nordex-online.com\/es\/product\/n163-5-x\/\"><div class=\"wp-block-nordex-tile__image\" style=\"background-image:url(https:\/\/www.nordex-online.com\/wp-content\/uploads\/sites\/3\/2019\/12\/N163_5.X-1.png)\"><\/div><p class=\"wp-block-nordex-tile__title\">N163\/5.X<\/p><p class=\"wp-block-button is-style-underline\"><span class=\"wp-block-button__link\">M\u00c1S INFORMACI\u00d3N<\/span><\/p><\/a><\/div>\n\n\n\n<div style=\"height:17px\" aria-hidden=\"true\" class=\"wp-block-spacer\"><\/div>\n\n\n\n<div class=\"wp-block-nordex-tile wp-block-nordex-tile--portrait\"><a class=\"wp-block-nordex-tile__button\" href=\"https:\/\/www.nordex-online.com\/es\/product\/n133-4-8\/\"><div class=\"wp-block-nordex-tile__image\" style=\"background-image:url(https:\/\/www.nordex-online.com\/wp-content\/uploads\/sites\/3\/2019\/12\/N133_4.8.png)\"><\/div><p class=\"wp-block-nordex-tile__title\">N133\/4.8<\/p><p class=\"wp-block-button is-style-underline\"><span class=\"wp-block-button__link\">M\u00c1S INFORMACI\u00d3N<\/span><\/p><\/a><\/div>\n\n\n\n<div style=\"height:15px\" aria-hidden=\"true\" class=\"wp-block-spacer\"><\/div>\n\n\n\n<div class=\"wp-block-nordex-tile wp-block-nordex-tile--portrait\"><a class=\"wp-block-nordex-tile__button\" href=\"https:\/\/www.nordex-online.com\/es\/product\/n131-3600\/\"><div class=\"wp-block-nordex-tile__image\" style=\"background-image:url(https:\/\/www.nordex-online.com\/wp-content\/uploads\/sites\/3\/2019\/12\/N131_3600.png)\"><\/div><p class=\"wp-block-nordex-tile__title\">N131\/3600<\/p><p class=\"wp-block-button is-style-underline\"><span class=\"wp-block-button__link\">M\u00c1S INFORMACI\u00d3N<\/span><\/p><\/a><\/div>\n<\/div>\n<\/div>\n","protected":false},"excerpt":{"rendered":"","protected":false},"featured_media":0,"menu_order":0,"template":"","meta":{"_trash_the_other_posts":false,"editor_notices":[],"footnotes":""},"product-taxonomy":[],"class_list":["post-2459","product","type-product","status-publish","hentry"],"yoast_head":"<!-- This site is optimized with the Yoast SEO Premium plugin v27.0 (Yoast SEO v27.1) - https:\/\/yoast.com\/product\/yoast-seo-premium-wordpress\/ -->\n<title>All products (Espa\u00f1ol) - Nordex SE - Espa\u00f1ol<\/title>\n<meta name=\"description\" content=\"Nordex Group tiene un historial probado de lanzamiento de aerogeneradores onshore eficientes y l\u00edderes en el sector para todo tipo de emplazamientos.\" \/>\n<meta name=\"robots\" content=\"index, follow, max-snippet:-1, max-image-preview:large, max-video-preview:-1\" \/>\n<link rel=\"canonical\" href=\"https:\/\/www.nordex-online.com\/es\/product\/all-products-espanol\/\" \/>\n<meta property=\"og:locale\" content=\"es_ES\" \/>\n<meta property=\"og:type\" content=\"article\" \/>\n<meta property=\"og:title\" content=\"All products (Espa\u00f1ol)\" \/>\n<meta property=\"og:description\" content=\"Nordex Group tiene un historial probado de lanzamiento de aerogeneradores onshore eficientes y l\u00edderes en el sector para todo tipo de emplazamientos.\" \/>\n<meta property=\"og:url\" content=\"https:\/\/www.nordex-online.com\/es\/product\/all-products-espanol\/\" \/>\n<meta property=\"og:site_name\" content=\"Nordex SE - Espa\u00f1ol\" \/>\n<meta property=\"article:modified_time\" content=\"2025-03-05T10:09:13+00:00\" \/>\n<meta name=\"twitter:card\" content=\"summary_large_image\" \/>\n<meta name=\"twitter:label1\" content=\"Tiempo de lectura\" \/>\n\t<meta name=\"twitter:data1\" content=\"1 minuto\" \/>\n<script type=\"application\/ld+json\" class=\"yoast-schema-graph\">{\"@context\":\"https:\/\/schema.org\",\"@graph\":[{\"@type\":\"WebPage\",\"@id\":\"https:\/\/www.nordex-online.com\/es\/product\/all-products-espanol\/\",\"url\":\"https:\/\/www.nordex-online.com\/es\/product\/all-products-espanol\/\",\"name\":\"All products (Espa\u00f1ol) - Nordex SE - Espa\u00f1ol\",\"isPartOf\":{\"@id\":\"https:\/\/www.nordex-online.com\/es\/#website\"},\"primaryImageOfPage\":{\"@id\":\"https:\/\/www.nordex-online.com\/es\/product\/all-products-espanol\/#primaryimage\"},\"image\":{\"@id\":\"https:\/\/www.nordex-online.com\/es\/product\/all-products-espanol\/#primaryimage\"},\"thumbnailUrl\":\"https:\/\/www.nordex-online.com\/wp-content\/uploads\/sites\/2\/2019\/11\/21UMertensLow.gif\",\"datePublished\":\"2019-12-09T14:55:52+00:00\",\"dateModified\":\"2025-03-05T10:09:13+00:00\",\"description\":\"Nordex Group tiene un historial probado de lanzamiento de aerogeneradores onshore eficientes y l\u00edderes en el sector para todo tipo de emplazamientos.\",\"breadcrumb\":{\"@id\":\"https:\/\/www.nordex-online.com\/es\/product\/all-products-espanol\/#breadcrumb\"},\"inLanguage\":\"es\",\"potentialAction\":[{\"@type\":\"ReadAction\",\"target\":[\"https:\/\/www.nordex-online.com\/es\/product\/all-products-espanol\/\"]}]},{\"@type\":\"ImageObject\",\"inLanguage\":\"es\",\"@id\":\"https:\/\/www.nordex-online.com\/es\/product\/all-products-espanol\/#primaryimage\",\"url\":\"https:\/\/www.nordex-online.com\/wp-content\/uploads\/sites\/2\/2019\/11\/21UMertensLow.gif\",\"contentUrl\":\"https:\/\/www.nordex-online.com\/wp-content\/uploads\/sites\/2\/2019\/11\/21UMertensLow.gif\"},{\"@type\":\"BreadcrumbList\",\"@id\":\"https:\/\/www.nordex-online.com\/es\/product\/all-products-espanol\/#breadcrumb\",\"itemListElement\":[{\"@type\":\"ListItem\",\"position\":1,\"name\":\"Home\",\"item\":\"https:\/\/www.nordex-online.com\/es\/\"},{\"@type\":\"ListItem\",\"position\":2,\"name\":\"Products\",\"item\":\"https:\/\/www.nordex-online.com\/es\/product\/\"},{\"@type\":\"ListItem\",\"position\":3,\"name\":\"All products (Espa\u00f1ol)\"}]},{\"@type\":\"WebSite\",\"@id\":\"https:\/\/www.nordex-online.com\/es\/#website\",\"url\":\"https:\/\/www.nordex-online.com\/es\/\",\"name\":\"Nordex SE - Espa\u00f1ol\",\"description\":\"Manufacture, installation and maintenance of wind turbines.\",\"publisher\":{\"@id\":\"https:\/\/www.nordex-online.com\/es\/#organization\"},\"potentialAction\":[{\"@type\":\"SearchAction\",\"target\":{\"@type\":\"EntryPoint\",\"urlTemplate\":\"https:\/\/www.nordex-online.com\/es\/?s={search_term_string}\"},\"query-input\":{\"@type\":\"PropertyValueSpecification\",\"valueRequired\":true,\"valueName\":\"search_term_string\"}}],\"inLanguage\":\"es\"},{\"@type\":\"Organization\",\"@id\":\"https:\/\/www.nordex-online.com\/es\/#organization\",\"name\":\"Nordex SE - Espa\u00f1ol\",\"url\":\"https:\/\/www.nordex-online.com\/es\/\",\"logo\":{\"@type\":\"ImageObject\",\"inLanguage\":\"es\",\"@id\":\"https:\/\/www.nordex-online.com\/es\/#\/schema\/logo\/image\/\",\"url\":\"https:\/\/www.nordex-online.com\/wp-content\/uploads\/sites\/4\/2024\/07\/cropped-cropped-Combined-Logos_cmyk_PNG.png\",\"contentUrl\":\"https:\/\/www.nordex-online.com\/wp-content\/uploads\/sites\/4\/2024\/07\/cropped-cropped-Combined-Logos_cmyk_PNG.png\",\"width\":1181,\"height\":353,\"caption\":\"Nordex SE - Espa\u00f1ol\"},\"image\":{\"@id\":\"https:\/\/www.nordex-online.com\/es\/#\/schema\/logo\/image\/\"}}]}<\/script>\n<!-- \/ Yoast SEO Premium plugin. -->","yoast_head_json":{"title":"All products (Espa\u00f1ol) - Nordex SE - Espa\u00f1ol","description":"Nordex Group tiene un historial probado de lanzamiento de aerogeneradores onshore eficientes y l\u00edderes en el sector para todo tipo de emplazamientos.","robots":{"index":"index","follow":"follow","max-snippet":"max-snippet:-1","max-image-preview":"max-image-preview:large","max-video-preview":"max-video-preview:-1"},"canonical":"https:\/\/www.nordex-online.com\/es\/product\/all-products-espanol\/","og_locale":"es_ES","og_type":"article","og_title":"All products (Espa\u00f1ol)","og_description":"Nordex Group tiene un historial probado de lanzamiento de aerogeneradores onshore eficientes y l\u00edderes en el sector para todo tipo de emplazamientos.","og_url":"https:\/\/www.nordex-online.com\/es\/product\/all-products-espanol\/","og_site_name":"Nordex SE - Espa\u00f1ol","article_modified_time":"2025-03-05T10:09:13+00:00","twitter_card":"summary_large_image","twitter_misc":{"Tiempo de lectura":"1 minuto"},"schema":{"@context":"https:\/\/schema.org","@graph":[{"@type":"WebPage","@id":"https:\/\/www.nordex-online.com\/es\/product\/all-products-espanol\/","url":"https:\/\/www.nordex-online.com\/es\/product\/all-products-espanol\/","name":"All products (Espa\u00f1ol) - Nordex SE - Espa\u00f1ol","isPartOf":{"@id":"https:\/\/www.nordex-online.com\/es\/#website"},"primaryImageOfPage":{"@id":"https:\/\/www.nordex-online.com\/es\/product\/all-products-espanol\/#primaryimage"},"image":{"@id":"https:\/\/www.nordex-online.com\/es\/product\/all-products-espanol\/#primaryimage"},"thumbnailUrl":"https:\/\/www.nordex-online.com\/wp-content\/uploads\/sites\/2\/2019\/11\/21UMertensLow.gif","datePublished":"2019-12-09T14:55:52+00:00","dateModified":"2025-03-05T10:09:13+00:00","description":"Nordex Group tiene un historial probado de lanzamiento de aerogeneradores onshore eficientes y l\u00edderes en el sector para todo tipo de emplazamientos.","breadcrumb":{"@id":"https:\/\/www.nordex-online.com\/es\/product\/all-products-espanol\/#breadcrumb"},"inLanguage":"es","potentialAction":[{"@type":"ReadAction","target":["https:\/\/www.nordex-online.com\/es\/product\/all-products-espanol\/"]}]},{"@type":"ImageObject","inLanguage":"es","@id":"https:\/\/www.nordex-online.com\/es\/product\/all-products-espanol\/#primaryimage","url":"https:\/\/www.nordex-online.com\/wp-content\/uploads\/sites\/2\/2019\/11\/21UMertensLow.gif","contentUrl":"https:\/\/www.nordex-online.com\/wp-content\/uploads\/sites\/2\/2019\/11\/21UMertensLow.gif"},{"@type":"BreadcrumbList","@id":"https:\/\/www.nordex-online.com\/es\/product\/all-products-espanol\/#breadcrumb","itemListElement":[{"@type":"ListItem","position":1,"name":"Home","item":"https:\/\/www.nordex-online.com\/es\/"},{"@type":"ListItem","position":2,"name":"Products","item":"https:\/\/www.nordex-online.com\/es\/product\/"},{"@type":"ListItem","position":3,"name":"All products (Espa\u00f1ol)"}]},{"@type":"WebSite","@id":"https:\/\/www.nordex-online.com\/es\/#website","url":"https:\/\/www.nordex-online.com\/es\/","name":"Nordex SE - Espa\u00f1ol","description":"Manufacture, installation and maintenance of wind turbines.","publisher":{"@id":"https:\/\/www.nordex-online.com\/es\/#organization"},"potentialAction":[{"@type":"SearchAction","target":{"@type":"EntryPoint","urlTemplate":"https:\/\/www.nordex-online.com\/es\/?s={search_term_string}"},"query-input":{"@type":"PropertyValueSpecification","valueRequired":true,"valueName":"search_term_string"}}],"inLanguage":"es"},{"@type":"Organization","@id":"https:\/\/www.nordex-online.com\/es\/#organization","name":"Nordex SE - Espa\u00f1ol","url":"https:\/\/www.nordex-online.com\/es\/","logo":{"@type":"ImageObject","inLanguage":"es","@id":"https:\/\/www.nordex-online.com\/es\/#\/schema\/logo\/image\/","url":"https:\/\/www.nordex-online.com\/wp-content\/uploads\/sites\/4\/2024\/07\/cropped-cropped-Combined-Logos_cmyk_PNG.png","contentUrl":"https:\/\/www.nordex-online.com\/wp-content\/uploads\/sites\/4\/2024\/07\/cropped-cropped-Combined-Logos_cmyk_PNG.png","width":1181,"height":353,"caption":"Nordex SE - Espa\u00f1ol"},"image":{"@id":"https:\/\/www.nordex-online.com\/es\/#\/schema\/logo\/image\/"}}]}},"_links":{"self":[{"href":"https:\/\/www.nordex-online.com\/es\/wp-json\/wp\/v2\/product\/2459","targetHints":{"allow":["GET"]}}],"collection":[{"href":"https:\/\/www.nordex-online.com\/es\/wp-json\/wp\/v2\/product"}],"about":[{"href":"https:\/\/www.nordex-online.com\/es\/wp-json\/wp\/v2\/types\/product"}],"version-history":[{"count":11,"href":"https:\/\/www.nordex-online.com\/es\/wp-json\/wp\/v2\/product\/2459\/revisions"}],"predecessor-version":[{"id":35658,"href":"https:\/\/www.nordex-online.com\/es\/wp-json\/wp\/v2\/product\/2459\/revisions\/35658"}],"wp:attachment":[{"href":"https:\/\/www.nordex-online.com\/es\/wp-json\/wp\/v2\/media?parent=2459"}],"wp:term":[{"taxonomy":"product-taxonomy","embeddable":true,"href":"https:\/\/www.nordex-online.com\/es\/wp-json\/wp\/v2\/product-taxonomy?post=2459"}],"curies":[{"name":"wp","href":"https:\/\/api.w.org\/{rel}","templated":true}]}}