{"id":5728,"date":"2022-09-05T15:10:49","date_gmt":"2022-09-05T15:10:49","guid":{"rendered":"https:\/\/www.nordex-online.com\/es\/?page_id=5728"},"modified":"2025-12-09T12:11:25","modified_gmt":"2025-12-09T12:11:25","slug":"global-sourcing","status":"publish","type":"page","link":"https:\/\/www.nordex-online.com\/es\/global-sourcing\/","title":{"rendered":"Global Sourcing"},"content":{"rendered":"\n<div class=\"wp-block-cover alignfull\" style=\"min-height:340px;aspect-ratio:unset;\"><img decoding=\"async\" class=\"wp-block-cover__image-background wp-image-6952\" alt=\"\" src=\"https:\/\/www.nordex-online.com\/wp-content\/uploads\/sites\/3\/2022\/07\/MicrosoftTeams-image-scaled-e1657281109833.jpg\" style=\"object-position:77% 82%\" data-object-fit=\"cover\" data-object-position=\"77% 82%\"\/><span aria-hidden=\"true\" class=\"wp-block-cover__background has-background-dim-20 has-background-dim\"><\/span><div class=\"wp-block-cover__inner-container is-layout-flow wp-block-cover-is-layout-flow\">\n<p class=\"has-text-align-center has-white-color has-text-color has-large-font-size\">GLOBAL SOURCING<\/p>\n<\/div><\/div>\n\n\n\n<div class=\"wp-block-nordex-heading is-style-underline nordex-heading wp-block-columns has-4-columns\"><div class=\"nordex-heading__chapter wp-block-column\"><span class=\"nordex-heading__chapter-title\">01<\/span><span class=\"nordex-heading__chapter-subtitle\">03<\/span><\/div><div class=\"nordex-heading__heading wp-block-column\"><h3 class=\"nordex-heading__heading-title\">Global Sourcing en Nordex Group<\/h3><\/div><div class=\"nordex-heading__subhead wp-block-column\"><p class=\"nordex-heading__subhead-title\"><\/p><\/div><div class=\"nordex-heading__button wp-block-column\"><\/div><\/div>\n\n\n\n<div class=\"wp-block-columns is-layout-flex wp-container-core-columns-is-layout-28f84493 wp-block-columns-is-layout-flex\">\n<div class=\"wp-block-column is-layout-flow wp-block-column-is-layout-flow\" style=\"flex-basis:33.33%\">\n<figure class=\"wp-block-image size-large is-style-rounded\"><img decoding=\"async\" src=\"https:\/\/www.nordex-online.com\/wp-content\/uploads\/sites\/3\/2022\/07\/MicrosoftTeams-image-1-1024x682.jpg\" alt=\"\" class=\"wp-image-6953\"\/><\/figure>\n<\/div>\n\n\n\n<div class=\"wp-block-column is-vertically-aligned-center is-layout-flow wp-block-column-is-layout-flow\" style=\"flex-basis:66.66%\">\n<p>Como fabricante de aerogeneradores, Nordex Group se abastece de productos y servicios de numerosos proveedores de todo el mundo y genera una parte importante de su valor a\u00f1adido antes de la producci\u00f3n. La organizaci\u00f3n de sourcing global y regional garantiza que los materiales y servicios se adquieren y contratan de acuerdo con la estrategia corporativa. La mayor\u00eda de nuestras actividades de compra se centran en Alemania, Espa\u00f1a, China, Estados Unidos, Brasil e India. Nuestros equipos est\u00e1n especializados en una amplia gama de componentes y servicios. Son responsables de la gesti\u00f3n de proveedores y grupos de materiales, de la gesti\u00f3n diaria de materiales y servicios, de la realizaci\u00f3n de pedidos y del seguimiento de las entregas.<\/p>\n<\/div>\n<\/div>\n\n\n\n<div class=\"wp-block-nordex-heading is-style-underline nordex-heading wp-block-columns has-4-columns\"><div class=\"nordex-heading__chapter wp-block-column\"><span class=\"nordex-heading__chapter-title\">02<\/span><span class=\"nordex-heading__chapter-subtitle\">03<\/span><\/div><div class=\"nordex-heading__heading wp-block-column\"><h3 class=\"nordex-heading__heading-title\">COMPRAS RESPONSABLES<\/h3><\/div><div class=\"nordex-heading__subhead wp-block-column\"><p class=\"nordex-heading__subhead-title\"><\/p><\/div><div class=\"nordex-heading__button wp-block-column\"><\/div><\/div>\n\n\n\n<div class=\"wp-block-columns is-layout-flex wp-container-core-columns-is-layout-28f84493 wp-block-columns-is-layout-flex\">\n<div class=\"wp-block-column is-vertically-aligned-center is-layout-flow wp-block-column-is-layout-flow\" style=\"flex-basis:33.33%\">\n<h3 class=\"wp-block-heading has-grey-65-color has-text-color\" id=\"h-esperamos-integridad-y-una-conducta-etica-adecuada-en-toda-nuestra-cadena-de-suministro\">ESPERAMOS INTEGRIDAD Y UNA CONDUCTA \u00c9TICA ADECUADA EN TODA NUESTRA CADENA DE SUMINISTRO.<\/h3>\n<\/div>\n\n\n\n<div class=\"wp-block-column is-vertically-aligned-center is-layout-flow wp-block-column-is-layout-flow\" style=\"flex-basis:66.66%\">\n<p>Nordex Group adopta un enfoque hol\u00edstico de la sostenibilidad y, en el marco de su Estrategia de Sostenibilidad 2025, se propone seguir promoviendo una conducta empresarial responsable y \u00e9tica en toda la cadena de suministro y tener m\u00e1s en cuenta las cuestiones y los riesgos ESG (ambientales, sociales y de gobernanza) a la hora de tomar decisiones. Para nosotros, es fundamental que las normas ambientales y sociales se respeten tambi\u00e9n en la cadena de suministro. Esta mentalidad es un requisito fundamental en nuestra elecci\u00f3n de proveedores.<\/p>\n<\/div>\n<\/div>\n\n\n\n<p><strong>C\u00d3DIGO DE CONDUCTA PARA CONTRATISTAS Y PROVEEDORES Y SUPPLIER MANUAL<\/strong><br>Esperamos de nuestros contratistas y proveedores que se comporten con integridad, \u00e9tica y de acuerdo con la ley durante toda nuestra relaci\u00f3n comercial. Prohibimos expresamente cualquier forma de trabajo infantil o forzado, discriminaci\u00f3n, acoso o represalias. El <a href=\"https:\/\/www.nordex-online.com\/wp-content\/uploads\/sites\/4\/2024\/11\/112024_Nordex-Group-Supplier-Code-of-Conduct_EN.pdf\" target=\"_blank\" rel=\"noreferrer noopener\">C\u00f3digo de Conducta de los Proveedores de Nordex Group<\/a>, el <a href=\"https:\/\/www.nordex-online.com\/wp-content\/uploads\/sites\/2\/2025\/05\/Nordex-Supplier-Manual_EN_v1.2.pdf\" target=\"_blank\" rel=\"noreferrer noopener\">Supplier Manual de Nordex Group<\/a> as\u00ed como los principios de la iniciativa del Pacto Mundial de las Naciones Unidas sobre derechos humanos, condiciones de trabajo, protecci\u00f3n del medio ambiente y lucha contra la corrupci\u00f3n, sirven de referencia com\u00fan. Antes de iniciar cualquier tipo de colaboraci\u00f3n, nuestros proveedores deben comprometerse y firmar el C\u00f3digo de Conducta de Nordex. Los empleados de nuestros socios comerciales pueden denunciar cualquier infracci\u00f3n de cumplimiento relativa a las actividades comerciales de Nordex Group a trav\u00e9s del <a href=\"https:\/\/nordex.whistleblowernetwork.net\/frontpage\" target=\"_blank\" rel=\"noreferrer noopener\">Sistema de denuncias \u201cnotify!\u201d<\/a>.<\/p>\n\n\n\n<div class=\"wp-block-columns is-layout-flex wp-container-core-columns-is-layout-28f84493 wp-block-columns-is-layout-flex\">\n<div class=\"wp-block-column is-layout-flow wp-block-column-is-layout-flow\">\n<p><strong>CONDICIONES GENERALES DE COMPRA PARA PROVEEDORES<\/strong><br>Nordex impone requisitos espec\u00edficos a los proveedores y a la formulaci\u00f3n de contratos. Estos requisitos se definen en las Condiciones Generales de Compra para Proveedores que se enlazan a continuaci\u00f3n, que han sido elaboradas de forma espec\u00edfica para cada pa\u00eds.<\/p>\n\n\n\n<p><strong>ESPECIFICACI\u00d3N LOG\u00cdSTICA EST\u00c1NDAR<\/strong><br>La selecci\u00f3n, el dise\u00f1o y la fabricaci\u00f3n adecuados del embalaje para los componentes de Nordex Group tiene gran importancia para garantizar un transporte sin da\u00f1os desde los centros de producci\u00f3n de nuestros proveedores hasta los respectivos puntos de entrega de Nordex Group, as\u00ed como para un almacenamiento seguro. El embalaje debe cumplir ciertos requisitos mec\u00e1nicos, clim\u00e1ticos, biol\u00f3gicos, qu\u00edmicos y de sostenibilidad durante su transporte, manipulaci\u00f3n y almacenamiento. El documento <a href=\"https:\/\/www.nordex-online.com\/wp-content\/uploads\/sites\/4\/2025\/12\/2001018EN-06_EN_LOG-SPEC-Standard-Packaging.pdf\" target=\"_blank\" rel=\"noreferrer noopener\">Log Spec Standard Packaging<\/a> es v\u00e1lido para todas las entregas de Nordex Nacelle y Nordex Service. Es de aplicaci\u00f3n a todos los componentes para los que no existe una especificaci\u00f3n log\u00edstica concreta. Si existe una especificaci\u00f3n log\u00edstica concreta para un componente concreto, deber\u00e1 respetarse dicha especificaci\u00f3n.<\/p>\n<\/div>\n\n\n\n<div class=\"wp-block-column is-layout-flow wp-block-column-is-layout-flow\">\n<div class=\"wp-block-nordex-tabs is-style-no-background nordex-tabs\"><h2 class=\"nordex-tabs__title\">CONDICIONES DE COMPRA<\/h2><div class=\"nordex-tabs__content\"><div class=\"nordex-tab\"><div class=\"nordex-tab__header\"><h3 class=\"nordex-tab__title\">Proveedores con sede en Alemania<\/h3><div class=\"nordex-tab__header-line\"><div class=\"nordex-tab__spacer\"><\/div><i class=\"nordex-tab__icon\"><\/i><\/div><\/div><div class=\"nordex-tab__content\"><p><a href=\"https:\/\/www.nordex-online.com\/wp-content\/uploads\/sites\/4\/2024\/06\/April-2024_NX-GPCs_GSCs_Contractors-based-in-Germany_English.pdf\" target=\"_blank\" rel=\"noreferrer noopener\">Condiciones generales de compra para la contrataci\u00f3n de suministros y servicios para proveedores con sede en Alemania (ENG)<\/a><\/p><\/div><\/div><div class=\"nordex-tab\"><div class=\"nordex-tab__header\"><h3 class=\"nordex-tab__title\">Proveedores con sede en Espa\u00f1a<\/h3><div class=\"nordex-tab__header-line\"><div class=\"nordex-tab__spacer\"><\/div><i class=\"nordex-tab__icon\"><\/i><\/div><\/div><div class=\"nordex-tab__content\"><p><a href=\"https:\/\/www.nordex-online.com\/wp-content\/uploads\/sites\/4\/2024\/06\/April-2024_NX-GPCs_GSCs_Contractors-based-in-Spain_English.pdf\" target=\"_blank\" rel=\"noreferrer noopener\">Condiciones generales de compra para la contrataci\u00f3n de suministros y servicios para proveedores con sede en Espa\u00f1a (ENG)<\/a><\/p><\/div><\/div><div class=\"nordex-tab\"><div class=\"nordex-tab__header\"><h3 class=\"nordex-tab__title\">Proveedores con sede fuera de Alemania y Espa\u00f1a<\/h3><div class=\"nordex-tab__header-line\"><div class=\"nordex-tab__spacer\"><\/div><i class=\"nordex-tab__icon\"><\/i><\/div><\/div><div class=\"nordex-tab__content\"><p><a href=\"https:\/\/www.nordex-online.com\/wp-content\/uploads\/sites\/4\/2024\/06\/April-2024_NX-GPCs_GSCs_Contractors-based-out-of-Germany_Spain_English.pdf\" target=\"_blank\" rel=\"noreferrer noopener\">Condiciones generales de compra para la contrataci\u00f3n de suministros y servicios para proveedores con sede fuera de Alemania y Espa\u00f1a (ENG)<\/a><\/p><\/div><\/div><\/div><\/div>\n<\/div>\n<\/div>\n\n\n\n<p>Los documentos proporcionados en el sitio web tienen \u00fanicamente car\u00e1cter informativo. Las bases de cualquier colaboraci\u00f3n ser\u00e1n siempre los documentos v\u00e1lidos intercambiados directamente entre Nordex Group y el proveedor.<\/p>\n\n\n\n<div class=\"wp-block-columns is-layout-flex wp-container-core-columns-is-layout-28f84493 wp-block-columns-is-layout-flex\">\n<div class=\"wp-block-column is-vertically-aligned-center is-layout-flow wp-block-column-is-layout-flow\" style=\"flex-basis:66.66%\"><\/div>\n<\/div>\n\n\n\n<div class=\"wp-block-nordex-heading is-style-underline nordex-heading wp-block-columns has-4-columns\"><div class=\"nordex-heading__chapter wp-block-column\"><span class=\"nordex-heading__chapter-title\">03<\/span><span class=\"nordex-heading__chapter-subtitle\">03<\/span><\/div><div class=\"nordex-heading__heading wp-block-column\"><h3 class=\"nordex-heading__heading-title\">M\u00c1S INFORMACI\u00d3N\u00a0<\/h3><\/div><div class=\"nordex-heading__subhead wp-block-column\"><p class=\"nordex-heading__subhead-title\"><\/p><\/div><div class=\"nordex-heading__button wp-block-column\"><\/div><\/div>\n\n\n\n<div class=\"wp-block-columns is-layout-flex wp-container-core-columns-is-layout-28f84493 wp-block-columns-is-layout-flex\">\n<div class=\"wp-block-column is-layout-flow wp-block-column-is-layout-flow\">\n<div class=\"wp-block-nordex-tile wp-block-nordex-tile--portrait\"><a class=\"wp-block-nordex-tile__button\" href=\"https:\/\/www.nordex-online.com\/es\/empresa\/\"><div class=\"wp-block-nordex-tile__image\" style=\"background-image:url(https:\/\/www.nordex-online.com\/wp-content\/uploads\/sites\/3\/2021\/01\/Header_Still_Company_11UMertens-400x460.png)\"><\/div><p class=\"wp-block-nordex-tile__title\">EMPRESA<\/p><p class=\"wp-block-button is-style-underline\"><span class=\"wp-block-button__link\">M\u00c1S INFORMACI\u00d3N <\/span><\/p><\/a><\/div>\n<\/div>\n\n\n\n<div class=\"wp-block-column is-layout-flow wp-block-column-is-layout-flow\">\n<div class=\"wp-block-nordex-tile wp-block-nordex-tile--portrait\"><a class=\"wp-block-nordex-tile__button\" href=\"https:\/\/www.nordex-online.com\/es\/product\/productos\/\"><div class=\"wp-block-nordex-tile__image\" style=\"background-image:url(https:\/\/www.nordex-online.com\/wp-content\/uploads\/sites\/3\/2022\/06\/04UMertens-400x460.png)\"><\/div><p class=\"wp-block-nordex-tile__title\">PRODUCTOS<\/p><p class=\"wp-block-button is-style-underline\"><span class=\"wp-block-button__link\">M\u00c1S INFORMACI\u00d3N <\/span><\/p><\/a><\/div>\n<\/div>\n\n\n\n<div class=\"wp-block-column is-layout-flow wp-block-column-is-layout-flow\">\n<div class=\"wp-block-nordex-tile wp-block-nordex-tile--portrait\"><a class=\"wp-block-nordex-tile__button\" href=\"https:\/\/www.nordex-online.com\/es\/service\/\"><div class=\"wp-block-nordex-tile__image\" style=\"background-image:url(https:\/\/www.nordex-online.com\/wp-content\/uploads\/sites\/3\/2022\/07\/Service-400x460.png)\"><\/div><p class=\"wp-block-nordex-tile__title\">SERVICE<\/p><p class=\"wp-block-button is-style-underline\"><span class=\"wp-block-button__link\">M\u00c1S INFORMACI\u00d3N <\/span><\/p><\/a><\/div>\n<\/div>\n<\/div>\n","protected":false},"excerpt":{"rendered":"<p>Como fabricante de aerogeneradores, Nordex Group se abastece de productos y servicios de numerosos proveedores de todo el mundo y genera una parte importante de su valor a\u00f1adido antes de la producci\u00f3n. La organizaci\u00f3n de sourcing global y regional garantiza que los materiales y servicios se adquieren y contratan de acuerdo con la estrategia corporativa. [&hellip;]<\/p>\n","protected":false},"author":6,"featured_media":5729,"parent":0,"menu_order":0,"comment_status":"closed","ping_status":"closed","template":"","meta":{"_trash_the_other_posts":false,"editor_notices":[],"footnotes":""},"class_list":["post-5728","page","type-page","status-publish","has-post-thumbnail","hentry"],"yoast_head":"<!-- This site is optimized with the Yoast SEO Premium plugin v27.3 (Yoast SEO v27.3) - https:\/\/yoast.com\/product\/yoast-seo-premium-wordpress\/ -->\n<title>Global Sourcing - Nordex SE - Espa\u00f1ol<\/title>\n<meta name=\"description\" content=\"La organizaci\u00f3n de sourcing global garantiza que los materiales y servicios se adquieren y contratan de acuerdo con la estrategia corporativa.\" \/>\n<meta name=\"robots\" content=\"index, follow, max-snippet:-1, max-image-preview:large, max-video-preview:-1\" \/>\n<link rel=\"canonical\" href=\"https:\/\/www.nordex-online.com\/es\/global-sourcing\/\" \/>\n<meta property=\"og:locale\" content=\"es_ES\" \/>\n<meta property=\"og:type\" content=\"article\" \/>\n<meta property=\"og:title\" content=\"Global Sourcing\" \/>\n<meta property=\"og:description\" content=\"La organizaci\u00f3n de sourcing global garantiza que los materiales y servicios se adquieren y contratan de acuerdo con la estrategia corporativa.\" \/>\n<meta property=\"og:url\" content=\"https:\/\/www.nordex-online.com\/es\/global-sourcing\/\" \/>\n<meta property=\"og:site_name\" content=\"Nordex SE - Espa\u00f1ol\" \/>\n<meta property=\"article:modified_time\" content=\"2025-12-09T12:11:25+00:00\" \/>\n<meta property=\"og:image\" content=\"https:\/\/www.nordex-online.com\/wp-content\/uploads\/sites\/4\/2022\/09\/UMertens_211207_194-scaled.jpg\" \/>\n\t<meta property=\"og:image:width\" content=\"2560\" \/>\n\t<meta property=\"og:image:height\" content=\"1705\" \/>\n\t<meta property=\"og:image:type\" content=\"image\/jpeg\" \/>\n<meta name=\"twitter:card\" content=\"summary_large_image\" \/>\n<meta name=\"twitter:label1\" content=\"Tiempo de lectura\" \/>\n\t<meta name=\"twitter:data1\" content=\"4 minutos\" \/>\n<script type=\"application\/ld+json\" class=\"yoast-schema-graph\">{\"@context\":\"https:\\\/\\\/schema.org\",\"@graph\":[{\"@type\":\"WebPage\",\"@id\":\"https:\\\/\\\/www.nordex-online.com\\\/es\\\/global-sourcing\\\/\",\"url\":\"https:\\\/\\\/www.nordex-online.com\\\/es\\\/global-sourcing\\\/\",\"name\":\"Global Sourcing - Nordex SE - Espa\u00f1ol\",\"isPartOf\":{\"@id\":\"https:\\\/\\\/www.nordex-online.com\\\/es\\\/#website\"},\"primaryImageOfPage\":{\"@id\":\"https:\\\/\\\/www.nordex-online.com\\\/es\\\/global-sourcing\\\/#primaryimage\"},\"image\":{\"@id\":\"https:\\\/\\\/www.nordex-online.com\\\/es\\\/global-sourcing\\\/#primaryimage\"},\"thumbnailUrl\":\"https:\\\/\\\/www.nordex-online.com\\\/wp-content\\\/uploads\\\/sites\\\/4\\\/2022\\\/09\\\/UMertens_211207_194-scaled.jpg\",\"datePublished\":\"2022-09-05T15:10:49+00:00\",\"dateModified\":\"2025-12-09T12:11:25+00:00\",\"description\":\"La organizaci\u00f3n de sourcing global garantiza que los materiales y servicios se adquieren y contratan de acuerdo con la estrategia corporativa.\",\"breadcrumb\":{\"@id\":\"https:\\\/\\\/www.nordex-online.com\\\/es\\\/global-sourcing\\\/#breadcrumb\"},\"inLanguage\":\"es\",\"potentialAction\":[{\"@type\":\"ReadAction\",\"target\":[\"https:\\\/\\\/www.nordex-online.com\\\/es\\\/global-sourcing\\\/\"]}]},{\"@type\":\"ImageObject\",\"inLanguage\":\"es\",\"@id\":\"https:\\\/\\\/www.nordex-online.com\\\/es\\\/global-sourcing\\\/#primaryimage\",\"url\":\"https:\\\/\\\/www.nordex-online.com\\\/wp-content\\\/uploads\\\/sites\\\/4\\\/2022\\\/09\\\/UMertens_211207_194-scaled.jpg\",\"contentUrl\":\"https:\\\/\\\/www.nordex-online.com\\\/wp-content\\\/uploads\\\/sites\\\/4\\\/2022\\\/09\\\/UMertens_211207_194-scaled.jpg\",\"width\":2560,\"height\":1705,\"caption\":\"Azimutdrehverbindung, Nordex Produktion in Rostock, Halle auf dem DMR Gel\u00e4nde (Diesel Motoren Rostock)\"},{\"@type\":\"BreadcrumbList\",\"@id\":\"https:\\\/\\\/www.nordex-online.com\\\/es\\\/global-sourcing\\\/#breadcrumb\",\"itemListElement\":[{\"@type\":\"ListItem\",\"position\":1,\"name\":\"Home\",\"item\":\"https:\\\/\\\/www.nordex-online.com\\\/es\\\/\"},{\"@type\":\"ListItem\",\"position\":2,\"name\":\"Global Sourcing\"}]},{\"@type\":\"WebSite\",\"@id\":\"https:\\\/\\\/www.nordex-online.com\\\/es\\\/#website\",\"url\":\"https:\\\/\\\/www.nordex-online.com\\\/es\\\/\",\"name\":\"Nordex SE - Espa\u00f1ol\",\"description\":\"Manufacture, installation and maintenance of wind turbines.\",\"publisher\":{\"@id\":\"https:\\\/\\\/www.nordex-online.com\\\/es\\\/#organization\"},\"potentialAction\":[{\"@type\":\"SearchAction\",\"target\":{\"@type\":\"EntryPoint\",\"urlTemplate\":\"https:\\\/\\\/www.nordex-online.com\\\/es\\\/?s={search_term_string}\"},\"query-input\":{\"@type\":\"PropertyValueSpecification\",\"valueRequired\":true,\"valueName\":\"search_term_string\"}}],\"inLanguage\":\"es\"},{\"@type\":\"Organization\",\"@id\":\"https:\\\/\\\/www.nordex-online.com\\\/es\\\/#organization\",\"name\":\"Nordex SE - Espa\u00f1ol\",\"url\":\"https:\\\/\\\/www.nordex-online.com\\\/es\\\/\",\"logo\":{\"@type\":\"ImageObject\",\"inLanguage\":\"es\",\"@id\":\"https:\\\/\\\/www.nordex-online.com\\\/es\\\/#\\\/schema\\\/logo\\\/image\\\/\",\"url\":\"https:\\\/\\\/www.nordex-online.com\\\/wp-content\\\/uploads\\\/sites\\\/4\\\/2024\\\/07\\\/cropped-cropped-Combined-Logos_cmyk_PNG.png\",\"contentUrl\":\"https:\\\/\\\/www.nordex-online.com\\\/wp-content\\\/uploads\\\/sites\\\/4\\\/2024\\\/07\\\/cropped-cropped-Combined-Logos_cmyk_PNG.png\",\"width\":1181,\"height\":353,\"caption\":\"Nordex SE - Espa\u00f1ol\"},\"image\":{\"@id\":\"https:\\\/\\\/www.nordex-online.com\\\/es\\\/#\\\/schema\\\/logo\\\/image\\\/\"}}]}<\/script>\n<!-- \/ Yoast SEO Premium plugin. -->","yoast_head_json":{"title":"Global Sourcing - Nordex SE - Espa\u00f1ol","description":"La organizaci\u00f3n de sourcing global garantiza que los materiales y servicios se adquieren y contratan de acuerdo con la estrategia corporativa.","robots":{"index":"index","follow":"follow","max-snippet":"max-snippet:-1","max-image-preview":"max-image-preview:large","max-video-preview":"max-video-preview:-1"},"canonical":"https:\/\/www.nordex-online.com\/es\/global-sourcing\/","og_locale":"es_ES","og_type":"article","og_title":"Global Sourcing","og_description":"La organizaci\u00f3n de sourcing global garantiza que los materiales y servicios se adquieren y contratan de acuerdo con la estrategia corporativa.","og_url":"https:\/\/www.nordex-online.com\/es\/global-sourcing\/","og_site_name":"Nordex SE - Espa\u00f1ol","article_modified_time":"2025-12-09T12:11:25+00:00","og_image":[{"width":2560,"height":1705,"url":"https:\/\/www.nordex-online.com\/wp-content\/uploads\/sites\/4\/2022\/09\/UMertens_211207_194-scaled.jpg","type":"image\/jpeg"}],"twitter_card":"summary_large_image","twitter_misc":{"Tiempo de lectura":"4 minutos"},"schema":{"@context":"https:\/\/schema.org","@graph":[{"@type":"WebPage","@id":"https:\/\/www.nordex-online.com\/es\/global-sourcing\/","url":"https:\/\/www.nordex-online.com\/es\/global-sourcing\/","name":"Global Sourcing - Nordex SE - Espa\u00f1ol","isPartOf":{"@id":"https:\/\/www.nordex-online.com\/es\/#website"},"primaryImageOfPage":{"@id":"https:\/\/www.nordex-online.com\/es\/global-sourcing\/#primaryimage"},"image":{"@id":"https:\/\/www.nordex-online.com\/es\/global-sourcing\/#primaryimage"},"thumbnailUrl":"https:\/\/www.nordex-online.com\/wp-content\/uploads\/sites\/4\/2022\/09\/UMertens_211207_194-scaled.jpg","datePublished":"2022-09-05T15:10:49+00:00","dateModified":"2025-12-09T12:11:25+00:00","description":"La organizaci\u00f3n de sourcing global garantiza que los materiales y servicios se adquieren y contratan de acuerdo con la estrategia corporativa.","breadcrumb":{"@id":"https:\/\/www.nordex-online.com\/es\/global-sourcing\/#breadcrumb"},"inLanguage":"es","potentialAction":[{"@type":"ReadAction","target":["https:\/\/www.nordex-online.com\/es\/global-sourcing\/"]}]},{"@type":"ImageObject","inLanguage":"es","@id":"https:\/\/www.nordex-online.com\/es\/global-sourcing\/#primaryimage","url":"https:\/\/www.nordex-online.com\/wp-content\/uploads\/sites\/4\/2022\/09\/UMertens_211207_194-scaled.jpg","contentUrl":"https:\/\/www.nordex-online.com\/wp-content\/uploads\/sites\/4\/2022\/09\/UMertens_211207_194-scaled.jpg","width":2560,"height":1705,"caption":"Azimutdrehverbindung, Nordex Produktion in Rostock, Halle auf dem DMR Gel\u00e4nde (Diesel Motoren Rostock)"},{"@type":"BreadcrumbList","@id":"https:\/\/www.nordex-online.com\/es\/global-sourcing\/#breadcrumb","itemListElement":[{"@type":"ListItem","position":1,"name":"Home","item":"https:\/\/www.nordex-online.com\/es\/"},{"@type":"ListItem","position":2,"name":"Global Sourcing"}]},{"@type":"WebSite","@id":"https:\/\/www.nordex-online.com\/es\/#website","url":"https:\/\/www.nordex-online.com\/es\/","name":"Nordex SE - Espa\u00f1ol","description":"Manufacture, installation and maintenance of wind turbines.","publisher":{"@id":"https:\/\/www.nordex-online.com\/es\/#organization"},"potentialAction":[{"@type":"SearchAction","target":{"@type":"EntryPoint","urlTemplate":"https:\/\/www.nordex-online.com\/es\/?s={search_term_string}"},"query-input":{"@type":"PropertyValueSpecification","valueRequired":true,"valueName":"search_term_string"}}],"inLanguage":"es"},{"@type":"Organization","@id":"https:\/\/www.nordex-online.com\/es\/#organization","name":"Nordex SE - Espa\u00f1ol","url":"https:\/\/www.nordex-online.com\/es\/","logo":{"@type":"ImageObject","inLanguage":"es","@id":"https:\/\/www.nordex-online.com\/es\/#\/schema\/logo\/image\/","url":"https:\/\/www.nordex-online.com\/wp-content\/uploads\/sites\/4\/2024\/07\/cropped-cropped-Combined-Logos_cmyk_PNG.png","contentUrl":"https:\/\/www.nordex-online.com\/wp-content\/uploads\/sites\/4\/2024\/07\/cropped-cropped-Combined-Logos_cmyk_PNG.png","width":1181,"height":353,"caption":"Nordex SE - Espa\u00f1ol"},"image":{"@id":"https:\/\/www.nordex-online.com\/es\/#\/schema\/logo\/image\/"}}]}},"_links":{"self":[{"href":"https:\/\/www.nordex-online.com\/es\/wp-json\/wp\/v2\/pages\/5728","targetHints":{"allow":["GET"]}}],"collection":[{"href":"https:\/\/www.nordex-online.com\/es\/wp-json\/wp\/v2\/pages"}],"about":[{"href":"https:\/\/www.nordex-online.com\/es\/wp-json\/wp\/v2\/types\/page"}],"author":[{"embeddable":true,"href":"https:\/\/www.nordex-online.com\/es\/wp-json\/wp\/v2\/users\/6"}],"replies":[{"embeddable":true,"href":"https:\/\/www.nordex-online.com\/es\/wp-json\/wp\/v2\/comments?post=5728"}],"version-history":[{"count":15,"href":"https:\/\/www.nordex-online.com\/es\/wp-json\/wp\/v2\/pages\/5728\/revisions"}],"predecessor-version":[{"id":37345,"href":"https:\/\/www.nordex-online.com\/es\/wp-json\/wp\/v2\/pages\/5728\/revisions\/37345"}],"wp:featuredmedia":[{"embeddable":true,"href":"https:\/\/www.nordex-online.com\/es\/wp-json\/wp\/v2\/media\/5729"}],"wp:attachment":[{"href":"https:\/\/www.nordex-online.com\/es\/wp-json\/wp\/v2\/media?parent=5728"}],"curies":[{"name":"wp","href":"https:\/\/api.w.org\/{rel}","templated":true}]}}