{"id":5278,"date":"2022-03-28T22:27:25","date_gmt":"2022-03-28T22:27:25","guid":{"rendered":"https:\/\/www.nordex-online.com\/es\/?page_id=5278"},"modified":"2025-03-20T15:08:50","modified_gmt":"2025-03-20T15:08:50","slug":"el-reglamento-de-taxonomia-de-la-ue","status":"publish","type":"page","link":"https:\/\/www.nordex-online.com\/es\/el-reglamento-de-taxonomia-de-la-ue\/","title":{"rendered":"El Reglamento de taxonom\u00eda de la UE"},"content":{"rendered":"\n<div class=\"wp-block-cover alignfull is-light\" style=\"min-height:340px;aspect-ratio:unset;\"><span aria-hidden=\"true\" class=\"wp-block-cover__background has-background-dim-10 has-background-dim\"><\/span><video class=\"wp-block-cover__video-background intrinsic-ignore\" autoplay muted loop playsinline src=\"https:\/\/www.nordex-online.com\/wp-content\/uploads\/sites\/2\/2022\/03\/Header-Website-26.mp4\" data-object-fit=\"cover\"><\/video><div class=\"wp-block-cover__inner-container is-layout-flow wp-block-cover-is-layout-flow\">\n<p class=\"has-text-align-center has-white-color has-text-color has-large-font-size\">EL REGLAMENTO DE TAXONOM\u00cdA DE LA UE<\/p>\n<\/div><\/div>\n\n\n\n<div class=\"wp-block-nordex-heading is-style-underline nordex-heading wp-block-columns has-4-columns\"><div class=\"nordex-heading__chapter wp-block-column\"><span class=\"nordex-heading__chapter-title\">01<\/span><span class=\"nordex-heading__chapter-subtitle\">05<\/span><\/div><div class=\"nordex-heading__heading wp-block-column\"><h3 class=\"nordex-heading__heading-title\">TAXONOM\u00cdA DE LA UE DE UN VISTAZO<\/h3><\/div><div class=\"nordex-heading__subhead wp-block-column\"><p class=\"nordex-heading__subhead-title\"><\/p><\/div><div class=\"nordex-heading__button wp-block-column\"><\/div><\/div>\n\n\n\n<div class=\"wp-block-columns is-layout-flex wp-container-core-columns-is-layout-28f84493 wp-block-columns-is-layout-flex\">\n<div class=\"wp-block-column is-vertically-aligned-center is-layout-flow wp-block-column-is-layout-flow\" style=\"flex-basis:33.33%\">\n<figure class=\"wp-block-image size-large is-style-default\"><img decoding=\"async\" src=\"https:\/\/www.nordex-online.com\/wp-content\/uploads\/sites\/2\/2022\/03\/JOE100717_034_Germinon-1024x681.jpg\" alt=\"\" class=\"wp-image-13117\"\/><\/figure>\n<\/div>\n\n\n\n<div class=\"wp-block-column is-layout-flow wp-block-column-is-layout-flow\" style=\"flex-basis:66.66%\">\n<p>El pacto verde de la UE establece el ambicioso objetivo de lograr la neutralidad de CO<sub>2<\/sub> en Europa de aqu\u00ed a 2050. Para lograrlo, la Comisi\u00f3n ha definido una serie de medidas enmarcadas en el plan \u201cFinanzas Sostenibles\u201d para canalizar los flujos de capital hacia actividades ambientalmente sostenibles. Un elemento central del plan es el Reglamento de Taxonom\u00eda de la UE 2020\/852 (Reglamento de Taxonom\u00eda), que incluye un sistema de clasificaci\u00f3n unificado y legalmente vinculante para clasificar las actividades econ\u00f3micas como ambientalmente sostenibles (alineadas con la taxonom\u00eda).<\/p>\n\n\n\n<p>En primer lugar, las empresas tienen que determinar qu\u00e9 actividades se consideran aptas para la Taxonom\u00eda, es decir, que est\u00e1n descritas en los actos delegados de la Comisi\u00f3n y, por tanto, contribuyen potencialmente al menos a uno de los objetivos medioambientales, representados en la siguiente figura. Las actividades elegibles est\u00e1n en l\u00ednea con la Taxonom\u00eda y, por tanto, se clasifican como ambientalmente sostenibles si contribuyen de forma sustancial a al menos uno de los objetivos medioambientales y, al mismo tiempo, no perjudican de forma significativa a ninguno de los dem\u00e1s objetivos medioambientales y cumplen las Salvaguardias M\u00ednimas de conformidad con el Reglamento (UE) 2020\/852.<\/p>\n<\/div>\n<\/div>\n\n\n\n<div class=\"wp-block-columns is-layout-flex wp-container-core-columns-is-layout-28f84493 wp-block-columns-is-layout-flex\">\n<div class=\"wp-block-column is-layout-flow wp-block-column-is-layout-flow\" style=\"flex-basis:5%\"><\/div>\n\n\n\n<div class=\"wp-block-column is-layout-flow wp-block-column-is-layout-flow\" style=\"flex-basis:90%\">\n<figure class=\"wp-block-image size-large\"><a href=\"https:\/\/www.nordex-online.com\/wp-content\/uploads\/sites\/4\/2025\/03\/taxonomy-EN-1-1.png\"><img loading=\"lazy\" decoding=\"async\" width=\"1024\" height=\"617\" src=\"https:\/\/www.nordex-online.com\/wp-content\/uploads\/sites\/4\/2025\/03\/taxonomy-EN-1-1-1024x617.png\" alt=\"\" class=\"wp-image-35674\" srcset=\"https:\/\/www.nordex-online.com\/wp-content\/uploads\/sites\/4\/2025\/03\/taxonomy-EN-1-1-1024x617.png 1024w, https:\/\/www.nordex-online.com\/wp-content\/uploads\/sites\/4\/2025\/03\/taxonomy-EN-1-1-300x181.png 300w, https:\/\/www.nordex-online.com\/wp-content\/uploads\/sites\/4\/2025\/03\/taxonomy-EN-1-1-768x463.png 768w, https:\/\/www.nordex-online.com\/wp-content\/uploads\/sites\/4\/2025\/03\/taxonomy-EN-1-1-1536x926.png 1536w, https:\/\/www.nordex-online.com\/wp-content\/uploads\/sites\/4\/2025\/03\/taxonomy-EN-1-1-2048x1234.png 2048w\" sizes=\"auto, (max-width: 1024px) 100vw, 1024px\" \/><\/a><\/figure>\n<\/div>\n\n\n\n<div class=\"wp-block-column is-layout-flow wp-block-column-is-layout-flow\" style=\"flex-basis:5%\"><\/div>\n<\/div>\n\n\n\n<div class=\"wp-block-nordex-heading is-style-underline nordex-heading wp-block-columns has-4-columns\"><div class=\"nordex-heading__chapter wp-block-column\"><span class=\"nordex-heading__chapter-title\">02<\/span><span class=\"nordex-heading__chapter-subtitle\">05<\/span><\/div><div class=\"nordex-heading__heading wp-block-column\"><h3 class=\"nordex-heading__heading-title\">EVALUACI\u00d3N DE LA APTITUD PARA LA TAXONOM\u00cdA<\/h3><\/div><div class=\"nordex-heading__subhead wp-block-column\"><p class=\"nordex-heading__subhead-title\"><\/p><\/div><div class=\"nordex-heading__button wp-block-column\"><\/div><\/div>\n\n\n\n<p>Hemos identificado nuestras principales actividades econ\u00f3micas como aptas. Nuestras actividades econ\u00f3micas contribuyen al primer objetivo medioambiental, \u201cMitigaci\u00f3n del cambio clim\u00e1tico (MCC)\u201d.<br>En el segundo objetivo medioambiental, \u00abAdaptaci\u00f3n al cambio clim\u00e1tico (ACC)\u00bb, no revelamos ninguna actividad que pueda ser apta para la Taxonom\u00eda, ya que no generamos volumen de negocio a partir de actividades de capacitaci\u00f3n y no hemos identificado ning\u00fan CapEx (u OpEx) independiente que contribuya espec\u00edficamente a la adaptaci\u00f3n al cambio clim\u00e1tico. As\u00ed pues, todos los gastos de capital y operativos asociados a nuestras actividades aptas se declaran como aptas \u00fanicamente en el marco de la MCC. Nordex Group no realiza actividades econ\u00f3micas que entren en el \u00e1mbito de aplicaci\u00f3n de la Ley Delegada de Medio Ambiente, que cubre otros objetivos medioambientales no relacionados con el clima. Para nuestra actividad principal, dos de las actividades econ\u00f3micas enumeradas actualmente en el Reglamento de Taxonom\u00eda (anexo I del Reglamento Delegado (UE) 2021\/2139) son pertinentes (aptas para la Taxonom\u00eda) para el objetivo medioambiental \u00abMitigaci\u00f3n del cambio clim\u00e1tico\u00bb:<\/p>\n\n\n\n<ul class=\"wp-block-list\">\n<li>Fabricaci\u00f3n de tecnolog\u00edas de energ\u00edas renovables (3.1)<\/li>\n\n\n\n<li>Generaci\u00f3n de electricidad a partir de energ\u00eda e\u00f3lica (4.3)<\/li>\n<\/ul>\n\n\n\n<div class=\"wp-block-nordex-heading is-style-underline nordex-heading wp-block-columns has-4-columns\"><div class=\"nordex-heading__chapter wp-block-column\"><span class=\"nordex-heading__chapter-title\">03<\/span><span class=\"nordex-heading__chapter-subtitle\">05<\/span><\/div><div class=\"nordex-heading__heading wp-block-column\"><h3 class=\"nordex-heading__heading-title\">EVALUACI\u00d3N DE LA ALINEACI\u00d3N TAXON\u00d3MICA<\/h3><\/div><div class=\"nordex-heading__subhead wp-block-column\"><p class=\"nordex-heading__subhead-title\"><\/p><\/div><div class=\"nordex-heading__button wp-block-column\"><\/div><\/div>\n\n\n\n<p>Aunque contamos con procesos y procedimientos adecuados para garantizar el cumplimiento de los requisitos de las Salvaguardias M\u00ednimas, no detectamos ninguna infracci\u00f3n de los mismos en ninguna de nuestras actividades. Adem\u00e1s, nuestras actividades pertinentes al volumen de negocio \u201cFabricaci\u00f3n de tecnolog\u00edas de energ\u00edas renovables\u201d (3.1) y \u201cGeneraci\u00f3n de electricidad a partir de energ\u00eda e\u00f3lica\u201d (4.3) cumplen los criterios de selecci\u00f3n t\u00e9cnica aplicables (contribuci\u00f3n sustancial y criterios DNSH) y, por tanto, se consideran alineadas con la taxonom\u00eda.<\/p>\n\n\n\n<div class=\"wp-block-nordex-heading is-style-underline nordex-heading wp-block-columns has-4-columns\"><div class=\"nordex-heading__chapter wp-block-column\"><span class=\"nordex-heading__chapter-title\">04<\/span><span class=\"nordex-heading__chapter-subtitle\">05<\/span><\/div><div class=\"nordex-heading__heading wp-block-column\"><h3 class=\"nordex-heading__heading-title\">NUESTROS KPI<\/h3><\/div><div class=\"nordex-heading__subhead wp-block-column\"><p class=\"nordex-heading__subhead-title\"><\/p><\/div><div class=\"nordex-heading__button wp-block-column\"><\/div><\/div>\n\n\n\n<p>De acuerdo con el Reglamento de Taxonom\u00eda, Nordex Group publica tres cifras clave para las actividades econ\u00f3micas que se consideran sostenibles desde el punto de vista medioambiental: cuota de ingresos (volumen de negocio), gastos de explotaci\u00f3n (OpEx) y gastos de capital (CapEx).<\/p>\n\n\n\n<div class=\"wp-block-columns is-layout-flex wp-container-core-columns-is-layout-28f84493 wp-block-columns-is-layout-flex\">\n<div class=\"wp-block-column is-layout-flow wp-block-column-is-layout-flow\" style=\"flex-basis:5%\"><\/div>\n\n\n\n<div class=\"wp-block-column is-layout-flow wp-block-column-is-layout-flow\" style=\"flex-basis:90%\">\n<figure class=\"wp-block-image size-full\"><a href=\"https:\/\/www.nordex-online.com\/wp-content\/uploads\/sites\/4\/2025\/03\/taxonomy-EN-2.png\"><img loading=\"lazy\" decoding=\"async\" width=\"986\" height=\"347\" src=\"https:\/\/www.nordex-online.com\/wp-content\/uploads\/sites\/4\/2025\/03\/taxonomy-EN-2.png\" alt=\"\" class=\"wp-image-35676\" srcset=\"https:\/\/www.nordex-online.com\/wp-content\/uploads\/sites\/4\/2025\/03\/taxonomy-EN-2.png 986w, https:\/\/www.nordex-online.com\/wp-content\/uploads\/sites\/4\/2025\/03\/taxonomy-EN-2-300x106.png 300w, https:\/\/www.nordex-online.com\/wp-content\/uploads\/sites\/4\/2025\/03\/taxonomy-EN-2-768x270.png 768w\" sizes=\"auto, (max-width: 986px) 100vw, 986px\" \/><\/a><\/figure>\n<\/div>\n\n\n\n<div class=\"wp-block-column is-layout-flow wp-block-column-is-layout-flow\" style=\"flex-basis:5%\"><\/div>\n<\/div>\n\n\n\n<p>Se ofrece un resumen exhaustivo de nuestros informes sobre Taxonom\u00eda en nuestra <a href=\"https:\/\/www.nordex-online.com\/wp-content\/uploads\/sites\/2\/2025\/02\/Annual-Integrated-Report-2024_ENG.pdf#page=164\" target=\"_blank\" rel=\"noreferrer noopener\">Memoria de Sostenibilidad 2024, p\u00e1g. 164 y ss<\/a>.<\/p>\n\n\n\n<div class=\"wp-block-nordex-heading is-style-underline nordex-heading wp-block-columns has-4-columns\"><div class=\"nordex-heading__chapter wp-block-column\"><span class=\"nordex-heading__chapter-title\">05<\/span><span class=\"nordex-heading__chapter-subtitle\">05<\/span><\/div><div class=\"nordex-heading__heading wp-block-column\"><h3 class=\"nordex-heading__heading-title\">M\u00c1S INFORMACI\u00d3N<\/h3><\/div><div class=\"nordex-heading__subhead wp-block-column\"><p class=\"nordex-heading__subhead-title\"><\/p><\/div><div class=\"nordex-heading__button wp-block-column\"><\/div><\/div>\n\n\n\n<div class=\"wp-block-columns is-layout-flex wp-container-core-columns-is-layout-28f84493 wp-block-columns-is-layout-flex\">\n<div class=\"wp-block-column is-layout-flow wp-block-column-is-layout-flow\">\n<div class=\"wp-block-nordex-tile wp-block-nordex-tile--portrait\"><a class=\"wp-block-nordex-tile__button\" href=\"https:\/\/www.nordex-online.com\/es\/productos-sostenibles\/\"><div class=\"wp-block-nordex-tile__image\" style=\"background-image:url(https:\/\/www.nordex-online.com\/wp-content\/uploads\/sites\/4\/2022\/04\/Website-Learn-More-Teaser-6.png)\"><\/div><p class=\"wp-block-nordex-tile__title\">PRODUCTOS SOSTENIBLES<\/p><p class=\"wp-block-button is-style-underline\"><span class=\"wp-block-button__link\">M\u00c1S INFORMACI\u00d3N<\/span><\/p><\/a><\/div>\n<\/div>\n\n\n\n<div class=\"wp-block-column is-layout-flow wp-block-column-is-layout-flow\">\n<div class=\"wp-block-nordex-tile wp-block-nordex-tile--portrait\"><a class=\"wp-block-nordex-tile__button\" href=\"https:\/\/www.nordex-online.com\/es\/social\/\"><div class=\"wp-block-nordex-tile__image\" style=\"background-image:url(https:\/\/www.nordex-online.com\/wp-content\/uploads\/sites\/2\/2022\/03\/Teaser-Social-400x460.jpg)\"><\/div><p class=\"wp-block-nordex-tile__title\">SOCIAL<\/p><p class=\"wp-block-button is-style-underline\"><span class=\"wp-block-button__link\">M\u00c1S INFORMACI\u00d3N<\/span><\/p><\/a><\/div>\n<\/div>\n\n\n\n<div class=\"wp-block-column is-layout-flow wp-block-column-is-layout-flow\">\n<div class=\"wp-block-nordex-tile wp-block-nordex-tile--portrait\"><a class=\"wp-block-nordex-tile__button\" href=\"https:\/\/www.nordex-online.com\/es\/medio-ambiente\/\"><div class=\"wp-block-nordex-tile__image\" style=\"background-image:url(https:\/\/www.nordex-online.com\/wp-content\/uploads\/sites\/2\/2022\/03\/Website-Learn-More-Teaser-3.png)\"><\/div><p class=\"wp-block-nordex-tile__title\">MEDIO AMBIENTE<\/p><p class=\"wp-block-button is-style-underline\"><span class=\"wp-block-button__link\">M\u00c1S INFORMACI\u00d3N<\/span><\/p><\/a><\/div>\n<\/div>\n<\/div>\n","protected":false},"excerpt":{"rendered":"<p>El pacto verde de la UE establece el ambicioso objetivo de lograr la neutralidad de CO2 en Europa de aqu\u00ed a 2050. Para lograrlo, la Comisi\u00f3n ha definido una serie de medidas enmarcadas en el plan \u201cFinanzas Sostenibles\u201d para canalizar los flujos de capital hacia actividades ambientalmente sostenibles. Un elemento central del plan es el [&hellip;]<\/p>\n","protected":false},"author":6,"featured_media":5334,"parent":0,"menu_order":0,"comment_status":"closed","ping_status":"closed","template":"","meta":{"_trash_the_other_posts":false,"editor_notices":[],"footnotes":""},"class_list":["post-5278","page","type-page","status-publish","has-post-thumbnail","hentry"],"yoast_head":"<!-- This site is optimized with the Yoast SEO Premium plugin v27.3 (Yoast SEO v27.3) - https:\/\/yoast.com\/product\/yoast-seo-premium-wordpress\/ -->\n<title>El Reglamento de taxonom\u00eda de la UE - Nordex SE - Espa\u00f1ol<\/title>\n<meta name=\"robots\" content=\"index, follow, max-snippet:-1, max-image-preview:large, max-video-preview:-1\" \/>\n<link rel=\"canonical\" href=\"https:\/\/www.nordex-online.com\/es\/el-reglamento-de-taxonomia-de-la-ue\/\" \/>\n<meta property=\"og:locale\" content=\"es_ES\" \/>\n<meta property=\"og:type\" content=\"article\" \/>\n<meta property=\"og:title\" content=\"El Reglamento de taxonom\u00eda de la UE\" \/>\n<meta property=\"og:description\" content=\"El pacto verde de la UE establece el ambicioso objetivo de lograr la neutralidad de CO2 en Europa de aqu\u00ed a 2050. Para lograrlo, la Comisi\u00f3n ha definido una serie de medidas enmarcadas en el plan \u201cFinanzas Sostenibles\u201d para canalizar los flujos de capital hacia actividades ambientalmente sostenibles. Un elemento central del plan es el [&hellip;]\" \/>\n<meta property=\"og:url\" content=\"https:\/\/www.nordex-online.com\/es\/el-reglamento-de-taxonomia-de-la-ue\/\" \/>\n<meta property=\"og:site_name\" content=\"Nordex SE - Espa\u00f1ol\" \/>\n<meta property=\"article:modified_time\" content=\"2025-03-20T15:08:50+00:00\" \/>\n<meta property=\"og:image\" content=\"https:\/\/www.nordex-online.com\/wp-content\/uploads\/sites\/4\/2022\/03\/Teaser-EU-Taxonomy-Regulation.png\" \/>\n\t<meta property=\"og:image:width\" content=\"387\" \/>\n\t<meta property=\"og:image:height\" content=\"450\" \/>\n\t<meta property=\"og:image:type\" content=\"image\/png\" \/>\n<meta name=\"twitter:card\" content=\"summary_large_image\" \/>\n<meta name=\"twitter:label1\" content=\"Tiempo de lectura\" \/>\n\t<meta name=\"twitter:data1\" content=\"4 minutos\" \/>\n<script type=\"application\/ld+json\" class=\"yoast-schema-graph\">{\"@context\":\"https:\\\/\\\/schema.org\",\"@graph\":[{\"@type\":\"WebPage\",\"@id\":\"https:\\\/\\\/www.nordex-online.com\\\/es\\\/el-reglamento-de-taxonomia-de-la-ue\\\/\",\"url\":\"https:\\\/\\\/www.nordex-online.com\\\/es\\\/el-reglamento-de-taxonomia-de-la-ue\\\/\",\"name\":\"El Reglamento de taxonom\u00eda de la UE - Nordex SE - Espa\u00f1ol\",\"isPartOf\":{\"@id\":\"https:\\\/\\\/www.nordex-online.com\\\/es\\\/#website\"},\"primaryImageOfPage\":{\"@id\":\"https:\\\/\\\/www.nordex-online.com\\\/es\\\/el-reglamento-de-taxonomia-de-la-ue\\\/#primaryimage\"},\"image\":{\"@id\":\"https:\\\/\\\/www.nordex-online.com\\\/es\\\/el-reglamento-de-taxonomia-de-la-ue\\\/#primaryimage\"},\"thumbnailUrl\":\"https:\\\/\\\/www.nordex-online.com\\\/wp-content\\\/uploads\\\/sites\\\/4\\\/2022\\\/03\\\/Teaser-EU-Taxonomy-Regulation.png\",\"datePublished\":\"2022-03-28T22:27:25+00:00\",\"dateModified\":\"2025-03-20T15:08:50+00:00\",\"breadcrumb\":{\"@id\":\"https:\\\/\\\/www.nordex-online.com\\\/es\\\/el-reglamento-de-taxonomia-de-la-ue\\\/#breadcrumb\"},\"inLanguage\":\"es\",\"potentialAction\":[{\"@type\":\"ReadAction\",\"target\":[\"https:\\\/\\\/www.nordex-online.com\\\/es\\\/el-reglamento-de-taxonomia-de-la-ue\\\/\"]}]},{\"@type\":\"ImageObject\",\"inLanguage\":\"es\",\"@id\":\"https:\\\/\\\/www.nordex-online.com\\\/es\\\/el-reglamento-de-taxonomia-de-la-ue\\\/#primaryimage\",\"url\":\"https:\\\/\\\/www.nordex-online.com\\\/wp-content\\\/uploads\\\/sites\\\/4\\\/2022\\\/03\\\/Teaser-EU-Taxonomy-Regulation.png\",\"contentUrl\":\"https:\\\/\\\/www.nordex-online.com\\\/wp-content\\\/uploads\\\/sites\\\/4\\\/2022\\\/03\\\/Teaser-EU-Taxonomy-Regulation.png\",\"width\":387,\"height\":450},{\"@type\":\"BreadcrumbList\",\"@id\":\"https:\\\/\\\/www.nordex-online.com\\\/es\\\/el-reglamento-de-taxonomia-de-la-ue\\\/#breadcrumb\",\"itemListElement\":[{\"@type\":\"ListItem\",\"position\":1,\"name\":\"Home\",\"item\":\"https:\\\/\\\/www.nordex-online.com\\\/es\\\/\"},{\"@type\":\"ListItem\",\"position\":2,\"name\":\"El Reglamento de taxonom\u00eda de la UE\"}]},{\"@type\":\"WebSite\",\"@id\":\"https:\\\/\\\/www.nordex-online.com\\\/es\\\/#website\",\"url\":\"https:\\\/\\\/www.nordex-online.com\\\/es\\\/\",\"name\":\"Nordex SE - Espa\u00f1ol\",\"description\":\"Manufacture, installation and maintenance of wind turbines.\",\"publisher\":{\"@id\":\"https:\\\/\\\/www.nordex-online.com\\\/es\\\/#organization\"},\"potentialAction\":[{\"@type\":\"SearchAction\",\"target\":{\"@type\":\"EntryPoint\",\"urlTemplate\":\"https:\\\/\\\/www.nordex-online.com\\\/es\\\/?s={search_term_string}\"},\"query-input\":{\"@type\":\"PropertyValueSpecification\",\"valueRequired\":true,\"valueName\":\"search_term_string\"}}],\"inLanguage\":\"es\"},{\"@type\":\"Organization\",\"@id\":\"https:\\\/\\\/www.nordex-online.com\\\/es\\\/#organization\",\"name\":\"Nordex SE - Espa\u00f1ol\",\"url\":\"https:\\\/\\\/www.nordex-online.com\\\/es\\\/\",\"logo\":{\"@type\":\"ImageObject\",\"inLanguage\":\"es\",\"@id\":\"https:\\\/\\\/www.nordex-online.com\\\/es\\\/#\\\/schema\\\/logo\\\/image\\\/\",\"url\":\"https:\\\/\\\/www.nordex-online.com\\\/wp-content\\\/uploads\\\/sites\\\/4\\\/2024\\\/07\\\/cropped-cropped-Combined-Logos_cmyk_PNG.png\",\"contentUrl\":\"https:\\\/\\\/www.nordex-online.com\\\/wp-content\\\/uploads\\\/sites\\\/4\\\/2024\\\/07\\\/cropped-cropped-Combined-Logos_cmyk_PNG.png\",\"width\":1181,\"height\":353,\"caption\":\"Nordex SE - Espa\u00f1ol\"},\"image\":{\"@id\":\"https:\\\/\\\/www.nordex-online.com\\\/es\\\/#\\\/schema\\\/logo\\\/image\\\/\"}}]}<\/script>\n<!-- \/ Yoast SEO Premium plugin. -->","yoast_head_json":{"title":"El Reglamento de taxonom\u00eda de la UE - Nordex SE - Espa\u00f1ol","robots":{"index":"index","follow":"follow","max-snippet":"max-snippet:-1","max-image-preview":"max-image-preview:large","max-video-preview":"max-video-preview:-1"},"canonical":"https:\/\/www.nordex-online.com\/es\/el-reglamento-de-taxonomia-de-la-ue\/","og_locale":"es_ES","og_type":"article","og_title":"El Reglamento de taxonom\u00eda de la UE","og_description":"El pacto verde de la UE establece el ambicioso objetivo de lograr la neutralidad de CO2 en Europa de aqu\u00ed a 2050. Para lograrlo, la Comisi\u00f3n ha definido una serie de medidas enmarcadas en el plan \u201cFinanzas Sostenibles\u201d para canalizar los flujos de capital hacia actividades ambientalmente sostenibles. Un elemento central del plan es el [&hellip;]","og_url":"https:\/\/www.nordex-online.com\/es\/el-reglamento-de-taxonomia-de-la-ue\/","og_site_name":"Nordex SE - Espa\u00f1ol","article_modified_time":"2025-03-20T15:08:50+00:00","og_image":[{"width":387,"height":450,"url":"https:\/\/www.nordex-online.com\/wp-content\/uploads\/sites\/4\/2022\/03\/Teaser-EU-Taxonomy-Regulation.png","type":"image\/png"}],"twitter_card":"summary_large_image","twitter_misc":{"Tiempo de lectura":"4 minutos"},"schema":{"@context":"https:\/\/schema.org","@graph":[{"@type":"WebPage","@id":"https:\/\/www.nordex-online.com\/es\/el-reglamento-de-taxonomia-de-la-ue\/","url":"https:\/\/www.nordex-online.com\/es\/el-reglamento-de-taxonomia-de-la-ue\/","name":"El Reglamento de taxonom\u00eda de la UE - Nordex SE - Espa\u00f1ol","isPartOf":{"@id":"https:\/\/www.nordex-online.com\/es\/#website"},"primaryImageOfPage":{"@id":"https:\/\/www.nordex-online.com\/es\/el-reglamento-de-taxonomia-de-la-ue\/#primaryimage"},"image":{"@id":"https:\/\/www.nordex-online.com\/es\/el-reglamento-de-taxonomia-de-la-ue\/#primaryimage"},"thumbnailUrl":"https:\/\/www.nordex-online.com\/wp-content\/uploads\/sites\/4\/2022\/03\/Teaser-EU-Taxonomy-Regulation.png","datePublished":"2022-03-28T22:27:25+00:00","dateModified":"2025-03-20T15:08:50+00:00","breadcrumb":{"@id":"https:\/\/www.nordex-online.com\/es\/el-reglamento-de-taxonomia-de-la-ue\/#breadcrumb"},"inLanguage":"es","potentialAction":[{"@type":"ReadAction","target":["https:\/\/www.nordex-online.com\/es\/el-reglamento-de-taxonomia-de-la-ue\/"]}]},{"@type":"ImageObject","inLanguage":"es","@id":"https:\/\/www.nordex-online.com\/es\/el-reglamento-de-taxonomia-de-la-ue\/#primaryimage","url":"https:\/\/www.nordex-online.com\/wp-content\/uploads\/sites\/4\/2022\/03\/Teaser-EU-Taxonomy-Regulation.png","contentUrl":"https:\/\/www.nordex-online.com\/wp-content\/uploads\/sites\/4\/2022\/03\/Teaser-EU-Taxonomy-Regulation.png","width":387,"height":450},{"@type":"BreadcrumbList","@id":"https:\/\/www.nordex-online.com\/es\/el-reglamento-de-taxonomia-de-la-ue\/#breadcrumb","itemListElement":[{"@type":"ListItem","position":1,"name":"Home","item":"https:\/\/www.nordex-online.com\/es\/"},{"@type":"ListItem","position":2,"name":"El Reglamento de taxonom\u00eda de la UE"}]},{"@type":"WebSite","@id":"https:\/\/www.nordex-online.com\/es\/#website","url":"https:\/\/www.nordex-online.com\/es\/","name":"Nordex SE - Espa\u00f1ol","description":"Manufacture, installation and maintenance of wind turbines.","publisher":{"@id":"https:\/\/www.nordex-online.com\/es\/#organization"},"potentialAction":[{"@type":"SearchAction","target":{"@type":"EntryPoint","urlTemplate":"https:\/\/www.nordex-online.com\/es\/?s={search_term_string}"},"query-input":{"@type":"PropertyValueSpecification","valueRequired":true,"valueName":"search_term_string"}}],"inLanguage":"es"},{"@type":"Organization","@id":"https:\/\/www.nordex-online.com\/es\/#organization","name":"Nordex SE - Espa\u00f1ol","url":"https:\/\/www.nordex-online.com\/es\/","logo":{"@type":"ImageObject","inLanguage":"es","@id":"https:\/\/www.nordex-online.com\/es\/#\/schema\/logo\/image\/","url":"https:\/\/www.nordex-online.com\/wp-content\/uploads\/sites\/4\/2024\/07\/cropped-cropped-Combined-Logos_cmyk_PNG.png","contentUrl":"https:\/\/www.nordex-online.com\/wp-content\/uploads\/sites\/4\/2024\/07\/cropped-cropped-Combined-Logos_cmyk_PNG.png","width":1181,"height":353,"caption":"Nordex SE - Espa\u00f1ol"},"image":{"@id":"https:\/\/www.nordex-online.com\/es\/#\/schema\/logo\/image\/"}}]}},"_links":{"self":[{"href":"https:\/\/www.nordex-online.com\/es\/wp-json\/wp\/v2\/pages\/5278","targetHints":{"allow":["GET"]}}],"collection":[{"href":"https:\/\/www.nordex-online.com\/es\/wp-json\/wp\/v2\/pages"}],"about":[{"href":"https:\/\/www.nordex-online.com\/es\/wp-json\/wp\/v2\/types\/page"}],"author":[{"embeddable":true,"href":"https:\/\/www.nordex-online.com\/es\/wp-json\/wp\/v2\/users\/6"}],"replies":[{"embeddable":true,"href":"https:\/\/www.nordex-online.com\/es\/wp-json\/wp\/v2\/comments?post=5278"}],"version-history":[{"count":16,"href":"https:\/\/www.nordex-online.com\/es\/wp-json\/wp\/v2\/pages\/5278\/revisions"}],"predecessor-version":[{"id":35678,"href":"https:\/\/www.nordex-online.com\/es\/wp-json\/wp\/v2\/pages\/5278\/revisions\/35678"}],"wp:featuredmedia":[{"embeddable":true,"href":"https:\/\/www.nordex-online.com\/es\/wp-json\/wp\/v2\/media\/5334"}],"wp:attachment":[{"href":"https:\/\/www.nordex-online.com\/es\/wp-json\/wp\/v2\/media?parent=5278"}],"curies":[{"name":"wp","href":"https:\/\/api.w.org\/{rel}","templated":true}]}}