{"id":4337,"date":"2021-03-19T13:37:52","date_gmt":"2021-03-19T13:37:52","guid":{"rendered":"https:\/\/www.nordex-online.com\/es\/?page_id=4337"},"modified":"2023-04-24T11:17:15","modified_gmt":"2023-04-24T11:17:15","slug":"autorizacion-de-visita","status":"publish","type":"page","link":"https:\/\/www.nordex-online.com\/es\/autorizacion-de-visita\/","title":{"rendered":"Autorizaci\u00f3n de visita"},"content":{"rendered":"\n<div class=\"wp-block-cover alignfull\" style=\"background-image:url(https:\/\/www.nordex-online.com\/wp-content\/uploads\/sites\/2\/2021\/01\/Design-ohne-Titel.jpg);min-height:340px;aspect-ratio:unset;\"><div class=\"wp-block-cover__inner-container is-layout-flow wp-block-cover-is-layout-flow\">\n<p class=\"has-text-align-center has-large-font-size\">GRACIAS POR EL ENV\u00cdO DE SU CUESTIONARIO COVID-19!<\/p>\n<\/div><\/div>\n\n\n\n<p class=\"has-text-align-center has-medium-font-size\"><strong>Todo es correcto, su visita est\u00e1 autorizada. Recibir\u00e1 una confirmaci\u00f3n por correo electr\u00f3nico. <br>Aguardamos su visita.<\/strong><\/p>\n","protected":false},"excerpt":{"rendered":"<p>Todo es correcto, su visita est\u00e1 autorizada. Recibir\u00e1 una confirmaci\u00f3n por correo electr\u00f3nico. Aguardamos su visita.<\/p>\n","protected":false},"author":6,"featured_media":0,"parent":0,"menu_order":0,"comment_status":"closed","ping_status":"closed","template":"","meta":{"_trash_the_other_posts":false,"editor_notices":[],"footnotes":""},"class_list":["post-4337","page","type-page","status-publish","hentry"],"yoast_head":"<!-- This site is optimized with the Yoast SEO Premium plugin v27.3 (Yoast SEO v27.3) - https:\/\/yoast.com\/product\/yoast-seo-premium-wordpress\/ -->\n<title>Autorizaci\u00f3n de visita - Nordex SE - Espa\u00f1ol<\/title>\n<meta name=\"robots\" content=\"index, follow, max-snippet:-1, max-image-preview:large, max-video-preview:-1\" \/>\n<link rel=\"canonical\" href=\"https:\/\/www.nordex-online.com\/es\/autorizacion-de-visita\/\" \/>\n<meta property=\"og:locale\" content=\"es_ES\" \/>\n<meta property=\"og:type\" content=\"article\" \/>\n<meta property=\"og:title\" content=\"Autorizaci\u00f3n de visita\" \/>\n<meta property=\"og:description\" content=\"Todo es correcto, su visita est\u00e1 autorizada. Recibir\u00e1 una confirmaci\u00f3n por correo electr\u00f3nico. Aguardamos su visita.\" \/>\n<meta property=\"og:url\" content=\"https:\/\/www.nordex-online.com\/es\/autorizacion-de-visita\/\" \/>\n<meta property=\"og:site_name\" content=\"Nordex SE - Espa\u00f1ol\" \/>\n<meta property=\"article:modified_time\" content=\"2023-04-24T11:17:15+00:00\" \/>\n<meta name=\"twitter:card\" content=\"summary_large_image\" \/>\n<meta name=\"twitter:label1\" content=\"Tiempo de lectura\" \/>\n\t<meta name=\"twitter:data1\" content=\"1 minuto\" \/>\n<script type=\"application\/ld+json\" class=\"yoast-schema-graph\">{\"@context\":\"https:\\\/\\\/schema.org\",\"@graph\":[{\"@type\":\"WebPage\",\"@id\":\"https:\\\/\\\/www.nordex-online.com\\\/es\\\/autorizacion-de-visita\\\/\",\"url\":\"https:\\\/\\\/www.nordex-online.com\\\/es\\\/autorizacion-de-visita\\\/\",\"name\":\"Autorizaci\u00f3n de visita - Nordex SE - Espa\u00f1ol\",\"isPartOf\":{\"@id\":\"https:\\\/\\\/www.nordex-online.com\\\/es\\\/#website\"},\"datePublished\":\"2021-03-19T13:37:52+00:00\",\"dateModified\":\"2023-04-24T11:17:15+00:00\",\"breadcrumb\":{\"@id\":\"https:\\\/\\\/www.nordex-online.com\\\/es\\\/autorizacion-de-visita\\\/#breadcrumb\"},\"inLanguage\":\"es\",\"potentialAction\":[{\"@type\":\"ReadAction\",\"target\":[\"https:\\\/\\\/www.nordex-online.com\\\/es\\\/autorizacion-de-visita\\\/\"]}]},{\"@type\":\"BreadcrumbList\",\"@id\":\"https:\\\/\\\/www.nordex-online.com\\\/es\\\/autorizacion-de-visita\\\/#breadcrumb\",\"itemListElement\":[{\"@type\":\"ListItem\",\"position\":1,\"name\":\"Home\",\"item\":\"https:\\\/\\\/www.nordex-online.com\\\/es\\\/\"},{\"@type\":\"ListItem\",\"position\":2,\"name\":\"Autorizaci\u00f3n de visita\"}]},{\"@type\":\"WebSite\",\"@id\":\"https:\\\/\\\/www.nordex-online.com\\\/es\\\/#website\",\"url\":\"https:\\\/\\\/www.nordex-online.com\\\/es\\\/\",\"name\":\"Nordex SE - Espa\u00f1ol\",\"description\":\"Manufacture, installation and maintenance of wind turbines.\",\"publisher\":{\"@id\":\"https:\\\/\\\/www.nordex-online.com\\\/es\\\/#organization\"},\"potentialAction\":[{\"@type\":\"SearchAction\",\"target\":{\"@type\":\"EntryPoint\",\"urlTemplate\":\"https:\\\/\\\/www.nordex-online.com\\\/es\\\/?s={search_term_string}\"},\"query-input\":{\"@type\":\"PropertyValueSpecification\",\"valueRequired\":true,\"valueName\":\"search_term_string\"}}],\"inLanguage\":\"es\"},{\"@type\":\"Organization\",\"@id\":\"https:\\\/\\\/www.nordex-online.com\\\/es\\\/#organization\",\"name\":\"Nordex SE - Espa\u00f1ol\",\"url\":\"https:\\\/\\\/www.nordex-online.com\\\/es\\\/\",\"logo\":{\"@type\":\"ImageObject\",\"inLanguage\":\"es\",\"@id\":\"https:\\\/\\\/www.nordex-online.com\\\/es\\\/#\\\/schema\\\/logo\\\/image\\\/\",\"url\":\"https:\\\/\\\/www.nordex-online.com\\\/wp-content\\\/uploads\\\/sites\\\/4\\\/2024\\\/07\\\/cropped-cropped-Combined-Logos_cmyk_PNG.png\",\"contentUrl\":\"https:\\\/\\\/www.nordex-online.com\\\/wp-content\\\/uploads\\\/sites\\\/4\\\/2024\\\/07\\\/cropped-cropped-Combined-Logos_cmyk_PNG.png\",\"width\":1181,\"height\":353,\"caption\":\"Nordex SE - Espa\u00f1ol\"},\"image\":{\"@id\":\"https:\\\/\\\/www.nordex-online.com\\\/es\\\/#\\\/schema\\\/logo\\\/image\\\/\"}}]}<\/script>\n<!-- \/ Yoast SEO Premium plugin. -->","yoast_head_json":{"title":"Autorizaci\u00f3n de visita - Nordex SE - Espa\u00f1ol","robots":{"index":"index","follow":"follow","max-snippet":"max-snippet:-1","max-image-preview":"max-image-preview:large","max-video-preview":"max-video-preview:-1"},"canonical":"https:\/\/www.nordex-online.com\/es\/autorizacion-de-visita\/","og_locale":"es_ES","og_type":"article","og_title":"Autorizaci\u00f3n de visita","og_description":"Todo es correcto, su visita est\u00e1 autorizada. Recibir\u00e1 una confirmaci\u00f3n por correo electr\u00f3nico. Aguardamos su visita.","og_url":"https:\/\/www.nordex-online.com\/es\/autorizacion-de-visita\/","og_site_name":"Nordex SE - Espa\u00f1ol","article_modified_time":"2023-04-24T11:17:15+00:00","twitter_card":"summary_large_image","twitter_misc":{"Tiempo de lectura":"1 minuto"},"schema":{"@context":"https:\/\/schema.org","@graph":[{"@type":"WebPage","@id":"https:\/\/www.nordex-online.com\/es\/autorizacion-de-visita\/","url":"https:\/\/www.nordex-online.com\/es\/autorizacion-de-visita\/","name":"Autorizaci\u00f3n de visita - Nordex SE - Espa\u00f1ol","isPartOf":{"@id":"https:\/\/www.nordex-online.com\/es\/#website"},"datePublished":"2021-03-19T13:37:52+00:00","dateModified":"2023-04-24T11:17:15+00:00","breadcrumb":{"@id":"https:\/\/www.nordex-online.com\/es\/autorizacion-de-visita\/#breadcrumb"},"inLanguage":"es","potentialAction":[{"@type":"ReadAction","target":["https:\/\/www.nordex-online.com\/es\/autorizacion-de-visita\/"]}]},{"@type":"BreadcrumbList","@id":"https:\/\/www.nordex-online.com\/es\/autorizacion-de-visita\/#breadcrumb","itemListElement":[{"@type":"ListItem","position":1,"name":"Home","item":"https:\/\/www.nordex-online.com\/es\/"},{"@type":"ListItem","position":2,"name":"Autorizaci\u00f3n de visita"}]},{"@type":"WebSite","@id":"https:\/\/www.nordex-online.com\/es\/#website","url":"https:\/\/www.nordex-online.com\/es\/","name":"Nordex SE - Espa\u00f1ol","description":"Manufacture, installation and maintenance of wind turbines.","publisher":{"@id":"https:\/\/www.nordex-online.com\/es\/#organization"},"potentialAction":[{"@type":"SearchAction","target":{"@type":"EntryPoint","urlTemplate":"https:\/\/www.nordex-online.com\/es\/?s={search_term_string}"},"query-input":{"@type":"PropertyValueSpecification","valueRequired":true,"valueName":"search_term_string"}}],"inLanguage":"es"},{"@type":"Organization","@id":"https:\/\/www.nordex-online.com\/es\/#organization","name":"Nordex SE - Espa\u00f1ol","url":"https:\/\/www.nordex-online.com\/es\/","logo":{"@type":"ImageObject","inLanguage":"es","@id":"https:\/\/www.nordex-online.com\/es\/#\/schema\/logo\/image\/","url":"https:\/\/www.nordex-online.com\/wp-content\/uploads\/sites\/4\/2024\/07\/cropped-cropped-Combined-Logos_cmyk_PNG.png","contentUrl":"https:\/\/www.nordex-online.com\/wp-content\/uploads\/sites\/4\/2024\/07\/cropped-cropped-Combined-Logos_cmyk_PNG.png","width":1181,"height":353,"caption":"Nordex SE - Espa\u00f1ol"},"image":{"@id":"https:\/\/www.nordex-online.com\/es\/#\/schema\/logo\/image\/"}}]}},"_links":{"self":[{"href":"https:\/\/www.nordex-online.com\/es\/wp-json\/wp\/v2\/pages\/4337","targetHints":{"allow":["GET"]}}],"collection":[{"href":"https:\/\/www.nordex-online.com\/es\/wp-json\/wp\/v2\/pages"}],"about":[{"href":"https:\/\/www.nordex-online.com\/es\/wp-json\/wp\/v2\/types\/page"}],"author":[{"embeddable":true,"href":"https:\/\/www.nordex-online.com\/es\/wp-json\/wp\/v2\/users\/6"}],"replies":[{"embeddable":true,"href":"https:\/\/www.nordex-online.com\/es\/wp-json\/wp\/v2\/comments?post=4337"}],"version-history":[{"count":1,"href":"https:\/\/www.nordex-online.com\/es\/wp-json\/wp\/v2\/pages\/4337\/revisions"}],"predecessor-version":[{"id":4338,"href":"https:\/\/www.nordex-online.com\/es\/wp-json\/wp\/v2\/pages\/4337\/revisions\/4338"}],"wp:attachment":[{"href":"https:\/\/www.nordex-online.com\/es\/wp-json\/wp\/v2\/media?parent=4337"}],"curies":[{"name":"wp","href":"https:\/\/api.w.org\/{rel}","templated":true}]}}