{"id":4250,"date":"2021-03-19T13:04:30","date_gmt":"2021-03-19T13:04:30","guid":{"rendered":"https:\/\/www.nordex-online.com\/es\/?page_id=4250"},"modified":"2023-04-24T11:17:15","modified_gmt":"2023-04-24T11:17:15","slug":"visitantes-covid-19","status":"publish","type":"page","link":"https:\/\/www.nordex-online.com\/es\/visitantes-covid-19\/","title":{"rendered":"Corona Questionnaire"},"content":{"rendered":"\n<div class=\"wp-block-cover alignfull\" style=\"background-image:url(https:\/\/www.nordex-online.com\/wp-content\/uploads\/sites\/2\/2021\/01\/Design-ohne-Titel.jpg);background-position:47% 0%;min-height:340px;aspect-ratio:unset;\"><div class=\"wp-block-cover__inner-container is-layout-flow wp-block-cover-is-layout-flow\">\n<p class=\"has-text-align-center has-large-font-size\">MEDIDAS DE HIGIENE Y COMPORTAMIENTO PARA <br>LOS VISITANTES ANTE LA COVID-19<\/p>\n<\/div><\/div>\n\n\n\n<div class=\"wp-block-nordex-heading is-style-underline nordex-heading wp-block-columns has-4-columns\"><div class=\"nordex-heading__chapter wp-block-column\"><span class=\"nordex-heading__chapter-title\">01<\/span><span class=\"nordex-heading__chapter-subtitle\">03<\/span><\/div><div class=\"nordex-heading__heading wp-block-column\"><h3 class=\"nordex-heading__heading-title\">MEDIDAS PARA PREVENIR LA DIFUSI\u00d3N DE LA COVID-19<\/h3><\/div><div class=\"nordex-heading__subhead wp-block-column\"><p class=\"nordex-heading__subhead-title\"><\/p><\/div><div class=\"nordex-heading__button wp-block-column\"><\/div><\/div>\n\n\n\n<p>Desde hace ya meses, los efectos de la pandemia de coronavirus marcan la vida cotidiana en todo el mundo. Nordex Group y el conjunto del sector de la energ\u00eda e\u00f3lica siguen vi\u00e9ndose afectados por la crisis. Desde el principio, nuestro principal objetivo ha sido y sigue siendo la seguridad y salud de nuestro personal y de nuestros socios comerciales. Al mismo tiempo, y a pesar de las actuales incertidumbres, nos estamos esforzando por mantener nuestra cadena de suministro y producci\u00f3n, y por ejecutar los proyectos de nuestros clientes de la manera m\u00e1s satisfactoria posible.<br> Desde los primeros brotes, se han reducido al m\u00ednimo todas las reuniones presenciales en el mundo y las tecnolog\u00edas a distancia se han convertido en la norma. Por esta raz\u00f3n, es imprescindible realizar el registro de todos los visitantes y evaluar todas las solicitudes de visita en funci\u00f3n de las necesidades espec\u00edficas.<br><\/p>\n\n\n\n<div class=\"wp-block-nordex-heading is-style-underline nordex-heading wp-block-columns has-4-columns\"><div class=\"nordex-heading__chapter wp-block-column\"><span class=\"nordex-heading__chapter-title\">02<\/span><span class=\"nordex-heading__chapter-subtitle\">03<\/span><\/div><div class=\"nordex-heading__heading wp-block-column\"><h3 class=\"nordex-heading__heading-title\">CUESTIONARIO PARA VISITANTES ANTE LA COVID-19<\/h3><\/div><div class=\"nordex-heading__subhead wp-block-column\"><p class=\"nordex-heading__subhead-title\"><\/p><\/div><div class=\"nordex-heading__button wp-block-column\"><\/div><\/div>\n\n\n\n\n\n<div class=\"wp-block-nordex-heading is-style-underline nordex-heading wp-block-columns has-4-columns\"><div class=\"nordex-heading__chapter wp-block-column\"><span class=\"nordex-heading__chapter-title\">03<\/span><span class=\"nordex-heading__chapter-subtitle\">03<\/span><\/div><div class=\"nordex-heading__heading wp-block-column\"><h3 class=\"nordex-heading__heading-title\">INSTRUCCIONES NORMALIZADAS DE SEGURIDAD E HIGIENE <\/h3><\/div><div class=\"nordex-heading__subhead wp-block-column\"><p class=\"nordex-heading__subhead-title\"><\/p><\/div><div class=\"nordex-heading__button wp-block-column\"><\/div><\/div>\n\n\n\n<p>Las instrucciones normalizadas de seguridad e higiene en las instalaciones de Nordex Group, independientemente de las medidas actuales ante la COVID-19, tienen por objetivo garantizar la salud y la seguridad de nuestros visitantes. A su llegada, le indicaremos las normas m\u00e1s importantes. Le rogamos se familiarice con ellas.<\/p>\n","protected":false},"excerpt":{"rendered":"<p>Desde hace ya meses, los efectos de la pandemia de coronavirus marcan la vida cotidiana en todo el mundo. Nordex Group y el conjunto del sector de la energ\u00eda e\u00f3lica siguen vi\u00e9ndose afectados por la crisis. Desde el principio, nuestro principal objetivo ha sido y sigue siendo la seguridad y salud de nuestro personal y [&hellip;]<\/p>\n","protected":false},"author":6,"featured_media":0,"parent":0,"menu_order":0,"comment_status":"closed","ping_status":"closed","template":"","meta":{"_trash_the_other_posts":false,"editor_notices":[],"footnotes":""},"class_list":["post-4250","page","type-page","status-publish","hentry"],"yoast_head":"<!-- This site is optimized with the Yoast SEO Premium plugin v27.0 (Yoast SEO v27.1) - https:\/\/yoast.com\/product\/yoast-seo-premium-wordpress\/ -->\n<title>Corona Questionnaire - Nordex SE - Espa\u00f1ol<\/title>\n<meta name=\"description\" content=\"Debido a la situaci\u00f3n actual relacionada con la propagaci\u00f3n del coronavirus, las instalaciones y los emplazamientos de Nordex Group deben registrar a todos los visitantes quienes, a su vez, deber\u00e1n facilitar cierta informaci\u00f3n antes de acudir.\" \/>\n<meta name=\"robots\" content=\"index, follow, max-snippet:-1, max-image-preview:large, max-video-preview:-1\" \/>\n<link rel=\"canonical\" href=\"https:\/\/www.nordex-online.com\/es\/visitantes-covid-19\/\" \/>\n<meta property=\"og:locale\" content=\"es_ES\" \/>\n<meta property=\"og:type\" content=\"article\" \/>\n<meta property=\"og:title\" content=\"Corona Questionnaire\" \/>\n<meta property=\"og:description\" content=\"Debido a la situaci\u00f3n actual relacionada con la propagaci\u00f3n del coronavirus, las instalaciones y los emplazamientos de Nordex Group deben registrar a todos los visitantes quienes, a su vez, deber\u00e1n facilitar cierta informaci\u00f3n antes de acudir.\" \/>\n<meta property=\"og:url\" content=\"https:\/\/www.nordex-online.com\/es\/visitantes-covid-19\/\" \/>\n<meta property=\"og:site_name\" content=\"Nordex SE - Espa\u00f1ol\" \/>\n<meta property=\"article:modified_time\" content=\"2023-04-24T11:17:15+00:00\" \/>\n<meta name=\"twitter:card\" content=\"summary_large_image\" \/>\n<meta name=\"twitter:label1\" content=\"Tiempo de lectura\" \/>\n\t<meta name=\"twitter:data1\" content=\"2 minutos\" \/>\n<script type=\"application\/ld+json\" class=\"yoast-schema-graph\">{\"@context\":\"https:\/\/schema.org\",\"@graph\":[{\"@type\":\"WebPage\",\"@id\":\"https:\/\/www.nordex-online.com\/es\/visitantes-covid-19\/\",\"url\":\"https:\/\/www.nordex-online.com\/es\/visitantes-covid-19\/\",\"name\":\"Corona Questionnaire - Nordex SE - Espa\u00f1ol\",\"isPartOf\":{\"@id\":\"https:\/\/www.nordex-online.com\/es\/#website\"},\"datePublished\":\"2021-03-19T13:04:30+00:00\",\"dateModified\":\"2023-04-24T11:17:15+00:00\",\"description\":\"Debido a la situaci\u00f3n actual relacionada con la propagaci\u00f3n del coronavirus, las instalaciones y los emplazamientos de Nordex Group deben registrar a todos los visitantes quienes, a su vez, deber\u00e1n facilitar cierta informaci\u00f3n antes de acudir.\",\"breadcrumb\":{\"@id\":\"https:\/\/www.nordex-online.com\/es\/visitantes-covid-19\/#breadcrumb\"},\"inLanguage\":\"es\",\"potentialAction\":[{\"@type\":\"ReadAction\",\"target\":[\"https:\/\/www.nordex-online.com\/es\/visitantes-covid-19\/\"]}]},{\"@type\":\"BreadcrumbList\",\"@id\":\"https:\/\/www.nordex-online.com\/es\/visitantes-covid-19\/#breadcrumb\",\"itemListElement\":[{\"@type\":\"ListItem\",\"position\":1,\"name\":\"Home\",\"item\":\"https:\/\/www.nordex-online.com\/es\/\"},{\"@type\":\"ListItem\",\"position\":2,\"name\":\"Corona Questionnaire\"}]},{\"@type\":\"WebSite\",\"@id\":\"https:\/\/www.nordex-online.com\/es\/#website\",\"url\":\"https:\/\/www.nordex-online.com\/es\/\",\"name\":\"Nordex SE - Espa\u00f1ol\",\"description\":\"Manufacture, installation and maintenance of wind turbines.\",\"publisher\":{\"@id\":\"https:\/\/www.nordex-online.com\/es\/#organization\"},\"potentialAction\":[{\"@type\":\"SearchAction\",\"target\":{\"@type\":\"EntryPoint\",\"urlTemplate\":\"https:\/\/www.nordex-online.com\/es\/?s={search_term_string}\"},\"query-input\":{\"@type\":\"PropertyValueSpecification\",\"valueRequired\":true,\"valueName\":\"search_term_string\"}}],\"inLanguage\":\"es\"},{\"@type\":\"Organization\",\"@id\":\"https:\/\/www.nordex-online.com\/es\/#organization\",\"name\":\"Nordex SE - Espa\u00f1ol\",\"url\":\"https:\/\/www.nordex-online.com\/es\/\",\"logo\":{\"@type\":\"ImageObject\",\"inLanguage\":\"es\",\"@id\":\"https:\/\/www.nordex-online.com\/es\/#\/schema\/logo\/image\/\",\"url\":\"https:\/\/www.nordex-online.com\/wp-content\/uploads\/sites\/4\/2024\/07\/cropped-cropped-Combined-Logos_cmyk_PNG.png\",\"contentUrl\":\"https:\/\/www.nordex-online.com\/wp-content\/uploads\/sites\/4\/2024\/07\/cropped-cropped-Combined-Logos_cmyk_PNG.png\",\"width\":1181,\"height\":353,\"caption\":\"Nordex SE - Espa\u00f1ol\"},\"image\":{\"@id\":\"https:\/\/www.nordex-online.com\/es\/#\/schema\/logo\/image\/\"}}]}<\/script>\n<!-- \/ Yoast SEO Premium plugin. -->","yoast_head_json":{"title":"Corona Questionnaire - Nordex SE - Espa\u00f1ol","description":"Debido a la situaci\u00f3n actual relacionada con la propagaci\u00f3n del coronavirus, las instalaciones y los emplazamientos de Nordex Group deben registrar a todos los visitantes quienes, a su vez, deber\u00e1n facilitar cierta informaci\u00f3n antes de acudir.","robots":{"index":"index","follow":"follow","max-snippet":"max-snippet:-1","max-image-preview":"max-image-preview:large","max-video-preview":"max-video-preview:-1"},"canonical":"https:\/\/www.nordex-online.com\/es\/visitantes-covid-19\/","og_locale":"es_ES","og_type":"article","og_title":"Corona Questionnaire","og_description":"Debido a la situaci\u00f3n actual relacionada con la propagaci\u00f3n del coronavirus, las instalaciones y los emplazamientos de Nordex Group deben registrar a todos los visitantes quienes, a su vez, deber\u00e1n facilitar cierta informaci\u00f3n antes de acudir.","og_url":"https:\/\/www.nordex-online.com\/es\/visitantes-covid-19\/","og_site_name":"Nordex SE - Espa\u00f1ol","article_modified_time":"2023-04-24T11:17:15+00:00","twitter_card":"summary_large_image","twitter_misc":{"Tiempo de lectura":"2 minutos"},"schema":{"@context":"https:\/\/schema.org","@graph":[{"@type":"WebPage","@id":"https:\/\/www.nordex-online.com\/es\/visitantes-covid-19\/","url":"https:\/\/www.nordex-online.com\/es\/visitantes-covid-19\/","name":"Corona Questionnaire - Nordex SE - Espa\u00f1ol","isPartOf":{"@id":"https:\/\/www.nordex-online.com\/es\/#website"},"datePublished":"2021-03-19T13:04:30+00:00","dateModified":"2023-04-24T11:17:15+00:00","description":"Debido a la situaci\u00f3n actual relacionada con la propagaci\u00f3n del coronavirus, las instalaciones y los emplazamientos de Nordex Group deben registrar a todos los visitantes quienes, a su vez, deber\u00e1n facilitar cierta informaci\u00f3n antes de acudir.","breadcrumb":{"@id":"https:\/\/www.nordex-online.com\/es\/visitantes-covid-19\/#breadcrumb"},"inLanguage":"es","potentialAction":[{"@type":"ReadAction","target":["https:\/\/www.nordex-online.com\/es\/visitantes-covid-19\/"]}]},{"@type":"BreadcrumbList","@id":"https:\/\/www.nordex-online.com\/es\/visitantes-covid-19\/#breadcrumb","itemListElement":[{"@type":"ListItem","position":1,"name":"Home","item":"https:\/\/www.nordex-online.com\/es\/"},{"@type":"ListItem","position":2,"name":"Corona Questionnaire"}]},{"@type":"WebSite","@id":"https:\/\/www.nordex-online.com\/es\/#website","url":"https:\/\/www.nordex-online.com\/es\/","name":"Nordex SE - Espa\u00f1ol","description":"Manufacture, installation and maintenance of wind turbines.","publisher":{"@id":"https:\/\/www.nordex-online.com\/es\/#organization"},"potentialAction":[{"@type":"SearchAction","target":{"@type":"EntryPoint","urlTemplate":"https:\/\/www.nordex-online.com\/es\/?s={search_term_string}"},"query-input":{"@type":"PropertyValueSpecification","valueRequired":true,"valueName":"search_term_string"}}],"inLanguage":"es"},{"@type":"Organization","@id":"https:\/\/www.nordex-online.com\/es\/#organization","name":"Nordex SE - Espa\u00f1ol","url":"https:\/\/www.nordex-online.com\/es\/","logo":{"@type":"ImageObject","inLanguage":"es","@id":"https:\/\/www.nordex-online.com\/es\/#\/schema\/logo\/image\/","url":"https:\/\/www.nordex-online.com\/wp-content\/uploads\/sites\/4\/2024\/07\/cropped-cropped-Combined-Logos_cmyk_PNG.png","contentUrl":"https:\/\/www.nordex-online.com\/wp-content\/uploads\/sites\/4\/2024\/07\/cropped-cropped-Combined-Logos_cmyk_PNG.png","width":1181,"height":353,"caption":"Nordex SE - Espa\u00f1ol"},"image":{"@id":"https:\/\/www.nordex-online.com\/es\/#\/schema\/logo\/image\/"}}]}},"_links":{"self":[{"href":"https:\/\/www.nordex-online.com\/es\/wp-json\/wp\/v2\/pages\/4250","targetHints":{"allow":["GET"]}}],"collection":[{"href":"https:\/\/www.nordex-online.com\/es\/wp-json\/wp\/v2\/pages"}],"about":[{"href":"https:\/\/www.nordex-online.com\/es\/wp-json\/wp\/v2\/types\/page"}],"author":[{"embeddable":true,"href":"https:\/\/www.nordex-online.com\/es\/wp-json\/wp\/v2\/users\/6"}],"replies":[{"embeddable":true,"href":"https:\/\/www.nordex-online.com\/es\/wp-json\/wp\/v2\/comments?post=4250"}],"version-history":[{"count":10,"href":"https:\/\/www.nordex-online.com\/es\/wp-json\/wp\/v2\/pages\/4250\/revisions"}],"predecessor-version":[{"id":4334,"href":"https:\/\/www.nordex-online.com\/es\/wp-json\/wp\/v2\/pages\/4250\/revisions\/4334"}],"wp:attachment":[{"href":"https:\/\/www.nordex-online.com\/es\/wp-json\/wp\/v2\/media?parent=4250"}],"curies":[{"name":"wp","href":"https:\/\/api.w.org\/{rel}","templated":true}]}}