{"id":37261,"date":"2025-11-25T21:40:50","date_gmt":"2025-11-25T21:40:50","guid":{"rendered":"https:\/\/www.nordex-online.com\/es\/?page_id=37261"},"modified":"2025-12-05T15:40:57","modified_gmt":"2025-12-05T15:40:57","slug":"formacion-para-proveedores","status":"publish","type":"page","link":"https:\/\/www.nordex-online.com\/es\/formacion-para-proveedores\/","title":{"rendered":"Formaci\u00f3n para subcontratistas"},"content":{"rendered":"\n<div class=\"wp-block-cover alignfull is-light\" style=\"min-height:340px;aspect-ratio:unset;\"><video class=\"wp-block-cover__video-background intrinsic-ignore\" autoplay muted loop playsinline src=\"https:\/\/www.nordex-online.com\/wp-content\/uploads\/sites\/4\/2025\/12\/Subcontractors.mp4\" style=\"object-position:51% 16%\" data-object-fit=\"cover\" data-object-position=\"51% 16%\"><\/video><span aria-hidden=\"true\" class=\"wp-block-cover__background has-grey-85-background-color has-background-dim-20 has-background-dim\"><\/span><div class=\"wp-block-cover__inner-container is-layout-constrained wp-block-cover-is-layout-constrained\">\n<p class=\"has-text-align-center has-white-color has-text-color has-link-color has-large-font-size wp-elements-95e8edeed56c4b92e282d4b7cc0718b7\">FORMACI\u00d3N PARA SUBCONTRATISTAS DURANTE LA FASE DE MANTENIMIENTO<\/p>\n<\/div><\/div>\n\n\n\n<div class=\"wp-block-nordex-heading is-style-underline nordex-heading wp-block-columns has-4-columns\"><div class=\"nordex-heading__chapter wp-block-column\"><span class=\"nordex-heading__chapter-title\">01<\/span><span class=\"nordex-heading__chapter-subtitle\">04<\/span><\/div><div class=\"nordex-heading__heading wp-block-column\"><h3 class=\"nordex-heading__heading-title\">El concepto de formaci\u00f3n de Nordex Group<\/h3><\/div><div class=\"nordex-heading__subhead wp-block-column\"><p class=\"nordex-heading__subhead-title\"><\/p><\/div><div class=\"nordex-heading__button wp-block-column\"><\/div><\/div>\n\n\n\n<div class=\"wp-block-columns is-layout-flex wp-container-core-columns-is-layout-28f84493 wp-block-columns-is-layout-flex\">\n<div class=\"wp-block-column is-layout-flow wp-block-column-is-layout-flow\" style=\"flex-basis:33.33%\">\n<h3 class=\"wp-block-heading has-grey-65-color has-text-color has-link-color wp-elements-270dcfce9729739a2c8582fb6f34c42a\" id=\"h-la-seguridad-es-nuestra-base-el-conocimiento-es-tu-herramienta\">LA SEGURIDAD ES NUESTRA BASE. <br>EL CONOCIMIENTO ES TU HERRAMIENTA.<\/h3>\n<\/div>\n\n\n\n<div class=\"wp-block-column is-layout-flow wp-block-column-is-layout-flow\" style=\"flex-basis:66.66%\">\n<p>En Nordex Group, la seguridad no es s\u00f3lo una prioridad: es un compromiso compartido. Por eso hemos creado una oferta de formaci\u00f3n espec\u00edfica para subcontratistas, dise\u00f1ada para que adquieran las habilidades y la concienciaci\u00f3n necesarias para trabajar con confianza y eficacia en nuestros aerogeneradores.<br>Nuestros programas siguen el principio de \u201c Seguridad para todos\u201d, que combina la teor\u00eda con la pr\u00e1ctica para satisfacer los requisitos espec\u00edficos de los subcontratistas en funciones de servicio, puesta en servicio y mantenimiento. La formaci\u00f3n se imparte a trav\u00e9s de nuestra Global Technical Academy (GTA) en Alemania y centros regionales seleccionados.*<br>Tanto si eres nuevo en la tecnolog\u00eda Nordex como si deseas profundizar tus conocimientos, nuestros cursos te garantizan que estar\u00e1s preparado para cumplir los m\u00e1s altos est\u00e1ndares de seguridad, calidad y rendimiento.<\/p>\n\n\n\n<p class=\"has-small-font-size\">*A tener en cuenta: Actualmente, no todas las Nordex Academy ofrecen formaci\u00f3n para subcontratistas.<\/p>\n<\/div>\n<\/div>\n\n\n\n<div class=\"wp-block-nordex-heading is-style-underline nordex-heading wp-block-columns has-4-columns\"><div class=\"nordex-heading__chapter wp-block-column\"><span class=\"nordex-heading__chapter-title\">02<\/span><span class=\"nordex-heading__chapter-subtitle\">04<\/span><\/div><div class=\"nordex-heading__heading wp-block-column\"><h3 class=\"nordex-heading__heading-title\">Tipos de formaci\u00f3n<\/h3><\/div><div class=\"nordex-heading__subhead wp-block-column\"><p class=\"nordex-heading__subhead-title\"><\/p><\/div><div class=\"nordex-heading__button wp-block-column\"><\/div><\/div>\n\n\n\n<div class=\"wp-block-columns is-layout-flex wp-container-core-columns-is-layout-28f84493 wp-block-columns-is-layout-flex\">\n<div class=\"wp-block-column is-layout-flow wp-block-column-is-layout-flow\" style=\"flex-basis:50%\">\n<figure class=\"wp-block-image size-full\"><img loading=\"lazy\" decoding=\"async\" width=\"959\" height=\"639\" src=\"https:\/\/www.nordex-online.com\/wp-content\/uploads\/sites\/4\/2025\/12\/Technical-Training-2.jpg\" alt=\"\" class=\"wp-image-37304\" srcset=\"https:\/\/www.nordex-online.com\/wp-content\/uploads\/sites\/4\/2025\/12\/Technical-Training-2.jpg 959w, https:\/\/www.nordex-online.com\/wp-content\/uploads\/sites\/4\/2025\/12\/Technical-Training-2-300x200.jpg 300w, https:\/\/www.nordex-online.com\/wp-content\/uploads\/sites\/4\/2025\/12\/Technical-Training-2-768x512.jpg 768w\" sizes=\"auto, (max-width: 959px) 100vw, 959px\" \/><\/figure>\n<\/div>\n\n\n\n<div class=\"wp-block-column is-layout-flow wp-block-column-is-layout-flow\" style=\"flex-basis:50%\">\n<h4 class=\"wp-block-heading\" id=\"h-formacion-tecnica\"><strong>FORMACI\u00d3N T\u00c9CNICA<\/strong><\/h4>\n\n\n\n<p>Formaci\u00f3n pr\u00e1ctica centrada en el mantenimiento de aerogeneradores, componentes del sistema y Nordex Control 2 (NC2), adaptada a los subcontratistas que trabajan en las plataformas Gamma, Delta y Delta4000. Dise\u00f1ada para su aplicaci\u00f3n en el mundo real, la formaci\u00f3n garantiza que los t\u00e9cnicos est\u00e9n equipados para realizar un servicio seguro, eficiente y de alta calidad.<\/p>\n\n\n\n<p><strong>TUS BENEFICIOS<\/strong><\/p>\n\n\n\n<ul class=\"wp-block-list\">\n<li>Conocer los aerogeneradores Nordex para alcanzar el m\u00e1ximo rendimiento y la excelencia operativa.<\/li>\n\n\n\n<li>Adquirir competencias t\u00e9cnicas con conocimientos detallados de los sistemas de aerogeneradores, garantizando la eficacia en la gesti\u00f3n del mantenimiento.<\/li>\n\n\n\n<li>Optimizar el funcionamiento de los aerogeneradores y resolver r\u00e1pidamente cualquier problema que surja.<\/li>\n<\/ul>\n\n\n\n<p><strong>M\u00d3DULOS DE FORMACI\u00d3N CLAVE<\/strong><\/p>\n\n\n\n<ul class=\"wp-block-list\">\n<li>NC2 Level 270&nbsp;<\/li>\n\n\n\n<li>Initial Maintenance&nbsp;<\/li>\n\n\n\n<li>Turbine Specific&nbsp;Maintenance Training&nbsp;&nbsp;<\/li>\n<\/ul>\n<\/div>\n<\/div>\n\n\n\n<div class=\"wp-block-columns is-layout-flex wp-container-core-columns-is-layout-28f84493 wp-block-columns-is-layout-flex\">\n<div class=\"wp-block-column is-layout-flow wp-block-column-is-layout-flow\" style=\"flex-basis:50%\">\n<figure class=\"wp-block-image size-large\"><img loading=\"lazy\" decoding=\"async\" width=\"1024\" height=\"683\" src=\"https:\/\/www.nordex-online.com\/wp-content\/uploads\/sites\/4\/2025\/12\/HSE-Training-2-1-1024x683.jpg\" alt=\"\" class=\"wp-image-37296\" srcset=\"https:\/\/www.nordex-online.com\/wp-content\/uploads\/sites\/4\/2025\/12\/HSE-Training-2-1-1024x683.jpg 1024w, https:\/\/www.nordex-online.com\/wp-content\/uploads\/sites\/4\/2025\/12\/HSE-Training-2-1-300x200.jpg 300w, https:\/\/www.nordex-online.com\/wp-content\/uploads\/sites\/4\/2025\/12\/HSE-Training-2-1-768x512.jpg 768w, https:\/\/www.nordex-online.com\/wp-content\/uploads\/sites\/4\/2025\/12\/HSE-Training-2-1-1536x1024.jpg 1536w, https:\/\/www.nordex-online.com\/wp-content\/uploads\/sites\/4\/2025\/12\/HSE-Training-2-1.jpg 1620w\" sizes=\"auto, (max-width: 1024px) 100vw, 1024px\" \/><\/figure>\n<\/div>\n\n\n\n<div class=\"wp-block-column is-layout-flow wp-block-column-is-layout-flow\" style=\"flex-basis:50%\">\n<h4 class=\"wp-block-heading\" id=\"h-formacion-en-salud-seguridad-y-medio-ambiente\"><strong>FORMACI\u00d3N EN SALUD, SEGURIDAD Y MEDIO AMBIENTE<\/strong><\/h4>\n\n\n\n<p>Nuestra formaci\u00f3n en Salud, Seguridad y Medio Ambiente (HSE) es la base de las operaciones seguras en Nordex. Estos m\u00f3dulos obligatorios proporcionan a los subcontratistas conocimientos esenciales sobre protocolos de seguridad, identificaci\u00f3n de peligros y atenci\u00f3n de emergencias, garantizando el cumplimiento y fomentando una cultura de seguridad proactiva en cada obra.<\/p>\n\n\n\n<p><strong>TUS BENEFICIOS<\/strong><\/p>\n\n\n\n<ul class=\"wp-block-list\">\n<li>Garantizar el cumplimiento de los protocolos de seguridad y la normativa legal de Nordex.<\/li>\n\n\n\n<li>Reforzar las capacidades de reconocimiento de peligros y de atenci\u00f3n de emergencias.<\/li>\n\n\n\n<li>Estar al d\u00eda de la evoluci\u00f3n de las pr\u00e1cticas de seguridad y de los requisitos del emplazamiento.<\/li>\n<\/ul>\n\n\n\n<p><strong>M\u00d3DULOS DE FORMACI\u00d3N CLAVE<\/strong><\/p>\n\n\n\n<ul class=\"wp-block-list\">\n<li>Annual Safety Site Induction<\/li>\n\n\n\n<li>Safety and Handling<\/li>\n\n\n\n<li>Capacitaci\u00f3n en seguridad espec\u00edfica por pa\u00eds<\/li>\n<\/ul>\n<\/div>\n<\/div>\n\n\n\n<div class=\"wp-block-nordex-heading is-style-underline nordex-heading wp-block-columns has-4-columns\"><div class=\"nordex-heading__chapter wp-block-column\"><span class=\"nordex-heading__chapter-title\">03<\/span><span class=\"nordex-heading__chapter-subtitle\">04<\/span><\/div><div class=\"nordex-heading__heading wp-block-column\"><h3 class=\"nordex-heading__heading-title\">Cat\u00e1logo de formaci\u00f3n<\/h3><\/div><div class=\"nordex-heading__subhead wp-block-column\"><p class=\"nordex-heading__subhead-title\"><\/p><\/div><div class=\"nordex-heading__button wp-block-column\"><\/div><\/div>\n\n\n\n<p>Descubra el Cat\u00e1logo de Formaci\u00f3n para Subcontratistas: su gu\u00eda para desarrollar las habilidades y conocimientos necesarios para una operaci\u00f3n segura y eficiente de las turbinas Nordex. Elija entre opciones flexibles de e-learning, formatos combinados y sesiones presenciales dise\u00f1adas para adaptarse a su horario y necesidades. Cada programa est\u00e1 espec\u00edficamente orientado a subcontratistas y alineado con los \u00faltimos est\u00e1ndares de seguridad, conocimientos sobre tecnolog\u00eda de turbinas y mejores pr\u00e1cticas operativas.<br>Con la formaci\u00f3n de Nordex, no solo aprende: adquiere la confianza y la experiencia necesarias para ofrecer excelencia en el terreno.<\/p>\n\n\n<div class=\"nordex-iframe\" style=\"--nordex-iframe-height: 500px;\">\n                 <div class=\"brlbs-cmpnt-container brlbs-cmpnt-content-blocker brlbs-cmpnt-with-individual-styles\" data-borlabs-cookie-content-blocker-id=\"heyzine\" data-borlabs-cookie-content=\"PGlmcmFtZSBhbGxvd2Z1bGxzY3JlZW4gc3JjPSJodHRwczovL2hleXppbmUuY29tL2ZsaXAtYm9vay8yN2ZmMDFkM2IzLmh0bWwiPjwvaWZyYW1lPg==\"><div class=\"brlbs-cmpnt-cb-preset-b\"> <div class=\"brlbs-cmpnt-cb-thumbnail\" style=\"background-image: url('')\"><\/div> <div class=\"brlbs-cmpnt-cb-main\"> <div class=\"brlbs-cmpnt-cb-content\"> <p class=\"brlbs-cmpnt-cb-description\">Est\u00e1s viendo un contenido de marcador de posici\u00f3n de <strong>Heyzine<\/strong>. Para acceder al contenido real, haz clic en el siguiente bot\u00f3n. Ten en cuenta que al hacerlo compartir\u00e1s datos con terceros proveedores.<\/p> <a class=\"brlbs-cmpnt-cb-provider-toggle\" href=\"#\" data-borlabs-cookie-show-provider-information role=\"button\">M\u00e1s informaci\u00f3n<\/a> <\/div> <div class=\"brlbs-cmpnt-cb-buttons\"> <a class=\"brlbs-cmpnt-cb-btn\" href=\"#\" data-borlabs-cookie-unblock role=\"button\">Desbloquear contenido<\/a> <a class=\"brlbs-cmpnt-cb-btn\" href=\"#\" data-borlabs-cookie-accept-service role=\"button\" style=\"display: inherit\">Aceptar el servicio requerido y desbloquear los contenidos<\/a> <\/div> <\/div> <\/div><\/div>\n                <img loading=\"lazy\" decoding=\"async\" src=\"https:\/\/www.nordex-online.com\/wp-content\/uploads\/sites\/4\/iframe-preview-thumbnails\/27ff01d3b3d5ebdc0da75be97346f0d30f00bf25-4.pdf-thumb.jpg\" alt=\"International Training Catalog for Service Subcontractors 2026 w\/o prices\" width=\"1400\" height=\"990\" class=\"iframe-preview-image iframe-preview-image--heyzine\" \/>\n            <\/div>\n\n\n<div class=\"wp-block-nordex-heading is-style-underline nordex-heading wp-block-columns has-4-columns\"><div class=\"nordex-heading__chapter wp-block-column\"><span class=\"nordex-heading__chapter-title\">04<\/span><span class=\"nordex-heading__chapter-subtitle\">04<\/span><\/div><div class=\"nordex-heading__heading wp-block-column\"><h3 class=\"nordex-heading__heading-title\">M\u00c1S INFORMACI\u00d3N<\/h3><\/div><div class=\"nordex-heading__subhead wp-block-column\"><p class=\"nordex-heading__subhead-title\"><\/p><\/div><div class=\"nordex-heading__button wp-block-column\"><\/div><\/div>\n\n\n\n<div class=\"wp-block-columns is-style-nordex-gaps is-layout-flex wp-container-core-columns-is-layout-28f84493 wp-block-columns-is-layout-flex\">\n<div class=\"wp-block-column is-layout-flow wp-block-column-is-layout-flow\">\n<div class=\"wp-block-nordex-tile wp-block-nordex-tile--portrait\"><a class=\"wp-block-nordex-tile__button\" href=\"https:\/\/www.nordex-online.com\/es\/product\/productos\/\"><div class=\"wp-block-nordex-tile__image\" style=\"background-image:url(https:\/\/www.nordex-online.com\/wp-content\/uploads\/sites\/2\/2019\/11\/04UMertens.png)\"><\/div><p class=\"wp-block-nordex-tile__title\">PRODUCTOS<\/p><p class=\"wp-block-button is-style-underline\"><span class=\"wp-block-button__link\">M\u00c1S INFORMACI\u00d3N<\/span><\/p><\/a><\/div>\n<\/div>\n\n\n\n<div class=\"wp-block-column is-layout-flow wp-block-column-is-layout-flow\">\n<div class=\"wp-block-nordex-tile wp-block-nordex-tile--portrait\"><a class=\"wp-block-nordex-tile__button\" href=\"https:\/\/www.nordex-online.com\/es\/service\/mantenimiento-reparacion\/\"><div class=\"wp-block-nordex-tile__image\" style=\"background-image:url(https:\/\/www.nordex-online.com\/wp-content\/uploads\/sites\/2\/2021\/07\/2.jpg)\"><\/div><p class=\"wp-block-nordex-tile__title\">MANTENIMIENTO<\/p><p class=\"wp-block-button is-style-underline\"><span class=\"wp-block-button__link\">M\u00c1S INFORMACI\u00d3N<\/span><\/p><\/a><\/div>\n<\/div>\n\n\n\n<div class=\"wp-block-column is-layout-flow wp-block-column-is-layout-flow\">\n<div class=\"wp-block-nordex-tile wp-block-nordex-tile--portrait\"><a class=\"wp-block-nordex-tile__button\" href=\"https:\/\/www.nordex-online.com\/es\/service\/upgrades\/\"><div class=\"wp-block-nordex-tile__image\" style=\"background-image:url(https:\/\/www.nordex-online.com\/wp-content\/uploads\/sites\/2\/2019\/11\/21UMertens.png)\"><\/div><p class=\"wp-block-nordex-tile__title\">UPGRADES<\/p><p class=\"wp-block-button is-style-underline\"><span class=\"wp-block-button__link\">M\u00c1S INFORMACI\u00d3N<\/span><\/p><\/a><\/div>\n<\/div>\n<\/div>\n\n\n\n<p><\/p>\n","protected":false},"excerpt":{"rendered":"<p>LA SEGURIDAD ES NUESTRA BASE. EL CONOCIMIENTO ES TU HERRAMIENTA. En Nordex Group, la seguridad no es s\u00f3lo una prioridad: es un compromiso compartido. Por eso hemos creado una oferta de formaci\u00f3n espec\u00edfica para subcontratistas, dise\u00f1ada para que adquieran las habilidades y la concienciaci\u00f3n necesarias para trabajar con confianza y eficacia en nuestros aerogeneradores.Nuestros programas [&hellip;]<\/p>\n","protected":false},"author":6,"featured_media":0,"parent":0,"menu_order":0,"comment_status":"closed","ping_status":"closed","template":"","meta":{"_trash_the_other_posts":false,"editor_notices":[],"footnotes":""},"class_list":["post-37261","page","type-page","status-publish","hentry"],"yoast_head":"<!-- This site is optimized with the Yoast SEO Premium plugin v27.3 (Yoast SEO v27.3) - https:\/\/yoast.com\/product\/yoast-seo-premium-wordpress\/ -->\n<title>Formaci\u00f3n para subcontratistas - Nordex SE - Espa\u00f1ol<\/title>\n<meta name=\"robots\" content=\"index, follow, max-snippet:-1, max-image-preview:large, max-video-preview:-1\" \/>\n<link rel=\"canonical\" href=\"https:\/\/www.nordex-online.com\/es\/formacion-para-proveedores\/\" \/>\n<meta property=\"og:locale\" content=\"es_ES\" \/>\n<meta property=\"og:type\" content=\"article\" \/>\n<meta property=\"og:title\" content=\"Formaci\u00f3n para subcontratistas\" \/>\n<meta property=\"og:description\" content=\"LA SEGURIDAD ES NUESTRA BASE. EL CONOCIMIENTO ES TU HERRAMIENTA. En Nordex Group, la seguridad no es s\u00f3lo una prioridad: es un compromiso compartido. Por eso hemos creado una oferta de formaci\u00f3n espec\u00edfica para subcontratistas, dise\u00f1ada para que adquieran las habilidades y la concienciaci\u00f3n necesarias para trabajar con confianza y eficacia en nuestros aerogeneradores.Nuestros programas [&hellip;]\" \/>\n<meta property=\"og:url\" content=\"https:\/\/www.nordex-online.com\/es\/formacion-para-proveedores\/\" \/>\n<meta property=\"og:site_name\" content=\"Nordex SE - Espa\u00f1ol\" \/>\n<meta property=\"article:modified_time\" content=\"2025-12-05T15:40:57+00:00\" \/>\n<meta property=\"og:image\" content=\"https:\/\/www.nordex-online.com\/wp-content\/uploads\/sites\/4\/2025\/12\/Technical-Training-2.jpg\" \/>\n\t<meta property=\"og:image:width\" content=\"959\" \/>\n\t<meta property=\"og:image:height\" content=\"639\" \/>\n\t<meta property=\"og:image:type\" content=\"image\/jpeg\" \/>\n<meta name=\"twitter:card\" content=\"summary_large_image\" \/>\n<meta name=\"twitter:label1\" content=\"Tiempo de lectura\" \/>\n\t<meta name=\"twitter:data1\" content=\"3 minutos\" \/>\n<script type=\"application\/ld+json\" class=\"yoast-schema-graph\">{\"@context\":\"https:\\\/\\\/schema.org\",\"@graph\":[{\"@type\":\"WebPage\",\"@id\":\"https:\\\/\\\/www.nordex-online.com\\\/es\\\/formacion-para-proveedores\\\/\",\"url\":\"https:\\\/\\\/www.nordex-online.com\\\/es\\\/formacion-para-proveedores\\\/\",\"name\":\"Formaci\u00f3n para subcontratistas - Nordex SE - Espa\u00f1ol\",\"isPartOf\":{\"@id\":\"https:\\\/\\\/www.nordex-online.com\\\/es\\\/#website\"},\"primaryImageOfPage\":{\"@id\":\"https:\\\/\\\/www.nordex-online.com\\\/es\\\/formacion-para-proveedores\\\/#primaryimage\"},\"image\":{\"@id\":\"https:\\\/\\\/www.nordex-online.com\\\/es\\\/formacion-para-proveedores\\\/#primaryimage\"},\"thumbnailUrl\":\"https:\\\/\\\/www.nordex-online.com\\\/wp-content\\\/uploads\\\/sites\\\/4\\\/2025\\\/12\\\/Technical-Training-2.jpg\",\"datePublished\":\"2025-11-25T21:40:50+00:00\",\"dateModified\":\"2025-12-05T15:40:57+00:00\",\"breadcrumb\":{\"@id\":\"https:\\\/\\\/www.nordex-online.com\\\/es\\\/formacion-para-proveedores\\\/#breadcrumb\"},\"inLanguage\":\"es\",\"potentialAction\":[{\"@type\":\"ReadAction\",\"target\":[\"https:\\\/\\\/www.nordex-online.com\\\/es\\\/formacion-para-proveedores\\\/\"]}]},{\"@type\":\"ImageObject\",\"inLanguage\":\"es\",\"@id\":\"https:\\\/\\\/www.nordex-online.com\\\/es\\\/formacion-para-proveedores\\\/#primaryimage\",\"url\":\"https:\\\/\\\/www.nordex-online.com\\\/wp-content\\\/uploads\\\/sites\\\/4\\\/2025\\\/12\\\/Technical-Training-2.jpg\",\"contentUrl\":\"https:\\\/\\\/www.nordex-online.com\\\/wp-content\\\/uploads\\\/sites\\\/4\\\/2025\\\/12\\\/Technical-Training-2.jpg\"},{\"@type\":\"BreadcrumbList\",\"@id\":\"https:\\\/\\\/www.nordex-online.com\\\/es\\\/formacion-para-proveedores\\\/#breadcrumb\",\"itemListElement\":[{\"@type\":\"ListItem\",\"position\":1,\"name\":\"Home\",\"item\":\"https:\\\/\\\/www.nordex-online.com\\\/es\\\/\"},{\"@type\":\"ListItem\",\"position\":2,\"name\":\"Formaci\u00f3n para subcontratistas\"}]},{\"@type\":\"WebSite\",\"@id\":\"https:\\\/\\\/www.nordex-online.com\\\/es\\\/#website\",\"url\":\"https:\\\/\\\/www.nordex-online.com\\\/es\\\/\",\"name\":\"Nordex SE - Espa\u00f1ol\",\"description\":\"Manufacture, installation and maintenance of wind turbines.\",\"publisher\":{\"@id\":\"https:\\\/\\\/www.nordex-online.com\\\/es\\\/#organization\"},\"potentialAction\":[{\"@type\":\"SearchAction\",\"target\":{\"@type\":\"EntryPoint\",\"urlTemplate\":\"https:\\\/\\\/www.nordex-online.com\\\/es\\\/?s={search_term_string}\"},\"query-input\":{\"@type\":\"PropertyValueSpecification\",\"valueRequired\":true,\"valueName\":\"search_term_string\"}}],\"inLanguage\":\"es\"},{\"@type\":\"Organization\",\"@id\":\"https:\\\/\\\/www.nordex-online.com\\\/es\\\/#organization\",\"name\":\"Nordex SE - Espa\u00f1ol\",\"url\":\"https:\\\/\\\/www.nordex-online.com\\\/es\\\/\",\"logo\":{\"@type\":\"ImageObject\",\"inLanguage\":\"es\",\"@id\":\"https:\\\/\\\/www.nordex-online.com\\\/es\\\/#\\\/schema\\\/logo\\\/image\\\/\",\"url\":\"https:\\\/\\\/www.nordex-online.com\\\/wp-content\\\/uploads\\\/sites\\\/4\\\/2024\\\/07\\\/cropped-cropped-Combined-Logos_cmyk_PNG.png\",\"contentUrl\":\"https:\\\/\\\/www.nordex-online.com\\\/wp-content\\\/uploads\\\/sites\\\/4\\\/2024\\\/07\\\/cropped-cropped-Combined-Logos_cmyk_PNG.png\",\"width\":1181,\"height\":353,\"caption\":\"Nordex SE - Espa\u00f1ol\"},\"image\":{\"@id\":\"https:\\\/\\\/www.nordex-online.com\\\/es\\\/#\\\/schema\\\/logo\\\/image\\\/\"}}]}<\/script>\n<!-- \/ Yoast SEO Premium plugin. -->","yoast_head_json":{"title":"Formaci\u00f3n para subcontratistas - Nordex SE - Espa\u00f1ol","robots":{"index":"index","follow":"follow","max-snippet":"max-snippet:-1","max-image-preview":"max-image-preview:large","max-video-preview":"max-video-preview:-1"},"canonical":"https:\/\/www.nordex-online.com\/es\/formacion-para-proveedores\/","og_locale":"es_ES","og_type":"article","og_title":"Formaci\u00f3n para subcontratistas","og_description":"LA SEGURIDAD ES NUESTRA BASE. EL CONOCIMIENTO ES TU HERRAMIENTA. En Nordex Group, la seguridad no es s\u00f3lo una prioridad: es un compromiso compartido. Por eso hemos creado una oferta de formaci\u00f3n espec\u00edfica para subcontratistas, dise\u00f1ada para que adquieran las habilidades y la concienciaci\u00f3n necesarias para trabajar con confianza y eficacia en nuestros aerogeneradores.Nuestros programas [&hellip;]","og_url":"https:\/\/www.nordex-online.com\/es\/formacion-para-proveedores\/","og_site_name":"Nordex SE - Espa\u00f1ol","article_modified_time":"2025-12-05T15:40:57+00:00","og_image":[{"width":959,"height":639,"url":"https:\/\/www.nordex-online.com\/wp-content\/uploads\/sites\/4\/2025\/12\/Technical-Training-2.jpg","type":"image\/jpeg"}],"twitter_card":"summary_large_image","twitter_misc":{"Tiempo de lectura":"3 minutos"},"schema":{"@context":"https:\/\/schema.org","@graph":[{"@type":"WebPage","@id":"https:\/\/www.nordex-online.com\/es\/formacion-para-proveedores\/","url":"https:\/\/www.nordex-online.com\/es\/formacion-para-proveedores\/","name":"Formaci\u00f3n para subcontratistas - Nordex SE - Espa\u00f1ol","isPartOf":{"@id":"https:\/\/www.nordex-online.com\/es\/#website"},"primaryImageOfPage":{"@id":"https:\/\/www.nordex-online.com\/es\/formacion-para-proveedores\/#primaryimage"},"image":{"@id":"https:\/\/www.nordex-online.com\/es\/formacion-para-proveedores\/#primaryimage"},"thumbnailUrl":"https:\/\/www.nordex-online.com\/wp-content\/uploads\/sites\/4\/2025\/12\/Technical-Training-2.jpg","datePublished":"2025-11-25T21:40:50+00:00","dateModified":"2025-12-05T15:40:57+00:00","breadcrumb":{"@id":"https:\/\/www.nordex-online.com\/es\/formacion-para-proveedores\/#breadcrumb"},"inLanguage":"es","potentialAction":[{"@type":"ReadAction","target":["https:\/\/www.nordex-online.com\/es\/formacion-para-proveedores\/"]}]},{"@type":"ImageObject","inLanguage":"es","@id":"https:\/\/www.nordex-online.com\/es\/formacion-para-proveedores\/#primaryimage","url":"https:\/\/www.nordex-online.com\/wp-content\/uploads\/sites\/4\/2025\/12\/Technical-Training-2.jpg","contentUrl":"https:\/\/www.nordex-online.com\/wp-content\/uploads\/sites\/4\/2025\/12\/Technical-Training-2.jpg"},{"@type":"BreadcrumbList","@id":"https:\/\/www.nordex-online.com\/es\/formacion-para-proveedores\/#breadcrumb","itemListElement":[{"@type":"ListItem","position":1,"name":"Home","item":"https:\/\/www.nordex-online.com\/es\/"},{"@type":"ListItem","position":2,"name":"Formaci\u00f3n para subcontratistas"}]},{"@type":"WebSite","@id":"https:\/\/www.nordex-online.com\/es\/#website","url":"https:\/\/www.nordex-online.com\/es\/","name":"Nordex SE - Espa\u00f1ol","description":"Manufacture, installation and maintenance of wind turbines.","publisher":{"@id":"https:\/\/www.nordex-online.com\/es\/#organization"},"potentialAction":[{"@type":"SearchAction","target":{"@type":"EntryPoint","urlTemplate":"https:\/\/www.nordex-online.com\/es\/?s={search_term_string}"},"query-input":{"@type":"PropertyValueSpecification","valueRequired":true,"valueName":"search_term_string"}}],"inLanguage":"es"},{"@type":"Organization","@id":"https:\/\/www.nordex-online.com\/es\/#organization","name":"Nordex SE - Espa\u00f1ol","url":"https:\/\/www.nordex-online.com\/es\/","logo":{"@type":"ImageObject","inLanguage":"es","@id":"https:\/\/www.nordex-online.com\/es\/#\/schema\/logo\/image\/","url":"https:\/\/www.nordex-online.com\/wp-content\/uploads\/sites\/4\/2024\/07\/cropped-cropped-Combined-Logos_cmyk_PNG.png","contentUrl":"https:\/\/www.nordex-online.com\/wp-content\/uploads\/sites\/4\/2024\/07\/cropped-cropped-Combined-Logos_cmyk_PNG.png","width":1181,"height":353,"caption":"Nordex SE - Espa\u00f1ol"},"image":{"@id":"https:\/\/www.nordex-online.com\/es\/#\/schema\/logo\/image\/"}}]}},"_links":{"self":[{"href":"https:\/\/www.nordex-online.com\/es\/wp-json\/wp\/v2\/pages\/37261","targetHints":{"allow":["GET"]}}],"collection":[{"href":"https:\/\/www.nordex-online.com\/es\/wp-json\/wp\/v2\/pages"}],"about":[{"href":"https:\/\/www.nordex-online.com\/es\/wp-json\/wp\/v2\/types\/page"}],"author":[{"embeddable":true,"href":"https:\/\/www.nordex-online.com\/es\/wp-json\/wp\/v2\/users\/6"}],"replies":[{"embeddable":true,"href":"https:\/\/www.nordex-online.com\/es\/wp-json\/wp\/v2\/comments?post=37261"}],"version-history":[{"count":9,"href":"https:\/\/www.nordex-online.com\/es\/wp-json\/wp\/v2\/pages\/37261\/revisions"}],"predecessor-version":[{"id":37331,"href":"https:\/\/www.nordex-online.com\/es\/wp-json\/wp\/v2\/pages\/37261\/revisions\/37331"}],"wp:attachment":[{"href":"https:\/\/www.nordex-online.com\/es\/wp-json\/wp\/v2\/media?parent=37261"}],"curies":[{"name":"wp","href":"https:\/\/api.w.org\/{rel}","templated":true}]}}