{"id":37259,"date":"2025-11-25T21:32:26","date_gmt":"2025-11-25T21:32:26","guid":{"rendered":"https:\/\/www.nordex-online.com\/es\/?page_id=37259"},"modified":"2025-12-05T15:33:51","modified_gmt":"2025-12-05T15:33:51","slug":"formacion-para-propietarios-y-operarios","status":"publish","type":"page","link":"https:\/\/www.nordex-online.com\/es\/formacion-para-propietarios-y-operarios\/","title":{"rendered":"Formaci\u00f3n para propietarios y operarios"},"content":{"rendered":"\n<div class=\"wp-block-cover alignfull is-light\" style=\"min-height:340px;aspect-ratio:unset;\"><video class=\"wp-block-cover__video-background intrinsic-ignore\" autoplay muted loop playsinline src=\"https:\/\/www.nordex-online.com\/wp-content\/uploads\/sites\/4\/2025\/12\/Owners-Operators.mp4\" data-object-fit=\"cover\"><\/video><span aria-hidden=\"true\" class=\"wp-block-cover__background has-grey-85-background-color has-background-dim-20 has-background-dim\"><\/span><div class=\"wp-block-cover__inner-container is-layout-constrained wp-block-cover-is-layout-constrained\">\n<p class=\"has-text-align-center has-white-color has-text-color has-link-color has-large-font-size wp-elements-9b53f9256e42b5011fd15f7202290a1a\">FORMACI\u00d3N PARA PROPIETARIOS y OPERARIOS DE PARQUES E\u00d3LICOS<\/p>\n<\/div><\/div>\n\n\n\n<div class=\"wp-block-nordex-heading is-style-underline nordex-heading wp-block-columns has-4-columns\"><div class=\"nordex-heading__chapter wp-block-column\"><span class=\"nordex-heading__chapter-title\">01<\/span><span class=\"nordex-heading__chapter-subtitle\">04<\/span><\/div><div class=\"nordex-heading__heading wp-block-column\"><h3 class=\"nordex-heading__heading-title\">EL CONCEPTO DE FORMACI\u00d3N DE NORDEX GROUP<\/h3><\/div><div class=\"nordex-heading__subhead wp-block-column\"><p class=\"nordex-heading__subhead-title\"><\/p><\/div><div class=\"nordex-heading__button wp-block-column\"><\/div><\/div>\n\n\n\n<div class=\"wp-block-columns is-layout-flex wp-container-core-columns-is-layout-28f84493 wp-block-columns-is-layout-flex\">\n<div class=\"wp-block-column is-vertically-aligned-top is-layout-flow wp-block-column-is-layout-flow\" style=\"flex-basis:33.33%\">\n<h3 class=\"wp-block-heading has-grey-65-color has-text-color has-link-color wp-elements-8d5f13a6f94fbba585ac16d603392513\" id=\"h-conocimientos-y-confianza-para-un-funcionamiento-seguro-y-eficaz-de-los-aerogeneradores\">CONOCIMIENTOS Y CONFIANZA PARA UN FUNCIONAMIENTO SEGURO Y EFICAZ DE LOS AEROGENERADORES.<\/h3>\n<\/div>\n\n\n\n<div class=\"wp-block-column is-layout-flow wp-block-column-is-layout-flow\" style=\"flex-basis:66.66%\">\n<p>En el Nordex Group, nuestros programas de formaci\u00f3n proporcionan a los propietarios y operadores de parques e\u00f3licos los conocimientos y la confianza necesarios para trabajar de forma segura y eficiente en torno a los aerogeneradores de Nordex Group. Con una cartera de formaci\u00f3n est\u00e1ndar, garantizamos la coherencia de los conocimientos t\u00e9cnicos y las pr\u00e1cticas de seguridad en todas las funciones del cliente, al tiempo que nuestros experimentados formadores proporcionan conocimientos pr\u00e1cticos y responden a sus preguntas espec\u00edficas para convertir el aprendizaje en acci\u00f3n. El formato de cada curso se adapta a su contenido y p\u00fablico, desde m\u00f3dulos totalmente en l\u00ednea hasta experiencias de aprendizaje mixto o sesiones totalmente presenciales, garantizando la pertinencia y accesibilidad para los distintos equipos operativos. Ya se trate de coordinar equipos de servicio, supervisar el rendimiento de los aerogeneradores o garantizar el cumplimiento de los protocolos de seguridad, nuestros m\u00f3dulos dirigidos por expertos te dotan de las herramientas necesarias para gestionar tus activos con confianza y eficacia.<\/p>\n<\/div>\n<\/div>\n\n\n\n<div class=\"wp-block-nordex-heading is-style-underline nordex-heading wp-block-columns has-4-columns\"><div class=\"nordex-heading__chapter wp-block-column\"><span class=\"nordex-heading__chapter-title\">02<\/span><span class=\"nordex-heading__chapter-subtitle\">04<\/span><\/div><div class=\"nordex-heading__heading wp-block-column\"><h3 class=\"nordex-heading__heading-title\">TIPOS DE FORMACI\u00d3N<\/h3><\/div><div class=\"nordex-heading__subhead wp-block-column\"><p class=\"nordex-heading__subhead-title\"><\/p><\/div><div class=\"nordex-heading__button wp-block-column\"><\/div><\/div>\n\n\n\n<div class=\"wp-block-columns is-layout-flex wp-container-core-columns-is-layout-28f84493 wp-block-columns-is-layout-flex\">\n<div class=\"wp-block-column is-layout-flow wp-block-column-is-layout-flow\">\n<figure class=\"wp-block-image size-full\"><img loading=\"lazy\" decoding=\"async\" width=\"959\" height=\"639\" src=\"https:\/\/www.nordex-online.com\/wp-content\/uploads\/sites\/4\/2025\/12\/Technical-Training-2.jpg\" alt=\"\" class=\"wp-image-37304\" srcset=\"https:\/\/www.nordex-online.com\/wp-content\/uploads\/sites\/4\/2025\/12\/Technical-Training-2.jpg 959w, https:\/\/www.nordex-online.com\/wp-content\/uploads\/sites\/4\/2025\/12\/Technical-Training-2-300x200.jpg 300w, https:\/\/www.nordex-online.com\/wp-content\/uploads\/sites\/4\/2025\/12\/Technical-Training-2-768x512.jpg 768w\" sizes=\"auto, (max-width: 959px) 100vw, 959px\" \/><\/figure>\n<\/div>\n\n\n\n<div class=\"wp-block-column is-layout-flow wp-block-column-is-layout-flow\">\n<h4 class=\"wp-block-heading\" id=\"h-formacion-tecnica\"><strong>FORMACI\u00d3N T\u00c9CNICA<\/strong><\/h4>\n\n\n\n<p>Desde el conocimiento de los fundamentos de los aerogeneradores hasta el aprendizaje de los sistemas de control y los protocolos de seguridad, cada m\u00f3dulo est\u00e1 dise\u00f1ado para reforzar tus capacidades operativas, independientemente de tu nivel de experiencia.<\/p>\n\n\n\n<p><strong>YOUR BENEFITS<\/strong><\/p>\n\n\n\n<ul class=\"wp-block-list\">\n<li>Conocer los aerogeneradores Nordex para alcanzar el m\u00e1ximo rendimiento y la excelencia operativa.<\/li>\n\n\n\n<li>Dominio t\u00e9cnico con conocimientos detallados de los sistemas de aerogeneradores.<\/li>\n\n\n\n<li>Mejorar las capacidades de supervisi\u00f3n con SCADA EDGE para una gesti\u00f3n basada en datos<\/li>\n<\/ul>\n\n\n\n<p><strong>M\u00d3DULOS DE FORMACI\u00d3N CLAVE<\/strong><\/p>\n\n\n\n<ul class=\"wp-block-list\">\n<li>Modules 2.0 &#8211; 4.5<\/li>\n\n\n\n<li>Modules 5.0 &#8211; 6.0 and Nordex OS<\/li>\n\n\n\n<li>Modules 8.0 &#8211; 12.0<\/li>\n<\/ul>\n<\/div>\n<\/div>\n\n\n\n<div class=\"wp-block-columns is-layout-flex wp-container-core-columns-is-layout-28f84493 wp-block-columns-is-layout-flex\">\n<div class=\"wp-block-column is-layout-flow wp-block-column-is-layout-flow\" style=\"flex-basis:33.33%\"><\/div>\n\n\n\n<div class=\"wp-block-column is-layout-flow wp-block-column-is-layout-flow\" style=\"flex-basis:66.66%\"><\/div>\n<\/div>\n\n\n\n<div class=\"wp-block-columns is-layout-flex wp-container-core-columns-is-layout-28f84493 wp-block-columns-is-layout-flex\">\n<div class=\"wp-block-column is-layout-flow wp-block-column-is-layout-flow\">\n<figure class=\"wp-block-image size-large\"><img loading=\"lazy\" decoding=\"async\" width=\"1024\" height=\"683\" src=\"https:\/\/www.nordex-online.com\/wp-content\/uploads\/sites\/4\/2025\/12\/HSE-Training-2-1024x683.jpg\" alt=\"\" class=\"wp-image-37293\" srcset=\"https:\/\/www.nordex-online.com\/wp-content\/uploads\/sites\/4\/2025\/12\/HSE-Training-2-1024x683.jpg 1024w, https:\/\/www.nordex-online.com\/wp-content\/uploads\/sites\/4\/2025\/12\/HSE-Training-2-300x200.jpg 300w, https:\/\/www.nordex-online.com\/wp-content\/uploads\/sites\/4\/2025\/12\/HSE-Training-2-768x512.jpg 768w, https:\/\/www.nordex-online.com\/wp-content\/uploads\/sites\/4\/2025\/12\/HSE-Training-2-1536x1024.jpg 1536w, https:\/\/www.nordex-online.com\/wp-content\/uploads\/sites\/4\/2025\/12\/HSE-Training-2.jpg 1620w\" sizes=\"auto, (max-width: 1024px) 100vw, 1024px\" \/><\/figure>\n<\/div>\n\n\n\n<div class=\"wp-block-column is-layout-flow wp-block-column-is-layout-flow\">\n<h4 class=\"wp-block-heading\" id=\"h-formacion-en-salud-seguridad-y-medio-ambiente\"><strong>FORMACI\u00d3N EN SALUD, SEGURIDAD Y MEDIO AMBIENTE<\/strong><\/h4>\n\n\n\n<p>Nuestros m\u00f3dulos de aprendizaje electr\u00f3nico centrados en la seguridad ayudan a garantizar el cumplimiento de las normas del sector y fomentan comportamientos seguros a pie de obra. Incluye formaci\u00f3n en seguridad y transferencia de conocimientos b\u00e1sicos.<\/p>\n\n\n\n<p><strong>TUS BENEFICIOS<\/strong><\/p>\n\n\n\n<ul class=\"wp-block-list\">\n<li>Aprendizaje de procedimientos seguros de entrada y operaci\u00f3n.<\/li>\n\n\n\n<li>Obtenci\u00f3n de un conocimiento integral de las normas de HSE para los parques e\u00f3licos de Nordex Group.<\/li>\n\n\n\n<li>Entender c\u00f3mo gestionar las emergencias eficazmente.<\/li>\n<\/ul>\n\n\n\n<p><strong>M\u00d3DULOS DE FORMACI\u00d3N CLAVE<\/strong><\/p>\n\n\n\n<ul class=\"wp-block-list\">\n<li>Annual Safety Site Induction<\/li>\n\n\n\n<li>Safety and Handling<\/li>\n\n\n\n<li>Modules 8.0 &#8211; 10.0<\/li>\n<\/ul>\n<\/div>\n<\/div>\n\n\n\n<div class=\"wp-block-columns is-layout-flex wp-container-core-columns-is-layout-28f84493 wp-block-columns-is-layout-flex\">\n<div class=\"wp-block-column is-layout-flow wp-block-column-is-layout-flow\" style=\"flex-basis:33.33%\"><\/div>\n\n\n\n<div class=\"wp-block-column is-layout-flow wp-block-column-is-layout-flow\" style=\"flex-basis:66.66%\"><\/div>\n<\/div>\n\n\n\n<div class=\"wp-block-nordex-heading is-style-underline nordex-heading wp-block-columns has-4-columns\"><div class=\"nordex-heading__chapter wp-block-column\"><span class=\"nordex-heading__chapter-title\">03<\/span><span class=\"nordex-heading__chapter-subtitle\">04<\/span><\/div><div class=\"nordex-heading__heading wp-block-column\"><h3 class=\"nordex-heading__heading-title\">CAT\u00c1LOGO DE FORMACI\u00d3N<\/h3><\/div><div class=\"nordex-heading__subhead wp-block-column\"><p class=\"nordex-heading__subhead-title\"><\/p><\/div><div class=\"nordex-heading__button wp-block-column\"><\/div><\/div>\n\n\n\n<p>Adem\u00e1s de la formaci\u00f3n para nuestros empleados, Nordex Group ofrece cursos de formaci\u00f3n para nuestros clientes. Los temas impartidos son muy variados: desde los componentes b\u00e1sicos de los aerogeneradores hasta los procedimientos de mantenimiento en el parque. Consulte nuestro cat\u00e1logo de formaci\u00f3n y \u00a1no dude en contactarnos!<\/p>\n\n\n<div class=\"nordex-iframe\" style=\"--nordex-iframe-height: 500px;\">\n                 <div class=\"brlbs-cmpnt-container brlbs-cmpnt-content-blocker brlbs-cmpnt-with-individual-styles\" data-borlabs-cookie-content-blocker-id=\"heyzine\" data-borlabs-cookie-content=\"PGlmcmFtZSBhbGxvd2Z1bGxzY3JlZW4gc3JjPSJodHRwczovL2hleXppbmUuY29tL2ZsaXAtYm9vay9OWEctdHJhaW5pbmctY2F0YWxvZy1jdXN0b21lcnMtZW4iPjwvaWZyYW1lPg==\"><div class=\"brlbs-cmpnt-cb-preset-b\"> <div class=\"brlbs-cmpnt-cb-thumbnail\" style=\"background-image: url('')\"><\/div> <div class=\"brlbs-cmpnt-cb-main\"> <div class=\"brlbs-cmpnt-cb-content\"> <p class=\"brlbs-cmpnt-cb-description\">Est\u00e1s viendo un contenido de marcador de posici\u00f3n de <strong>Heyzine<\/strong>. Para acceder al contenido real, haz clic en el siguiente bot\u00f3n. Ten en cuenta que al hacerlo compartir\u00e1s datos con terceros proveedores.<\/p> <a class=\"brlbs-cmpnt-cb-provider-toggle\" href=\"#\" data-borlabs-cookie-show-provider-information role=\"button\">M\u00e1s informaci\u00f3n<\/a> <\/div> <div class=\"brlbs-cmpnt-cb-buttons\"> <a class=\"brlbs-cmpnt-cb-btn\" href=\"#\" data-borlabs-cookie-unblock role=\"button\">Desbloquear contenido<\/a> <a class=\"brlbs-cmpnt-cb-btn\" href=\"#\" data-borlabs-cookie-accept-service role=\"button\" style=\"display: inherit\">Aceptar el servicio requerido y desbloquear los contenidos<\/a> <\/div> <\/div> <\/div><\/div>\n                <img loading=\"lazy\" decoding=\"async\" src=\"https:\/\/www.nordex-online.com\/wp-content\/uploads\/sites\/4\/iframe-preview-thumbnails\/3ff85bfb07ae8f68e12b52a071fdc581095aeb62-28.pdf-thumb.jpg\" alt=\"International Training Catalog Customers 2026\" width=\"1400\" height=\"990\" class=\"iframe-preview-image iframe-preview-image--heyzine\" \/>\n            <\/div>\n\n\n<div class=\"wp-block-nordex-heading is-style-underline nordex-heading wp-block-columns has-4-columns\"><div class=\"nordex-heading__chapter wp-block-column\"><span class=\"nordex-heading__chapter-title\">04<\/span><span class=\"nordex-heading__chapter-subtitle\">04<\/span><\/div><div class=\"nordex-heading__heading wp-block-column\"><h3 class=\"nordex-heading__heading-title\">M\u00c1S INFORMACI\u00d3N<\/h3><\/div><div class=\"nordex-heading__subhead wp-block-column\"><p class=\"nordex-heading__subhead-title\"><\/p><\/div><div class=\"nordex-heading__button wp-block-column\"><\/div><\/div>\n\n\n\n<div class=\"wp-block-columns is-style-nordex-gaps is-layout-flex wp-container-core-columns-is-layout-28f84493 wp-block-columns-is-layout-flex\">\n<div class=\"wp-block-column is-layout-flow wp-block-column-is-layout-flow\">\n<div class=\"wp-block-nordex-tile wp-block-nordex-tile--portrait\"><a class=\"wp-block-nordex-tile__button\" href=\"https:\/\/www.nordex-online.com\/es\/product\/productos\/\"><div class=\"wp-block-nordex-tile__image\" style=\"background-image:url(https:\/\/www.nordex-online.com\/wp-content\/uploads\/sites\/2\/2019\/11\/04UMertens.png)\"><\/div><p class=\"wp-block-nordex-tile__title\">PRODUCTOS<\/p><p class=\"wp-block-button is-style-underline\"><span class=\"wp-block-button__link\">M\u00c1S INFORMACI\u00d3N<\/span><\/p><\/a><\/div>\n<\/div>\n\n\n\n<div class=\"wp-block-column is-layout-flow wp-block-column-is-layout-flow\">\n<div class=\"wp-block-nordex-tile wp-block-nordex-tile--portrait\"><a class=\"wp-block-nordex-tile__button\" href=\"https:\/\/www.nordex-online.com\/es\/service\/mantenimiento-reparacion\/\"><div class=\"wp-block-nordex-tile__image\" style=\"background-image:url(https:\/\/www.nordex-online.com\/wp-content\/uploads\/sites\/2\/2021\/07\/2.jpg)\"><\/div><p class=\"wp-block-nordex-tile__title\">MANTENIMIENTO<\/p><p class=\"wp-block-button is-style-underline\"><span class=\"wp-block-button__link\">M\u00c1S INFORMACI\u00d3N<\/span><\/p><\/a><\/div>\n<\/div>\n\n\n\n<div class=\"wp-block-column is-layout-flow wp-block-column-is-layout-flow\">\n<div class=\"wp-block-nordex-tile wp-block-nordex-tile--portrait\"><a class=\"wp-block-nordex-tile__button\" href=\"https:\/\/www.nordex-online.com\/es\/service\/upgrades\/\"><div class=\"wp-block-nordex-tile__image\" style=\"background-image:url(https:\/\/www.nordex-online.com\/wp-content\/uploads\/sites\/2\/2019\/11\/21UMertens.png)\"><\/div><p class=\"wp-block-nordex-tile__title\">UPGRADES<\/p><p class=\"wp-block-button is-style-underline\"><span class=\"wp-block-button__link\">M\u00c1S INFORMACI\u00d3N<\/span><\/p><\/a><\/div>\n<\/div>\n<\/div>\n","protected":false},"excerpt":{"rendered":"<p>CONOCIMIENTOS Y CONFIANZA PARA UN FUNCIONAMIENTO SEGURO Y EFICAZ DE LOS AEROGENERADORES. En el Nordex Group, nuestros programas de formaci\u00f3n proporcionan a los propietarios y operadores de parques e\u00f3licos los conocimientos y la confianza necesarios para trabajar de forma segura y eficiente en torno a los aerogeneradores de Nordex Group. Con una cartera de formaci\u00f3n [&hellip;]<\/p>\n","protected":false},"author":6,"featured_media":0,"parent":0,"menu_order":0,"comment_status":"closed","ping_status":"closed","template":"","meta":{"_trash_the_other_posts":false,"editor_notices":[],"footnotes":""},"class_list":["post-37259","page","type-page","status-publish","hentry"],"yoast_head":"<!-- This site is optimized with the Yoast SEO Premium plugin v27.3 (Yoast SEO v27.3) - https:\/\/yoast.com\/product\/yoast-seo-premium-wordpress\/ -->\n<title>Formaci\u00f3n para propietarios y operarios - Nordex SE - Espa\u00f1ol<\/title>\n<meta name=\"robots\" content=\"index, follow, max-snippet:-1, max-image-preview:large, max-video-preview:-1\" \/>\n<link rel=\"canonical\" href=\"https:\/\/www.nordex-online.com\/es\/formacion-para-propietarios-y-operarios\/\" \/>\n<meta property=\"og:locale\" content=\"es_ES\" \/>\n<meta property=\"og:type\" content=\"article\" \/>\n<meta property=\"og:title\" content=\"Formaci\u00f3n para propietarios y operarios\" \/>\n<meta property=\"og:description\" content=\"CONOCIMIENTOS Y CONFIANZA PARA UN FUNCIONAMIENTO SEGURO Y EFICAZ DE LOS AEROGENERADORES. En el Nordex Group, nuestros programas de formaci\u00f3n proporcionan a los propietarios y operadores de parques e\u00f3licos los conocimientos y la confianza necesarios para trabajar de forma segura y eficiente en torno a los aerogeneradores de Nordex Group. Con una cartera de formaci\u00f3n [&hellip;]\" \/>\n<meta property=\"og:url\" content=\"https:\/\/www.nordex-online.com\/es\/formacion-para-propietarios-y-operarios\/\" \/>\n<meta property=\"og:site_name\" content=\"Nordex SE - Espa\u00f1ol\" \/>\n<meta property=\"article:modified_time\" content=\"2025-12-05T15:33:51+00:00\" \/>\n<meta property=\"og:image\" content=\"https:\/\/www.nordex-online.com\/wp-content\/uploads\/sites\/4\/2025\/12\/Technical-Training-2.jpg\" \/>\n\t<meta property=\"og:image:width\" content=\"959\" \/>\n\t<meta property=\"og:image:height\" content=\"639\" \/>\n\t<meta property=\"og:image:type\" content=\"image\/jpeg\" \/>\n<meta name=\"twitter:card\" content=\"summary_large_image\" \/>\n<meta name=\"twitter:label1\" content=\"Tiempo de lectura\" \/>\n\t<meta name=\"twitter:data1\" content=\"3 minutos\" \/>\n<script type=\"application\/ld+json\" class=\"yoast-schema-graph\">{\"@context\":\"https:\\\/\\\/schema.org\",\"@graph\":[{\"@type\":\"WebPage\",\"@id\":\"https:\\\/\\\/www.nordex-online.com\\\/es\\\/formacion-para-propietarios-y-operarios\\\/\",\"url\":\"https:\\\/\\\/www.nordex-online.com\\\/es\\\/formacion-para-propietarios-y-operarios\\\/\",\"name\":\"Formaci\u00f3n para propietarios y operarios - Nordex SE - Espa\u00f1ol\",\"isPartOf\":{\"@id\":\"https:\\\/\\\/www.nordex-online.com\\\/es\\\/#website\"},\"primaryImageOfPage\":{\"@id\":\"https:\\\/\\\/www.nordex-online.com\\\/es\\\/formacion-para-propietarios-y-operarios\\\/#primaryimage\"},\"image\":{\"@id\":\"https:\\\/\\\/www.nordex-online.com\\\/es\\\/formacion-para-propietarios-y-operarios\\\/#primaryimage\"},\"thumbnailUrl\":\"https:\\\/\\\/www.nordex-online.com\\\/wp-content\\\/uploads\\\/sites\\\/4\\\/2025\\\/12\\\/Technical-Training-2.jpg\",\"datePublished\":\"2025-11-25T21:32:26+00:00\",\"dateModified\":\"2025-12-05T15:33:51+00:00\",\"breadcrumb\":{\"@id\":\"https:\\\/\\\/www.nordex-online.com\\\/es\\\/formacion-para-propietarios-y-operarios\\\/#breadcrumb\"},\"inLanguage\":\"es\",\"potentialAction\":[{\"@type\":\"ReadAction\",\"target\":[\"https:\\\/\\\/www.nordex-online.com\\\/es\\\/formacion-para-propietarios-y-operarios\\\/\"]}]},{\"@type\":\"ImageObject\",\"inLanguage\":\"es\",\"@id\":\"https:\\\/\\\/www.nordex-online.com\\\/es\\\/formacion-para-propietarios-y-operarios\\\/#primaryimage\",\"url\":\"https:\\\/\\\/www.nordex-online.com\\\/wp-content\\\/uploads\\\/sites\\\/4\\\/2025\\\/12\\\/Technical-Training-2.jpg\",\"contentUrl\":\"https:\\\/\\\/www.nordex-online.com\\\/wp-content\\\/uploads\\\/sites\\\/4\\\/2025\\\/12\\\/Technical-Training-2.jpg\"},{\"@type\":\"BreadcrumbList\",\"@id\":\"https:\\\/\\\/www.nordex-online.com\\\/es\\\/formacion-para-propietarios-y-operarios\\\/#breadcrumb\",\"itemListElement\":[{\"@type\":\"ListItem\",\"position\":1,\"name\":\"Home\",\"item\":\"https:\\\/\\\/www.nordex-online.com\\\/es\\\/\"},{\"@type\":\"ListItem\",\"position\":2,\"name\":\"Formaci\u00f3n para propietarios y operarios\"}]},{\"@type\":\"WebSite\",\"@id\":\"https:\\\/\\\/www.nordex-online.com\\\/es\\\/#website\",\"url\":\"https:\\\/\\\/www.nordex-online.com\\\/es\\\/\",\"name\":\"Nordex SE - Espa\u00f1ol\",\"description\":\"Manufacture, installation and maintenance of wind turbines.\",\"publisher\":{\"@id\":\"https:\\\/\\\/www.nordex-online.com\\\/es\\\/#organization\"},\"potentialAction\":[{\"@type\":\"SearchAction\",\"target\":{\"@type\":\"EntryPoint\",\"urlTemplate\":\"https:\\\/\\\/www.nordex-online.com\\\/es\\\/?s={search_term_string}\"},\"query-input\":{\"@type\":\"PropertyValueSpecification\",\"valueRequired\":true,\"valueName\":\"search_term_string\"}}],\"inLanguage\":\"es\"},{\"@type\":\"Organization\",\"@id\":\"https:\\\/\\\/www.nordex-online.com\\\/es\\\/#organization\",\"name\":\"Nordex SE - Espa\u00f1ol\",\"url\":\"https:\\\/\\\/www.nordex-online.com\\\/es\\\/\",\"logo\":{\"@type\":\"ImageObject\",\"inLanguage\":\"es\",\"@id\":\"https:\\\/\\\/www.nordex-online.com\\\/es\\\/#\\\/schema\\\/logo\\\/image\\\/\",\"url\":\"https:\\\/\\\/www.nordex-online.com\\\/wp-content\\\/uploads\\\/sites\\\/4\\\/2024\\\/07\\\/cropped-cropped-Combined-Logos_cmyk_PNG.png\",\"contentUrl\":\"https:\\\/\\\/www.nordex-online.com\\\/wp-content\\\/uploads\\\/sites\\\/4\\\/2024\\\/07\\\/cropped-cropped-Combined-Logos_cmyk_PNG.png\",\"width\":1181,\"height\":353,\"caption\":\"Nordex SE - Espa\u00f1ol\"},\"image\":{\"@id\":\"https:\\\/\\\/www.nordex-online.com\\\/es\\\/#\\\/schema\\\/logo\\\/image\\\/\"}}]}<\/script>\n<!-- \/ Yoast SEO Premium plugin. -->","yoast_head_json":{"title":"Formaci\u00f3n para propietarios y operarios - Nordex SE - Espa\u00f1ol","robots":{"index":"index","follow":"follow","max-snippet":"max-snippet:-1","max-image-preview":"max-image-preview:large","max-video-preview":"max-video-preview:-1"},"canonical":"https:\/\/www.nordex-online.com\/es\/formacion-para-propietarios-y-operarios\/","og_locale":"es_ES","og_type":"article","og_title":"Formaci\u00f3n para propietarios y operarios","og_description":"CONOCIMIENTOS Y CONFIANZA PARA UN FUNCIONAMIENTO SEGURO Y EFICAZ DE LOS AEROGENERADORES. En el Nordex Group, nuestros programas de formaci\u00f3n proporcionan a los propietarios y operadores de parques e\u00f3licos los conocimientos y la confianza necesarios para trabajar de forma segura y eficiente en torno a los aerogeneradores de Nordex Group. Con una cartera de formaci\u00f3n [&hellip;]","og_url":"https:\/\/www.nordex-online.com\/es\/formacion-para-propietarios-y-operarios\/","og_site_name":"Nordex SE - Espa\u00f1ol","article_modified_time":"2025-12-05T15:33:51+00:00","og_image":[{"width":959,"height":639,"url":"https:\/\/www.nordex-online.com\/wp-content\/uploads\/sites\/4\/2025\/12\/Technical-Training-2.jpg","type":"image\/jpeg"}],"twitter_card":"summary_large_image","twitter_misc":{"Tiempo de lectura":"3 minutos"},"schema":{"@context":"https:\/\/schema.org","@graph":[{"@type":"WebPage","@id":"https:\/\/www.nordex-online.com\/es\/formacion-para-propietarios-y-operarios\/","url":"https:\/\/www.nordex-online.com\/es\/formacion-para-propietarios-y-operarios\/","name":"Formaci\u00f3n para propietarios y operarios - Nordex SE - Espa\u00f1ol","isPartOf":{"@id":"https:\/\/www.nordex-online.com\/es\/#website"},"primaryImageOfPage":{"@id":"https:\/\/www.nordex-online.com\/es\/formacion-para-propietarios-y-operarios\/#primaryimage"},"image":{"@id":"https:\/\/www.nordex-online.com\/es\/formacion-para-propietarios-y-operarios\/#primaryimage"},"thumbnailUrl":"https:\/\/www.nordex-online.com\/wp-content\/uploads\/sites\/4\/2025\/12\/Technical-Training-2.jpg","datePublished":"2025-11-25T21:32:26+00:00","dateModified":"2025-12-05T15:33:51+00:00","breadcrumb":{"@id":"https:\/\/www.nordex-online.com\/es\/formacion-para-propietarios-y-operarios\/#breadcrumb"},"inLanguage":"es","potentialAction":[{"@type":"ReadAction","target":["https:\/\/www.nordex-online.com\/es\/formacion-para-propietarios-y-operarios\/"]}]},{"@type":"ImageObject","inLanguage":"es","@id":"https:\/\/www.nordex-online.com\/es\/formacion-para-propietarios-y-operarios\/#primaryimage","url":"https:\/\/www.nordex-online.com\/wp-content\/uploads\/sites\/4\/2025\/12\/Technical-Training-2.jpg","contentUrl":"https:\/\/www.nordex-online.com\/wp-content\/uploads\/sites\/4\/2025\/12\/Technical-Training-2.jpg"},{"@type":"BreadcrumbList","@id":"https:\/\/www.nordex-online.com\/es\/formacion-para-propietarios-y-operarios\/#breadcrumb","itemListElement":[{"@type":"ListItem","position":1,"name":"Home","item":"https:\/\/www.nordex-online.com\/es\/"},{"@type":"ListItem","position":2,"name":"Formaci\u00f3n para propietarios y operarios"}]},{"@type":"WebSite","@id":"https:\/\/www.nordex-online.com\/es\/#website","url":"https:\/\/www.nordex-online.com\/es\/","name":"Nordex SE - Espa\u00f1ol","description":"Manufacture, installation and maintenance of wind turbines.","publisher":{"@id":"https:\/\/www.nordex-online.com\/es\/#organization"},"potentialAction":[{"@type":"SearchAction","target":{"@type":"EntryPoint","urlTemplate":"https:\/\/www.nordex-online.com\/es\/?s={search_term_string}"},"query-input":{"@type":"PropertyValueSpecification","valueRequired":true,"valueName":"search_term_string"}}],"inLanguage":"es"},{"@type":"Organization","@id":"https:\/\/www.nordex-online.com\/es\/#organization","name":"Nordex SE - Espa\u00f1ol","url":"https:\/\/www.nordex-online.com\/es\/","logo":{"@type":"ImageObject","inLanguage":"es","@id":"https:\/\/www.nordex-online.com\/es\/#\/schema\/logo\/image\/","url":"https:\/\/www.nordex-online.com\/wp-content\/uploads\/sites\/4\/2024\/07\/cropped-cropped-Combined-Logos_cmyk_PNG.png","contentUrl":"https:\/\/www.nordex-online.com\/wp-content\/uploads\/sites\/4\/2024\/07\/cropped-cropped-Combined-Logos_cmyk_PNG.png","width":1181,"height":353,"caption":"Nordex SE - Espa\u00f1ol"},"image":{"@id":"https:\/\/www.nordex-online.com\/es\/#\/schema\/logo\/image\/"}}]}},"_links":{"self":[{"href":"https:\/\/www.nordex-online.com\/es\/wp-json\/wp\/v2\/pages\/37259","targetHints":{"allow":["GET"]}}],"collection":[{"href":"https:\/\/www.nordex-online.com\/es\/wp-json\/wp\/v2\/pages"}],"about":[{"href":"https:\/\/www.nordex-online.com\/es\/wp-json\/wp\/v2\/types\/page"}],"author":[{"embeddable":true,"href":"https:\/\/www.nordex-online.com\/es\/wp-json\/wp\/v2\/users\/6"}],"replies":[{"embeddable":true,"href":"https:\/\/www.nordex-online.com\/es\/wp-json\/wp\/v2\/comments?post=37259"}],"version-history":[{"count":9,"href":"https:\/\/www.nordex-online.com\/es\/wp-json\/wp\/v2\/pages\/37259\/revisions"}],"predecessor-version":[{"id":37329,"href":"https:\/\/www.nordex-online.com\/es\/wp-json\/wp\/v2\/pages\/37259\/revisions\/37329"}],"wp:attachment":[{"href":"https:\/\/www.nordex-online.com\/es\/wp-json\/wp\/v2\/media?parent=37259"}],"curies":[{"name":"wp","href":"https:\/\/api.w.org\/{rel}","templated":true}]}}