{"id":2168,"date":"2019-12-02T16:49:29","date_gmt":"2019-12-02T16:49:29","guid":{"rendered":"https:\/\/www.nordex-online.com\/es\/?page_id=2168"},"modified":"2025-11-04T16:07:35","modified_gmt":"2025-11-04T16:07:35","slug":"carrera","status":"publish","type":"page","link":"https:\/\/www.nordex-online.com\/es\/carrera\/","title":{"rendered":"Carrera"},"content":{"rendered":"\n<div class=\"wp-block-cover alignfull is-light\" style=\"min-height:340px;aspect-ratio:unset;\"><img decoding=\"async\" class=\"wp-block-cover__image-background wp-image-49776\" alt=\"\" src=\"https:\/\/www.nordex-online.com\/wp-content\/uploads\/sites\/2\/2025\/03\/Career-Headers-Website-12.jpg\" data-object-fit=\"cover\"\/><span aria-hidden=\"true\" class=\"wp-block-cover__background has-grey-85-background-color has-background-dim-40 has-background-dim\"><\/span><div class=\"wp-block-cover__inner-container is-layout-constrained wp-block-cover-is-layout-constrained\">\n<p class=\"has-text-align-center has-white-color has-text-color has-link-color has-large-font-size wp-elements-a796e67fa6f4372cff40da79f2257e2a\">#TEAMUP. POR UN MA\u00d1ANA M\u00c1S VERDE.<\/p>\n<\/div><\/div>\n\n\n\n<div class=\"wp-block-nordex-heading is-style-underline nordex-heading wp-block-columns has-4-columns\"><div class=\"nordex-heading__chapter wp-block-column\"><span class=\"nordex-heading__chapter-title\">01<\/span><span class=\"nordex-heading__chapter-subtitle\">04<\/span><\/div><div class=\"nordex-heading__heading wp-block-column\"><h3 class=\"nordex-heading__heading-title\">Qui\u00e9nes somos<\/h3><\/div><div class=\"nordex-heading__subhead wp-block-column\"><p class=\"nordex-heading__subhead-title\"><\/p><\/div><div class=\"nordex-heading__button wp-block-column\"><\/div><\/div>\n\n\n\n<div class=\"wp-block-nordex-text wp-block-nordex-text--headline-one-block-paragraph\">\n<div class=\"wp-block-nordex-columns wp-block-nordex-columns--one-two wp-block-columns has-2-columns\">\n<div class=\"wp-block-nordex-column wp-block-column\">\n<h3 class=\"wp-block-heading\" id=\"h-powered-by-nature-and-driven-by-passionate-people\">POWERED BY NATURE AND DRIVEN BY PASSIONATE PEOPLE<\/h3>\n<\/div>\n\n\n\n<div class=\"wp-block-nordex-column wp-block-column\">\n<p>Con m\u00e1s de 10.900 empleados en todo el mundo, Nordex Group est\u00e1 especializado en el desarrollo, la fabricaci\u00f3n, la gesti\u00f3n de proyectos y el mantenimiento de aerogeneradores terrestres. Fundada en 1985, hoy somos uno de los mayores fabricantes de aerogeneradores del mundo, con 40 a\u00f1os de experiencia en el sector.<br><br>Nuestros aerogeneradores terrestres est\u00e1n en funcionamiento en m\u00e1s de 40 pa\u00edses, impulsando la revoluci\u00f3n energ\u00e9tica mundial al proporcionar energ\u00eda asequible y respetuosa con el medio ambiente. Como equipo global y diverso, somos apasionados y \u00e1giles, y colaboramos estrechamente para alcanzar nuestros objetivos. En #TeamNordex, encontrar\u00e1s un entorno de trabajo solidario y cooperativo que fomenta la innovaci\u00f3n y la colaboraci\u00f3n.<\/p>\n<\/div>\n<\/div>\n<\/div>\n\n\n\n<p class=\"has-blue-100-color has-text-color has-link-color has-medium-font-size wp-elements-3a21b36fe3bf4613f36ca54571eef5ff\"><strong>NORDEX GROUP EN CIFRAS<\/strong><\/p>\n\n\n\n<div class=\"wp-block-nordex-products-numbers ndx-numbers wp-block-columns is-style-nordex-gaps\"><div class=\"wp-block-nordex-column wp-block-column\"><div class=\"metric -large-number\"><div class=\"metric__title\"><h3>~ 10,900<\/h3><\/div><div class=\"metric__description\"><p>EMPLEADOS EN TODO EL MUNDO<\/p><\/div><\/div><\/div><div class=\"wp-block-nordex-column wp-block-column\"><div class=\"metric -large-number\"><div class=\"metric__title\"><h3>~ 100<\/h3><\/div><div class=\"metric__description\"><p>NACIONALIDADES<\/p><\/div><\/div><\/div><div class=\"wp-block-nordex-column wp-block-column\"><div class=\"metric -large-number\"><div class=\"metric__title\"><h3>> 40<\/h3><\/div><div class=\"metric__description\"><p>PA\u00cdSES<\/p><\/div><\/div><\/div><\/div>\n\n\n\n<div class=\"wp-block-nordex-products-numbers ndx-numbers wp-block-columns is-style-nordex-gaps\"><div class=\"wp-block-nordex-column wp-block-column\"><div class=\"metric -large-number\"><div class=\"metric__title\"><h3>~ 21,000<\/h3><\/div><div class=\"metric__description\"><p>AEROGENERADORES INSTALADOS<\/p><\/div><\/div><\/div><div class=\"wp-block-nordex-column wp-block-column\"><div class=\"metric -large-number\"><div class=\"metric__title\"><h3>~ 61 GW<\/h3><\/div><div class=\"metric__description\"><p>DE CAPACIDAD DE ENERG\u00cdA E\u00d3LICA<\/p><\/div><\/div><\/div><div class=\"wp-block-nordex-column wp-block-column\"><div class=\"metric -large-number\"><div class=\"metric__title\"><h3>5,000 HOUSEHOLDS<\/h3><\/div><div class=\"metric__description\"><p>AL A\u00d1O SUMINISTRADOS POR UN N163\/6.X<\/p><\/div><\/div><\/div><\/div>\n\n\n\n<div class=\"wp-block-nordex-heading is-style-underline nordex-heading wp-block-columns has-4-columns\"><div class=\"nordex-heading__chapter wp-block-column\"><span class=\"nordex-heading__chapter-title\">02<\/span><span class=\"nordex-heading__chapter-subtitle\">04<\/span><\/div><div class=\"nordex-heading__heading wp-block-column\"><h3 class=\"nordex-heading__heading-title\">Por qu\u00e9 #teamnordex<\/h3><\/div><div class=\"nordex-heading__subhead wp-block-column\"><p class=\"nordex-heading__subhead-title\"><\/p><\/div><div class=\"nordex-heading__button wp-block-column\"><\/div><\/div>\n\n\n\n<div class=\"wp-block-columns is-layout-flex wp-container-core-columns-is-layout-28f84493 wp-block-columns-is-layout-flex\">\n<div class=\"wp-block-column is-vertically-aligned-center is-layout-flow wp-block-column-is-layout-flow\" style=\"flex-basis:66.66%\">\n<p class=\"has-grey-05-background-color has-background\"><br>En Nordex Group, creemos firmemente que nuestra gente es nuestro activo m\u00e1s fuerte. Nos dedicamos a crear una cultura que fomente el trabajo en equipo, la creatividad y el crecimiento personal. Juntos, trabajamos en proyectos innovadores, desarrollamos nuestras capacidades y conocimientos, y ofrecemos soluciones energ\u00e9ticas limpias que tienen un impacto positivo en el mundo. Si buscas una carrera satisfactoria y emocionante, Nordex Group es el lugar perfecto. \u00a1\u00danete a #TeamNordex!<br><br><strong>Christian Heinen<\/strong><br><strong>Chief People Officer<\/strong><br> <br><\/p>\n<\/div>\n\n\n\n<div class=\"wp-block-column is-layout-flow wp-block-column-is-layout-flow\" style=\"flex-basis:33.33%\">\n<figure class=\"wp-block-image size-full is-style-rounded\"><img decoding=\"async\" src=\"https:\/\/www.nordex-online.com\/wp-content\/uploads\/sites\/2\/2025\/02\/CHE-01-scaled.jpg\" alt=\"\" class=\"wp-image-49622\"\/><\/figure>\n<\/div>\n<\/div>\n\n\n\n<div class=\"wp-block-columns is-layout-flex wp-container-core-columns-is-layout-28f84493 wp-block-columns-is-layout-flex\">\n<div class=\"wp-block-column is-layout-flow wp-block-column-is-layout-flow\" style=\"flex-basis:33.33%\"><\/div>\n\n\n\n<div class=\"wp-block-column is-vertically-aligned-center is-layout-flow wp-block-column-is-layout-flow\" style=\"flex-basis:66.66%\"><\/div>\n<\/div>\n\n\n\n<div class=\"wp-block-nordex-video-text nordex-video-text wp-block-columns wp-block-nordex-columns has-2-columns\"><div class=\"nordex-video-text__left wp-block-column wp-block-nordex-column\">\n<figure class=\"wp-block-embed is-type-video is-provider-youtube wp-block-embed-youtube\"><div class=\"wp-block-embed__wrapper\">\n <div class=\"brlbs-cmpnt-container brlbs-cmpnt-content-blocker brlbs-cmpnt-with-individual-styles\" data-borlabs-cookie-content-blocker-id=\"youtube-content-blocker\" data-borlabs-cookie-content=\"PGlmcmFtZSB0aXRsZT0iNDAgYcOxb3MgZGUgcGFzacOzbiBwb3IgbGEgZW5lcmfDrWEgZcOzbGljYSB8IE5vcmRleCBHcm91cCIgd2lkdGg9Ijk2MCIgaGVpZ2h0PSI1NDAiIHNyYz0iaHR0cHM6Ly93d3cueW91dHViZS5jb20vZW1iZWQvRXVJSFV3eW9HdmM\/ZmVhdHVyZT1vZW1iZWQiIGZyYW1lYm9yZGVyPSIwIiBhbGxvdz0iYWNjZWxlcm9tZXRlcjsgYXV0b3BsYXk7IGNsaXBib2FyZC13cml0ZTsgZW5jcnlwdGVkLW1lZGlhOyBneXJvc2NvcGU7IHBpY3R1cmUtaW4tcGljdHVyZTsgd2ViLXNoYXJlIiByZWZlcnJlcnBvbGljeT0ic3RyaWN0LW9yaWdpbi13aGVuLWNyb3NzLW9yaWdpbiIgYWxsb3dmdWxsc2NyZWVuPjwvaWZyYW1lPg==\"><div class=\"brlbs-cmpnt-cb-preset-c brlbs-cmpnt-cb-youtube\"> <div class=\"brlbs-cmpnt-cb-thumbnail\" style=\"background-image: url('')\"><\/div> <div class=\"brlbs-cmpnt-cb-main\"> <div class=\"brlbs-cmpnt-cb-play-button\"><\/div> <div class=\"brlbs-cmpnt-cb-content\"> <p class=\"brlbs-cmpnt-cb-description\">Est\u00e1s viendo un contenido de marcador de posici\u00f3n de <strong>YouTube<\/strong>. Para acceder al contenido real, haz clic en el siguiente bot\u00f3n. Ten en cuenta que al hacerlo compartir\u00e1s datos con terceros proveedores.<\/p> <a class=\"brlbs-cmpnt-cb-provider-toggle\" href=\"#\" data-borlabs-cookie-show-provider-information role=\"button\">M\u00e1s informaci\u00f3n<\/a> <\/div> <div class=\"brlbs-cmpnt-cb-buttons\"> <a class=\"brlbs-cmpnt-cb-btn\" href=\"#\" data-borlabs-cookie-unblock role=\"button\">Desbloquear contenido<\/a> <a class=\"brlbs-cmpnt-cb-btn\" href=\"#\" data-borlabs-cookie-accept-service role=\"button\" style=\"display: inherit\">Aceptar el servicio requerido y desbloquear los contenidos<\/a> <\/div> <\/div> <\/div><\/div>\n<\/div><\/figure>\n<\/div><div class=\"nordex-video-text__right wp-block-column wp-block-nordex-column\"><div class=\"nordex-video-text__container\"><h2><\/h2><p class=\"nordex-video-text__subtitle\" style=\"color:#0e5783\"><strong>JUNTOS LOGRAMOS M\u00c1S<\/strong><\/p><p class=\"nordex-video-text__content\">#TeamNordex se enorgullece de estar a la vanguardia en el impulso de soluciones de energ\u00eda renovable que son esenciales para crear un futuro mejor para todos nosotros. Como empresa impulsada por la tecnolog\u00eda, apostamos por la innovaci\u00f3n y la flexibilidad, pero es nuestro equipo el que marca la diferencia. Globalmente diversos y apasionados, formamos un equipo \u00e1gil y unido para lograr nuestros objetivos.<\/p><div class=\"nordex-video-text__button\"><a class=\"wp-block-button is-style-underline\" href=\"https:\/\/www.nordex-online.com\/es\/esp-working-at-nordex\/ \"><span class=\"wp-block-button__link\">M\u00e1s SOBRE NUESTRA CULTURA<\/span><\/a><\/div><\/div><\/div><\/div>\n\n\n\n<div class=\"wp-block-nordex-heading is-style-underline nordex-heading wp-block-columns has-4-columns\"><div class=\"nordex-heading__chapter wp-block-column\"><span class=\"nordex-heading__chapter-title\">03<\/span><span class=\"nordex-heading__chapter-subtitle\">04<\/span><\/div><div class=\"nordex-heading__heading wp-block-column\"><h3 class=\"nordex-heading__heading-title\">Explora tus oportunidades profesionales<\/h3><\/div><div class=\"nordex-heading__subhead wp-block-column\"><p class=\"nordex-heading__subhead-title\"><\/p><\/div><div class=\"nordex-heading__button wp-block-column\"><\/div><\/div>\n\n\n\n<div class=\"wp-block-cover is-light\"><img decoding=\"async\" class=\"wp-block-cover__image-background wp-image-50099\" alt=\"\" src=\"https:\/\/www.nordex-online.com\/wp-content\/uploads\/sites\/2\/2025\/04\/Nordex-white-collar-shooting_2785-scaled.jpg\" style=\"object-position:47% 29%\" data-object-fit=\"cover\" data-object-position=\"47% 29%\"\/><span aria-hidden=\"true\" class=\"wp-block-cover__background has-grey-85-background-color has-background-dim-30 has-background-dim\"><\/span><div class=\"wp-block-cover__inner-container is-layout-constrained wp-block-cover-is-layout-constrained\">\n<p class=\"has-text-align-left has-white-color has-text-color has-link-color has-large-font-size wp-elements-894d7dd22658c87e8b8d417f83e1ea1d\"><br><br><br><strong>#TEAMUP. POR UN MA\u00d1ANA M\u00c1S VERDE.<br><a href=\"https:\/\/jobs.nordex-online.com\/?locale=es_ES\">IR A OFERTAS DE EMPLEO<\/a><\/strong><\/p>\n<\/div><\/div>\n\n\n\n<div class=\"wp-block-nordex-heading is-style-underline nordex-heading wp-block-columns has-4-columns\"><div class=\"nordex-heading__chapter wp-block-column\"><span class=\"nordex-heading__chapter-title\">04<\/span><span class=\"nordex-heading__chapter-subtitle\">04<\/span><\/div><div class=\"nordex-heading__heading wp-block-column\"><h3 class=\"nordex-heading__heading-title\">M\u00e1s informaci\u00f3n<\/h3><\/div><div class=\"nordex-heading__subhead wp-block-column\"><p class=\"nordex-heading__subhead-title\"><\/p><\/div><div class=\"nordex-heading__button wp-block-column\"><\/div><\/div>\n\n\n\n<div class=\"wp-block-columns is-layout-flex wp-container-core-columns-is-layout-28f84493 wp-block-columns-is-layout-flex\">\n<div class=\"wp-block-column is-layout-flow wp-block-column-is-layout-flow\">\n<div class=\"wp-block-nordex-tile wp-block-nordex-tile--portrait\"><a class=\"wp-block-nordex-tile__button\" href=\"https:\/\/www.nordex-online.com\/es\/proceso-de-solicitud\/\"><div class=\"wp-block-nordex-tile__image\" style=\"background-image:url(https:\/\/www.nordex-online.com\/wp-content\/uploads\/sites\/2\/2025\/04\/Website-Learn-More-Teaser-Application.png)\"><\/div><p class=\"wp-block-nordex-tile__title\">PROCESO DE SOLICITUD<\/p><p class=\"wp-block-button is-style-underline\"><span class=\"wp-block-button__link\">M\u00e1s informaci\u00f3n<\/span><\/p><\/a><\/div>\n<\/div>\n\n\n\n<div class=\"wp-block-column is-layout-flow wp-block-column-is-layout-flow\">\n<div class=\"wp-block-nordex-tile wp-block-nordex-tile--portrait\"><a class=\"wp-block-nordex-tile__button\" href=\"https:\/\/www.nordex-online.com\/es\/oportunidades-profesionales\/\"><div class=\"wp-block-nordex-tile__image\" style=\"background-image:url(https:\/\/www.nordex-online.com\/wp-content\/uploads\/sites\/2\/2025\/03\/Career-Opportunities-.png)\"><\/div><p class=\"wp-block-nordex-tile__title\">OPORTUNIDADES PROFESIONALES<\/p><p class=\"wp-block-button is-style-underline\"><span class=\"wp-block-button__link\">M\u00e1s informaci\u00f3n<\/span><\/p><\/a><\/div>\n<\/div>\n\n\n\n<div class=\"wp-block-column is-layout-flow wp-block-column-is-layout-flow\">\n<div class=\"wp-block-nordex-tile wp-block-nordex-tile--portrait\"><a class=\"wp-block-nordex-tile__button\" href=\"https:\/\/jobs.nordex-online.com\/?locale=es_ES\"><div class=\"wp-block-nordex-tile__image\" style=\"background-image:url(https:\/\/www.nordex-online.com\/wp-content\/uploads\/sites\/2\/2025\/03\/Job-Portal.png)\"><\/div><p class=\"wp-block-nordex-tile__title\">JOB PORTAL<\/p><p class=\"wp-block-button is-style-underline\"><span class=\"wp-block-button__link\">M\u00e1s informaci\u00f3n<\/span><\/p><\/a><\/div>\n<\/div>\n<\/div>\n","protected":false},"excerpt":{"rendered":"<p>NORDEX GROUP EN CIFRAS En Nordex Group, creemos firmemente que nuestra gente es nuestro activo m\u00e1s fuerte. Nos dedicamos a crear una cultura que fomente el trabajo en equipo, la creatividad y el crecimiento personal. Juntos, trabajamos en proyectos innovadores, desarrollamos nuestras capacidades y conocimientos, y ofrecemos soluciones energ\u00e9ticas limpias que tienen un impacto positivo [&hellip;]<\/p>\n","protected":false},"author":5,"featured_media":36316,"parent":0,"menu_order":0,"comment_status":"closed","ping_status":"closed","template":"","meta":{"_trash_the_other_posts":false,"editor_notices":[],"footnotes":""},"class_list":["post-2168","page","type-page","status-publish","has-post-thumbnail","hentry"],"yoast_head":"<!-- This site is optimized with the Yoast SEO Premium plugin v27.3 (Yoast SEO v27.3) - https:\/\/yoast.com\/product\/yoast-seo-premium-wordpress\/ -->\n<title>Carrera - Nordex SE - Espa\u00f1ol<\/title>\n<meta name=\"description\" content=\"Descubre Nordex: Conoce qui\u00e9nes somos, qu\u00e9 nos motiva y c\u00f3mo puedes desarrollar tu carrera en energ\u00edas renovables con nosotros.\" \/>\n<meta name=\"robots\" content=\"index, follow, max-snippet:-1, max-image-preview:large, max-video-preview:-1\" \/>\n<link rel=\"canonical\" href=\"https:\/\/www.nordex-online.com\/es\/carrera\/\" \/>\n<meta property=\"og:locale\" content=\"es_ES\" \/>\n<meta property=\"og:type\" content=\"article\" \/>\n<meta property=\"og:title\" content=\"Carrera\" \/>\n<meta property=\"og:description\" content=\"Descubre Nordex: Conoce qui\u00e9nes somos, qu\u00e9 nos motiva y c\u00f3mo puedes desarrollar tu carrera en energ\u00edas renovables con nosotros.\" \/>\n<meta property=\"og:url\" content=\"https:\/\/www.nordex-online.com\/es\/carrera\/\" \/>\n<meta property=\"og:site_name\" content=\"Nordex SE - Espa\u00f1ol\" \/>\n<meta property=\"article:modified_time\" content=\"2025-11-04T16:07:35+00:00\" \/>\n<meta property=\"og:image\" content=\"https:\/\/www.nordex-online.com\/wp-content\/uploads\/sites\/4\/2025\/08\/Teaser-Career-Main-Page.png\" \/>\n\t<meta property=\"og:image:width\" content=\"387\" \/>\n\t<meta property=\"og:image:height\" content=\"450\" \/>\n\t<meta property=\"og:image:type\" content=\"image\/png\" \/>\n<meta name=\"twitter:card\" content=\"summary_large_image\" \/>\n<meta name=\"twitter:label1\" content=\"Tiempo de lectura\" \/>\n\t<meta name=\"twitter:data1\" content=\"3 minutos\" \/>\n<script type=\"application\/ld+json\" class=\"yoast-schema-graph\">{\"@context\":\"https:\\\/\\\/schema.org\",\"@graph\":[{\"@type\":\"WebPage\",\"@id\":\"https:\\\/\\\/www.nordex-online.com\\\/es\\\/carrera\\\/\",\"url\":\"https:\\\/\\\/www.nordex-online.com\\\/es\\\/carrera\\\/\",\"name\":\"Carrera - Nordex SE - Espa\u00f1ol\",\"isPartOf\":{\"@id\":\"https:\\\/\\\/www.nordex-online.com\\\/es\\\/#website\"},\"primaryImageOfPage\":{\"@id\":\"https:\\\/\\\/www.nordex-online.com\\\/es\\\/carrera\\\/#primaryimage\"},\"image\":{\"@id\":\"https:\\\/\\\/www.nordex-online.com\\\/es\\\/carrera\\\/#primaryimage\"},\"thumbnailUrl\":\"https:\\\/\\\/www.nordex-online.com\\\/wp-content\\\/uploads\\\/sites\\\/4\\\/2025\\\/08\\\/Teaser-Career-Main-Page.png\",\"datePublished\":\"2019-12-02T16:49:29+00:00\",\"dateModified\":\"2025-11-04T16:07:35+00:00\",\"description\":\"Descubre Nordex: Conoce qui\u00e9nes somos, qu\u00e9 nos motiva y c\u00f3mo puedes desarrollar tu carrera en energ\u00edas renovables con nosotros.\",\"breadcrumb\":{\"@id\":\"https:\\\/\\\/www.nordex-online.com\\\/es\\\/carrera\\\/#breadcrumb\"},\"inLanguage\":\"es\",\"potentialAction\":[{\"@type\":\"ReadAction\",\"target\":[\"https:\\\/\\\/www.nordex-online.com\\\/es\\\/carrera\\\/\"]}]},{\"@type\":\"ImageObject\",\"inLanguage\":\"es\",\"@id\":\"https:\\\/\\\/www.nordex-online.com\\\/es\\\/carrera\\\/#primaryimage\",\"url\":\"https:\\\/\\\/www.nordex-online.com\\\/wp-content\\\/uploads\\\/sites\\\/4\\\/2025\\\/08\\\/Teaser-Career-Main-Page.png\",\"contentUrl\":\"https:\\\/\\\/www.nordex-online.com\\\/wp-content\\\/uploads\\\/sites\\\/4\\\/2025\\\/08\\\/Teaser-Career-Main-Page.png\",\"width\":387,\"height\":450},{\"@type\":\"BreadcrumbList\",\"@id\":\"https:\\\/\\\/www.nordex-online.com\\\/es\\\/carrera\\\/#breadcrumb\",\"itemListElement\":[{\"@type\":\"ListItem\",\"position\":1,\"name\":\"Home\",\"item\":\"https:\\\/\\\/www.nordex-online.com\\\/es\\\/\"},{\"@type\":\"ListItem\",\"position\":2,\"name\":\"Carrera\"}]},{\"@type\":\"WebSite\",\"@id\":\"https:\\\/\\\/www.nordex-online.com\\\/es\\\/#website\",\"url\":\"https:\\\/\\\/www.nordex-online.com\\\/es\\\/\",\"name\":\"Nordex SE - Espa\u00f1ol\",\"description\":\"Manufacture, installation and maintenance of wind turbines.\",\"publisher\":{\"@id\":\"https:\\\/\\\/www.nordex-online.com\\\/es\\\/#organization\"},\"potentialAction\":[{\"@type\":\"SearchAction\",\"target\":{\"@type\":\"EntryPoint\",\"urlTemplate\":\"https:\\\/\\\/www.nordex-online.com\\\/es\\\/?s={search_term_string}\"},\"query-input\":{\"@type\":\"PropertyValueSpecification\",\"valueRequired\":true,\"valueName\":\"search_term_string\"}}],\"inLanguage\":\"es\"},{\"@type\":\"Organization\",\"@id\":\"https:\\\/\\\/www.nordex-online.com\\\/es\\\/#organization\",\"name\":\"Nordex SE - Espa\u00f1ol\",\"url\":\"https:\\\/\\\/www.nordex-online.com\\\/es\\\/\",\"logo\":{\"@type\":\"ImageObject\",\"inLanguage\":\"es\",\"@id\":\"https:\\\/\\\/www.nordex-online.com\\\/es\\\/#\\\/schema\\\/logo\\\/image\\\/\",\"url\":\"https:\\\/\\\/www.nordex-online.com\\\/wp-content\\\/uploads\\\/sites\\\/4\\\/2024\\\/07\\\/cropped-cropped-Combined-Logos_cmyk_PNG.png\",\"contentUrl\":\"https:\\\/\\\/www.nordex-online.com\\\/wp-content\\\/uploads\\\/sites\\\/4\\\/2024\\\/07\\\/cropped-cropped-Combined-Logos_cmyk_PNG.png\",\"width\":1181,\"height\":353,\"caption\":\"Nordex SE - Espa\u00f1ol\"},\"image\":{\"@id\":\"https:\\\/\\\/www.nordex-online.com\\\/es\\\/#\\\/schema\\\/logo\\\/image\\\/\"}}]}<\/script>\n<!-- \/ Yoast SEO Premium plugin. -->","yoast_head_json":{"title":"Carrera - Nordex SE - Espa\u00f1ol","description":"Descubre Nordex: Conoce qui\u00e9nes somos, qu\u00e9 nos motiva y c\u00f3mo puedes desarrollar tu carrera en energ\u00edas renovables con nosotros.","robots":{"index":"index","follow":"follow","max-snippet":"max-snippet:-1","max-image-preview":"max-image-preview:large","max-video-preview":"max-video-preview:-1"},"canonical":"https:\/\/www.nordex-online.com\/es\/carrera\/","og_locale":"es_ES","og_type":"article","og_title":"Carrera","og_description":"Descubre Nordex: Conoce qui\u00e9nes somos, qu\u00e9 nos motiva y c\u00f3mo puedes desarrollar tu carrera en energ\u00edas renovables con nosotros.","og_url":"https:\/\/www.nordex-online.com\/es\/carrera\/","og_site_name":"Nordex SE - Espa\u00f1ol","article_modified_time":"2025-11-04T16:07:35+00:00","og_image":[{"width":387,"height":450,"url":"https:\/\/www.nordex-online.com\/wp-content\/uploads\/sites\/4\/2025\/08\/Teaser-Career-Main-Page.png","type":"image\/png"}],"twitter_card":"summary_large_image","twitter_misc":{"Tiempo de lectura":"3 minutos"},"schema":{"@context":"https:\/\/schema.org","@graph":[{"@type":"WebPage","@id":"https:\/\/www.nordex-online.com\/es\/carrera\/","url":"https:\/\/www.nordex-online.com\/es\/carrera\/","name":"Carrera - Nordex SE - Espa\u00f1ol","isPartOf":{"@id":"https:\/\/www.nordex-online.com\/es\/#website"},"primaryImageOfPage":{"@id":"https:\/\/www.nordex-online.com\/es\/carrera\/#primaryimage"},"image":{"@id":"https:\/\/www.nordex-online.com\/es\/carrera\/#primaryimage"},"thumbnailUrl":"https:\/\/www.nordex-online.com\/wp-content\/uploads\/sites\/4\/2025\/08\/Teaser-Career-Main-Page.png","datePublished":"2019-12-02T16:49:29+00:00","dateModified":"2025-11-04T16:07:35+00:00","description":"Descubre Nordex: Conoce qui\u00e9nes somos, qu\u00e9 nos motiva y c\u00f3mo puedes desarrollar tu carrera en energ\u00edas renovables con nosotros.","breadcrumb":{"@id":"https:\/\/www.nordex-online.com\/es\/carrera\/#breadcrumb"},"inLanguage":"es","potentialAction":[{"@type":"ReadAction","target":["https:\/\/www.nordex-online.com\/es\/carrera\/"]}]},{"@type":"ImageObject","inLanguage":"es","@id":"https:\/\/www.nordex-online.com\/es\/carrera\/#primaryimage","url":"https:\/\/www.nordex-online.com\/wp-content\/uploads\/sites\/4\/2025\/08\/Teaser-Career-Main-Page.png","contentUrl":"https:\/\/www.nordex-online.com\/wp-content\/uploads\/sites\/4\/2025\/08\/Teaser-Career-Main-Page.png","width":387,"height":450},{"@type":"BreadcrumbList","@id":"https:\/\/www.nordex-online.com\/es\/carrera\/#breadcrumb","itemListElement":[{"@type":"ListItem","position":1,"name":"Home","item":"https:\/\/www.nordex-online.com\/es\/"},{"@type":"ListItem","position":2,"name":"Carrera"}]},{"@type":"WebSite","@id":"https:\/\/www.nordex-online.com\/es\/#website","url":"https:\/\/www.nordex-online.com\/es\/","name":"Nordex SE - Espa\u00f1ol","description":"Manufacture, installation and maintenance of wind turbines.","publisher":{"@id":"https:\/\/www.nordex-online.com\/es\/#organization"},"potentialAction":[{"@type":"SearchAction","target":{"@type":"EntryPoint","urlTemplate":"https:\/\/www.nordex-online.com\/es\/?s={search_term_string}"},"query-input":{"@type":"PropertyValueSpecification","valueRequired":true,"valueName":"search_term_string"}}],"inLanguage":"es"},{"@type":"Organization","@id":"https:\/\/www.nordex-online.com\/es\/#organization","name":"Nordex SE - Espa\u00f1ol","url":"https:\/\/www.nordex-online.com\/es\/","logo":{"@type":"ImageObject","inLanguage":"es","@id":"https:\/\/www.nordex-online.com\/es\/#\/schema\/logo\/image\/","url":"https:\/\/www.nordex-online.com\/wp-content\/uploads\/sites\/4\/2024\/07\/cropped-cropped-Combined-Logos_cmyk_PNG.png","contentUrl":"https:\/\/www.nordex-online.com\/wp-content\/uploads\/sites\/4\/2024\/07\/cropped-cropped-Combined-Logos_cmyk_PNG.png","width":1181,"height":353,"caption":"Nordex SE - Espa\u00f1ol"},"image":{"@id":"https:\/\/www.nordex-online.com\/es\/#\/schema\/logo\/image\/"}}]}},"_links":{"self":[{"href":"https:\/\/www.nordex-online.com\/es\/wp-json\/wp\/v2\/pages\/2168","targetHints":{"allow":["GET"]}}],"collection":[{"href":"https:\/\/www.nordex-online.com\/es\/wp-json\/wp\/v2\/pages"}],"about":[{"href":"https:\/\/www.nordex-online.com\/es\/wp-json\/wp\/v2\/types\/page"}],"author":[{"embeddable":true,"href":"https:\/\/www.nordex-online.com\/es\/wp-json\/wp\/v2\/users\/5"}],"replies":[{"embeddable":true,"href":"https:\/\/www.nordex-online.com\/es\/wp-json\/wp\/v2\/comments?post=2168"}],"version-history":[{"count":47,"href":"https:\/\/www.nordex-online.com\/es\/wp-json\/wp\/v2\/pages\/2168\/revisions"}],"predecessor-version":[{"id":37220,"href":"https:\/\/www.nordex-online.com\/es\/wp-json\/wp\/v2\/pages\/2168\/revisions\/37220"}],"wp:featuredmedia":[{"embeddable":true,"href":"https:\/\/www.nordex-online.com\/es\/wp-json\/wp\/v2\/media\/36316"}],"wp:attachment":[{"href":"https:\/\/www.nordex-online.com\/es\/wp-json\/wp\/v2\/media?parent=2168"}],"curies":[{"name":"wp","href":"https:\/\/api.w.org\/{rel}","templated":true}]}}