{"id":2163,"date":"2019-12-02T16:45:36","date_gmt":"2019-12-02T16:45:36","guid":{"rendered":"https:\/\/www.nordex-online.com\/es\/?page_id=2163"},"modified":"2023-04-24T11:18:15","modified_gmt":"2023-04-24T11:18:15","slug":"mantenimiento-reparacion","status":"publish","type":"page","link":"https:\/\/www.nordex-online.com\/es\/service\/mantenimiento-reparacion\/","title":{"rendered":"Manutencion y Reparaci\u00f3n"},"content":{"rendered":"\n<div class=\"wp-block-cover alignfull has-background-dim-10 has-background-dim is-style-default\" style=\"min-height:340px;aspect-ratio:unset;\"><video class=\"wp-block-cover__video-background intrinsic-ignore\" autoplay muted loop playsinline src=\"https:\/\/www.nordex-online.com\/wp-content\/uploads\/sites\/4\/2021\/07\/Service-2-final.mp4\" data-object-fit=\"cover\"><\/video><div class=\"wp-block-cover__inner-container is-layout-flow wp-block-cover-is-layout-flow\">\n<p class=\"has-text-align-center has-large-font-size\">NORDEX SERVICE: COE OPTIMIZADO Y FIABLE<\/p>\n<\/div><\/div>\n\n\n\n<div class=\"wp-block-nordex-heading is-style-underline nordex-heading wp-block-columns has-4-columns\"><div class=\"nordex-heading__chapter wp-block-column\"><span class=\"nordex-heading__chapter-title\">01<\/span><span class=\"nordex-heading__chapter-subtitle\">05<\/span><\/div><div class=\"nordex-heading__heading wp-block-column\"><h3 class=\"nordex-heading__heading-title\">MANTENIMIENTO<\/h3><\/div><div class=\"nordex-heading__subhead wp-block-column\"><p class=\"nordex-heading__subhead-title\"><\/p><\/div><div class=\"nordex-heading__button wp-block-column\"><\/div><\/div>\n\n\n\n<p>Disponemos de una gama variada y flexible de paquetes de mantenimiento para asegurarnos de que encuentre el m\u00e1s adaptado a las necesidades espec\u00edficas de su proyecto. Adem\u00e1s, con mucho gusto estudiaremos posibles soluciones individualizadas con nuestros clientes: la elecci\u00f3n es suya.<\/p>\n\n\n\n<div class=\"wp-block-nordex-text wp-block-nordex-text--three-block-paragraphs\">\n<div class=\"wp-block-nordex-columns wp-block-nordex-columns--one-one-one wp-block-columns has-3-columns\">\n<div class=\"wp-block-nordex-column wp-block-column\">\n<p><strong>1. PREMIUM LIGHT: <\/strong><br><strong>LA SOLUCI\u00d3N FLEXIBLE <\/strong><br><br><br>El paquete Premium Light incluye un seguimiento remoto 24 \/ 7, mantenimiento programado y no programado y una garant\u00eda de disponibilidad basada en el tiempo. El contrato no cubre los componentes principales pero s\u00ed las reparaciones y los repuestos. Cubre todas las reparaciones y el suministro de recambios de todas las dem\u00e1s piezas y componentes.<\/p>\n<\/div>\n\n\n\n<div class=\"wp-block-nordex-column wp-block-column\">\n<p><strong>2.  PREMIUM:<\/strong><br><strong>TRANQUILIDAD TOTAL<\/strong> <strong> <br><\/strong><br><br>El paquete de contrato Premium garantiza un servicio completo, sin preocupaciones, para asegurar la inversi\u00f3n de nuestros clientes. Adem\u00e1s de todos los elementos que ofrece Premium Light, incluye todas las reparaciones y el suministro de repuestos de los principales componentes.<\/p>\n<\/div>\n\n\n\n<div class=\"wp-block-nordex-column wp-block-column\">\n<p><strong>3.  PREMIUM PLUS:<\/strong><br><strong>UNA OPCI\u00d3N BASADA EN LA PRODUCCI\u00d3N<\/strong> <strong> <br><\/strong><br>El \u201cPlus\u201d aporta una garant\u00eda de disponibilidad basada en la producci\u00f3n, que se a\u00f1ade al paquete de tranquilidad total del contrato Premium. Los trabajos se planifican durante los per\u00edodos de vientos bajos, para garantizar a nuestros clientes el mayor rendimiento posible.<\/p>\n<\/div>\n<\/div>\n<\/div>\n\n\n\n<div class=\"wp-block-nordex-heading is-style-underline nordex-heading wp-block-columns has-4-columns\"><div class=\"nordex-heading__chapter wp-block-column\"><span class=\"nordex-heading__chapter-title\">02<\/span><span class=\"nordex-heading__chapter-subtitle\">05<\/span><\/div><div class=\"nordex-heading__heading wp-block-column\"><h3 class=\"nordex-heading__heading-title\">EL CONTRATO EN DETALLE<\/h3><\/div><div class=\"nordex-heading__subhead wp-block-column\"><p class=\"nordex-heading__subhead-title\"><\/p><\/div><div class=\"nordex-heading__button wp-block-column\"><\/div><\/div>\n\n\n\n<figure class=\"wp-block-image size-large\"><img decoding=\"async\" src=\"https:\/\/www.nordex-online.com\/wp-content\/uploads\/sites\/2\/2019\/10\/Service_Contracts_Overview-1024x724.jpg\" alt=\"\" class=\"wp-image-4538\"\/><\/figure>\n\n\n\n<div class=\"wp-block-nordex-heading is-style-underline nordex-heading wp-block-columns has-4-columns\"><div class=\"nordex-heading__chapter wp-block-column\"><span class=\"nordex-heading__chapter-title\">03<\/span><span class=\"nordex-heading__chapter-subtitle\">05<\/span><\/div><div class=\"nordex-heading__heading wp-block-column\"><h3 class=\"nordex-heading__heading-title\">LOS CONTRATOS<\/h3><\/div><div class=\"nordex-heading__subhead wp-block-column\"><p class=\"nordex-heading__subhead-title\"><\/p><\/div><div class=\"nordex-heading__button wp-block-column\"><\/div><\/div>\n\n\n\n<div class=\"wp-block-nordex-media-text wp-block-nordex-media-text--image-block-paragraph-block-paragraph\">\n<div class=\"wp-block-nordex-columns wp-block-nordex-columns--one-one-two wp-block-columns has-3-columns\">\n<div class=\"wp-block-nordex-column wp-block-column\">\n<figure class=\"wp-block-image size-large\"><img decoding=\"async\" src=\"https:\/\/www.nordex-online.com\/wp-content\/uploads\/sites\/2\/2019\/11\/Ersatzteillager_D_HRO_2017-1024px.jpg\" alt=\"\" class=\"wp-image-6420\"\/><\/figure>\n<\/div>\n\n\n\n<div class=\"wp-block-nordex-column wp-block-column\">\n<p>La gesti\u00f3n de piezas de recambio de Nordex Group garantiza un suministro mundial de repuestos para su aerogenerador, los 365 d\u00edas del a\u00f1o. Proporcionamos exclusivamente los tipos de materiales que se precisan, con unos tiempos de respuesta cortos y un transporte r\u00e1pido, para garantizar la mejor disponibilidad posible del parque mundial. Somos fabricantes y sabemos exactamente qu\u00e9 repuestos se necesitan para operar los aerogeneradores de forma eficiente y durante toda su vida \u00fatil.<br><br>A partir de este conocimiento, Spare Parts Management colabora con organizaciones de asistencia t\u00e9cnica locales para determinar la gama de repuestos que se precisa para hacer frente a todos los incidentes de mantenimiento y reparaci\u00f3n. Este suministro a medida de materiales y su entrega puntual al parque e\u00f3lico garantiza una asistencia t\u00e9cnica \u00f3ptima.<\/p>\n<\/div>\n\n\n\n<div class=\"wp-block-nordex-column wp-block-column\">\n<p>Sea cual sea el componente que necesite, nuestro eficiente equipo asegura toda la cadena de suministro de repuestos, desde la compra hasta el almacenamiento y la entrega, en todo el mundo.<br>Es necesario realizar inspecciones peri\u00f3dicas para mantener los parques e\u00f3licos en un estado \u00f3ptimo y evitar da\u00f1os graves. Nuestros t\u00e9cnicos especializados realizan inspecciones de acuerdo con un plan de mantenimiento programado optimizado.<br>Gracias a nuestros flexibles m\u00e9todos de inspecci\u00f3n, que incluyen el uso de drones o la endoscopia, evitamos p\u00e9rdidas de rendimiento al tiempo que garantizamos la m\u00e1s alta calidad y, por lo tanto, el \u00e9xito de su parque.<br><br><strong>P\u00f3ngase en contacto con nuestros expertos en repuestos por correo electr\u00f3nico en <\/strong><a href=\"mailto:parts_sales@nordex-online.com\"><strong>parts_sales@nordex-online.com<\/strong><\/a><\/p>\n<\/div>\n<\/div>\n<\/div>\n\n\n\n<div class=\"wp-block-nordex-heading is-style-underline nordex-heading wp-block-columns has-4-columns\"><div class=\"nordex-heading__chapter wp-block-column\"><span class=\"nordex-heading__chapter-title\">04<\/span><span class=\"nordex-heading__chapter-subtitle\">05<\/span><\/div><div class=\"nordex-heading__heading wp-block-column\"><h3 class=\"nordex-heading__heading-title\">CONCEPTOS ORIENTADOS AL COE<\/h3><\/div><div class=\"nordex-heading__subhead wp-block-column\"><p class=\"nordex-heading__subhead-title\"><\/p><\/div><div class=\"nordex-heading__button wp-block-column\"><\/div><\/div>\n\n\n\n<div class=\"wp-block-columns is-layout-flex wp-container-core-columns-is-layout-28f84493 wp-block-columns-is-layout-flex\">\n<div class=\"wp-block-column is-layout-flow wp-block-column-is-layout-flow\" style=\"flex-basis:33.33%\">\n<h3 class=\"has-grey-65-color has-text-color wp-block-heading\" id=\"h-soluciones-inteligentes-para-un-mayor-rendimiento\">SOLUCIONES INTELIGENTES PARA UN MAYOR RENDIMIENTO<\/h3>\n<\/div>\n\n\n\n<div class=\"wp-block-column is-layout-flow wp-block-column-is-layout-flow\" style=\"flex-basis:66.66%\">\n<p>Ofrecemos soluciones r\u00e1pidas para cualquier problema complejo. Nuestro centro de competencias dedicado a los convertidores, trenes de potencia y palas, ofrece sus conocimientos de expertos con un \u00fanico objetivo: garantizar el mayor rendimiento posible para nuestros clientes.<br>\nLa viabilidad segura y rentable del servicio t\u00e9cnico y del mantenimiento son principios de dise\u00f1o de m\u00e1xima importancia en el desarrollo de nuestros aerogeneradores. As\u00ed, en la \u00faltima generaci\u00f3n, la serie Delta4000, cada componente est\u00e1 dise\u00f1ado de forma consecuente para garantizar una buena accesibilidad y un bajo coste de mantenimiento. Gracias a la aplicaci\u00f3n de soluciones de puesta en marcha y gr\u00faas m\u00f3viles, la sustituci\u00f3n de componentes de gran tama\u00f1o como, por ejemplo, los engranajes, el mantenimiento puede realizarse de manera m\u00e1s sostenible, m\u00e1s econ\u00f3mica y m\u00e1s r\u00e1pida que con los enfoques convencionales.<\/p>\n<\/div>\n<\/div>\n\n\n\n<div class=\"wp-block-nordex-video-text is-style-large-image nordex-video-text wp-block-columns wp-block-nordex-columns has-2-columns\"><div class=\"nordex-video-text__left wp-block-column wp-block-nordex-column\">\n<figure class=\"wp-block-embed is-type-video is-provider-youtube wp-block-embed-youtube wp-embed-aspect-16-9 wp-has-aspect-ratio\"><div class=\"wp-block-embed__wrapper\">\n <div class=\"brlbs-cmpnt-container brlbs-cmpnt-content-blocker brlbs-cmpnt-with-individual-styles\" data-borlabs-cookie-content-blocker-id=\"youtube-content-blocker\" data-borlabs-cookie-content=\"PGlmcmFtZSB0aXRsZT0iR2VhcmJveCBFeGNoYW5nZSB3aXRoIExpZnRyYSBTZWxmLUhvaXN0aW5nLUNyYW5lIHwgU2VydmljZSBhdCB0aGUgTm9yZGV4IEdyb3VwIChFTikiIHdpZHRoPSI5NjAiIGhlaWdodD0iNTQwIiBzcmM9Imh0dHBzOi8vd3d3LnlvdXR1YmUuY29tL2VtYmVkL3RHblNwMG1OejE0P2ZlYXR1cmU9b2VtYmVkIiBmcmFtZWJvcmRlcj0iMCIgYWxsb3c9ImFjY2VsZXJvbWV0ZXI7IGF1dG9wbGF5OyBjbGlwYm9hcmQtd3JpdGU7IGVuY3J5cHRlZC1tZWRpYTsgZ3lyb3Njb3BlOyBwaWN0dXJlLWluLXBpY3R1cmUiIGFsbG93ZnVsbHNjcmVlbj48L2lmcmFtZT4=\"><div class=\"brlbs-cmpnt-cb-preset-c brlbs-cmpnt-cb-youtube\"> <div class=\"brlbs-cmpnt-cb-thumbnail\" style=\"background-image: url('')\"><\/div> <div class=\"brlbs-cmpnt-cb-main\"> <div class=\"brlbs-cmpnt-cb-play-button\"><\/div> <div class=\"brlbs-cmpnt-cb-content\"> <p class=\"brlbs-cmpnt-cb-description\">Est\u00e1s viendo un contenido de marcador de posici\u00f3n de <strong>YouTube<\/strong>. Para acceder al contenido real, haz clic en el siguiente bot\u00f3n. Ten en cuenta que al hacerlo compartir\u00e1s datos con terceros proveedores.<\/p> <a class=\"brlbs-cmpnt-cb-provider-toggle\" href=\"#\" data-borlabs-cookie-show-provider-information role=\"button\">M\u00e1s informaci\u00f3n<\/a> <\/div> <div class=\"brlbs-cmpnt-cb-buttons\"> <a class=\"brlbs-cmpnt-cb-btn\" href=\"#\" data-borlabs-cookie-unblock role=\"button\">Desbloquear contenido<\/a> <a class=\"brlbs-cmpnt-cb-btn\" href=\"#\" data-borlabs-cookie-accept-service role=\"button\" style=\"display: inherit\">Aceptar el servicio requerido y desbloquear los contenidos<\/a> <\/div> <\/div> <\/div><\/div>\n<\/div><\/figure>\n<\/div><div class=\"nordex-video-text__right wp-block-column wp-block-nordex-column\"><div class=\"nordex-video-text__container\"><h2><\/h2><p class=\"nordex-video-text__subtitle\" style=\"color:#0e5783\"><\/p><p class=\"nordex-video-text__content\">Hoy en d\u00eda, una prueba de reemplazo de componentes grandes ya forma parte del proceso de certificaci\u00f3n y ensayo de los prototipos, como puede verse en el v\u00eddeo sobre el prototipo Delta4000 en Wennersdorf (Alemania).<\/p><\/div><\/div><\/div>\n\n\n\n<div class=\"wp-block-nordex-heading is-style-underline nordex-heading wp-block-columns has-4-columns\"><div class=\"nordex-heading__chapter wp-block-column\"><span class=\"nordex-heading__chapter-title\">05<\/span><span class=\"nordex-heading__chapter-subtitle\">05<\/span><\/div><div class=\"nordex-heading__heading wp-block-column\"><h3 class=\"nordex-heading__heading-title\">M\u00c1S INFORMACI\u00d3N<\/h3><\/div><div class=\"nordex-heading__subhead wp-block-column\"><p class=\"nordex-heading__subhead-title\"><\/p><\/div><div class=\"nordex-heading__button wp-block-column\"><\/div><\/div>\n\n\n\n<div class=\"wp-block-columns is-style-nordex-gaps is-layout-flex wp-container-core-columns-is-layout-28f84493 wp-block-columns-is-layout-flex\">\n<div class=\"wp-block-column is-layout-flow wp-block-column-is-layout-flow\">\n<div class=\"wp-block-nordex-tile wp-block-nordex-tile--portrait\"><a class=\"wp-block-nordex-tile__button\" href=\"https:\/\/www.nordex-online.com\/es\/service\/\"><div class=\"wp-block-nordex-tile__image\" style=\"background-image:url(https:\/\/www.nordex-online.com\/wp-content\/uploads\/sites\/4\/2021\/07\/1.jpg)\"><\/div><p class=\"wp-block-nordex-tile__title\">SERVICE<\/p><p class=\"wp-block-button is-style-underline\"><span class=\"wp-block-button__link\">M\u00c1S INFORMACI\u00d3N<\/span><\/p><\/a><\/div>\n<\/div>\n\n\n\n<div class=\"wp-block-column is-layout-flow wp-block-column-is-layout-flow\">\n<div class=\"wp-block-nordex-tile wp-block-nordex-tile--portrait\"><a class=\"wp-block-nordex-tile__button\" href=\"https:\/\/www.nordex-online.com\/es\/service\/upgrades\/\"><div class=\"wp-block-nordex-tile__image\" style=\"background-image:url(https:\/\/www.nordex-online.com\/wp-content\/uploads\/sites\/2\/2019\/11\/21UMertens.png)\"><\/div><p class=\"wp-block-nordex-tile__title\">UPGRADES<\/p><p class=\"wp-block-button is-style-underline\"><span class=\"wp-block-button__link\">M\u00c1S INFORMACI\u00d3N<\/span><\/p><\/a><\/div>\n<\/div>\n\n\n\n<div class=\"wp-block-column is-layout-flow wp-block-column-is-layout-flow\">\n<div class=\"wp-block-nordex-tile wp-block-nordex-tile--portrait\"><a class=\"wp-block-nordex-tile__button\" href=\"https:\/\/www.nordex-online.com\/es\/product\/product-main-page-espanol\/\"><div class=\"wp-block-nordex-tile__image\" style=\"background-image:url(https:\/\/www.nordex-online.com\/wp-content\/uploads\/sites\/2\/2019\/11\/04UMertens.png)\"><\/div><p class=\"wp-block-nordex-tile__title\">PRODUCTOS<\/p><p class=\"wp-block-button is-style-underline\"><span class=\"wp-block-button__link\">M\u00c1S INFORMACI\u00d3N<\/span><\/p><\/a><\/div>\n\n\n\n<p><\/p>\n<\/div>\n<\/div>\n","protected":false},"excerpt":{"rendered":"<p>Disponemos de una gama variada y flexible de paquetes de mantenimiento para asegurarnos de que encuentre el m\u00e1s adaptado a las necesidades espec\u00edficas de su proyecto. Adem\u00e1s, con mucho gusto estudiaremos posibles soluciones individualizadas con nuestros clientes: la elecci\u00f3n es suya. SOLUCIONES INTELIGENTES PARA UN MAYOR RENDIMIENTO Ofrecemos soluciones r\u00e1pidas para cualquier problema complejo. Nuestro [&hellip;]<\/p>\n","protected":false},"author":5,"featured_media":4712,"parent":2160,"menu_order":0,"comment_status":"closed","ping_status":"closed","template":"","meta":{"_trash_the_other_posts":false,"editor_notices":[],"footnotes":""},"class_list":["post-2163","page","type-page","status-publish","has-post-thumbnail","hentry"],"yoast_head":"<!-- This site is optimized with the Yoast SEO Premium plugin v27.3 (Yoast SEO v27.3) - https:\/\/yoast.com\/product\/yoast-seo-premium-wordpress\/ -->\n<title>Manutencion y Reparaci\u00f3n - Nordex SE - Espa\u00f1ol<\/title>\n<meta name=\"description\" content=\"Nordex Group ofrece contratos flexibles de asistencia t\u00e9cnica, para prestar a sus clientes un servicio a medida, adaptado a sus distintas necesidades.\" \/>\n<meta name=\"robots\" content=\"index, follow, max-snippet:-1, max-image-preview:large, max-video-preview:-1\" \/>\n<link rel=\"canonical\" href=\"https:\/\/www.nordex-online.com\/es\/service\/mantenimiento-reparacion\/\" \/>\n<meta property=\"og:locale\" content=\"es_ES\" \/>\n<meta property=\"og:type\" content=\"article\" \/>\n<meta property=\"og:title\" content=\"Manutencion y Reparaci\u00f3n\" \/>\n<meta property=\"og:description\" content=\"Nordex Group ofrece contratos flexibles de asistencia t\u00e9cnica, para prestar a sus clientes un servicio a medida, adaptado a sus distintas necesidades.\" \/>\n<meta property=\"og:url\" content=\"https:\/\/www.nordex-online.com\/es\/service\/mantenimiento-reparacion\/\" \/>\n<meta property=\"og:site_name\" content=\"Nordex SE - Espa\u00f1ol\" \/>\n<meta property=\"article:modified_time\" content=\"2023-04-24T11:18:15+00:00\" \/>\n<meta property=\"og:image\" content=\"https:\/\/www.nordex-online.com\/wp-content\/uploads\/sites\/4\/2021\/07\/2.jpg\" \/>\n\t<meta property=\"og:image:width\" content=\"387\" \/>\n\t<meta property=\"og:image:height\" content=\"450\" \/>\n\t<meta property=\"og:image:type\" content=\"image\/jpeg\" \/>\n<meta name=\"twitter:card\" content=\"summary_large_image\" \/>\n<meta name=\"twitter:label1\" content=\"Tiempo de lectura\" \/>\n\t<meta name=\"twitter:data1\" content=\"4 minutos\" \/>\n<script type=\"application\/ld+json\" class=\"yoast-schema-graph\">{\"@context\":\"https:\\\/\\\/schema.org\",\"@graph\":[{\"@type\":\"WebPage\",\"@id\":\"https:\\\/\\\/www.nordex-online.com\\\/es\\\/service\\\/mantenimiento-reparacion\\\/\",\"url\":\"https:\\\/\\\/www.nordex-online.com\\\/es\\\/service\\\/mantenimiento-reparacion\\\/\",\"name\":\"Manutencion y Reparaci\u00f3n - Nordex SE - Espa\u00f1ol\",\"isPartOf\":{\"@id\":\"https:\\\/\\\/www.nordex-online.com\\\/es\\\/#website\"},\"primaryImageOfPage\":{\"@id\":\"https:\\\/\\\/www.nordex-online.com\\\/es\\\/service\\\/mantenimiento-reparacion\\\/#primaryimage\"},\"image\":{\"@id\":\"https:\\\/\\\/www.nordex-online.com\\\/es\\\/service\\\/mantenimiento-reparacion\\\/#primaryimage\"},\"thumbnailUrl\":\"https:\\\/\\\/www.nordex-online.com\\\/wp-content\\\/uploads\\\/sites\\\/4\\\/2021\\\/07\\\/2.jpg\",\"datePublished\":\"2019-12-02T16:45:36+00:00\",\"dateModified\":\"2023-04-24T11:18:15+00:00\",\"description\":\"Nordex Group ofrece contratos flexibles de asistencia t\u00e9cnica, para prestar a sus clientes un servicio a medida, adaptado a sus distintas necesidades.\",\"breadcrumb\":{\"@id\":\"https:\\\/\\\/www.nordex-online.com\\\/es\\\/service\\\/mantenimiento-reparacion\\\/#breadcrumb\"},\"inLanguage\":\"es\",\"potentialAction\":[{\"@type\":\"ReadAction\",\"target\":[\"https:\\\/\\\/www.nordex-online.com\\\/es\\\/service\\\/mantenimiento-reparacion\\\/\"]}]},{\"@type\":\"ImageObject\",\"inLanguage\":\"es\",\"@id\":\"https:\\\/\\\/www.nordex-online.com\\\/es\\\/service\\\/mantenimiento-reparacion\\\/#primaryimage\",\"url\":\"https:\\\/\\\/www.nordex-online.com\\\/wp-content\\\/uploads\\\/sites\\\/4\\\/2021\\\/07\\\/2.jpg\",\"contentUrl\":\"https:\\\/\\\/www.nordex-online.com\\\/wp-content\\\/uploads\\\/sites\\\/4\\\/2021\\\/07\\\/2.jpg\",\"width\":387,\"height\":450},{\"@type\":\"BreadcrumbList\",\"@id\":\"https:\\\/\\\/www.nordex-online.com\\\/es\\\/service\\\/mantenimiento-reparacion\\\/#breadcrumb\",\"itemListElement\":[{\"@type\":\"ListItem\",\"position\":1,\"name\":\"Home\",\"item\":\"https:\\\/\\\/www.nordex-online.com\\\/es\\\/\"},{\"@type\":\"ListItem\",\"position\":2,\"name\":\"Service\",\"item\":\"https:\\\/\\\/www.nordex-online.com\\\/es\\\/service\\\/\"},{\"@type\":\"ListItem\",\"position\":3,\"name\":\"Manutencion y Reparaci\u00f3n\"}]},{\"@type\":\"WebSite\",\"@id\":\"https:\\\/\\\/www.nordex-online.com\\\/es\\\/#website\",\"url\":\"https:\\\/\\\/www.nordex-online.com\\\/es\\\/\",\"name\":\"Nordex SE - Espa\u00f1ol\",\"description\":\"Manufacture, installation and maintenance of wind turbines.\",\"publisher\":{\"@id\":\"https:\\\/\\\/www.nordex-online.com\\\/es\\\/#organization\"},\"potentialAction\":[{\"@type\":\"SearchAction\",\"target\":{\"@type\":\"EntryPoint\",\"urlTemplate\":\"https:\\\/\\\/www.nordex-online.com\\\/es\\\/?s={search_term_string}\"},\"query-input\":{\"@type\":\"PropertyValueSpecification\",\"valueRequired\":true,\"valueName\":\"search_term_string\"}}],\"inLanguage\":\"es\"},{\"@type\":\"Organization\",\"@id\":\"https:\\\/\\\/www.nordex-online.com\\\/es\\\/#organization\",\"name\":\"Nordex SE - Espa\u00f1ol\",\"url\":\"https:\\\/\\\/www.nordex-online.com\\\/es\\\/\",\"logo\":{\"@type\":\"ImageObject\",\"inLanguage\":\"es\",\"@id\":\"https:\\\/\\\/www.nordex-online.com\\\/es\\\/#\\\/schema\\\/logo\\\/image\\\/\",\"url\":\"https:\\\/\\\/www.nordex-online.com\\\/wp-content\\\/uploads\\\/sites\\\/4\\\/2024\\\/07\\\/cropped-cropped-Combined-Logos_cmyk_PNG.png\",\"contentUrl\":\"https:\\\/\\\/www.nordex-online.com\\\/wp-content\\\/uploads\\\/sites\\\/4\\\/2024\\\/07\\\/cropped-cropped-Combined-Logos_cmyk_PNG.png\",\"width\":1181,\"height\":353,\"caption\":\"Nordex SE - Espa\u00f1ol\"},\"image\":{\"@id\":\"https:\\\/\\\/www.nordex-online.com\\\/es\\\/#\\\/schema\\\/logo\\\/image\\\/\"}}]}<\/script>\n<!-- \/ Yoast SEO Premium plugin. -->","yoast_head_json":{"title":"Manutencion y Reparaci\u00f3n - Nordex SE - Espa\u00f1ol","description":"Nordex Group ofrece contratos flexibles de asistencia t\u00e9cnica, para prestar a sus clientes un servicio a medida, adaptado a sus distintas necesidades.","robots":{"index":"index","follow":"follow","max-snippet":"max-snippet:-1","max-image-preview":"max-image-preview:large","max-video-preview":"max-video-preview:-1"},"canonical":"https:\/\/www.nordex-online.com\/es\/service\/mantenimiento-reparacion\/","og_locale":"es_ES","og_type":"article","og_title":"Manutencion y Reparaci\u00f3n","og_description":"Nordex Group ofrece contratos flexibles de asistencia t\u00e9cnica, para prestar a sus clientes un servicio a medida, adaptado a sus distintas necesidades.","og_url":"https:\/\/www.nordex-online.com\/es\/service\/mantenimiento-reparacion\/","og_site_name":"Nordex SE - Espa\u00f1ol","article_modified_time":"2023-04-24T11:18:15+00:00","og_image":[{"width":387,"height":450,"url":"https:\/\/www.nordex-online.com\/wp-content\/uploads\/sites\/4\/2021\/07\/2.jpg","type":"image\/jpeg"}],"twitter_card":"summary_large_image","twitter_misc":{"Tiempo de lectura":"4 minutos"},"schema":{"@context":"https:\/\/schema.org","@graph":[{"@type":"WebPage","@id":"https:\/\/www.nordex-online.com\/es\/service\/mantenimiento-reparacion\/","url":"https:\/\/www.nordex-online.com\/es\/service\/mantenimiento-reparacion\/","name":"Manutencion y Reparaci\u00f3n - Nordex SE - Espa\u00f1ol","isPartOf":{"@id":"https:\/\/www.nordex-online.com\/es\/#website"},"primaryImageOfPage":{"@id":"https:\/\/www.nordex-online.com\/es\/service\/mantenimiento-reparacion\/#primaryimage"},"image":{"@id":"https:\/\/www.nordex-online.com\/es\/service\/mantenimiento-reparacion\/#primaryimage"},"thumbnailUrl":"https:\/\/www.nordex-online.com\/wp-content\/uploads\/sites\/4\/2021\/07\/2.jpg","datePublished":"2019-12-02T16:45:36+00:00","dateModified":"2023-04-24T11:18:15+00:00","description":"Nordex Group ofrece contratos flexibles de asistencia t\u00e9cnica, para prestar a sus clientes un servicio a medida, adaptado a sus distintas necesidades.","breadcrumb":{"@id":"https:\/\/www.nordex-online.com\/es\/service\/mantenimiento-reparacion\/#breadcrumb"},"inLanguage":"es","potentialAction":[{"@type":"ReadAction","target":["https:\/\/www.nordex-online.com\/es\/service\/mantenimiento-reparacion\/"]}]},{"@type":"ImageObject","inLanguage":"es","@id":"https:\/\/www.nordex-online.com\/es\/service\/mantenimiento-reparacion\/#primaryimage","url":"https:\/\/www.nordex-online.com\/wp-content\/uploads\/sites\/4\/2021\/07\/2.jpg","contentUrl":"https:\/\/www.nordex-online.com\/wp-content\/uploads\/sites\/4\/2021\/07\/2.jpg","width":387,"height":450},{"@type":"BreadcrumbList","@id":"https:\/\/www.nordex-online.com\/es\/service\/mantenimiento-reparacion\/#breadcrumb","itemListElement":[{"@type":"ListItem","position":1,"name":"Home","item":"https:\/\/www.nordex-online.com\/es\/"},{"@type":"ListItem","position":2,"name":"Service","item":"https:\/\/www.nordex-online.com\/es\/service\/"},{"@type":"ListItem","position":3,"name":"Manutencion y Reparaci\u00f3n"}]},{"@type":"WebSite","@id":"https:\/\/www.nordex-online.com\/es\/#website","url":"https:\/\/www.nordex-online.com\/es\/","name":"Nordex SE - Espa\u00f1ol","description":"Manufacture, installation and maintenance of wind turbines.","publisher":{"@id":"https:\/\/www.nordex-online.com\/es\/#organization"},"potentialAction":[{"@type":"SearchAction","target":{"@type":"EntryPoint","urlTemplate":"https:\/\/www.nordex-online.com\/es\/?s={search_term_string}"},"query-input":{"@type":"PropertyValueSpecification","valueRequired":true,"valueName":"search_term_string"}}],"inLanguage":"es"},{"@type":"Organization","@id":"https:\/\/www.nordex-online.com\/es\/#organization","name":"Nordex SE - Espa\u00f1ol","url":"https:\/\/www.nordex-online.com\/es\/","logo":{"@type":"ImageObject","inLanguage":"es","@id":"https:\/\/www.nordex-online.com\/es\/#\/schema\/logo\/image\/","url":"https:\/\/www.nordex-online.com\/wp-content\/uploads\/sites\/4\/2024\/07\/cropped-cropped-Combined-Logos_cmyk_PNG.png","contentUrl":"https:\/\/www.nordex-online.com\/wp-content\/uploads\/sites\/4\/2024\/07\/cropped-cropped-Combined-Logos_cmyk_PNG.png","width":1181,"height":353,"caption":"Nordex SE - Espa\u00f1ol"},"image":{"@id":"https:\/\/www.nordex-online.com\/es\/#\/schema\/logo\/image\/"}}]}},"_links":{"self":[{"href":"https:\/\/www.nordex-online.com\/es\/wp-json\/wp\/v2\/pages\/2163","targetHints":{"allow":["GET"]}}],"collection":[{"href":"https:\/\/www.nordex-online.com\/es\/wp-json\/wp\/v2\/pages"}],"about":[{"href":"https:\/\/www.nordex-online.com\/es\/wp-json\/wp\/v2\/types\/page"}],"author":[{"embeddable":true,"href":"https:\/\/www.nordex-online.com\/es\/wp-json\/wp\/v2\/users\/5"}],"replies":[{"embeddable":true,"href":"https:\/\/www.nordex-online.com\/es\/wp-json\/wp\/v2\/comments?post=2163"}],"version-history":[{"count":18,"href":"https:\/\/www.nordex-online.com\/es\/wp-json\/wp\/v2\/pages\/2163\/revisions"}],"predecessor-version":[{"id":4946,"href":"https:\/\/www.nordex-online.com\/es\/wp-json\/wp\/v2\/pages\/2163\/revisions\/4946"}],"up":[{"embeddable":true,"href":"https:\/\/www.nordex-online.com\/es\/wp-json\/wp\/v2\/pages\/2160"}],"wp:featuredmedia":[{"embeddable":true,"href":"https:\/\/www.nordex-online.com\/es\/wp-json\/wp\/v2\/media\/4712"}],"wp:attachment":[{"href":"https:\/\/www.nordex-online.com\/es\/wp-json\/wp\/v2\/media?parent=2163"}],"curies":[{"name":"wp","href":"https:\/\/api.w.org\/{rel}","templated":true}]}}