{"id":2160,"date":"2019-12-02T16:43:50","date_gmt":"2019-12-02T16:43:50","guid":{"rendered":"https:\/\/www.nordex-online.com\/es\/?page_id=2160"},"modified":"2025-11-04T15:57:35","modified_gmt":"2025-11-04T15:57:35","slug":"service","status":"publish","type":"page","link":"https:\/\/www.nordex-online.com\/es\/service\/","title":{"rendered":"Service"},"content":{"rendered":"\n<div class=\"wp-block-cover alignfull is-light is-style-default\" style=\"min-height:340px;aspect-ratio:unset;\"><video class=\"wp-block-cover__video-background intrinsic-ignore\" autoplay muted loop playsinline src=\"https:\/\/www.nordex-online.com\/wp-content\/uploads\/sites\/4\/2021\/07\/Service-Final.mp4\" data-object-fit=\"cover\"><\/video><span aria-hidden=\"true\" class=\"wp-block-cover__background has-background-dim-10 has-background-dim\"><\/span><div class=\"wp-block-cover__inner-container is-layout-flow wp-block-cover-is-layout-flow\">\n<p class=\"has-text-align-center has-white-color has-text-color has-large-font-size\">LA ASISTENCIA T\u00c9CNICA MARCA LA DIFERENCIA<\/p>\n<\/div><\/div>\n\n\n\n<div class=\"wp-block-nordex-heading is-style-underline nordex-heading wp-block-columns has-4-columns\"><div class=\"nordex-heading__chapter wp-block-column\"><span class=\"nordex-heading__chapter-title\">01<\/span><span class=\"nordex-heading__chapter-subtitle\">05<\/span><\/div><div class=\"nordex-heading__heading wp-block-column\"><h3 class=\"nordex-heading__heading-title\">Nordex Service<\/h3><\/div><div class=\"nordex-heading__subhead wp-block-column\"><p class=\"nordex-heading__subhead-title\"><\/p><\/div><div class=\"nordex-heading__button wp-block-column\"><\/div><\/div>\n\n\n\n<div class=\"wp-block-nordex-text wp-block-nordex-text--headline-two-block-paragraphs\">\n<div class=\"wp-block-nordex-columns wp-block-nordex-columns--one-one-one wp-block-columns has-3-columns\">\n<div class=\"wp-block-nordex-column wp-block-column\">\n<h3 class=\"wp-block-heading\" id=\"h-nada-mejor-para-los-aerogeneradores-nordex-que-nordex-service-somos-el-mejor-socio-para-su-emplazamiento\">NADA MEJOR PARA LOS AEROGENERADORES NORDEX QUE NORDEX SERVICE<br><br>SOMOS EL MEJOR SOCIO PARA SU EMPLAZAMIENTO<\/h3>\n<\/div>\n\n\n\n<div class=\"wp-block-nordex-column wp-block-column\">\n<p>Capturar el m\u00e1ximo viento disponible y garantizar la mayor producci\u00f3n de energ\u00eda al menor costo posible no solo forma parte de nuestra filosof\u00eda de ingenier\u00eda, impulsada por el costo de energ\u00eda, sino tambi\u00e9n el principio rector de todo lo que hacemos a lo largo de la vida \u00fatil de nuestros productos.<br><br>Por lo tanto, nuestros compa\u00f1eros de Service de todo el mundo tienen un \u00fanico objetivo com\u00fan: reducir el costo de la energ\u00eda minimizando los tiempos de inactividad y aumentando al m\u00e1ximo el rendimiento.<br><br>Para lograrlo, nuestra red de asistencia t\u00e9cnica garantiza la presencia de t\u00e9cnicos locales a proximidad de nuestros clientes, mientras que nuestro personal de la central se esfuerza por obtener la excelencia general y soluciones basadas en un profundo conocimiento de ingenier\u00eda y en los datos obtenidos de 40 a\u00f1os de experiencia.<br><br>Las oficinas regionales descentralizadas son los puntos de contacto directo para nuestros clientes. Contamos con una red de aproximadamente 380 puntos de asistencia t\u00e9cnica en todas las regiones que permite a nuestros t\u00e9cnicos responder con rapidez y garantizar una experiencia local.<\/p>\n<\/div>\n\n\n\n<div class=\"wp-block-nordex-column wp-block-column\">\n<p>Nuestros t\u00e9cnicos est\u00e1n altamente capacitados, asegurando as\u00ed un mantenimiento y reparaciones de la m\u00e1s alta calidad.<br><br>Nordex Spare Parts Management garantiza que todos los trabajos de mantenimiento y reparaci\u00f3n se realicen con rapidez y econom\u00eda.<br><br>Reducir los per\u00edodos de inactividad y los costos es el objetivo clave de nuestras iniciativas digitales y tambi\u00e9n la filosof\u00eda de una asistencia t\u00e9cnica de vanguardia. Gracias a nuestros modelos de contrato, altamente flexibles, podemos proporcionar un nivel de asistencia t\u00e9cnica adaptado a cada una de las distintas necesidades.<br><br>Para los aerogeneradores que ya est\u00e1n en funcionamiento, las actualizaciones realizadas por Nordex brindan soluciones est\u00e1ndar para aprovechar los \u00faltimos avances en desarrollo de ingenier\u00eda con el fin de optimizar continuamente el rendimiento y garantizar la rentabilidad.<br><br>En Nordex Group, estamos convencidos de que la excelencia de la asistencia t\u00e9cnica significa proporcionar exactamente lo que se necesita.<\/p>\n<\/div>\n<\/div>\n<\/div>\n\n\n\n<div class=\"wp-block-nordex-image-text nordex-image-text wp-block-columns wp-block-nordex-columns has-2-columns\"><div class=\"nordex-image-text__left wp-block-column wp-block-nordex-column\">\n<figure class=\"wp-block-image size-full\"><img loading=\"lazy\" decoding=\"async\" width=\"945\" height=\"630\" src=\"https:\/\/www.nordex-online.com\/wp-content\/uploads\/sites\/4\/2025\/03\/DJI_0183_web.png\" alt=\"\" class=\"wp-image-35643\" srcset=\"https:\/\/www.nordex-online.com\/wp-content\/uploads\/sites\/4\/2025\/03\/DJI_0183_web.png 945w, https:\/\/www.nordex-online.com\/wp-content\/uploads\/sites\/4\/2025\/03\/DJI_0183_web-300x200.png 300w, https:\/\/www.nordex-online.com\/wp-content\/uploads\/sites\/4\/2025\/03\/DJI_0183_web-768x512.png 768w\" sizes=\"auto, (max-width: 945px) 100vw, 945px\" \/><\/figure>\n<\/div><div class=\"nordex-image-text__right wp-block-column wp-block-nordex-column\"><div class=\"nordex-image-text__container\"><h2><\/h2><p class=\"nordex-image-text__subtitle\" style=\"color:#0e5783\">LA ASISTENCIA T\u00c9CNICA MARCA LA DIFERENCIA<\/p><p class=\"nordex-image-text__content\">Con relaciones m\u00e1s cercanas con los clientes, productos a medida, conceptos l\u00edderes y alta eficiencia del COE, somos el mejor socio para su emplazamiento.<\/p><\/div><\/div><\/div>\n\n\n\n<div class=\"wp-block-nordex-heading is-style-underline nordex-heading wp-block-columns has-4-columns\"><div class=\"nordex-heading__chapter wp-block-column\"><span class=\"nordex-heading__chapter-title\">02<\/span><span class=\"nordex-heading__chapter-subtitle\">05<\/span><\/div><div class=\"nordex-heading__heading wp-block-column\"><h3 class=\"nordex-heading__heading-title\">SOPORTE REMOTO Y SOBRE EL TERRENO<\/h3><\/div><div class=\"nordex-heading__subhead wp-block-column\"><p class=\"nordex-heading__subhead-title\"><\/p><\/div><div class=\"nordex-heading__button wp-block-column\"><\/div><\/div>\n\n\n\n<div class=\"wp-block-nordex-text wp-block-nordex-text--headline-two-block-paragraphs\">\n<div class=\"wp-block-nordex-columns wp-block-nordex-columns--one-one-one wp-block-columns has-3-columns\">\n<div class=\"wp-block-nordex-column wp-block-column\">\n<h3 class=\"wp-block-heading\" id=\"h-objetivos-minimizar-los-tiempos-de-parada-maximizar-el-rendimiento\">OBJETIVOS:<br>MINIMIZAR LOS TIEMPOS DE PARADA, MAXIMIZAR EL RENDIMIENTO<\/h3>\n<\/div>\n\n\n\n<div class=\"wp-block-nordex-column wp-block-column\">\n<p>Conocemos nuestros aerogeneradores mejor que nadie; continuamos ampliando estos conocimientos a trav\u00e9s de la detecci\u00f3n temprana de patrones de da\u00f1os que nos facilita nuestro moderno an\u00e1lisis de datos.<br><br>La central de Nordex Group se esfuerza por lograr la excelencia global y nuestras regiones ofrecen al cliente proximidad. Los servicios operativos descentralizados en el terreno son administrados por nuestras oficinas regionales: son el punto de contacto directo para nuestros clientes. Gracias al flujo continuo de informaci\u00f3n entre nuestra central y las delegaciones nuestros clientes pueden beneficiarse de los \u00faltimos resultados de investigaci\u00f3n y desarrollo, aprovechar nuestro conocimiento de las demandas actuales del mercado y obtener soluciones r\u00e1pidas a sus problemas t\u00e9cnicos.<br> As\u00ed es como proporcionamos un excelente servicio y conseguimos obtener el m\u00e1ximo rendimiento de nuestros recursos.<\/p>\n<\/div>\n\n\n\n<div class=\"wp-block-nordex-column wp-block-column\">\n<p>El concepto de formaci\u00f3n de Nordex permite a los t\u00e9cnicos realizar un mantenimiento peri\u00f3dico, reparar y sustituir componentes individuales, asi\u0301 como modernizar los propios aerogeneradores, para mantenerlos actualizado con la u\u0301ltima tecnologi\u0301a.<br><br>Queremos que nuestros clientes reciban el mejor servicio posible para sus instalaciones y, por lo tanto, aseguramos la cualificaci\u00f3n uniforme de todos nuestros t\u00e9cnicos, en todo el mundo.<br><br>Los t\u00e9cnicos de Service reciben su formaci\u00f3n en su propio pa\u00eds de los formadores de la Nordex Academy, para garantizar unos est\u00e1ndares mundiales.<br><br>Seguridad, calidad y experiencia local: los t\u00e9cnicos de Service, experimentados y altamente capacitados, aseguran que sus sistemas funcionen sin problemas.<\/p>\n<\/div>\n<\/div>\n<\/div>\n\n\n\n<div class=\"wp-block-nordex-heading is-style-underline nordex-heading wp-block-columns has-4-columns\"><div class=\"nordex-heading__chapter wp-block-column\"><span class=\"nordex-heading__chapter-title\">03<\/span><span class=\"nordex-heading__chapter-subtitle\">05<\/span><\/div><div class=\"nordex-heading__heading wp-block-column\"><h3 class=\"nordex-heading__heading-title\">Service Hotline<\/h3><\/div><div class=\"nordex-heading__subhead wp-block-column\"><p class=\"nordex-heading__subhead-title\"><\/p><\/div><div class=\"nordex-heading__button wp-block-column\"><\/div><\/div>\n\n\n\n<p><\/p>\n\n\n\n<div class=\"wp-block-cover is-light\"><img loading=\"lazy\" decoding=\"async\" width=\"2560\" height=\"1706\" class=\"wp-block-cover__image-background wp-image-35645\" alt=\"\" src=\"https:\/\/www.nordex-online.com\/wp-content\/uploads\/sites\/4\/2025\/03\/Nordex-Recruiting-campaign_2390_web-scaled.jpg\" data-object-fit=\"cover\" srcset=\"https:\/\/www.nordex-online.com\/wp-content\/uploads\/sites\/4\/2025\/03\/Nordex-Recruiting-campaign_2390_web-scaled.jpg 2560w, https:\/\/www.nordex-online.com\/wp-content\/uploads\/sites\/4\/2025\/03\/Nordex-Recruiting-campaign_2390_web-300x200.jpg 300w, https:\/\/www.nordex-online.com\/wp-content\/uploads\/sites\/4\/2025\/03\/Nordex-Recruiting-campaign_2390_web-1024x683.jpg 1024w, https:\/\/www.nordex-online.com\/wp-content\/uploads\/sites\/4\/2025\/03\/Nordex-Recruiting-campaign_2390_web-768x512.jpg 768w, https:\/\/www.nordex-online.com\/wp-content\/uploads\/sites\/4\/2025\/03\/Nordex-Recruiting-campaign_2390_web-1536x1024.jpg 1536w, https:\/\/www.nordex-online.com\/wp-content\/uploads\/sites\/4\/2025\/03\/Nordex-Recruiting-campaign_2390_web-2048x1365.jpg 2048w\" sizes=\"auto, (max-width: 2560px) 100vw, 2560px\" \/><span aria-hidden=\"true\" class=\"wp-block-cover__background has-grey-85-background-color has-background-dim-30 has-background-dim\"><\/span><div class=\"wp-block-cover__inner-container is-layout-flow wp-block-cover-is-layout-flow\">\n<p class=\"has-white-color has-text-color has-large-font-size\">LAS 24 H A SU SERVICIO<\/p>\n\n\n\n<p class=\"has-white-color has-text-color has-large-font-size\"> <strong>Tel: +49 381 6663 3728 <\/strong> <\/p>\n\n\n\n<p class=\"has-white-color has-text-color has-large-font-size\">Oferta especial para clientes con contratos de asistencia t\u00e9cnica: Si no dispone de un contacto local en la regi\u00f3n, obtenga asistencia de nuestra l\u00ednea directa de servicio, la Service Hotline.<\/p>\n<\/div><\/div>\n\n\n\n<div class=\"wp-block-nordex-heading is-style-underline nordex-heading wp-block-columns has-4-columns\"><div class=\"nordex-heading__chapter wp-block-column\"><span class=\"nordex-heading__chapter-title\">04<\/span><span class=\"nordex-heading__chapter-subtitle\">05<\/span><\/div><div class=\"nordex-heading__heading wp-block-column\"><h3 class=\"nordex-heading__heading-title\">SERVICIOS DIGITALES<\/h3><\/div><div class=\"nordex-heading__subhead wp-block-column\"><p class=\"nordex-heading__subhead-title\"><\/p><\/div><div class=\"nordex-heading__button wp-block-column\"><\/div><\/div>\n\n\n\n<div class=\"wp-block-nordex-text wp-block-nordex-text--headline-two-block-paragraphs\">\n<div class=\"wp-block-nordex-columns wp-block-nordex-columns--one-one-one wp-block-columns has-3-columns\">\n<div class=\"wp-block-nordex-column wp-block-column\">\n<h3 class=\"wp-block-heading\" id=\"h-servicios-digitales-y-conceptos-modernos\">SERVICIOS DIGITALES Y CONCEPTOS MODERNOS<\/h3>\n<\/div>\n\n\n\n<div class=\"wp-block-nordex-column wp-block-column\">\n<p>Los datos y la digitalizaci\u00f3n son temas clave para Nordex Group. Hemos adoptado estas tendencias y nos esforzamos por establecer el futuro digital de nuestro negocio de parques e\u00f3licos y servicios. Estamos ejecutando con \u00e9xito diversas iniciativas de digitalizaci\u00f3n, como el Internet industrial de las cosas (IIoT), herramientas de expedici\u00f3n y control de condiciones (CMS).<br><br>El programa de mantenimiento predictivo \u00abPredict to Prevent\u00bb avisa con antelaci\u00f3n a los t\u00e9cnicos sobre aver\u00edas inminentes de los componentes del aerogenerador.<\/p>\n<\/div>\n\n\n\n<div class=\"wp-block-nordex-column wp-block-column\">\n<p>Nuestros equipos de digitalizaci\u00f3n y an\u00e1lisis de datos desarrollan constantemente nuevos m\u00e9todos y soluciones inteligentes para aumentar la transparencia y reducir al m\u00ednimo los tiempos de parada y los da\u00f1os secundarios para nuestros clientes.<\/p>\n<\/div>\n<\/div>\n<\/div>\n\n\n\n<div class=\"wp-block-nordex-heading is-style-underline nordex-heading wp-block-columns has-4-columns\"><div class=\"nordex-heading__chapter wp-block-column\"><span class=\"nordex-heading__chapter-title\">05<\/span><span class=\"nordex-heading__chapter-subtitle\">05<\/span><\/div><div class=\"nordex-heading__heading wp-block-column\"><h3 class=\"nordex-heading__heading-title\">M\u00c1S INFORMACI\u00d3N<\/h3><\/div><div class=\"nordex-heading__subhead wp-block-column\"><p class=\"nordex-heading__subhead-title\"><\/p><\/div><div class=\"nordex-heading__button wp-block-column\"><\/div><\/div>\n\n\n\n<div class=\"wp-block-columns is-style-nordex-gaps is-layout-flex wp-container-core-columns-is-layout-28f84493 wp-block-columns-is-layout-flex\">\n<div class=\"wp-block-column is-layout-flow wp-block-column-is-layout-flow\">\n<div class=\"wp-block-nordex-tile wp-block-nordex-tile--portrait\"><a class=\"wp-block-nordex-tile__button\" href=\"https:\/\/www.nordex-online.com\/es\/service\/upgrades\/\"><div class=\"wp-block-nordex-tile__image\" style=\"background-image:url(https:\/\/www.nordex-online.com\/wp-content\/uploads\/sites\/2\/2019\/11\/21UMertens.png)\"><\/div><p class=\"wp-block-nordex-tile__title\">UPGRADES<\/p><p class=\"wp-block-button is-style-underline\"><span class=\"wp-block-button__link\">M\u00c1S INFORMACI\u00d3N<\/span><\/p><\/a><\/div>\n<\/div>\n\n\n\n<div class=\"wp-block-column is-layout-flow wp-block-column-is-layout-flow\">\n<div class=\"wp-block-nordex-tile wp-block-nordex-tile--portrait\"><a class=\"wp-block-nordex-tile__button\" href=\"https:\/\/www.nordex-online.com\/es\/service\/mantenimiento-reparacion\/\"><div class=\"wp-block-nordex-tile__image\" style=\"background-image:url(https:\/\/www.nordex-online.com\/wp-content\/uploads\/sites\/4\/2021\/07\/2.jpg)\"><\/div><p class=\"wp-block-nordex-tile__title\">MANTENIMIENTO Y REPERACI\u00d3N <\/p><p class=\"wp-block-button is-style-underline\"><span class=\"wp-block-button__link\">M\u00c1S INFORMACI\u00d3N<\/span><\/p><\/a><\/div>\n<\/div>\n\n\n\n<div class=\"wp-block-column is-layout-flow wp-block-column-is-layout-flow\">\n<div class=\"wp-block-nordex-tile wp-block-nordex-tile--portrait\"><a class=\"wp-block-nordex-tile__button\" href=\"https:\/\/www.nordex-online.com\/es\/formacion-tecnica\/\"><div class=\"wp-block-nordex-tile__image\" style=\"background-image:url(https:\/\/www.nordex-online.com\/wp-content\/uploads\/sites\/4\/2023\/10\/GTA-400x460.png)\"><\/div><p class=\"wp-block-nordex-tile__title\">FORMACI\u00d3N T\u00c9CNICA<\/p><p class=\"wp-block-button is-style-underline\"><span class=\"wp-block-button__link\">M\u00c1S INFORMACI\u00d3N<\/span><\/p><\/a><\/div>\n<\/div>\n<\/div>\n","protected":false},"excerpt":{"rendered":"","protected":false},"author":5,"featured_media":4711,"parent":0,"menu_order":0,"comment_status":"closed","ping_status":"closed","template":"","meta":{"_trash_the_other_posts":false,"editor_notices":[],"footnotes":""},"class_list":["post-2160","page","type-page","status-publish","has-post-thumbnail","hentry"],"yoast_head":"<!-- This site is optimized with the Yoast SEO Premium plugin v27.3 (Yoast SEO v27.3) - https:\/\/yoast.com\/product\/yoast-seo-premium-wordpress\/ -->\n<title>Service - Nordex SE - Espa\u00f1ol<\/title>\n<meta name=\"description\" content=\"Bas\u00e1ndose en su experiencia con presencia en el sector e\u00f3lico desde hace 35 a\u00f1os, el fabricante Nordex Group ofrece un servicio de alta calidad y fiable.\" \/>\n<meta name=\"robots\" content=\"index, follow, max-snippet:-1, max-image-preview:large, max-video-preview:-1\" \/>\n<link rel=\"canonical\" href=\"https:\/\/www.nordex-online.com\/es\/service\/\" \/>\n<meta property=\"og:locale\" content=\"es_ES\" \/>\n<meta property=\"og:type\" content=\"article\" \/>\n<meta property=\"og:title\" content=\"Service\" \/>\n<meta property=\"og:description\" content=\"Bas\u00e1ndose en su experiencia con presencia en el sector e\u00f3lico desde hace 35 a\u00f1os, el fabricante Nordex Group ofrece un servicio de alta calidad y fiable.\" \/>\n<meta property=\"og:url\" content=\"https:\/\/www.nordex-online.com\/es\/service\/\" \/>\n<meta property=\"og:site_name\" content=\"Nordex SE - Espa\u00f1ol\" \/>\n<meta property=\"article:modified_time\" content=\"2025-11-04T15:57:35+00:00\" \/>\n<meta property=\"og:image\" content=\"https:\/\/www.nordex-online.com\/wp-content\/uploads\/sites\/4\/2021\/07\/1.jpg\" \/>\n\t<meta property=\"og:image:width\" content=\"387\" \/>\n\t<meta property=\"og:image:height\" content=\"450\" \/>\n\t<meta property=\"og:image:type\" content=\"image\/jpeg\" \/>\n<meta name=\"twitter:card\" content=\"summary_large_image\" \/>\n<meta name=\"twitter:label1\" content=\"Tiempo de lectura\" \/>\n\t<meta name=\"twitter:data1\" content=\"5 minutos\" \/>\n<script type=\"application\/ld+json\" class=\"yoast-schema-graph\">{\"@context\":\"https:\\\/\\\/schema.org\",\"@graph\":[{\"@type\":\"WebPage\",\"@id\":\"https:\\\/\\\/www.nordex-online.com\\\/es\\\/service\\\/\",\"url\":\"https:\\\/\\\/www.nordex-online.com\\\/es\\\/service\\\/\",\"name\":\"Service - Nordex SE - Espa\u00f1ol\",\"isPartOf\":{\"@id\":\"https:\\\/\\\/www.nordex-online.com\\\/es\\\/#website\"},\"primaryImageOfPage\":{\"@id\":\"https:\\\/\\\/www.nordex-online.com\\\/es\\\/service\\\/#primaryimage\"},\"image\":{\"@id\":\"https:\\\/\\\/www.nordex-online.com\\\/es\\\/service\\\/#primaryimage\"},\"thumbnailUrl\":\"https:\\\/\\\/www.nordex-online.com\\\/wp-content\\\/uploads\\\/sites\\\/4\\\/2021\\\/07\\\/1.jpg\",\"datePublished\":\"2019-12-02T16:43:50+00:00\",\"dateModified\":\"2025-11-04T15:57:35+00:00\",\"description\":\"Bas\u00e1ndose en su experiencia con presencia en el sector e\u00f3lico desde hace 35 a\u00f1os, el fabricante Nordex Group ofrece un servicio de alta calidad y fiable.\",\"breadcrumb\":{\"@id\":\"https:\\\/\\\/www.nordex-online.com\\\/es\\\/service\\\/#breadcrumb\"},\"inLanguage\":\"es\",\"potentialAction\":[{\"@type\":\"ReadAction\",\"target\":[\"https:\\\/\\\/www.nordex-online.com\\\/es\\\/service\\\/\"]}]},{\"@type\":\"ImageObject\",\"inLanguage\":\"es\",\"@id\":\"https:\\\/\\\/www.nordex-online.com\\\/es\\\/service\\\/#primaryimage\",\"url\":\"https:\\\/\\\/www.nordex-online.com\\\/wp-content\\\/uploads\\\/sites\\\/4\\\/2021\\\/07\\\/1.jpg\",\"contentUrl\":\"https:\\\/\\\/www.nordex-online.com\\\/wp-content\\\/uploads\\\/sites\\\/4\\\/2021\\\/07\\\/1.jpg\",\"width\":387,\"height\":450},{\"@type\":\"BreadcrumbList\",\"@id\":\"https:\\\/\\\/www.nordex-online.com\\\/es\\\/service\\\/#breadcrumb\",\"itemListElement\":[{\"@type\":\"ListItem\",\"position\":1,\"name\":\"Home\",\"item\":\"https:\\\/\\\/www.nordex-online.com\\\/es\\\/\"},{\"@type\":\"ListItem\",\"position\":2,\"name\":\"Service\"}]},{\"@type\":\"WebSite\",\"@id\":\"https:\\\/\\\/www.nordex-online.com\\\/es\\\/#website\",\"url\":\"https:\\\/\\\/www.nordex-online.com\\\/es\\\/\",\"name\":\"Nordex SE - Espa\u00f1ol\",\"description\":\"Manufacture, installation and maintenance of wind turbines.\",\"publisher\":{\"@id\":\"https:\\\/\\\/www.nordex-online.com\\\/es\\\/#organization\"},\"potentialAction\":[{\"@type\":\"SearchAction\",\"target\":{\"@type\":\"EntryPoint\",\"urlTemplate\":\"https:\\\/\\\/www.nordex-online.com\\\/es\\\/?s={search_term_string}\"},\"query-input\":{\"@type\":\"PropertyValueSpecification\",\"valueRequired\":true,\"valueName\":\"search_term_string\"}}],\"inLanguage\":\"es\"},{\"@type\":\"Organization\",\"@id\":\"https:\\\/\\\/www.nordex-online.com\\\/es\\\/#organization\",\"name\":\"Nordex SE - Espa\u00f1ol\",\"url\":\"https:\\\/\\\/www.nordex-online.com\\\/es\\\/\",\"logo\":{\"@type\":\"ImageObject\",\"inLanguage\":\"es\",\"@id\":\"https:\\\/\\\/www.nordex-online.com\\\/es\\\/#\\\/schema\\\/logo\\\/image\\\/\",\"url\":\"https:\\\/\\\/www.nordex-online.com\\\/wp-content\\\/uploads\\\/sites\\\/4\\\/2024\\\/07\\\/cropped-cropped-Combined-Logos_cmyk_PNG.png\",\"contentUrl\":\"https:\\\/\\\/www.nordex-online.com\\\/wp-content\\\/uploads\\\/sites\\\/4\\\/2024\\\/07\\\/cropped-cropped-Combined-Logos_cmyk_PNG.png\",\"width\":1181,\"height\":353,\"caption\":\"Nordex SE - Espa\u00f1ol\"},\"image\":{\"@id\":\"https:\\\/\\\/www.nordex-online.com\\\/es\\\/#\\\/schema\\\/logo\\\/image\\\/\"}}]}<\/script>\n<!-- \/ Yoast SEO Premium plugin. -->","yoast_head_json":{"title":"Service - Nordex SE - Espa\u00f1ol","description":"Bas\u00e1ndose en su experiencia con presencia en el sector e\u00f3lico desde hace 35 a\u00f1os, el fabricante Nordex Group ofrece un servicio de alta calidad y fiable.","robots":{"index":"index","follow":"follow","max-snippet":"max-snippet:-1","max-image-preview":"max-image-preview:large","max-video-preview":"max-video-preview:-1"},"canonical":"https:\/\/www.nordex-online.com\/es\/service\/","og_locale":"es_ES","og_type":"article","og_title":"Service","og_description":"Bas\u00e1ndose en su experiencia con presencia en el sector e\u00f3lico desde hace 35 a\u00f1os, el fabricante Nordex Group ofrece un servicio de alta calidad y fiable.","og_url":"https:\/\/www.nordex-online.com\/es\/service\/","og_site_name":"Nordex SE - Espa\u00f1ol","article_modified_time":"2025-11-04T15:57:35+00:00","og_image":[{"width":387,"height":450,"url":"https:\/\/www.nordex-online.com\/wp-content\/uploads\/sites\/4\/2021\/07\/1.jpg","type":"image\/jpeg"}],"twitter_card":"summary_large_image","twitter_misc":{"Tiempo de lectura":"5 minutos"},"schema":{"@context":"https:\/\/schema.org","@graph":[{"@type":"WebPage","@id":"https:\/\/www.nordex-online.com\/es\/service\/","url":"https:\/\/www.nordex-online.com\/es\/service\/","name":"Service - Nordex SE - Espa\u00f1ol","isPartOf":{"@id":"https:\/\/www.nordex-online.com\/es\/#website"},"primaryImageOfPage":{"@id":"https:\/\/www.nordex-online.com\/es\/service\/#primaryimage"},"image":{"@id":"https:\/\/www.nordex-online.com\/es\/service\/#primaryimage"},"thumbnailUrl":"https:\/\/www.nordex-online.com\/wp-content\/uploads\/sites\/4\/2021\/07\/1.jpg","datePublished":"2019-12-02T16:43:50+00:00","dateModified":"2025-11-04T15:57:35+00:00","description":"Bas\u00e1ndose en su experiencia con presencia en el sector e\u00f3lico desde hace 35 a\u00f1os, el fabricante Nordex Group ofrece un servicio de alta calidad y fiable.","breadcrumb":{"@id":"https:\/\/www.nordex-online.com\/es\/service\/#breadcrumb"},"inLanguage":"es","potentialAction":[{"@type":"ReadAction","target":["https:\/\/www.nordex-online.com\/es\/service\/"]}]},{"@type":"ImageObject","inLanguage":"es","@id":"https:\/\/www.nordex-online.com\/es\/service\/#primaryimage","url":"https:\/\/www.nordex-online.com\/wp-content\/uploads\/sites\/4\/2021\/07\/1.jpg","contentUrl":"https:\/\/www.nordex-online.com\/wp-content\/uploads\/sites\/4\/2021\/07\/1.jpg","width":387,"height":450},{"@type":"BreadcrumbList","@id":"https:\/\/www.nordex-online.com\/es\/service\/#breadcrumb","itemListElement":[{"@type":"ListItem","position":1,"name":"Home","item":"https:\/\/www.nordex-online.com\/es\/"},{"@type":"ListItem","position":2,"name":"Service"}]},{"@type":"WebSite","@id":"https:\/\/www.nordex-online.com\/es\/#website","url":"https:\/\/www.nordex-online.com\/es\/","name":"Nordex SE - Espa\u00f1ol","description":"Manufacture, installation and maintenance of wind turbines.","publisher":{"@id":"https:\/\/www.nordex-online.com\/es\/#organization"},"potentialAction":[{"@type":"SearchAction","target":{"@type":"EntryPoint","urlTemplate":"https:\/\/www.nordex-online.com\/es\/?s={search_term_string}"},"query-input":{"@type":"PropertyValueSpecification","valueRequired":true,"valueName":"search_term_string"}}],"inLanguage":"es"},{"@type":"Organization","@id":"https:\/\/www.nordex-online.com\/es\/#organization","name":"Nordex SE - Espa\u00f1ol","url":"https:\/\/www.nordex-online.com\/es\/","logo":{"@type":"ImageObject","inLanguage":"es","@id":"https:\/\/www.nordex-online.com\/es\/#\/schema\/logo\/image\/","url":"https:\/\/www.nordex-online.com\/wp-content\/uploads\/sites\/4\/2024\/07\/cropped-cropped-Combined-Logos_cmyk_PNG.png","contentUrl":"https:\/\/www.nordex-online.com\/wp-content\/uploads\/sites\/4\/2024\/07\/cropped-cropped-Combined-Logos_cmyk_PNG.png","width":1181,"height":353,"caption":"Nordex SE - Espa\u00f1ol"},"image":{"@id":"https:\/\/www.nordex-online.com\/es\/#\/schema\/logo\/image\/"}}]}},"_links":{"self":[{"href":"https:\/\/www.nordex-online.com\/es\/wp-json\/wp\/v2\/pages\/2160","targetHints":{"allow":["GET"]}}],"collection":[{"href":"https:\/\/www.nordex-online.com\/es\/wp-json\/wp\/v2\/pages"}],"about":[{"href":"https:\/\/www.nordex-online.com\/es\/wp-json\/wp\/v2\/types\/page"}],"author":[{"embeddable":true,"href":"https:\/\/www.nordex-online.com\/es\/wp-json\/wp\/v2\/users\/5"}],"replies":[{"embeddable":true,"href":"https:\/\/www.nordex-online.com\/es\/wp-json\/wp\/v2\/comments?post=2160"}],"version-history":[{"count":31,"href":"https:\/\/www.nordex-online.com\/es\/wp-json\/wp\/v2\/pages\/2160\/revisions"}],"predecessor-version":[{"id":37219,"href":"https:\/\/www.nordex-online.com\/es\/wp-json\/wp\/v2\/pages\/2160\/revisions\/37219"}],"wp:featuredmedia":[{"embeddable":true,"href":"https:\/\/www.nordex-online.com\/es\/wp-json\/wp\/v2\/media\/4711"}],"wp:attachment":[{"href":"https:\/\/www.nordex-online.com\/es\/wp-json\/wp\/v2\/media?parent=2160"}],"curies":[{"name":"wp","href":"https:\/\/api.w.org\/{rel}","templated":true}]}}