{"id":6914,"date":"2022-07-06T11:10:58","date_gmt":"2022-07-06T11:10:58","guid":{"rendered":"https:\/\/www.nordex-online.com\/de\/?page_id=6914"},"modified":"2025-12-09T12:32:56","modified_gmt":"2025-12-09T12:32:56","slug":"global-sourcing","status":"publish","type":"page","link":"https:\/\/www.nordex-online.com\/de\/global-sourcing\/","title":{"rendered":"Global Sourcing"},"content":{"rendered":"\n<div class=\"wp-block-cover alignfull\" style=\"min-height:340px;aspect-ratio:unset;\"><img loading=\"lazy\" decoding=\"async\" width=\"2560\" height=\"1706\" class=\"wp-block-cover__image-background wp-image-6952\" alt=\"\" src=\"https:\/\/www.nordex-online.com\/wp-content\/uploads\/sites\/3\/2022\/07\/MicrosoftTeams-image-scaled-e1657281109833.jpg\" style=\"object-position:77% 82%\" data-object-fit=\"cover\" data-object-position=\"77% 82%\" srcset=\"https:\/\/www.nordex-online.com\/wp-content\/uploads\/sites\/3\/2022\/07\/MicrosoftTeams-image-scaled-e1657281109833.jpg 2560w, https:\/\/www.nordex-online.com\/wp-content\/uploads\/sites\/3\/2022\/07\/MicrosoftTeams-image-scaled-e1657281109833-300x200.jpg 300w, https:\/\/www.nordex-online.com\/wp-content\/uploads\/sites\/3\/2022\/07\/MicrosoftTeams-image-scaled-e1657281109833-1024x682.jpg 1024w, https:\/\/www.nordex-online.com\/wp-content\/uploads\/sites\/3\/2022\/07\/MicrosoftTeams-image-scaled-e1657281109833-768x512.jpg 768w, https:\/\/www.nordex-online.com\/wp-content\/uploads\/sites\/3\/2022\/07\/MicrosoftTeams-image-scaled-e1657281109833-1536x1024.jpg 1536w, https:\/\/www.nordex-online.com\/wp-content\/uploads\/sites\/3\/2022\/07\/MicrosoftTeams-image-scaled-e1657281109833-2048x1365.jpg 2048w\" sizes=\"auto, (max-width: 2560px) 100vw, 2560px\" \/><span aria-hidden=\"true\" class=\"wp-block-cover__background has-background-dim-20 has-background-dim\"><\/span><div class=\"wp-block-cover__inner-container is-layout-flow wp-block-cover-is-layout-flow\">\n<p class=\"has-text-align-center has-white-color has-text-color has-large-font-size\">GLOBAL SOURCING<\/p>\n<\/div><\/div>\n\n\n\n<div class=\"wp-block-nordex-heading is-style-underline nordex-heading wp-block-columns has-4-columns\"><div class=\"nordex-heading__chapter wp-block-column\"><span class=\"nordex-heading__chapter-title\">01<\/span><span class=\"nordex-heading__chapter-subtitle\">03<\/span><\/div><div class=\"nordex-heading__heading wp-block-column\"><h3 class=\"nordex-heading__heading-title\">Global Sourcing bei der Nordex Group<\/h3><\/div><div class=\"nordex-heading__subhead wp-block-column\"><p class=\"nordex-heading__subhead-title\"><\/p><\/div><div class=\"nordex-heading__button wp-block-column\"><\/div><\/div>\n\n\n\n<div class=\"wp-block-columns is-layout-flex wp-container-core-columns-is-layout-28f84493 wp-block-columns-is-layout-flex\">\n<div class=\"wp-block-column is-layout-flow wp-block-column-is-layout-flow\" style=\"flex-basis:33.33%\">\n<figure class=\"wp-block-image size-large is-style-rounded\"><img loading=\"lazy\" decoding=\"async\" width=\"1024\" height=\"682\" src=\"https:\/\/www.nordex-online.com\/wp-content\/uploads\/sites\/3\/2022\/07\/MicrosoftTeams-image-1-1024x682.jpg\" alt=\"\" class=\"wp-image-6953\" srcset=\"https:\/\/www.nordex-online.com\/wp-content\/uploads\/sites\/3\/2022\/07\/MicrosoftTeams-image-1-1024x682.jpg 1024w, https:\/\/www.nordex-online.com\/wp-content\/uploads\/sites\/3\/2022\/07\/MicrosoftTeams-image-1-300x200.jpg 300w, https:\/\/www.nordex-online.com\/wp-content\/uploads\/sites\/3\/2022\/07\/MicrosoftTeams-image-1-768x512.jpg 768w, https:\/\/www.nordex-online.com\/wp-content\/uploads\/sites\/3\/2022\/07\/MicrosoftTeams-image-1-1536x1023.jpg 1536w, https:\/\/www.nordex-online.com\/wp-content\/uploads\/sites\/3\/2022\/07\/MicrosoftTeams-image-1-2048x1364.jpg 2048w\" sizes=\"auto, (max-width: 1024px) 100vw, 1024px\" \/><\/figure>\n<\/div>\n\n\n\n<div class=\"wp-block-column is-vertically-aligned-center is-layout-flow wp-block-column-is-layout-flow\" style=\"flex-basis:66.66%\">\n<p>Als Hersteller von Windenergieanlagen bezieht die Nordex Group Produkte und Leistungen von zahlreichen Lieferanten weltweit und erwirtschaftet einen bedeutenden Teil der Wertsch\u00f6pfung in vorgelagerten Produktionsstufen. Die global und regional aufgestellte Sourcing-Organisation stellt den Einkauf und die Beschaffung von Materialien und Dienstleistungen entsprechend der Unternehmensstrategie sicher. Dabei konzentrieren wir den Gro\u00dfteil unserer Beschaffungsaktivit\u00e4ten in Deutschland, Spanien, China, den USA, Brasilien sowie Indien. Unsere auf die unterschiedlichsten Bauteile und Leistungen spezialisierten Teams sind dabei f\u00fcr das Lieferanten- und Materialgruppenmanagement, das t\u00e4gliche Material- und Servicemanagement sowie die Erteilung von Auftr\u00e4gen und die Nachverfolgung von Lieferungen verantwortlich.<\/p>\n<\/div>\n<\/div>\n\n\n\n<div class=\"wp-block-nordex-heading is-style-underline nordex-heading wp-block-columns has-4-columns\"><div class=\"nordex-heading__chapter wp-block-column\"><span class=\"nordex-heading__chapter-title\">02<\/span><span class=\"nordex-heading__chapter-subtitle\">03<\/span><\/div><div class=\"nordex-heading__heading wp-block-column\"><h3 class=\"nordex-heading__heading-title\">Verantwortungsvoller Einkauf<\/h3><\/div><div class=\"nordex-heading__subhead wp-block-column\"><p class=\"nordex-heading__subhead-title\"><\/p><\/div><div class=\"nordex-heading__button wp-block-column\"><\/div><\/div>\n\n\n\n<div class=\"wp-block-columns is-layout-flex wp-container-core-columns-is-layout-28f84493 wp-block-columns-is-layout-flex\">\n<div class=\"wp-block-column is-vertically-aligned-center is-layout-flow wp-block-column-is-layout-flow\" style=\"flex-basis:33.33%\">\n<h3 class=\"wp-block-heading has-grey-65-color has-text-color\" id=\"h-entlang-unserer-lieferkette-erwarten-wir-integritat-und-ethisch-korrektes-verhalten\">Entlang unserer Lieferkette erwarten wir Integrit\u00e4t und ethisch korrektes Verhalten.<\/h3>\n<\/div>\n\n\n\n<div class=\"wp-block-column is-vertically-aligned-center is-layout-flow wp-block-column-is-layout-flow\" style=\"flex-basis:66.66%\">\n<p>Die Nordex Group verfolgt einen ganzheitlichen Nachhaltigkeitsansatz und hat sich im Rahmen ihrer Nachhaltigkeitsstrategie 2025 zum Ziel gesetzt, weiter verantwortungsvolles und ethisches Gesch\u00e4ftsverhalten entlang der Lieferkette zu f\u00f6rdern und bei Entscheidungen ESG-Themen sowie ESG-Risiken st\u00e4rker zu ber\u00fccksichtigen. F\u00fcr uns ist es daher von entscheidender Bedeutung, dass Umwelt- und Sozialstandards auch in der Lieferkette eingehalten werden. Diese Haltung ist eine Grundvoraussetzung bei unserer Lieferantenauswahl.<\/p>\n<\/div>\n<\/div>\n\n\n\n<p><strong>VERHALTENSKODEX F\u00dcR SUBUNTERNEHMER UND LIEFERANTEN &amp; SUPPLIER MANUAL<\/strong><br>Von unseren Subunternehmern und Lieferanten erwarten wir w\u00e4hrend der gesamten Gesch\u00e4ftsbeziehung integeres und ethisch rechtskonformes Verhalten. Wir verbieten ausdr\u00fccklich jegliche Form von Kinder- und Zwangsarbeit, von Diskriminierung, Bel\u00e4stigung oder Vergeltungsma\u00dfnahmen. Als gemeinsamer Ma\u00dfstab gilt der <a href=\"https:\/\/www.nordex-online.com\/wp-content\/uploads\/sites\/3\/2024\/11\/112024_Nordex-Group-Supplier-Code-of-Conduct_EN.pdf\" target=\"_blank\" rel=\"noreferrer noopener\">Nordex Code of Conduct f\u00fcr Subunternehmer und Lieferanten<\/a>, <a href=\"https:\/\/www.nordex-online.com\/wp-content\/uploads\/sites\/2\/2025\/05\/Nordex-Supplier-Manual_EN_v1.2.pdf\" target=\"_blank\" rel=\"noreferrer noopener\">das Nordex Supplier Manual<\/a>, sowie die Grunds\u00e4tze der UN Global Compact Initiative zu Menschenrechten, Arbeitsbedingungen, Umweltschutz und Antikorruption. Bevor es zu einer Zusammenarbeit kommen kann, m\u00fcssen Lieferanten sich der Einhaltung verpflichten und den Nordex Verhaltenskodex unterzeichnen. Mitarbeitende unserer Gesch\u00e4ftspartner k\u00f6nnen Hinweise auf Compliance-Verst\u00f6\u00dfe im Zusammenhang mit den Gesch\u00e4ftsaktivit\u00e4ten der Nordex Group \u00fcber das <a href=\"https:\/\/nordex.whistleblowernetwork.net\/frontpage\" target=\"_blank\" rel=\"noreferrer noopener\">Hinweisgebersystem \u201enotify!\u201c<\/a> abgeben.<\/p>\n\n\n\n<div class=\"wp-block-columns is-layout-flex wp-container-core-columns-is-layout-28f84493 wp-block-columns-is-layout-flex\">\n<div class=\"wp-block-column is-layout-flow wp-block-column-is-layout-flow\">\n<p><strong>ALLGEMEINE EINKAUFSBEDINGUNGEN F\u00dcR <strong>LIEFERANTEN<\/strong><\/strong><br>Nordex stellt spezifische Anforderungen an Lieferanten und die Ausgestaltung der Vertr\u00e4ge. Diese Anforderungen sind in den verlinkten Allgemeinen Einkaufsbedingungen f\u00fcr Lieferanten definiert, die l\u00e4nderspezifisch ausgestaltet worden sind.<\/p>\n\n\n\n<p><strong>STANDARD-LOGISTIKSPEZIFIKATION<\/strong><br>Die Auswahl, Gestaltung und Konstruktion von Verpackungen f\u00fcr Nordex-Komponenten sind entscheidend, um einen besch\u00e4digungsfreien Transport von den Produktionsst\u00e4tten unserer Lieferanten zu den jeweiligen Nordex-Standorten sowie eine sichere Lagerung zu gew\u00e4hrleisten. W\u00e4hrend des Transports, der Umschlagvorg\u00e4nge und der Lagerung muss die Verpackung mechanischen, klimatischen, biologischen, chemischen und \u00f6kologischen Anforderungen entsprechen. Das Dokument <a href=\"https:\/\/www.nordex-online.com\/wp-content\/uploads\/sites\/3\/2025\/12\/2001018EN-06_EN_LOG-SPEC-Standard-Packaging.pdf\" target=\"_blank\" rel=\"noreferrer noopener\">Log Spec Standard Packaging<\/a> gilt f\u00fcr alle Nordex Nacelle- und Nordex Service-Lieferungen. Es ist f\u00fcr alle Komponenten anzuwenden, f\u00fcr die keine individuelle Logistikspezifikation existiert. Liegt f\u00fcr eine Komponente eine individuelle Logistikspezifikation vor, hat diese Vorrang und ist verbindlich einzuhalten.<\/p>\n<\/div>\n\n\n\n<div class=\"wp-block-column is-layout-flow wp-block-column-is-layout-flow\">\n<div class=\"wp-block-nordex-tabs is-style-no-background nordex-tabs\"><h2 class=\"nordex-tabs__title\">Einkaufsbeding-ungen<\/h2><div class=\"nordex-tabs__content\"><div class=\"nordex-tab\"><div class=\"nordex-tab__header\"><h3 class=\"nordex-tab__title\">Lieferanten mit Sitz in Deutschland<\/h3><div class=\"nordex-tab__header-line\"><div class=\"nordex-tab__spacer\"><\/div><i class=\"nordex-tab__icon\"><\/i><\/div><\/div><div class=\"nordex-tab__content\"><p><a href=\"https:\/\/www.nordex-online.com\/wp-content\/uploads\/sites\/3\/2024\/07\/April-2024_NX-GPCs_GSCs_Contractors-based-in-Germany_German_20240703.pdf\" target=\"_blank\" rel=\"noreferrer noopener\">Allgemeine Einkaufsbedingungen f\u00fcr Lieferungen und Leistungen f\u00fcr Lieferanten mit Sitz in Deutschland (DEU)<\/a><\/p><\/div><\/div><div class=\"nordex-tab\"><div class=\"nordex-tab__header\"><h3 class=\"nordex-tab__title\">Lieferanten mit Sitz in Spanien<\/h3><div class=\"nordex-tab__header-line\"><div class=\"nordex-tab__spacer\"><\/div><i class=\"nordex-tab__icon\"><\/i><\/div><\/div><div class=\"nordex-tab__content\"><p><a href=\"https:\/\/www.nordex-online.com\/wp-content\/uploads\/sites\/3\/2024\/06\/April-2024_NX-GPCs_GSCs_Contractors-based-in-Spain_English.pdf\" target=\"_blank\" rel=\"noreferrer noopener\">Allgemeine Einkaufsbedingungen f\u00fcr Lieferungen und Leistungen f\u00fcr Lieferanten mit Sitz in Spanien (ENG)<\/a><\/p><\/div><\/div><div class=\"nordex-tab\"><div class=\"nordex-tab__header\"><h3 class=\"nordex-tab__title\">Lieferanten mit Sitz au\u00dferhalb von Deutschland und Spanien<\/h3><div class=\"nordex-tab__header-line\"><div class=\"nordex-tab__spacer\"><\/div><i class=\"nordex-tab__icon\"><\/i><\/div><\/div><div class=\"nordex-tab__content\"><p><a href=\"https:\/\/www.nordex-online.com\/wp-content\/uploads\/sites\/3\/2024\/06\/April-2024_NX-GPCs_GSCs_Contractors-based-out-of-Germany_Spain_English.pdf\" target=\"_blank\" rel=\"noreferrer noopener\">Allgemeine Einkaufsbedingungen f\u00fcr Lieferungen und Leistungen f\u00fcr Lieferanten mit Sitz au\u00dferhalb von Deutschland und Spanien (ENG)<\/a><\/p><\/div><\/div><\/div><\/div>\n<\/div>\n<\/div>\n\n\n\n<div class=\"wp-block-columns is-layout-flex wp-container-core-columns-is-layout-28f84493 wp-block-columns-is-layout-flex\">\n<div class=\"wp-block-column is-layout-flow wp-block-column-is-layout-flow\"><\/div>\n\n\n\n<div class=\"wp-block-column is-layout-flow wp-block-column-is-layout-flow\"><\/div>\n<\/div>\n\n\n\n<p>Die auf der Website bereitgestellten Dokumente dienen lediglich der Information. Grundlage einer Zusammenarbeit sind immer die direkt zwischen der Nordex Group und dem Lieferanten ausgetauschten und g\u00fcltigen Dokumente.<\/p>\n\n\n\n<div class=\"wp-block-columns is-layout-flex wp-container-core-columns-is-layout-28f84493 wp-block-columns-is-layout-flex\">\n<div class=\"wp-block-column is-vertically-aligned-center is-layout-flow wp-block-column-is-layout-flow\" style=\"flex-basis:66.66%\"><\/div>\n<\/div>\n\n\n\n<div class=\"wp-block-nordex-heading is-style-underline nordex-heading wp-block-columns has-4-columns\"><div class=\"nordex-heading__chapter wp-block-column\"><span class=\"nordex-heading__chapter-title\">03<\/span><span class=\"nordex-heading__chapter-subtitle\">03<\/span><\/div><div class=\"nordex-heading__heading wp-block-column\"><h3 class=\"nordex-heading__heading-title\">Mehr erfahren<\/h3><\/div><div class=\"nordex-heading__subhead wp-block-column\"><p class=\"nordex-heading__subhead-title\"><\/p><\/div><div class=\"nordex-heading__button wp-block-column\"><\/div><\/div>\n\n\n\n<div class=\"wp-block-columns is-layout-flex wp-container-core-columns-is-layout-28f84493 wp-block-columns-is-layout-flex\">\n<div class=\"wp-block-column is-layout-flow wp-block-column-is-layout-flow\">\n<div class=\"wp-block-nordex-tile wp-block-nordex-tile--portrait\"><a class=\"wp-block-nordex-tile__button\" href=\"https:\/\/www.nordex-online.com\/de\/unternehmen\/\"><div class=\"wp-block-nordex-tile__image\" style=\"background-image:url(https:\/\/www.nordex-online.com\/wp-content\/uploads\/sites\/3\/2021\/01\/Header_Still_Company_11UMertens-400x460.png)\"><\/div><p class=\"wp-block-nordex-tile__title\">UNTERNEHMEN<\/p><p class=\"wp-block-button is-style-underline\"><span class=\"wp-block-button__link\">Mehr erfahren<\/span><\/p><\/a><\/div>\n<\/div>\n\n\n\n<div class=\"wp-block-column is-layout-flow wp-block-column-is-layout-flow\">\n<div class=\"wp-block-nordex-tile wp-block-nordex-tile--portrait\"><a class=\"wp-block-nordex-tile__button\" href=\"https:\/\/www.nordex-online.com\/de\/product\/produkte\/\"><div class=\"wp-block-nordex-tile__image\" style=\"background-image:url(https:\/\/www.nordex-online.com\/wp-content\/uploads\/sites\/3\/2022\/06\/04UMertens-400x460.png)\"><\/div><p class=\"wp-block-nordex-tile__title\">PRODUKTE<\/p><p class=\"wp-block-button is-style-underline\"><span class=\"wp-block-button__link\">Mehr erfahren<\/span><\/p><\/a><\/div>\n<\/div>\n\n\n\n<div class=\"wp-block-column is-layout-flow wp-block-column-is-layout-flow\">\n<div class=\"wp-block-nordex-tile wp-block-nordex-tile--portrait\"><a class=\"wp-block-nordex-tile__button\" href=\"https:\/\/www.nordex-online.com\/de\/service\/\"><div class=\"wp-block-nordex-tile__image\" style=\"background-image:url(https:\/\/www.nordex-online.com\/wp-content\/uploads\/sites\/3\/2022\/07\/Service-400x460.png)\"><\/div><p class=\"wp-block-nordex-tile__title\">SERVICE<\/p><p class=\"wp-block-button is-style-underline\"><span class=\"wp-block-button__link\">Mehr erfahren<\/span><\/p><\/a><\/div>\n<\/div>\n<\/div>\n","protected":false},"excerpt":{"rendered":"<p>Als Hersteller von Windenergieanlagen bezieht die Nordex Group Produkte und Leistungen von zahlreichen Lieferanten weltweit und erwirtschaftet einen bedeutenden Teil der Wertsch\u00f6pfung in vorgelagerten Produktionsstufen. Die global und regional aufgestellte Sourcing-Organisation stellt den Einkauf und die Beschaffung von Materialien und Dienstleistungen entsprechend der Unternehmensstrategie sicher. Dabei konzentrieren wir den Gro\u00dfteil unserer Beschaffungsaktivit\u00e4ten in Deutschland, Spanien, [&hellip;]<\/p>\n","protected":false},"author":6,"featured_media":6953,"parent":0,"menu_order":0,"comment_status":"closed","ping_status":"closed","template":"","meta":{"_trash_the_other_posts":false,"editor_notices":[],"footnotes":""},"class_list":["post-6914","page","type-page","status-publish","has-post-thumbnail","hentry"],"yoast_head":"<!-- This site is optimized with the Yoast SEO Premium plugin v27.3 (Yoast SEO v27.3) - https:\/\/yoast.com\/product\/yoast-seo-premium-wordpress\/ -->\n<title>Global Sourcing - Nordex SE - Deutsch<\/title>\n<meta name=\"description\" content=\"Die globale Sourcingorganisation der Nordex Group stellt die Beschaffung von Materialien und Dienstleistungen entsprechend der Unternehmensstrategie sicher.\" \/>\n<meta name=\"robots\" content=\"index, follow, max-snippet:-1, max-image-preview:large, max-video-preview:-1\" \/>\n<link rel=\"canonical\" href=\"https:\/\/www.nordex-online.com\/de\/global-sourcing\/\" \/>\n<meta property=\"og:locale\" content=\"de_DE\" \/>\n<meta property=\"og:type\" content=\"article\" \/>\n<meta property=\"og:title\" content=\"Global Sourcing\" \/>\n<meta property=\"og:description\" content=\"Die globale Sourcingorganisation der Nordex Group stellt die Beschaffung von Materialien und Dienstleistungen entsprechend der Unternehmensstrategie sicher.\" \/>\n<meta property=\"og:url\" content=\"https:\/\/www.nordex-online.com\/de\/global-sourcing\/\" \/>\n<meta property=\"og:site_name\" content=\"Nordex SE - Deutsch\" \/>\n<meta property=\"article:modified_time\" content=\"2025-12-09T12:32:56+00:00\" \/>\n<meta property=\"og:image\" content=\"https:\/\/www.nordex-online.com\/wp-content\/uploads\/sites\/3\/2022\/07\/MicrosoftTeams-image-1-scaled.jpg\" \/>\n\t<meta property=\"og:image:width\" content=\"2560\" \/>\n\t<meta property=\"og:image:height\" content=\"1705\" \/>\n\t<meta property=\"og:image:type\" content=\"image\/jpeg\" \/>\n<meta name=\"twitter:card\" content=\"summary_large_image\" \/>\n<meta name=\"twitter:label1\" content=\"Gesch\u00e4tzte Lesezeit\" \/>\n\t<meta name=\"twitter:data1\" content=\"4\u00a0Minuten\" \/>\n<script type=\"application\/ld+json\" class=\"yoast-schema-graph\">{\"@context\":\"https:\\\/\\\/schema.org\",\"@graph\":[{\"@type\":\"WebPage\",\"@id\":\"https:\\\/\\\/www.nordex-online.com\\\/de\\\/global-sourcing\\\/\",\"url\":\"https:\\\/\\\/www.nordex-online.com\\\/de\\\/global-sourcing\\\/\",\"name\":\"Global Sourcing - Nordex SE - Deutsch\",\"isPartOf\":{\"@id\":\"https:\\\/\\\/www.nordex-online.com\\\/de\\\/#website\"},\"primaryImageOfPage\":{\"@id\":\"https:\\\/\\\/www.nordex-online.com\\\/de\\\/global-sourcing\\\/#primaryimage\"},\"image\":{\"@id\":\"https:\\\/\\\/www.nordex-online.com\\\/de\\\/global-sourcing\\\/#primaryimage\"},\"thumbnailUrl\":\"https:\\\/\\\/www.nordex-online.com\\\/wp-content\\\/uploads\\\/sites\\\/3\\\/2022\\\/07\\\/MicrosoftTeams-image-1-scaled.jpg\",\"datePublished\":\"2022-07-06T11:10:58+00:00\",\"dateModified\":\"2025-12-09T12:32:56+00:00\",\"description\":\"Die globale Sourcingorganisation der Nordex Group stellt die Beschaffung von Materialien und Dienstleistungen entsprechend der Unternehmensstrategie sicher.\",\"breadcrumb\":{\"@id\":\"https:\\\/\\\/www.nordex-online.com\\\/de\\\/global-sourcing\\\/#breadcrumb\"},\"inLanguage\":\"de\",\"potentialAction\":[{\"@type\":\"ReadAction\",\"target\":[\"https:\\\/\\\/www.nordex-online.com\\\/de\\\/global-sourcing\\\/\"]}]},{\"@type\":\"ImageObject\",\"inLanguage\":\"de\",\"@id\":\"https:\\\/\\\/www.nordex-online.com\\\/de\\\/global-sourcing\\\/#primaryimage\",\"url\":\"https:\\\/\\\/www.nordex-online.com\\\/wp-content\\\/uploads\\\/sites\\\/3\\\/2022\\\/07\\\/MicrosoftTeams-image-1-scaled.jpg\",\"contentUrl\":\"https:\\\/\\\/www.nordex-online.com\\\/wp-content\\\/uploads\\\/sites\\\/3\\\/2022\\\/07\\\/MicrosoftTeams-image-1-scaled.jpg\",\"width\":2560,\"height\":1705,\"caption\":\"Azimutdrehverbindung, Nordex Produktion in Rostock, Halle auf dem DMR Gel\u00e4nde (Diesel Motoren Rostock)\"},{\"@type\":\"BreadcrumbList\",\"@id\":\"https:\\\/\\\/www.nordex-online.com\\\/de\\\/global-sourcing\\\/#breadcrumb\",\"itemListElement\":[{\"@type\":\"ListItem\",\"position\":1,\"name\":\"Home\",\"item\":\"https:\\\/\\\/www.nordex-online.com\\\/de\\\/\"},{\"@type\":\"ListItem\",\"position\":2,\"name\":\"Global Sourcing\"}]},{\"@type\":\"WebSite\",\"@id\":\"https:\\\/\\\/www.nordex-online.com\\\/de\\\/#website\",\"url\":\"https:\\\/\\\/www.nordex-online.com\\\/de\\\/\",\"name\":\"Nordex SE - Deutsch\",\"description\":\"Manufacture, installation and maintenance of wind turbines.\",\"publisher\":{\"@id\":\"https:\\\/\\\/www.nordex-online.com\\\/de\\\/#organization\"},\"potentialAction\":[{\"@type\":\"SearchAction\",\"target\":{\"@type\":\"EntryPoint\",\"urlTemplate\":\"https:\\\/\\\/www.nordex-online.com\\\/de\\\/?s={search_term_string}\"},\"query-input\":{\"@type\":\"PropertyValueSpecification\",\"valueRequired\":true,\"valueName\":\"search_term_string\"}}],\"inLanguage\":\"de\"},{\"@type\":\"Organization\",\"@id\":\"https:\\\/\\\/www.nordex-online.com\\\/de\\\/#organization\",\"name\":\"Nordex SE - Deutsch\",\"url\":\"https:\\\/\\\/www.nordex-online.com\\\/de\\\/\",\"logo\":{\"@type\":\"ImageObject\",\"inLanguage\":\"de\",\"@id\":\"https:\\\/\\\/www.nordex-online.com\\\/de\\\/#\\\/schema\\\/logo\\\/image\\\/\",\"url\":\"https:\\\/\\\/www.nordex-online.com\\\/wp-content\\\/uploads\\\/sites\\\/3\\\/2024\\\/07\\\/cropped-cropped-Combined-Logos_cmyk_PNG.png\",\"contentUrl\":\"https:\\\/\\\/www.nordex-online.com\\\/wp-content\\\/uploads\\\/sites\\\/3\\\/2024\\\/07\\\/cropped-cropped-Combined-Logos_cmyk_PNG.png\",\"width\":1181,\"height\":353,\"caption\":\"Nordex SE - Deutsch\"},\"image\":{\"@id\":\"https:\\\/\\\/www.nordex-online.com\\\/de\\\/#\\\/schema\\\/logo\\\/image\\\/\"}}]}<\/script>\n<!-- \/ Yoast SEO Premium plugin. -->","yoast_head_json":{"title":"Global Sourcing - Nordex SE - Deutsch","description":"Die globale Sourcingorganisation der Nordex Group stellt die Beschaffung von Materialien und Dienstleistungen entsprechend der Unternehmensstrategie sicher.","robots":{"index":"index","follow":"follow","max-snippet":"max-snippet:-1","max-image-preview":"max-image-preview:large","max-video-preview":"max-video-preview:-1"},"canonical":"https:\/\/www.nordex-online.com\/de\/global-sourcing\/","og_locale":"de_DE","og_type":"article","og_title":"Global Sourcing","og_description":"Die globale Sourcingorganisation der Nordex Group stellt die Beschaffung von Materialien und Dienstleistungen entsprechend der Unternehmensstrategie sicher.","og_url":"https:\/\/www.nordex-online.com\/de\/global-sourcing\/","og_site_name":"Nordex SE - Deutsch","article_modified_time":"2025-12-09T12:32:56+00:00","og_image":[{"width":2560,"height":1705,"url":"https:\/\/www.nordex-online.com\/wp-content\/uploads\/sites\/3\/2022\/07\/MicrosoftTeams-image-1-scaled.jpg","type":"image\/jpeg"}],"twitter_card":"summary_large_image","twitter_misc":{"Gesch\u00e4tzte Lesezeit":"4\u00a0Minuten"},"schema":{"@context":"https:\/\/schema.org","@graph":[{"@type":"WebPage","@id":"https:\/\/www.nordex-online.com\/de\/global-sourcing\/","url":"https:\/\/www.nordex-online.com\/de\/global-sourcing\/","name":"Global Sourcing - Nordex SE - Deutsch","isPartOf":{"@id":"https:\/\/www.nordex-online.com\/de\/#website"},"primaryImageOfPage":{"@id":"https:\/\/www.nordex-online.com\/de\/global-sourcing\/#primaryimage"},"image":{"@id":"https:\/\/www.nordex-online.com\/de\/global-sourcing\/#primaryimage"},"thumbnailUrl":"https:\/\/www.nordex-online.com\/wp-content\/uploads\/sites\/3\/2022\/07\/MicrosoftTeams-image-1-scaled.jpg","datePublished":"2022-07-06T11:10:58+00:00","dateModified":"2025-12-09T12:32:56+00:00","description":"Die globale Sourcingorganisation der Nordex Group stellt die Beschaffung von Materialien und Dienstleistungen entsprechend der Unternehmensstrategie sicher.","breadcrumb":{"@id":"https:\/\/www.nordex-online.com\/de\/global-sourcing\/#breadcrumb"},"inLanguage":"de","potentialAction":[{"@type":"ReadAction","target":["https:\/\/www.nordex-online.com\/de\/global-sourcing\/"]}]},{"@type":"ImageObject","inLanguage":"de","@id":"https:\/\/www.nordex-online.com\/de\/global-sourcing\/#primaryimage","url":"https:\/\/www.nordex-online.com\/wp-content\/uploads\/sites\/3\/2022\/07\/MicrosoftTeams-image-1-scaled.jpg","contentUrl":"https:\/\/www.nordex-online.com\/wp-content\/uploads\/sites\/3\/2022\/07\/MicrosoftTeams-image-1-scaled.jpg","width":2560,"height":1705,"caption":"Azimutdrehverbindung, Nordex Produktion in Rostock, Halle auf dem DMR Gel\u00e4nde (Diesel Motoren Rostock)"},{"@type":"BreadcrumbList","@id":"https:\/\/www.nordex-online.com\/de\/global-sourcing\/#breadcrumb","itemListElement":[{"@type":"ListItem","position":1,"name":"Home","item":"https:\/\/www.nordex-online.com\/de\/"},{"@type":"ListItem","position":2,"name":"Global Sourcing"}]},{"@type":"WebSite","@id":"https:\/\/www.nordex-online.com\/de\/#website","url":"https:\/\/www.nordex-online.com\/de\/","name":"Nordex SE - Deutsch","description":"Manufacture, installation and maintenance of wind turbines.","publisher":{"@id":"https:\/\/www.nordex-online.com\/de\/#organization"},"potentialAction":[{"@type":"SearchAction","target":{"@type":"EntryPoint","urlTemplate":"https:\/\/www.nordex-online.com\/de\/?s={search_term_string}"},"query-input":{"@type":"PropertyValueSpecification","valueRequired":true,"valueName":"search_term_string"}}],"inLanguage":"de"},{"@type":"Organization","@id":"https:\/\/www.nordex-online.com\/de\/#organization","name":"Nordex SE - Deutsch","url":"https:\/\/www.nordex-online.com\/de\/","logo":{"@type":"ImageObject","inLanguage":"de","@id":"https:\/\/www.nordex-online.com\/de\/#\/schema\/logo\/image\/","url":"https:\/\/www.nordex-online.com\/wp-content\/uploads\/sites\/3\/2024\/07\/cropped-cropped-Combined-Logos_cmyk_PNG.png","contentUrl":"https:\/\/www.nordex-online.com\/wp-content\/uploads\/sites\/3\/2024\/07\/cropped-cropped-Combined-Logos_cmyk_PNG.png","width":1181,"height":353,"caption":"Nordex SE - Deutsch"},"image":{"@id":"https:\/\/www.nordex-online.com\/de\/#\/schema\/logo\/image\/"}}]}},"_links":{"self":[{"href":"https:\/\/www.nordex-online.com\/de\/wp-json\/wp\/v2\/pages\/6914","targetHints":{"allow":["GET"]}}],"collection":[{"href":"https:\/\/www.nordex-online.com\/de\/wp-json\/wp\/v2\/pages"}],"about":[{"href":"https:\/\/www.nordex-online.com\/de\/wp-json\/wp\/v2\/types\/page"}],"author":[{"embeddable":true,"href":"https:\/\/www.nordex-online.com\/de\/wp-json\/wp\/v2\/users\/6"}],"replies":[{"embeddable":true,"href":"https:\/\/www.nordex-online.com\/de\/wp-json\/wp\/v2\/comments?post=6914"}],"version-history":[{"count":62,"href":"https:\/\/www.nordex-online.com\/de\/wp-json\/wp\/v2\/pages\/6914\/revisions"}],"predecessor-version":[{"id":46725,"href":"https:\/\/www.nordex-online.com\/de\/wp-json\/wp\/v2\/pages\/6914\/revisions\/46725"}],"wp:featuredmedia":[{"embeddable":true,"href":"https:\/\/www.nordex-online.com\/de\/wp-json\/wp\/v2\/media\/6953"}],"wp:attachment":[{"href":"https:\/\/www.nordex-online.com\/de\/wp-json\/wp\/v2\/media?parent=6914"}],"curies":[{"name":"wp","href":"https:\/\/api.w.org\/{rel}","templated":true}]}}