{"id":6676,"date":"2022-03-29T09:56:38","date_gmt":"2022-03-29T09:56:38","guid":{"rendered":"https:\/\/www.nordex-online.com\/de\/?page_id=6676"},"modified":"2025-03-20T15:09:38","modified_gmt":"2025-03-20T15:09:38","slug":"eu-taxonomieverordnung","status":"publish","type":"page","link":"https:\/\/www.nordex-online.com\/de\/eu-taxonomieverordnung\/","title":{"rendered":"EU-Taxonomieverordnung"},"content":{"rendered":"\n<div class=\"wp-block-cover alignfull is-light\" style=\"min-height:340px;aspect-ratio:unset;\"><span aria-hidden=\"true\" class=\"wp-block-cover__background has-background-dim-10 has-background-dim\"><\/span><video class=\"wp-block-cover__video-background intrinsic-ignore\" autoplay muted loop playsinline src=\"https:\/\/www.nordex-online.com\/wp-content\/uploads\/sites\/2\/2022\/03\/Header-Website-26.mp4\" data-object-fit=\"cover\"><\/video><div class=\"wp-block-cover__inner-container is-layout-flow wp-block-cover-is-layout-flow\">\n<p class=\"has-text-align-center has-white-color has-text-color has-large-font-size\">EU-TAXONOMIEVERORDNUNG<\/p>\n<\/div><\/div>\n\n\n\n<div class=\"wp-block-nordex-heading is-style-underline nordex-heading wp-block-columns has-4-columns\"><div class=\"nordex-heading__chapter wp-block-column\"><span class=\"nordex-heading__chapter-title\">01<\/span><span class=\"nordex-heading__chapter-subtitle\">05<\/span><\/div><div class=\"nordex-heading__heading wp-block-column\"><h3 class=\"nordex-heading__heading-title\">Die EU-Taxonomieverodnung im \u00dcberblick <\/h3><\/div><div class=\"nordex-heading__subhead wp-block-column\"><p class=\"nordex-heading__subhead-title\"><\/p><\/div><div class=\"nordex-heading__button wp-block-column\"><\/div><\/div>\n\n\n\n<div class=\"wp-block-columns is-layout-flex wp-container-core-columns-is-layout-28f84493 wp-block-columns-is-layout-flex\">\n<div class=\"wp-block-column is-vertically-aligned-center is-layout-flow wp-block-column-is-layout-flow\" style=\"flex-basis:33.33%\">\n<figure class=\"wp-block-image size-large is-style-default\"><img decoding=\"async\" src=\"https:\/\/www.nordex-online.com\/wp-content\/uploads\/sites\/2\/2022\/03\/JOE100717_034_Germinon-1024x681.jpg\" alt=\"\" class=\"wp-image-13117\"\/><\/figure>\n<\/div>\n\n\n\n<div class=\"wp-block-column is-layout-flow wp-block-column-is-layout-flow\" style=\"flex-basis:66.66%\">\n<p>Der \u201eGreen Deal\u201c der EU enth\u00e4lt das ehrgeizige Ziel, bis 2050 CO<sub>2<\/sub>-Neutralit\u00e4t in Europa zu erreichen. Zur erfolgreichen Umsetzung dieses Vorhabens hat die EU-Kommission im Rahmen des Aktionsplans \u201eNachhaltige Finanzierung\u201c eine Reihe von Ma\u00dfnahmen festgelegt, um Kapitalstr\u00f6me in \u00f6kologisch nachhaltige T\u00e4tigkeiten zu lenken. Ein zentraler Bestandteil ist dabei die EU-Taxonomie-Verordnung 2020\/852 (\u201eTaxonomie-VO\u201c). Dazu geh\u00f6rt auch ein einheitliches und rechtsverbindliches Klassifizierungssystem zur Einstufung von wirtschaftlichen T\u00e4tigkeiten als \u00f6kologisch nachhaltig (= taxonomiekonform).<\/p>\n\n\n\n<p>Zuerst m\u00fcssen Unternehmen bestimmen, welche Gesch\u00e4ftst\u00e4tigkeiten als taxonomief\u00e4hig (taxonomy-eligible) gelten, d. h. in den delegierten Rechtsakten der Kommission beschrieben sind und damit potenziell zu mindestens einem der in der folgenden Abbildung dargestellten Umweltziele beitragen. Taxonomief\u00e4hige T\u00e4tigkeiten werden taxonomiekonform und somit als \u00f6kologisch nachhaltig eingestuft, wenn sie einen wesentlichen Beitrag (Substantial Contribution) zu mindestens einem der Umweltziele leisten und gleichzeitig keines der anderen Umweltziele erheblich beeintr\u00e4chtigen (Do No Significant Harm, DNSH) und den Mindestschutz (Minimum Safeguards) gem\u00e4\u00df der Verordnung (EU) 2020\/852 einhalten.<\/p>\n<\/div>\n<\/div>\n\n\n\n<div class=\"wp-block-columns is-layout-flex wp-container-core-columns-is-layout-28f84493 wp-block-columns-is-layout-flex\">\n<div class=\"wp-block-column is-layout-flow wp-block-column-is-layout-flow\" style=\"flex-basis:5%\"><\/div>\n\n\n\n<div class=\"wp-block-column is-layout-flow wp-block-column-is-layout-flow\" style=\"flex-basis:90%\">\n<figure class=\"wp-block-image size-large\"><a href=\"https:\/\/www.nordex-online.com\/wp-content\/uploads\/sites\/3\/2025\/03\/taxonomy-DE-1.png\"><img loading=\"lazy\" decoding=\"async\" width=\"1024\" height=\"617\" src=\"https:\/\/www.nordex-online.com\/wp-content\/uploads\/sites\/3\/2025\/03\/taxonomy-DE-1-1024x617.png\" alt=\"\" class=\"wp-image-44255\" srcset=\"https:\/\/www.nordex-online.com\/wp-content\/uploads\/sites\/3\/2025\/03\/taxonomy-DE-1-1024x617.png 1024w, https:\/\/www.nordex-online.com\/wp-content\/uploads\/sites\/3\/2025\/03\/taxonomy-DE-1-300x181.png 300w, https:\/\/www.nordex-online.com\/wp-content\/uploads\/sites\/3\/2025\/03\/taxonomy-DE-1-768x463.png 768w, https:\/\/www.nordex-online.com\/wp-content\/uploads\/sites\/3\/2025\/03\/taxonomy-DE-1-1536x926.png 1536w, https:\/\/www.nordex-online.com\/wp-content\/uploads\/sites\/3\/2025\/03\/taxonomy-DE-1-2048x1234.png 2048w\" sizes=\"auto, (max-width: 1024px) 100vw, 1024px\" \/><\/a><\/figure>\n<\/div>\n\n\n\n<div class=\"wp-block-column is-layout-flow wp-block-column-is-layout-flow\" style=\"flex-basis:5%\"><\/div>\n<\/div>\n\n\n\n<div class=\"wp-block-nordex-heading is-style-underline nordex-heading wp-block-columns has-4-columns\"><div class=\"nordex-heading__chapter wp-block-column\"><span class=\"nordex-heading__chapter-title\">02<\/span><span class=\"nordex-heading__chapter-subtitle\">05<\/span><\/div><div class=\"nordex-heading__heading wp-block-column\"><h3 class=\"nordex-heading__heading-title\">BEWERTUNG DER TAXONOMIE-F\u00c4HIGKEIT<\/h3><\/div><div class=\"nordex-heading__subhead wp-block-column\"><p class=\"nordex-heading__subhead-title\"><\/p><\/div><div class=\"nordex-heading__button wp-block-column\"><\/div><\/div>\n\n\n\n<p>Wir haben unsere wichtigsten wirtschaftlichen Aktivit\u00e4ten als taxonomief\u00e4hig identifiziert. Unsere Gesch\u00e4ftst\u00e4tigkeiten tragen zum ersten Umweltziel \u201eKlimaschutz (CCM)\u201c bei. Im Rahmen des zweiten Umweltziels \u201eAnpassung an den Klimawandel (CCA)\u201c geben wir keine taxonomief\u00e4higen Aktivit\u00e4ten an, da wir keine Ums\u00e4tze aus f\u00f6rderf\u00e4higen Aktivit\u00e4ten erzielen und keine separaten CapEx (oder OpEx) identifiziert haben, die speziell zur Anpassung an den Klimawandel beitragen. Daher werden alle CapEx und OpEx, die mit unseren taxonomief\u00e4higen Aktivit\u00e4ten verbunden sind, nur unter CCM als f\u00f6rderf\u00e4hig offengelegt. Keine Gesch\u00e4ftst\u00e4tigkeit der Nordex Group f\u00e4llt in den Geltungsbereich des \u201eEnvironmental Delegated Act\u201c, der die weiteren nicht klimabezogenen Umweltziele abdeckt.<\/p>\n\n\n\n<p>F\u00fcr unser Kerngesch\u00e4ft sind zwei der derzeit in der EU-Taxonomie (Anhang I der Delegierten Verordnung (EU) 2021\/2139) aufgef\u00fchrten Wirtschaftst\u00e4tigkeiten f\u00fcr das Umweltziel \u201eKlimaschutz\u201c relevant (taxonomief\u00e4hig):<\/p>\n\n\n\n<ul class=\"wp-block-list\">\n<li>Herstellung von Technologien f\u00fcr erneuerbare Energie (3.1)<\/li>\n\n\n\n<li>Stromerzeugung aus Windkraft (4.3)\n<ul class=\"wp-block-list\">\n<li><\/li>\n<\/ul>\n<\/li>\n<\/ul>\n\n\n\n<div class=\"wp-block-nordex-heading is-style-underline nordex-heading wp-block-columns has-4-columns\"><div class=\"nordex-heading__chapter wp-block-column\"><span class=\"nordex-heading__chapter-title\">03<\/span><span class=\"nordex-heading__chapter-subtitle\">05<\/span><\/div><div class=\"nordex-heading__heading wp-block-column\"><h3 class=\"nordex-heading__heading-title\">BEWERTUNG DER TAXONOMIE-KONFORMIT\u00c4T<\/h3><\/div><div class=\"nordex-heading__subhead wp-block-column\"><p class=\"nordex-heading__subhead-title\"><\/p><\/div><div class=\"nordex-heading__button wp-block-column\"><\/div><\/div>\n\n\n\n<p>Wir verf\u00fcgen \u00fcber angemessene Prozesse und Verfahren, um die Einhaltung des Mindestschutzes zu gew\u00e4hrleisten, und konnten bei keiner unserer T\u00e4tigkeiten einen Versto\u00df feststellen. Dar\u00fcber hinaus erf\u00fcllen unsere umsatzrelevanten Aktivit\u00e4ten \u201eHerstellung von Technologien f\u00fcr erneuerbare Energie\u201c (3.1) und \u201eStromerzeugung aus Windkraft\u201c (4.3) beide die anwendbaren technischen Screening-Kriterien (Substantial Contribution- und DNSH-Kriterien) und werden daher als taxonomief\u00e4hig angesehen.<\/p>\n\n\n\n<div class=\"wp-block-nordex-heading is-style-underline nordex-heading wp-block-columns has-4-columns\"><div class=\"nordex-heading__chapter wp-block-column\"><span class=\"nordex-heading__chapter-title\">04<\/span><span class=\"nordex-heading__chapter-subtitle\">05<\/span><\/div><div class=\"nordex-heading__heading wp-block-column\"><h3 class=\"nordex-heading__heading-title\">UNSERE KPIs<\/h3><\/div><div class=\"nordex-heading__subhead wp-block-column\"><p class=\"nordex-heading__subhead-title\"><\/p><\/div><div class=\"nordex-heading__button wp-block-column\"><\/div><\/div>\n\n\n\n<p>Gem\u00e4\u00df der Taxonomieverordnung macht die Nordex Group Angaben zu drei Kennzahlen f\u00fcr die Aktivit\u00e4ten, die als \u00f6kologisch nachhaltig gelten: Anteil der Erl\u00f6se (Umsatz), der Betriebsausgaben (OpEx) und der Investitionsausgaben (CapEx).<\/p>\n\n\n\n<div class=\"wp-block-columns is-layout-flex wp-container-core-columns-is-layout-28f84493 wp-block-columns-is-layout-flex\">\n<div class=\"wp-block-column is-layout-flow wp-block-column-is-layout-flow\" style=\"flex-basis:5%\"><\/div>\n\n\n\n<div class=\"wp-block-column is-layout-flow wp-block-column-is-layout-flow\" style=\"flex-basis:90%\">\n<figure class=\"wp-block-image size-large\"><a href=\"https:\/\/www.nordex-online.com\/wp-content\/uploads\/sites\/3\/2025\/03\/taxonomy-DE-2.png\"><img loading=\"lazy\" decoding=\"async\" width=\"1024\" height=\"310\" src=\"https:\/\/www.nordex-online.com\/wp-content\/uploads\/sites\/3\/2025\/03\/taxonomy-DE-2-1024x310.png\" alt=\"\" class=\"wp-image-44257\" srcset=\"https:\/\/www.nordex-online.com\/wp-content\/uploads\/sites\/3\/2025\/03\/taxonomy-DE-2-1024x310.png 1024w, https:\/\/www.nordex-online.com\/wp-content\/uploads\/sites\/3\/2025\/03\/taxonomy-DE-2-300x91.png 300w, https:\/\/www.nordex-online.com\/wp-content\/uploads\/sites\/3\/2025\/03\/taxonomy-DE-2-768x232.png 768w, https:\/\/www.nordex-online.com\/wp-content\/uploads\/sites\/3\/2025\/03\/taxonomy-DE-2.png 1154w\" sizes=\"auto, (max-width: 1024px) 100vw, 1024px\" \/><\/a><\/figure>\n<\/div>\n\n\n\n<div class=\"wp-block-column is-layout-flow wp-block-column-is-layout-flow\" style=\"flex-basis:5%\"><\/div>\n<\/div>\n\n\n\n<p>Eine umfassende Zusammenfassung unseres Taxonomie-Reportings ist in unserer <a href=\"https:\/\/www.nordex-online.com\/wp-content\/uploads\/sites\/3\/2025\/02\/Annual-Integrated-Report-2024_DEU.pdf#page=164\" target=\"_blank\" rel=\"noreferrer noopener\">Nachhaltigkeitserkl\u00e4rung im Integrierter Gesch\u00e4ftsbericht 2024, S. 164 ff.<\/a> enthalten.<\/p>\n\n\n\n<div class=\"wp-block-nordex-heading is-style-underline nordex-heading wp-block-columns has-4-columns\"><div class=\"nordex-heading__chapter wp-block-column\"><span class=\"nordex-heading__chapter-title\">05<\/span><span class=\"nordex-heading__chapter-subtitle\">05<\/span><\/div><div class=\"nordex-heading__heading wp-block-column\"><h3 class=\"nordex-heading__heading-title\">Mehr erfahren <\/h3><\/div><div class=\"nordex-heading__subhead wp-block-column\"><p class=\"nordex-heading__subhead-title\"><\/p><\/div><div class=\"nordex-heading__button wp-block-column\"><\/div><\/div>\n\n\n\n<div class=\"wp-block-columns is-layout-flex wp-container-core-columns-is-layout-28f84493 wp-block-columns-is-layout-flex\">\n<div class=\"wp-block-column is-layout-flow wp-block-column-is-layout-flow\">\n<div class=\"wp-block-nordex-tile wp-block-nordex-tile--portrait\"><a class=\"wp-block-nordex-tile__button\" href=\"https:\/\/www.nordex-online.com\/de\/nachhaltige-produkte\"><div class=\"wp-block-nordex-tile__image\" style=\"background-image:url(https:\/\/www.nordex-online.com\/wp-content\/uploads\/sites\/3\/2022\/04\/Website-Learn-More-Teaser-6.png)\"><\/div><p class=\"wp-block-nordex-tile__title\">NACHHALTIGE PRODUKTE<\/p><p class=\"wp-block-button is-style-underline\"><span class=\"wp-block-button__link\">Mehr erfahren<\/span><\/p><\/a><\/div>\n<\/div>\n\n\n\n<div class=\"wp-block-column is-layout-flow wp-block-column-is-layout-flow\">\n<div class=\"wp-block-nordex-tile wp-block-nordex-tile--portrait\"><a class=\"wp-block-nordex-tile__button\" href=\"https:\/\/www.nordex-online.com\/de\/soziales\"><div class=\"wp-block-nordex-tile__image\" style=\"background-image:url(https:\/\/www.nordex-online.com\/wp-content\/uploads\/sites\/2\/2022\/03\/Teaser-Social-400x460.jpg)\"><\/div><p class=\"wp-block-nordex-tile__title\">SOZIALES<\/p><p class=\"wp-block-button is-style-underline\"><span class=\"wp-block-button__link\">Mehr erfahren<\/span><\/p><\/a><\/div>\n<\/div>\n\n\n\n<div class=\"wp-block-column is-layout-flow wp-block-column-is-layout-flow\">\n<div class=\"wp-block-nordex-tile wp-block-nordex-tile--portrait\"><a class=\"wp-block-nordex-tile__button\" href=\"https:\/\/www.nordex-online.com\/de\/umwelt\"><div class=\"wp-block-nordex-tile__image\" style=\"background-image:url(https:\/\/www.nordex-online.com\/wp-content\/uploads\/sites\/2\/2022\/03\/Website-Learn-More-Teaser-3.png)\"><\/div><p class=\"wp-block-nordex-tile__title\">UMWELT<\/p><p class=\"wp-block-button is-style-underline\"><span class=\"wp-block-button__link\">Mehr erfahren<\/span><\/p><\/a><\/div>\n<\/div>\n<\/div>\n","protected":false},"excerpt":{"rendered":"<p>Der \u201eGreen Deal\u201c der EU enth\u00e4lt das ehrgeizige Ziel, bis 2050 CO2-Neutralit\u00e4t in Europa zu erreichen. Zur erfolgreichen Umsetzung dieses Vorhabens hat die EU-Kommission im Rahmen des Aktionsplans \u201eNachhaltige Finanzierung\u201c eine Reihe von Ma\u00dfnahmen festgelegt, um Kapitalstr\u00f6me in \u00f6kologisch nachhaltige T\u00e4tigkeiten zu lenken. Ein zentraler Bestandteil ist dabei die EU-Taxonomie-Verordnung 2020\/852 (\u201eTaxonomie-VO\u201c). Dazu geh\u00f6rt auch [&hellip;]<\/p>\n","protected":false},"author":6,"featured_media":6727,"parent":0,"menu_order":0,"comment_status":"closed","ping_status":"closed","template":"","meta":{"_trash_the_other_posts":false,"editor_notices":[],"footnotes":""},"class_list":["post-6676","page","type-page","status-publish","has-post-thumbnail","hentry"],"yoast_head":"<!-- This site is optimized with the Yoast SEO Premium plugin v27.3 (Yoast SEO v27.3) - https:\/\/yoast.com\/product\/yoast-seo-premium-wordpress\/ -->\n<title>EU-Taxonomieverordnung - Nordex SE - Deutsch<\/title>\n<meta name=\"robots\" content=\"index, follow, max-snippet:-1, max-image-preview:large, max-video-preview:-1\" \/>\n<link rel=\"canonical\" href=\"https:\/\/www.nordex-online.com\/de\/eu-taxonomieverordnung\/\" \/>\n<meta property=\"og:locale\" content=\"de_DE\" \/>\n<meta property=\"og:type\" content=\"article\" \/>\n<meta property=\"og:title\" content=\"EU-Taxonomieverordnung\" \/>\n<meta property=\"og:description\" content=\"Der \u201eGreen Deal\u201c der EU enth\u00e4lt das ehrgeizige Ziel, bis 2050 CO2-Neutralit\u00e4t in Europa zu erreichen. Zur erfolgreichen Umsetzung dieses Vorhabens hat die EU-Kommission im Rahmen des Aktionsplans \u201eNachhaltige Finanzierung\u201c eine Reihe von Ma\u00dfnahmen festgelegt, um Kapitalstr\u00f6me in \u00f6kologisch nachhaltige T\u00e4tigkeiten zu lenken. Ein zentraler Bestandteil ist dabei die EU-Taxonomie-Verordnung 2020\/852 (\u201eTaxonomie-VO\u201c). Dazu geh\u00f6rt auch [&hellip;]\" \/>\n<meta property=\"og:url\" content=\"https:\/\/www.nordex-online.com\/de\/eu-taxonomieverordnung\/\" \/>\n<meta property=\"og:site_name\" content=\"Nordex SE - Deutsch\" \/>\n<meta property=\"article:modified_time\" content=\"2025-03-20T15:09:38+00:00\" \/>\n<meta property=\"og:image\" content=\"https:\/\/www.nordex-online.com\/wp-content\/uploads\/sites\/3\/2022\/03\/Teaser-EU-Taxonomy-Regulation.png\" \/>\n\t<meta property=\"og:image:width\" content=\"387\" \/>\n\t<meta property=\"og:image:height\" content=\"450\" \/>\n\t<meta property=\"og:image:type\" content=\"image\/png\" \/>\n<meta name=\"twitter:card\" content=\"summary_large_image\" \/>\n<meta name=\"twitter:label1\" content=\"Gesch\u00e4tzte Lesezeit\" \/>\n\t<meta name=\"twitter:data1\" content=\"4\u00a0Minuten\" \/>\n<script type=\"application\/ld+json\" class=\"yoast-schema-graph\">{\"@context\":\"https:\\\/\\\/schema.org\",\"@graph\":[{\"@type\":\"WebPage\",\"@id\":\"https:\\\/\\\/www.nordex-online.com\\\/de\\\/eu-taxonomieverordnung\\\/\",\"url\":\"https:\\\/\\\/www.nordex-online.com\\\/de\\\/eu-taxonomieverordnung\\\/\",\"name\":\"EU-Taxonomieverordnung - Nordex SE - Deutsch\",\"isPartOf\":{\"@id\":\"https:\\\/\\\/www.nordex-online.com\\\/de\\\/#website\"},\"primaryImageOfPage\":{\"@id\":\"https:\\\/\\\/www.nordex-online.com\\\/de\\\/eu-taxonomieverordnung\\\/#primaryimage\"},\"image\":{\"@id\":\"https:\\\/\\\/www.nordex-online.com\\\/de\\\/eu-taxonomieverordnung\\\/#primaryimage\"},\"thumbnailUrl\":\"https:\\\/\\\/www.nordex-online.com\\\/wp-content\\\/uploads\\\/sites\\\/3\\\/2022\\\/03\\\/Teaser-EU-Taxonomy-Regulation.png\",\"datePublished\":\"2022-03-29T09:56:38+00:00\",\"dateModified\":\"2025-03-20T15:09:38+00:00\",\"breadcrumb\":{\"@id\":\"https:\\\/\\\/www.nordex-online.com\\\/de\\\/eu-taxonomieverordnung\\\/#breadcrumb\"},\"inLanguage\":\"de\",\"potentialAction\":[{\"@type\":\"ReadAction\",\"target\":[\"https:\\\/\\\/www.nordex-online.com\\\/de\\\/eu-taxonomieverordnung\\\/\"]}]},{\"@type\":\"ImageObject\",\"inLanguage\":\"de\",\"@id\":\"https:\\\/\\\/www.nordex-online.com\\\/de\\\/eu-taxonomieverordnung\\\/#primaryimage\",\"url\":\"https:\\\/\\\/www.nordex-online.com\\\/wp-content\\\/uploads\\\/sites\\\/3\\\/2022\\\/03\\\/Teaser-EU-Taxonomy-Regulation.png\",\"contentUrl\":\"https:\\\/\\\/www.nordex-online.com\\\/wp-content\\\/uploads\\\/sites\\\/3\\\/2022\\\/03\\\/Teaser-EU-Taxonomy-Regulation.png\",\"width\":387,\"height\":450},{\"@type\":\"BreadcrumbList\",\"@id\":\"https:\\\/\\\/www.nordex-online.com\\\/de\\\/eu-taxonomieverordnung\\\/#breadcrumb\",\"itemListElement\":[{\"@type\":\"ListItem\",\"position\":1,\"name\":\"Home\",\"item\":\"https:\\\/\\\/www.nordex-online.com\\\/de\\\/\"},{\"@type\":\"ListItem\",\"position\":2,\"name\":\"EU-Taxonomieverordnung\"}]},{\"@type\":\"WebSite\",\"@id\":\"https:\\\/\\\/www.nordex-online.com\\\/de\\\/#website\",\"url\":\"https:\\\/\\\/www.nordex-online.com\\\/de\\\/\",\"name\":\"Nordex SE - Deutsch\",\"description\":\"Manufacture, installation and maintenance of wind turbines.\",\"publisher\":{\"@id\":\"https:\\\/\\\/www.nordex-online.com\\\/de\\\/#organization\"},\"potentialAction\":[{\"@type\":\"SearchAction\",\"target\":{\"@type\":\"EntryPoint\",\"urlTemplate\":\"https:\\\/\\\/www.nordex-online.com\\\/de\\\/?s={search_term_string}\"},\"query-input\":{\"@type\":\"PropertyValueSpecification\",\"valueRequired\":true,\"valueName\":\"search_term_string\"}}],\"inLanguage\":\"de\"},{\"@type\":\"Organization\",\"@id\":\"https:\\\/\\\/www.nordex-online.com\\\/de\\\/#organization\",\"name\":\"Nordex SE - Deutsch\",\"url\":\"https:\\\/\\\/www.nordex-online.com\\\/de\\\/\",\"logo\":{\"@type\":\"ImageObject\",\"inLanguage\":\"de\",\"@id\":\"https:\\\/\\\/www.nordex-online.com\\\/de\\\/#\\\/schema\\\/logo\\\/image\\\/\",\"url\":\"https:\\\/\\\/www.nordex-online.com\\\/wp-content\\\/uploads\\\/sites\\\/3\\\/2024\\\/07\\\/cropped-cropped-Combined-Logos_cmyk_PNG.png\",\"contentUrl\":\"https:\\\/\\\/www.nordex-online.com\\\/wp-content\\\/uploads\\\/sites\\\/3\\\/2024\\\/07\\\/cropped-cropped-Combined-Logos_cmyk_PNG.png\",\"width\":1181,\"height\":353,\"caption\":\"Nordex SE - Deutsch\"},\"image\":{\"@id\":\"https:\\\/\\\/www.nordex-online.com\\\/de\\\/#\\\/schema\\\/logo\\\/image\\\/\"}}]}<\/script>\n<!-- \/ Yoast SEO Premium plugin. -->","yoast_head_json":{"title":"EU-Taxonomieverordnung - Nordex SE - Deutsch","robots":{"index":"index","follow":"follow","max-snippet":"max-snippet:-1","max-image-preview":"max-image-preview:large","max-video-preview":"max-video-preview:-1"},"canonical":"https:\/\/www.nordex-online.com\/de\/eu-taxonomieverordnung\/","og_locale":"de_DE","og_type":"article","og_title":"EU-Taxonomieverordnung","og_description":"Der \u201eGreen Deal\u201c der EU enth\u00e4lt das ehrgeizige Ziel, bis 2050 CO2-Neutralit\u00e4t in Europa zu erreichen. Zur erfolgreichen Umsetzung dieses Vorhabens hat die EU-Kommission im Rahmen des Aktionsplans \u201eNachhaltige Finanzierung\u201c eine Reihe von Ma\u00dfnahmen festgelegt, um Kapitalstr\u00f6me in \u00f6kologisch nachhaltige T\u00e4tigkeiten zu lenken. Ein zentraler Bestandteil ist dabei die EU-Taxonomie-Verordnung 2020\/852 (\u201eTaxonomie-VO\u201c). Dazu geh\u00f6rt auch [&hellip;]","og_url":"https:\/\/www.nordex-online.com\/de\/eu-taxonomieverordnung\/","og_site_name":"Nordex SE - Deutsch","article_modified_time":"2025-03-20T15:09:38+00:00","og_image":[{"width":387,"height":450,"url":"https:\/\/www.nordex-online.com\/wp-content\/uploads\/sites\/3\/2022\/03\/Teaser-EU-Taxonomy-Regulation.png","type":"image\/png"}],"twitter_card":"summary_large_image","twitter_misc":{"Gesch\u00e4tzte Lesezeit":"4\u00a0Minuten"},"schema":{"@context":"https:\/\/schema.org","@graph":[{"@type":"WebPage","@id":"https:\/\/www.nordex-online.com\/de\/eu-taxonomieverordnung\/","url":"https:\/\/www.nordex-online.com\/de\/eu-taxonomieverordnung\/","name":"EU-Taxonomieverordnung - Nordex SE - Deutsch","isPartOf":{"@id":"https:\/\/www.nordex-online.com\/de\/#website"},"primaryImageOfPage":{"@id":"https:\/\/www.nordex-online.com\/de\/eu-taxonomieverordnung\/#primaryimage"},"image":{"@id":"https:\/\/www.nordex-online.com\/de\/eu-taxonomieverordnung\/#primaryimage"},"thumbnailUrl":"https:\/\/www.nordex-online.com\/wp-content\/uploads\/sites\/3\/2022\/03\/Teaser-EU-Taxonomy-Regulation.png","datePublished":"2022-03-29T09:56:38+00:00","dateModified":"2025-03-20T15:09:38+00:00","breadcrumb":{"@id":"https:\/\/www.nordex-online.com\/de\/eu-taxonomieverordnung\/#breadcrumb"},"inLanguage":"de","potentialAction":[{"@type":"ReadAction","target":["https:\/\/www.nordex-online.com\/de\/eu-taxonomieverordnung\/"]}]},{"@type":"ImageObject","inLanguage":"de","@id":"https:\/\/www.nordex-online.com\/de\/eu-taxonomieverordnung\/#primaryimage","url":"https:\/\/www.nordex-online.com\/wp-content\/uploads\/sites\/3\/2022\/03\/Teaser-EU-Taxonomy-Regulation.png","contentUrl":"https:\/\/www.nordex-online.com\/wp-content\/uploads\/sites\/3\/2022\/03\/Teaser-EU-Taxonomy-Regulation.png","width":387,"height":450},{"@type":"BreadcrumbList","@id":"https:\/\/www.nordex-online.com\/de\/eu-taxonomieverordnung\/#breadcrumb","itemListElement":[{"@type":"ListItem","position":1,"name":"Home","item":"https:\/\/www.nordex-online.com\/de\/"},{"@type":"ListItem","position":2,"name":"EU-Taxonomieverordnung"}]},{"@type":"WebSite","@id":"https:\/\/www.nordex-online.com\/de\/#website","url":"https:\/\/www.nordex-online.com\/de\/","name":"Nordex SE - Deutsch","description":"Manufacture, installation and maintenance of wind turbines.","publisher":{"@id":"https:\/\/www.nordex-online.com\/de\/#organization"},"potentialAction":[{"@type":"SearchAction","target":{"@type":"EntryPoint","urlTemplate":"https:\/\/www.nordex-online.com\/de\/?s={search_term_string}"},"query-input":{"@type":"PropertyValueSpecification","valueRequired":true,"valueName":"search_term_string"}}],"inLanguage":"de"},{"@type":"Organization","@id":"https:\/\/www.nordex-online.com\/de\/#organization","name":"Nordex SE - Deutsch","url":"https:\/\/www.nordex-online.com\/de\/","logo":{"@type":"ImageObject","inLanguage":"de","@id":"https:\/\/www.nordex-online.com\/de\/#\/schema\/logo\/image\/","url":"https:\/\/www.nordex-online.com\/wp-content\/uploads\/sites\/3\/2024\/07\/cropped-cropped-Combined-Logos_cmyk_PNG.png","contentUrl":"https:\/\/www.nordex-online.com\/wp-content\/uploads\/sites\/3\/2024\/07\/cropped-cropped-Combined-Logos_cmyk_PNG.png","width":1181,"height":353,"caption":"Nordex SE - Deutsch"},"image":{"@id":"https:\/\/www.nordex-online.com\/de\/#\/schema\/logo\/image\/"}}]}},"_links":{"self":[{"href":"https:\/\/www.nordex-online.com\/de\/wp-json\/wp\/v2\/pages\/6676","targetHints":{"allow":["GET"]}}],"collection":[{"href":"https:\/\/www.nordex-online.com\/de\/wp-json\/wp\/v2\/pages"}],"about":[{"href":"https:\/\/www.nordex-online.com\/de\/wp-json\/wp\/v2\/types\/page"}],"author":[{"embeddable":true,"href":"https:\/\/www.nordex-online.com\/de\/wp-json\/wp\/v2\/users\/6"}],"replies":[{"embeddable":true,"href":"https:\/\/www.nordex-online.com\/de\/wp-json\/wp\/v2\/comments?post=6676"}],"version-history":[{"count":16,"href":"https:\/\/www.nordex-online.com\/de\/wp-json\/wp\/v2\/pages\/6676\/revisions"}],"predecessor-version":[{"id":44259,"href":"https:\/\/www.nordex-online.com\/de\/wp-json\/wp\/v2\/pages\/6676\/revisions\/44259"}],"wp:featuredmedia":[{"embeddable":true,"href":"https:\/\/www.nordex-online.com\/de\/wp-json\/wp\/v2\/media\/6727"}],"wp:attachment":[{"href":"https:\/\/www.nordex-online.com\/de\/wp-json\/wp\/v2\/media?parent=6676"}],"curies":[{"name":"wp","href":"https:\/\/api.w.org\/{rel}","templated":true}]}}