{"id":46690,"date":"2025-12-03T17:38:25","date_gmt":"2025-12-03T17:38:25","guid":{"rendered":"https:\/\/www.nordex-online.com\/de\/?page_id=46690"},"modified":"2025-12-05T15:09:19","modified_gmt":"2025-12-05T15:09:19","slug":"schulungen-fur-dienstleister","status":"publish","type":"page","link":"https:\/\/www.nordex-online.com\/de\/schulungen-fur-dienstleister\/","title":{"rendered":"Schulungen f\u00fcr Dienstleister"},"content":{"rendered":"\n<div class=\"wp-block-cover alignfull is-light\" style=\"min-height:340px;aspect-ratio:unset;\"><video class=\"wp-block-cover__video-background intrinsic-ignore\" autoplay muted loop playsinline src=\"https:\/\/www.nordex-online.com\/wp-content\/uploads\/sites\/2\/2025\/12\/Subcontractors.mp4\" style=\"object-position:49% 21%\" data-object-fit=\"cover\" data-object-position=\"49% 21%\"><\/video><span aria-hidden=\"true\" class=\"wp-block-cover__background has-grey-85-background-color has-background-dim-20 has-background-dim\"><\/span><div class=\"wp-block-cover__inner-container is-layout-constrained wp-block-cover-is-layout-constrained\">\n<p class=\"has-text-align-center has-white-color has-text-color has-link-color has-large-font-size wp-elements-358404133ed91d9fe72492b8dc564579\">SCHULUNGEN F\u00dcR DIENSTLEISTER W\u00c4HREND DER WARTUNGSPHASE<\/p>\n<\/div><\/div>\n\n\n\n<div class=\"wp-block-nordex-heading is-style-underline nordex-heading wp-block-columns has-4-columns\"><div class=\"nordex-heading__chapter wp-block-column\"><span class=\"nordex-heading__chapter-title\">01<\/span><span class=\"nordex-heading__chapter-subtitle\">04<\/span><\/div><div class=\"nordex-heading__heading wp-block-column\"><h3 class=\"nordex-heading__heading-title\">The Nordex Group Training Concept<\/h3><\/div><div class=\"nordex-heading__subhead wp-block-column\"><p class=\"nordex-heading__subhead-title\"><\/p><\/div><div class=\"nordex-heading__button wp-block-column\"><\/div><\/div>\n\n\n\n<div class=\"wp-block-columns is-layout-flex wp-container-core-columns-is-layout-28f84493 wp-block-columns-is-layout-flex\">\n<div class=\"wp-block-column is-layout-flow wp-block-column-is-layout-flow\" style=\"flex-basis:33.33%\">\n<h3 class=\"wp-block-heading has-grey-65-color has-text-color has-link-color wp-elements-03a98e8348073bd102d63491e925668e\" id=\"h-sicherheit-als-grundlage-wissen-das-werkzeug-nbsp\">SICHERHEIT ALS GRUNDLAGE. <br>WISSEN DAS WERKZEUG.&nbsp;<\/h3>\n<\/div>\n\n\n\n<div class=\"wp-block-column is-layout-flow wp-block-column-is-layout-flow\" style=\"flex-basis:66.66%\">\n<p>F\u00fcr die Nordex Group ist Sicherheit nicht nur eine Pflicht, sondern eine gemeinsame Verantwortung. Damit unsere Dienstleister vor Ort sicher und effizient arbeiten, haben wir ein Trainingsangebot speziell f\u00fcr sie entwickelt.<br>Unter dem Leitgedanken Safety Together verbinden unsere Schulungen kompakte Theorie mit praktischen \u00dcbungen. Die Inhalte sind auf typische Aufgaben in Service, Inbetriebnahme und Wartung zugeschnitten. Durchgef\u00fchrt werden die Schulungen \u00fcber unsere Global Technical Academy (GTA) in Deutschland sowie an ausgew\u00e4hlten regionalen Schulungszentren*.<br>Ob Sie erst seit kurzem mit der Technologie von Nordex arbeiten oder vorhandenes Wissen vertiefen m\u00f6chten \u2013 unsere Kurse gew\u00e4hrleisten, dass Sie bestens darauf vorbereitet sind h\u00f6chste Standards in puncto Sicherheit, Qualit\u00e4t und Leistung zu erf\u00fcllen.<\/p>\n\n\n\n<p class=\"has-small-font-size\">*Hinweis: Nicht alle Nordex Akademien bieten derzeit Schulungen f\u00fcr Dienstleister an.<\/p>\n<\/div>\n<\/div>\n\n\n\n<div class=\"wp-block-nordex-heading is-style-underline nordex-heading wp-block-columns has-4-columns\"><div class=\"nordex-heading__chapter wp-block-column\"><span class=\"nordex-heading__chapter-title\">02<\/span><span class=\"nordex-heading__chapter-subtitle\">04<\/span><\/div><div class=\"nordex-heading__heading wp-block-column\"><h3 class=\"nordex-heading__heading-title\">Schulungen<\/h3><\/div><div class=\"nordex-heading__subhead wp-block-column\"><p class=\"nordex-heading__subhead-title\"><\/p><\/div><div class=\"nordex-heading__button wp-block-column\"><\/div><\/div>\n\n\n\n<div class=\"wp-block-columns is-layout-flex wp-container-core-columns-is-layout-28f84493 wp-block-columns-is-layout-flex\">\n<div class=\"wp-block-column is-layout-flow wp-block-column-is-layout-flow\" style=\"flex-basis:50%\">\n<figure class=\"wp-block-image size-full\"><img decoding=\"async\" src=\"https:\/\/www.nordex-online.com\/wp-content\/uploads\/sites\/2\/2025\/12\/Technical-Training-2-1.jpg\" alt=\"\" class=\"wp-image-52577\"\/><\/figure>\n<\/div>\n\n\n\n<div class=\"wp-block-column is-layout-flow wp-block-column-is-layout-flow\" style=\"flex-basis:50%\">\n<h4 class=\"wp-block-heading\" id=\"h-technische-schulungen\"><strong>TECHNISCHE SCHULUNGEN<\/strong><\/h4>\n\n\n\n<p>Dies sind praktische Schulungen mit Fokus auf Turbinenwartung, Anlagensysteme und Nordex Control 2 (NC 2), speziell f\u00fcr Dienstleister, die an Gamma, Delta und Delta4000 Anlagen arbeiten. Mit Blick auf den Einsatz vor Ort, geben sie das R\u00fcstzeug f\u00fcr sichere, effiziente und qualitativ hochwertige Serviceeins\u00e4tze.<\/p>\n\n\n\n<p><strong>IHR NUTZEN<\/strong><\/p>\n\n\n\n<ul class=\"wp-block-list\">\n<li>Nordex-Anlagen verstehen \u2013 f\u00fcr reibungslose Abl\u00e4ufe und Spitzenleistungen im Anlagenbetrieb<\/li>\n\n\n\n<li>fundierte Wartungskompetenz aufbauen \u2013 Turbinensysteme im Detail verstehen und Instandhaltung effizient umsetzen<\/li>\n\n\n\n<li>Optimierungspotenziale nutzen und St\u00f6rungen schnell beheben<\/li>\n<\/ul>\n\n\n\n<p><strong>ZENTRALE SCHULUNGSMODULE<\/strong><\/p>\n\n\n\n<ul class=\"wp-block-list\">\n<li>NC2 Level 270&nbsp;<\/li>\n\n\n\n<li>Initial Maintenance&nbsp;<\/li>\n\n\n\n<li>Turbine Specific&nbsp;Maintenance Training&nbsp;&nbsp;<\/li>\n<\/ul>\n<\/div>\n<\/div>\n\n\n\n<div class=\"wp-block-columns is-layout-flex wp-container-core-columns-is-layout-28f84493 wp-block-columns-is-layout-flex\">\n<div class=\"wp-block-column is-layout-flow wp-block-column-is-layout-flow\" style=\"flex-basis:50%\">\n<figure class=\"wp-block-image size-large\"><img decoding=\"async\" src=\"https:\/\/www.nordex-online.com\/wp-content\/uploads\/sites\/2\/2025\/12\/HSE-Training-2-1-1024x683.jpg\" alt=\"\" class=\"wp-image-52565\"\/><\/figure>\n<\/div>\n\n\n\n<div class=\"wp-block-column is-layout-flow wp-block-column-is-layout-flow\" style=\"flex-basis:50%\">\n<h4 class=\"wp-block-heading\" id=\"h-hse-schulungen\"><strong>HSE-SCHULUNGEN<\/strong><\/h4>\n\n\n\n<p>Unsere HSE-Schulungen bilden die Grundlage f\u00fcr sicheres Arbeiten im Nordex Umfeld. Die verpflichtenden Module vermitteln Dienstleister das Wissen zu Sicherheitsvorgaben, Gef\u00e4hrdungsbeurteilung und Notfallma\u00dfnahmen. Sie stellen die Einhaltung der jeweiligen Vorgaben sicher und f\u00f6rdern eine proaktive Sicherheitskultur an allen Einsatzorten.<\/p>\n\n\n\n<p><strong>IHR NUTZEN<\/strong><\/p>\n\n\n\n<ul class=\"wp-block-list\">\n<li>Nordex Sicherheitsvorgaben und gesetzliche Anforderungen zuverl\u00e4ssig einhalten<\/li>\n\n\n\n<li>Gefahren fr\u00fchzeitig erkennen und im Notfall angemessen reagieren<\/li>\n\n\n\n<li>Wissen \u00fcber neue Sicherheitsvorgaben und Anforderungen an unseren Einsatzorten regelm\u00e4\u00dfig aktualisieren<\/li>\n<\/ul>\n\n\n\n<p><strong>ZENTRALE SCHULUNGSMODULE<\/strong><\/p>\n\n\n\n<ul class=\"wp-block-list\">\n<li>Annual Safety Site Induction<\/li>\n\n\n\n<li>Safety and Handling<\/li>\n\n\n\n<li>Country-Specific Safety Training<\/li>\n<\/ul>\n<\/div>\n<\/div>\n\n\n\n<div class=\"wp-block-nordex-heading is-style-underline nordex-heading wp-block-columns has-4-columns\"><div class=\"nordex-heading__chapter wp-block-column\"><span class=\"nordex-heading__chapter-title\">03<\/span><span class=\"nordex-heading__chapter-subtitle\">04<\/span><\/div><div class=\"nordex-heading__heading wp-block-column\"><h3 class=\"nordex-heading__heading-title\">Schulungskatalog<\/h3><\/div><div class=\"nordex-heading__subhead wp-block-column\"><p class=\"nordex-heading__subhead-title\"><\/p><\/div><div class=\"nordex-heading__button wp-block-column\"><\/div><\/div>\n\n\n\n<p>Im Schulungskatalog f\u00fcr Dienstleister finden Sie alle Angebote, mit denen Sie Ihr Fachwissen f\u00fcr einen sicheren und effizienten Umgang mit Nordex-Anlagen ausbauen. Er umfasst unterschiedliche Lernformate \u2013 von flexiblen E-Learning-Modulen \u00fcber Blended Learning-Angebote bis hin zu Pr\u00e4senzschulungen. Somit l\u00e4sst sich die Schulung gut an Ihre Anforderungen anpassen. Alle Programme sind speziell auf Dienstleister zugeschnitten und orientieren sich an geltenden Sicherheitsstandards, an aktueller Turbinentechnologie und bew\u00e4hrten Verfahren im Anlagenbetrieb. Mit Nordex Schulungen vertiefen Sie nicht nur Ihr Fachwissen\u2013 sie gewinnen auch Sicherheit und Routine f\u00fcr zuverl\u00e4ssiges Arbeiten vor Ort.<\/p>\n\n\n<div class=\"nordex-iframe\" style=\"--nordex-iframe-height: 500px;\">\n                 <div class=\"brlbs-cmpnt-container brlbs-cmpnt-content-blocker brlbs-cmpnt-with-individual-styles\" data-borlabs-cookie-content-blocker-id=\"heyzine\" data-borlabs-cookie-content=\"PGlmcmFtZSBhbGxvd2Z1bGxzY3JlZW4gc3JjPSJodHRwczovL2hleXppbmUuY29tL2ZsaXAtYm9vay8yN2ZmMDFkM2IzLmh0bWwiPjwvaWZyYW1lPg==\"><div class=\"brlbs-cmpnt-cb-preset-b\"> <div class=\"brlbs-cmpnt-cb-thumbnail\" style=\"background-image: url('')\"><\/div> <div class=\"brlbs-cmpnt-cb-main\"> <div class=\"brlbs-cmpnt-cb-content\"> <p class=\"brlbs-cmpnt-cb-description\">Sie sehen gerade einen Platzhalterinhalt von <strong>Heyzine<\/strong>. Um auf den eigentlichen Inhalt zuzugreifen, klicken Sie auf den Button unten. Bitte beachten Sie, dass dabei Daten an Drittanbieter weitergegeben werden.<\/p> <a class=\"brlbs-cmpnt-cb-provider-toggle\" href=\"#\" data-borlabs-cookie-show-provider-information role=\"button\">Weitere Informationen<\/a> <\/div> <div class=\"brlbs-cmpnt-cb-buttons\"> <a class=\"brlbs-cmpnt-cb-btn\" href=\"#\" data-borlabs-cookie-unblock role=\"button\">Inhalt entsperren<\/a> <a class=\"brlbs-cmpnt-cb-btn\" href=\"#\" data-borlabs-cookie-accept-service role=\"button\" style=\"display: inherit\">Erforderlichen Service akzeptieren und Inhalte entsperren<\/a> <\/div> <\/div> <\/div><\/div>\n                <img loading=\"lazy\" decoding=\"async\" src=\"https:\/\/www.nordex-online.com\/wp-content\/uploads\/sites\/3\/iframe-preview-thumbnails\/27ff01d3b3d5ebdc0da75be97346f0d30f00bf25-4.pdf-thumb.jpg\" alt=\"International Training Catalog for Service Subcontractors 2026 w\/o prices\" width=\"1400\" height=\"990\" class=\"iframe-preview-image iframe-preview-image--heyzine\" \/>\n            <\/div>\n\n\n<div class=\"wp-block-nordex-heading is-style-underline nordex-heading wp-block-columns has-4-columns\"><div class=\"nordex-heading__chapter wp-block-column\"><span class=\"nordex-heading__chapter-title\">04<\/span><span class=\"nordex-heading__chapter-subtitle\">04<\/span><\/div><div class=\"nordex-heading__heading wp-block-column\"><h3 class=\"nordex-heading__heading-title\">Mehr erfahren <\/h3><\/div><div class=\"nordex-heading__subhead wp-block-column\"><p class=\"nordex-heading__subhead-title\"><\/p><\/div><div class=\"nordex-heading__button wp-block-column\"><\/div><\/div>\n\n\n\n<div class=\"wp-block-columns is-style-nordex-gaps is-layout-flex wp-container-core-columns-is-layout-28f84493 wp-block-columns-is-layout-flex\">\n<div class=\"wp-block-column is-layout-flow wp-block-column-is-layout-flow\">\n<div class=\"wp-block-nordex-tile wp-block-nordex-tile--portrait\"><a class=\"wp-block-nordex-tile__button\" href=\"https:\/\/www.nordex-online.com\/de\/product\/produkte\/\"><div class=\"wp-block-nordex-tile__image\" style=\"background-image:url(https:\/\/www.nordex-online.com\/wp-content\/uploads\/sites\/2\/2019\/11\/04UMertens.png)\"><\/div><p class=\"wp-block-nordex-tile__title\">PRODUKTE<\/p><p class=\"wp-block-button is-style-underline\"><span class=\"wp-block-button__link\">Mehr erfahren <\/span><\/p><\/a><\/div>\n<\/div>\n\n\n\n<div class=\"wp-block-column is-layout-flow wp-block-column-is-layout-flow\">\n<div class=\"wp-block-nordex-tile wp-block-nordex-tile--portrait\"><a class=\"wp-block-nordex-tile__button\" href=\"https:\/\/www.nordex-online.com\/de\/service\/wartung-service\/\"><div class=\"wp-block-nordex-tile__image\" style=\"background-image:url(https:\/\/www.nordex-online.com\/wp-content\/uploads\/sites\/2\/2021\/07\/2.jpg)\"><\/div><p class=\"wp-block-nordex-tile__title\">WARTUNG<\/p><p class=\"wp-block-button is-style-underline\"><span class=\"wp-block-button__link\">Mehr erfahren <\/span><\/p><\/a><\/div>\n<\/div>\n\n\n\n<div class=\"wp-block-column is-layout-flow wp-block-column-is-layout-flow\">\n<div class=\"wp-block-nordex-tile wp-block-nordex-tile--portrait\"><a class=\"wp-block-nordex-tile__button\" href=\"https:\/\/www.nordex-online.com\/de\/service\/upgrades\/\"><div class=\"wp-block-nordex-tile__image\" style=\"background-image:url(https:\/\/www.nordex-online.com\/wp-content\/uploads\/sites\/2\/2019\/11\/21UMertens.png)\"><\/div><p class=\"wp-block-nordex-tile__title\">UPGRADES<\/p><p class=\"wp-block-button is-style-underline\"><span class=\"wp-block-button__link\">Mehr erfahren <\/span><\/p><\/a><\/div>\n<\/div>\n<\/div>\n","protected":false},"excerpt":{"rendered":"<p>SICHERHEIT ALS GRUNDLAGE. WISSEN DAS WERKZEUG.&nbsp; F\u00fcr die Nordex Group ist Sicherheit nicht nur eine Pflicht, sondern eine gemeinsame Verantwortung. Damit unsere Dienstleister vor Ort sicher und effizient arbeiten, haben wir ein Trainingsangebot speziell f\u00fcr sie entwickelt.Unter dem Leitgedanken Safety Together verbinden unsere Schulungen kompakte Theorie mit praktischen \u00dcbungen. Die Inhalte sind auf typische Aufgaben [&hellip;]<\/p>\n","protected":false},"author":6,"featured_media":0,"parent":0,"menu_order":0,"comment_status":"closed","ping_status":"closed","template":"","meta":{"_trash_the_other_posts":false,"editor_notices":[],"footnotes":""},"class_list":["post-46690","page","type-page","status-publish","hentry"],"yoast_head":"<!-- This site is optimized with the Yoast SEO Premium plugin v27.0 (Yoast SEO v27.1) - https:\/\/yoast.com\/product\/yoast-seo-premium-wordpress\/ -->\n<title>Schulungen f\u00fcr Dienstleister - Nordex SE - Deutsch<\/title>\n<meta name=\"robots\" content=\"index, follow, max-snippet:-1, max-image-preview:large, max-video-preview:-1\" \/>\n<link rel=\"canonical\" href=\"https:\/\/www.nordex-online.com\/de\/schulungen-fur-dienstleister\/\" \/>\n<meta property=\"og:locale\" content=\"de_DE\" \/>\n<meta property=\"og:type\" content=\"article\" \/>\n<meta property=\"og:title\" content=\"Schulungen f\u00fcr Dienstleister\" \/>\n<meta property=\"og:description\" content=\"SICHERHEIT ALS GRUNDLAGE. WISSEN DAS WERKZEUG.&nbsp; F\u00fcr die Nordex Group ist Sicherheit nicht nur eine Pflicht, sondern eine gemeinsame Verantwortung. Damit unsere Dienstleister vor Ort sicher und effizient arbeiten, haben wir ein Trainingsangebot speziell f\u00fcr sie entwickelt.Unter dem Leitgedanken Safety Together verbinden unsere Schulungen kompakte Theorie mit praktischen \u00dcbungen. Die Inhalte sind auf typische Aufgaben [&hellip;]\" \/>\n<meta property=\"og:url\" content=\"https:\/\/www.nordex-online.com\/de\/schulungen-fur-dienstleister\/\" \/>\n<meta property=\"og:site_name\" content=\"Nordex SE - Deutsch\" \/>\n<meta property=\"article:modified_time\" content=\"2025-12-05T15:09:19+00:00\" \/>\n<meta name=\"twitter:card\" content=\"summary_large_image\" \/>\n<meta name=\"twitter:label1\" content=\"Gesch\u00e4tzte Lesezeit\" \/>\n\t<meta name=\"twitter:data1\" content=\"3\u00a0Minuten\" \/>\n<script type=\"application\/ld+json\" class=\"yoast-schema-graph\">{\"@context\":\"https:\/\/schema.org\",\"@graph\":[{\"@type\":\"WebPage\",\"@id\":\"https:\/\/www.nordex-online.com\/de\/schulungen-fur-dienstleister\/\",\"url\":\"https:\/\/www.nordex-online.com\/de\/schulungen-fur-dienstleister\/\",\"name\":\"Schulungen f\u00fcr Dienstleister - Nordex SE - Deutsch\",\"isPartOf\":{\"@id\":\"https:\/\/www.nordex-online.com\/de\/#website\"},\"primaryImageOfPage\":{\"@id\":\"https:\/\/www.nordex-online.com\/de\/schulungen-fur-dienstleister\/#primaryimage\"},\"image\":{\"@id\":\"https:\/\/www.nordex-online.com\/de\/schulungen-fur-dienstleister\/#primaryimage\"},\"thumbnailUrl\":\"https:\/\/www.nordex-online.com\/wp-content\/uploads\/sites\/2\/2025\/12\/Technical-Training-2-1.jpg\",\"datePublished\":\"2025-12-03T17:38:25+00:00\",\"dateModified\":\"2025-12-05T15:09:19+00:00\",\"breadcrumb\":{\"@id\":\"https:\/\/www.nordex-online.com\/de\/schulungen-fur-dienstleister\/#breadcrumb\"},\"inLanguage\":\"de\",\"potentialAction\":[{\"@type\":\"ReadAction\",\"target\":[\"https:\/\/www.nordex-online.com\/de\/schulungen-fur-dienstleister\/\"]}]},{\"@type\":\"ImageObject\",\"inLanguage\":\"de\",\"@id\":\"https:\/\/www.nordex-online.com\/de\/schulungen-fur-dienstleister\/#primaryimage\",\"url\":\"https:\/\/www.nordex-online.com\/wp-content\/uploads\/sites\/2\/2025\/12\/Technical-Training-2-1.jpg\",\"contentUrl\":\"https:\/\/www.nordex-online.com\/wp-content\/uploads\/sites\/2\/2025\/12\/Technical-Training-2-1.jpg\"},{\"@type\":\"BreadcrumbList\",\"@id\":\"https:\/\/www.nordex-online.com\/de\/schulungen-fur-dienstleister\/#breadcrumb\",\"itemListElement\":[{\"@type\":\"ListItem\",\"position\":1,\"name\":\"Home\",\"item\":\"https:\/\/www.nordex-online.com\/de\/\"},{\"@type\":\"ListItem\",\"position\":2,\"name\":\"Schulungen f\u00fcr Dienstleister\"}]},{\"@type\":\"WebSite\",\"@id\":\"https:\/\/www.nordex-online.com\/de\/#website\",\"url\":\"https:\/\/www.nordex-online.com\/de\/\",\"name\":\"Nordex SE - Deutsch\",\"description\":\"Manufacture, installation and maintenance of wind turbines.\",\"publisher\":{\"@id\":\"https:\/\/www.nordex-online.com\/de\/#organization\"},\"potentialAction\":[{\"@type\":\"SearchAction\",\"target\":{\"@type\":\"EntryPoint\",\"urlTemplate\":\"https:\/\/www.nordex-online.com\/de\/?s={search_term_string}\"},\"query-input\":{\"@type\":\"PropertyValueSpecification\",\"valueRequired\":true,\"valueName\":\"search_term_string\"}}],\"inLanguage\":\"de\"},{\"@type\":\"Organization\",\"@id\":\"https:\/\/www.nordex-online.com\/de\/#organization\",\"name\":\"Nordex SE - Deutsch\",\"url\":\"https:\/\/www.nordex-online.com\/de\/\",\"logo\":{\"@type\":\"ImageObject\",\"inLanguage\":\"de\",\"@id\":\"https:\/\/www.nordex-online.com\/de\/#\/schema\/logo\/image\/\",\"url\":\"https:\/\/www.nordex-online.com\/wp-content\/uploads\/sites\/3\/2024\/07\/cropped-cropped-Combined-Logos_cmyk_PNG.png\",\"contentUrl\":\"https:\/\/www.nordex-online.com\/wp-content\/uploads\/sites\/3\/2024\/07\/cropped-cropped-Combined-Logos_cmyk_PNG.png\",\"width\":1181,\"height\":353,\"caption\":\"Nordex SE - Deutsch\"},\"image\":{\"@id\":\"https:\/\/www.nordex-online.com\/de\/#\/schema\/logo\/image\/\"}}]}<\/script>\n<!-- \/ Yoast SEO Premium plugin. -->","yoast_head_json":{"title":"Schulungen f\u00fcr Dienstleister - Nordex SE - Deutsch","robots":{"index":"index","follow":"follow","max-snippet":"max-snippet:-1","max-image-preview":"max-image-preview:large","max-video-preview":"max-video-preview:-1"},"canonical":"https:\/\/www.nordex-online.com\/de\/schulungen-fur-dienstleister\/","og_locale":"de_DE","og_type":"article","og_title":"Schulungen f\u00fcr Dienstleister","og_description":"SICHERHEIT ALS GRUNDLAGE. WISSEN DAS WERKZEUG.&nbsp; F\u00fcr die Nordex Group ist Sicherheit nicht nur eine Pflicht, sondern eine gemeinsame Verantwortung. Damit unsere Dienstleister vor Ort sicher und effizient arbeiten, haben wir ein Trainingsangebot speziell f\u00fcr sie entwickelt.Unter dem Leitgedanken Safety Together verbinden unsere Schulungen kompakte Theorie mit praktischen \u00dcbungen. Die Inhalte sind auf typische Aufgaben [&hellip;]","og_url":"https:\/\/www.nordex-online.com\/de\/schulungen-fur-dienstleister\/","og_site_name":"Nordex SE - Deutsch","article_modified_time":"2025-12-05T15:09:19+00:00","twitter_card":"summary_large_image","twitter_misc":{"Gesch\u00e4tzte Lesezeit":"3\u00a0Minuten"},"schema":{"@context":"https:\/\/schema.org","@graph":[{"@type":"WebPage","@id":"https:\/\/www.nordex-online.com\/de\/schulungen-fur-dienstleister\/","url":"https:\/\/www.nordex-online.com\/de\/schulungen-fur-dienstleister\/","name":"Schulungen f\u00fcr Dienstleister - Nordex SE - Deutsch","isPartOf":{"@id":"https:\/\/www.nordex-online.com\/de\/#website"},"primaryImageOfPage":{"@id":"https:\/\/www.nordex-online.com\/de\/schulungen-fur-dienstleister\/#primaryimage"},"image":{"@id":"https:\/\/www.nordex-online.com\/de\/schulungen-fur-dienstleister\/#primaryimage"},"thumbnailUrl":"https:\/\/www.nordex-online.com\/wp-content\/uploads\/sites\/2\/2025\/12\/Technical-Training-2-1.jpg","datePublished":"2025-12-03T17:38:25+00:00","dateModified":"2025-12-05T15:09:19+00:00","breadcrumb":{"@id":"https:\/\/www.nordex-online.com\/de\/schulungen-fur-dienstleister\/#breadcrumb"},"inLanguage":"de","potentialAction":[{"@type":"ReadAction","target":["https:\/\/www.nordex-online.com\/de\/schulungen-fur-dienstleister\/"]}]},{"@type":"ImageObject","inLanguage":"de","@id":"https:\/\/www.nordex-online.com\/de\/schulungen-fur-dienstleister\/#primaryimage","url":"https:\/\/www.nordex-online.com\/wp-content\/uploads\/sites\/2\/2025\/12\/Technical-Training-2-1.jpg","contentUrl":"https:\/\/www.nordex-online.com\/wp-content\/uploads\/sites\/2\/2025\/12\/Technical-Training-2-1.jpg"},{"@type":"BreadcrumbList","@id":"https:\/\/www.nordex-online.com\/de\/schulungen-fur-dienstleister\/#breadcrumb","itemListElement":[{"@type":"ListItem","position":1,"name":"Home","item":"https:\/\/www.nordex-online.com\/de\/"},{"@type":"ListItem","position":2,"name":"Schulungen f\u00fcr Dienstleister"}]},{"@type":"WebSite","@id":"https:\/\/www.nordex-online.com\/de\/#website","url":"https:\/\/www.nordex-online.com\/de\/","name":"Nordex SE - Deutsch","description":"Manufacture, installation and maintenance of wind turbines.","publisher":{"@id":"https:\/\/www.nordex-online.com\/de\/#organization"},"potentialAction":[{"@type":"SearchAction","target":{"@type":"EntryPoint","urlTemplate":"https:\/\/www.nordex-online.com\/de\/?s={search_term_string}"},"query-input":{"@type":"PropertyValueSpecification","valueRequired":true,"valueName":"search_term_string"}}],"inLanguage":"de"},{"@type":"Organization","@id":"https:\/\/www.nordex-online.com\/de\/#organization","name":"Nordex SE - Deutsch","url":"https:\/\/www.nordex-online.com\/de\/","logo":{"@type":"ImageObject","inLanguage":"de","@id":"https:\/\/www.nordex-online.com\/de\/#\/schema\/logo\/image\/","url":"https:\/\/www.nordex-online.com\/wp-content\/uploads\/sites\/3\/2024\/07\/cropped-cropped-Combined-Logos_cmyk_PNG.png","contentUrl":"https:\/\/www.nordex-online.com\/wp-content\/uploads\/sites\/3\/2024\/07\/cropped-cropped-Combined-Logos_cmyk_PNG.png","width":1181,"height":353,"caption":"Nordex SE - Deutsch"},"image":{"@id":"https:\/\/www.nordex-online.com\/de\/#\/schema\/logo\/image\/"}}]}},"_links":{"self":[{"href":"https:\/\/www.nordex-online.com\/de\/wp-json\/wp\/v2\/pages\/46690","targetHints":{"allow":["GET"]}}],"collection":[{"href":"https:\/\/www.nordex-online.com\/de\/wp-json\/wp\/v2\/pages"}],"about":[{"href":"https:\/\/www.nordex-online.com\/de\/wp-json\/wp\/v2\/types\/page"}],"author":[{"embeddable":true,"href":"https:\/\/www.nordex-online.com\/de\/wp-json\/wp\/v2\/users\/6"}],"replies":[{"embeddable":true,"href":"https:\/\/www.nordex-online.com\/de\/wp-json\/wp\/v2\/comments?post=46690"}],"version-history":[{"count":3,"href":"https:\/\/www.nordex-online.com\/de\/wp-json\/wp\/v2\/pages\/46690\/revisions"}],"predecessor-version":[{"id":46708,"href":"https:\/\/www.nordex-online.com\/de\/wp-json\/wp\/v2\/pages\/46690\/revisions\/46708"}],"wp:attachment":[{"href":"https:\/\/www.nordex-online.com\/de\/wp-json\/wp\/v2\/media?parent=46690"}],"curies":[{"name":"wp","href":"https:\/\/api.w.org\/{rel}","templated":true}]}}