{"id":46688,"date":"2025-12-03T17:17:00","date_gmt":"2025-12-03T17:17:00","guid":{"rendered":"https:\/\/www.nordex-online.com\/de\/?page_id=46688"},"modified":"2025-12-05T15:18:06","modified_gmt":"2025-12-05T15:18:06","slug":"schulungen-fur-eigentumer","status":"publish","type":"page","link":"https:\/\/www.nordex-online.com\/de\/schulungen-fur-eigentumer\/","title":{"rendered":"Schulungen f\u00fcr Eigent\u00fcmer und Betreiber"},"content":{"rendered":"\n<div class=\"wp-block-cover alignfull is-light\" style=\"min-height:340px;aspect-ratio:unset;\"><video class=\"wp-block-cover__video-background intrinsic-ignore\" autoplay muted loop playsinline src=\"https:\/\/www.nordex-online.com\/wp-content\/uploads\/sites\/2\/2025\/12\/Owners-Operators.mp4\" data-object-fit=\"cover\"><\/video><span aria-hidden=\"true\" class=\"wp-block-cover__background has-grey-85-background-color has-background-dim-20 has-background-dim\"><\/span><div class=\"wp-block-cover__inner-container is-layout-constrained wp-block-cover-is-layout-constrained\">\n<p class=\"has-text-align-center has-white-color has-text-color has-link-color has-large-font-size wp-elements-159496244e78b931b8ca1899e41c8d5c\">SCHULUNGEN F\u00dcR EIGENT\u00dcMER UND BETREIBER<\/p>\n<\/div><\/div>\n\n\n\n<div class=\"wp-block-nordex-heading is-style-underline nordex-heading wp-block-columns has-4-columns\"><div class=\"nordex-heading__chapter wp-block-column\"><span class=\"nordex-heading__chapter-title\">01<\/span><span class=\"nordex-heading__chapter-subtitle\">04<\/span><\/div><div class=\"nordex-heading__heading wp-block-column\"><h3 class=\"nordex-heading__heading-title\">Das Nordex Group Trainingskonzept<\/h3><\/div><div class=\"nordex-heading__subhead wp-block-column\"><p class=\"nordex-heading__subhead-title\"><\/p><\/div><div class=\"nordex-heading__button wp-block-column\"><\/div><\/div>\n\n\n\n<div class=\"wp-block-columns is-layout-flex wp-container-core-columns-is-layout-28f84493 wp-block-columns-is-layout-flex\">\n<div class=\"wp-block-column is-vertically-aligned-top is-layout-flow wp-block-column-is-layout-flow\" style=\"flex-basis:33.33%\">\n<h3 class=\"wp-block-heading has-grey-65-color has-text-color has-link-color wp-elements-0e4b9b84bdeb4c869ebbf5e64deb1d6e\" id=\"h-mit-wissen-und-kompetentem-handeln-turbinen-sicher-und-effizient-betreiben\">MIT WISSEN UND KOMPETENTEM HANDELN: TURBINEN SICHER UND EFFIZIENT BETREIBEN.<\/h3>\n<\/div>\n\n\n\n<div class=\"wp-block-column is-layout-flow wp-block-column-is-layout-flow\" style=\"flex-basis:66.66%\">\n<p>Die Nordex Group unterst\u00fctzt Eigent\u00fcmer und Betreiber beim sicheren und effizienten Betrieb ihrer Nordex-Anlagen. Unser standardisiertes Schulungsportfolie vermittelt technisches Know-how und gelebte Sicherheitsstandards. Erfahrene Trainer-Teams verbinden Theorie mit Praxisbeispielen und gehen auf Ihre konkreten Fragen ein \u2013 damit aus Wissen kompetentes Handeln wird. <\/p>\n\n\n\n<p>Die Schulungsformate sind genau auf Inhalte und die Zielgruppen zugeschnitten \u2013 von reinen Online-Modulen \u00fcber Blended Learning-Konzepte bis hin zu Pr\u00e4senzschulungen. Ob Sie Serviceteams koordinieren, die Leistung der Anlage \u00fcberwachen oder die Einhaltung von Sicherheitsvorgaben sicherstellen: Unsere von Experten durchgef\u00fchrten, praxisorientierten Module geben Ihnen das n\u00f6tige Wissen, um Ihre Anlagen effizient, regelkonform und souver\u00e4n zu betreiben.<\/p>\n<\/div>\n<\/div>\n\n\n\n<div class=\"wp-block-nordex-heading is-style-underline nordex-heading wp-block-columns has-4-columns\"><div class=\"nordex-heading__chapter wp-block-column\"><span class=\"nordex-heading__chapter-title\">02<\/span><span class=\"nordex-heading__chapter-subtitle\">04<\/span><\/div><div class=\"nordex-heading__heading wp-block-column\"><h3 class=\"nordex-heading__heading-title\">SCHULUNGEN<\/h3><\/div><div class=\"nordex-heading__subhead wp-block-column\"><p class=\"nordex-heading__subhead-title\"><\/p><\/div><div class=\"nordex-heading__button wp-block-column\"><\/div><\/div>\n\n\n\n<div class=\"wp-block-columns is-layout-flex wp-container-core-columns-is-layout-28f84493 wp-block-columns-is-layout-flex\">\n<div class=\"wp-block-column is-layout-flow wp-block-column-is-layout-flow\">\n<figure class=\"wp-block-image size-full is-style-default\"><img decoding=\"async\" src=\"https:\/\/www.nordex-online.com\/wp-content\/uploads\/sites\/2\/2025\/12\/Technical-Training-2.jpg\" alt=\"\" class=\"wp-image-52575\"\/><\/figure>\n<\/div>\n\n\n\n<div class=\"wp-block-column is-layout-flow wp-block-column-is-layout-flow\">\n<h4 class=\"wp-block-heading\" id=\"h-technische-schulungen\"><strong>TECHNISCHE SCHULUNGEN<\/strong><\/h4>\n\n\n\n<p>Diese Schulungen sind auf das jeweilige Vorwissen zugeschnitten \u2013 von Grundlagen von Windkraftanlagen und Leitsystemen bis hin zur sicheren, regelkonformen Arbeit an der Anlage.<\/p>\n\n\n\n<p><strong>IHR NUTZEN<\/strong><\/p>\n\n\n\n<ul class=\"wp-block-list\">\n<li>ein solides Verst\u00e4ndnis f\u00fcr Nordex-Anlagen und einen zuverl\u00e4ssigen, leistungsstarken Betrieb erwerben<\/li>\n\n\n\n<li>Fertigkeiten im Umgang mit zentralen Turbinensystemen und -komponenten entwickeln<\/li>\n\n\n\n<li>\u00dcberwachung und St\u00f6rungsdiagnose mit SCADA EDGE f\u00fcr ein datenbasiertes Anlagenmanagement verbessern<\/li>\n<\/ul>\n\n\n\n<p><strong>ZENTRALE SCHULUNGSMODULE<\/strong><\/p>\n\n\n\n<ul class=\"wp-block-list\">\n<li>Module 2.0 &#8211; 4.5<\/li>\n\n\n\n<li>Module 5.0 &#8211; 6.0 und Nordex OS<\/li>\n\n\n\n<li>Module 8.0 &#8211; 12.0<\/li>\n<\/ul>\n<\/div>\n<\/div>\n\n\n\n<div class=\"wp-block-columns is-layout-flex wp-container-core-columns-is-layout-28f84493 wp-block-columns-is-layout-flex\">\n<div class=\"wp-block-column is-layout-flow wp-block-column-is-layout-flow\" style=\"flex-basis:33.33%\"><\/div>\n\n\n\n<div class=\"wp-block-column is-layout-flow wp-block-column-is-layout-flow\" style=\"flex-basis:66.66%\"><\/div>\n<\/div>\n\n\n\n<div class=\"wp-block-columns is-layout-flex wp-container-core-columns-is-layout-28f84493 wp-block-columns-is-layout-flex\">\n<div class=\"wp-block-column is-layout-flow wp-block-column-is-layout-flow\">\n<figure class=\"wp-block-image size-large is-style-default\"><img decoding=\"async\" src=\"https:\/\/www.nordex-online.com\/wp-content\/uploads\/sites\/2\/2025\/12\/HSE-Training-2-1024x683.jpg\" alt=\"\" class=\"wp-image-52562\"\/><\/figure>\n<\/div>\n\n\n\n<div class=\"wp-block-column is-layout-flow wp-block-column-is-layout-flow\">\n<h4 class=\"wp-block-heading\" id=\"h-hse-schulungen\"><strong>HSE-SCHULUNGEN<\/strong><\/h4>\n\n\n\n<p>Unsere sicherheitsorientierten E-Learning-Module unterst\u00fctzen Sie bei der Einhaltung von Branchenstandards und sicherem Verhalten vor Ort. Sie vermitteln wesentliche Sicherheitsabl\u00e4ufe und die Grundlagen von HSE-Wissen f\u00fcr Nordex-Windparks.<\/p>\n\n\n\n<p><strong>IHR NUTZEN<\/strong><\/p>\n\n\n\n<ul class=\"wp-block-list\">\n<li>sichere Zugangs- und Betriebsabl\u00e4ufe von Nordex-Anlagen kennenlernen<\/li>\n\n\n\n<li>ein umfassendes Verst\u00e4ndnis der HSE-Standards in Nordex-Windparks entwickeln<\/li>\n\n\n\n<li>bei Vorf\u00e4llen und Notf\u00e4llen wirksam und strukturiert reagieren<\/li>\n<\/ul>\n\n\n\n<p><strong>ZENTRALE SCHULUNGSMODULE<\/strong><\/p>\n\n\n\n<ul class=\"wp-block-list\">\n<li>Annual Safety Site Induction<\/li>\n\n\n\n<li>Safety and Handling<\/li>\n\n\n\n<li>Module 8.0 &#8211; 10.0<\/li>\n<\/ul>\n<\/div>\n<\/div>\n\n\n\n<div class=\"wp-block-columns is-layout-flex wp-container-core-columns-is-layout-28f84493 wp-block-columns-is-layout-flex\">\n<div class=\"wp-block-column is-layout-flow wp-block-column-is-layout-flow\" style=\"flex-basis:33.33%\"><\/div>\n\n\n\n<div class=\"wp-block-column is-layout-flow wp-block-column-is-layout-flow\" style=\"flex-basis:66.66%\"><\/div>\n<\/div>\n\n\n\n<div class=\"wp-block-nordex-heading is-style-underline nordex-heading wp-block-columns has-4-columns\"><div class=\"nordex-heading__chapter wp-block-column\"><span class=\"nordex-heading__chapter-title\">03<\/span><span class=\"nordex-heading__chapter-subtitle\">04<\/span><\/div><div class=\"nordex-heading__heading wp-block-column\"><h3 class=\"nordex-heading__heading-title\">Trainingskatalog<\/h3><\/div><div class=\"nordex-heading__subhead wp-block-column\"><p class=\"nordex-heading__subhead-title\"><\/p><\/div><div class=\"nordex-heading__button wp-block-column\"><\/div><\/div>\n\n\n\n<p>Neben der Qualifizierung unserer eigenen Mitarbeiter bietet die Nordex Group auch Schulungen f\u00fcr Kunden an. Die Themen reichen von den Grundlagen der Windkraftanlagen bis hin zu komplexen Wartungsprozessen. Informieren Sie sich in unserem aktuellen Schulungskatalog und sprechen Sie uns an.<\/p>\n\n\n<div class=\"nordex-iframe\" style=\"--nordex-iframe-height: 500px;\">\n                 <div class=\"brlbs-cmpnt-container brlbs-cmpnt-content-blocker brlbs-cmpnt-with-individual-styles\" data-borlabs-cookie-content-blocker-id=\"heyzine\" data-borlabs-cookie-content=\"PGlmcmFtZSBhbGxvd2Z1bGxzY3JlZW4gc3JjPSJodHRwczovL2hleXppbmUuY29tL2ZsaXAtYm9vay9OWEctdHJhaW5pbmctY2F0YWxvZy1jdXN0b21lcnMtZW4iPjwvaWZyYW1lPg==\"><div class=\"brlbs-cmpnt-cb-preset-b\"> <div class=\"brlbs-cmpnt-cb-thumbnail\" style=\"background-image: url('')\"><\/div> <div class=\"brlbs-cmpnt-cb-main\"> <div class=\"brlbs-cmpnt-cb-content\"> <p class=\"brlbs-cmpnt-cb-description\">Sie sehen gerade einen Platzhalterinhalt von <strong>Heyzine<\/strong>. Um auf den eigentlichen Inhalt zuzugreifen, klicken Sie auf den Button unten. Bitte beachten Sie, dass dabei Daten an Drittanbieter weitergegeben werden.<\/p> <a class=\"brlbs-cmpnt-cb-provider-toggle\" href=\"#\" data-borlabs-cookie-show-provider-information role=\"button\">Weitere Informationen<\/a> <\/div> <div class=\"brlbs-cmpnt-cb-buttons\"> <a class=\"brlbs-cmpnt-cb-btn\" href=\"#\" data-borlabs-cookie-unblock role=\"button\">Inhalt entsperren<\/a> <a class=\"brlbs-cmpnt-cb-btn\" href=\"#\" data-borlabs-cookie-accept-service role=\"button\" style=\"display: inherit\">Erforderlichen Service akzeptieren und Inhalte entsperren<\/a> <\/div> <\/div> <\/div><\/div>\n                <img loading=\"lazy\" decoding=\"async\" src=\"https:\/\/www.nordex-online.com\/wp-content\/uploads\/sites\/3\/iframe-preview-thumbnails\/3ff85bfb07ae8f68e12b52a071fdc581095aeb62-28.pdf-thumb.jpg\" alt=\"International Training Catalog Customers 2026\" width=\"1400\" height=\"990\" class=\"iframe-preview-image iframe-preview-image--heyzine\" \/>\n            <\/div>\n\n\n<div class=\"wp-block-nordex-heading is-style-underline nordex-heading wp-block-columns has-4-columns\"><div class=\"nordex-heading__chapter wp-block-column\"><span class=\"nordex-heading__chapter-title\">04<\/span><span class=\"nordex-heading__chapter-subtitle\">04<\/span><\/div><div class=\"nordex-heading__heading wp-block-column\"><h3 class=\"nordex-heading__heading-title\">Mehr erfahren<\/h3><\/div><div class=\"nordex-heading__subhead wp-block-column\"><p class=\"nordex-heading__subhead-title\"><\/p><\/div><div class=\"nordex-heading__button wp-block-column\"><\/div><\/div>\n\n\n\n<div class=\"wp-block-columns is-style-nordex-gaps is-layout-flex wp-container-core-columns-is-layout-28f84493 wp-block-columns-is-layout-flex\">\n<div class=\"wp-block-column is-layout-flow wp-block-column-is-layout-flow\">\n<div class=\"wp-block-nordex-tile wp-block-nordex-tile--portrait\"><a class=\"wp-block-nordex-tile__button\" href=\"https:\/\/www.nordex-online.com\/de\/product\/produkte\/\"><div class=\"wp-block-nordex-tile__image\" style=\"background-image:url(https:\/\/www.nordex-online.com\/wp-content\/uploads\/sites\/2\/2019\/11\/04UMertens.png)\"><\/div><p class=\"wp-block-nordex-tile__title\">PRODUKTE<\/p><p class=\"wp-block-button is-style-underline\"><span class=\"wp-block-button__link\">Mehr erfahren <\/span><\/p><\/a><\/div>\n<\/div>\n\n\n\n<div class=\"wp-block-column is-layout-flow wp-block-column-is-layout-flow\">\n<div class=\"wp-block-nordex-tile wp-block-nordex-tile--portrait\"><a class=\"wp-block-nordex-tile__button\" href=\"https:\/\/www.nordex-online.com\/de\/service\/wartung-service\/\"><div class=\"wp-block-nordex-tile__image\" style=\"background-image:url(https:\/\/www.nordex-online.com\/wp-content\/uploads\/sites\/2\/2021\/07\/2.jpg)\"><\/div><p class=\"wp-block-nordex-tile__title\">WARTUNG<\/p><p class=\"wp-block-button is-style-underline\"><span class=\"wp-block-button__link\">Mehr erfahren <\/span><\/p><\/a><\/div>\n<\/div>\n\n\n\n<div class=\"wp-block-column is-layout-flow wp-block-column-is-layout-flow\">\n<div class=\"wp-block-nordex-tile wp-block-nordex-tile--portrait\"><a class=\"wp-block-nordex-tile__button\" href=\"https:\/\/www.nordex-online.com\/de\/service\/upgrades\/\"><div class=\"wp-block-nordex-tile__image\" style=\"background-image:url(https:\/\/www.nordex-online.com\/wp-content\/uploads\/sites\/2\/2019\/11\/21UMertens.png)\"><\/div><p class=\"wp-block-nordex-tile__title\">UPGRADES<\/p><p class=\"wp-block-button is-style-underline\"><span class=\"wp-block-button__link\">Mehr erfahren <\/span><\/p><\/a><\/div>\n<\/div>\n<\/div>\n\n\n\n<p><\/p>\n","protected":false},"excerpt":{"rendered":"<p>MIT WISSEN UND KOMPETENTEM HANDELN: TURBINEN SICHER UND EFFIZIENT BETREIBEN. Die Nordex Group unterst\u00fctzt Eigent\u00fcmer und Betreiber beim sicheren und effizienten Betrieb ihrer Nordex-Anlagen. Unser standardisiertes Schulungsportfolie vermittelt technisches Know-how und gelebte Sicherheitsstandards. Erfahrene Trainer-Teams verbinden Theorie mit Praxisbeispielen und gehen auf Ihre konkreten Fragen ein \u2013 damit aus Wissen kompetentes Handeln wird. Die Schulungsformate [&hellip;]<\/p>\n","protected":false},"author":6,"featured_media":0,"parent":0,"menu_order":0,"comment_status":"closed","ping_status":"closed","template":"","meta":{"_trash_the_other_posts":false,"editor_notices":[],"footnotes":""},"class_list":["post-46688","page","type-page","status-publish","hentry"],"yoast_head":"<!-- This site is optimized with the Yoast SEO Premium plugin v27.3 (Yoast SEO v27.3) - https:\/\/yoast.com\/product\/yoast-seo-premium-wordpress\/ -->\n<title>Schulungen f\u00fcr Eigent\u00fcmer und Betreiber - Nordex SE - Deutsch<\/title>\n<meta name=\"robots\" content=\"index, follow, max-snippet:-1, max-image-preview:large, max-video-preview:-1\" \/>\n<link rel=\"canonical\" href=\"https:\/\/www.nordex-online.com\/de\/schulungen-fur-eigentumer\/\" \/>\n<meta property=\"og:locale\" content=\"de_DE\" \/>\n<meta property=\"og:type\" content=\"article\" \/>\n<meta property=\"og:title\" content=\"Schulungen f\u00fcr Eigent\u00fcmer und Betreiber\" \/>\n<meta property=\"og:description\" content=\"MIT WISSEN UND KOMPETENTEM HANDELN: TURBINEN SICHER UND EFFIZIENT BETREIBEN. Die Nordex Group unterst\u00fctzt Eigent\u00fcmer und Betreiber beim sicheren und effizienten Betrieb ihrer Nordex-Anlagen. Unser standardisiertes Schulungsportfolie vermittelt technisches Know-how und gelebte Sicherheitsstandards. Erfahrene Trainer-Teams verbinden Theorie mit Praxisbeispielen und gehen auf Ihre konkreten Fragen ein \u2013 damit aus Wissen kompetentes Handeln wird. Die Schulungsformate [&hellip;]\" \/>\n<meta property=\"og:url\" content=\"https:\/\/www.nordex-online.com\/de\/schulungen-fur-eigentumer\/\" \/>\n<meta property=\"og:site_name\" content=\"Nordex SE - Deutsch\" \/>\n<meta property=\"article:modified_time\" content=\"2025-12-05T15:18:06+00:00\" \/>\n<meta name=\"twitter:card\" content=\"summary_large_image\" \/>\n<meta name=\"twitter:label1\" content=\"Gesch\u00e4tzte Lesezeit\" \/>\n\t<meta name=\"twitter:data1\" content=\"3\u00a0Minuten\" \/>\n<script type=\"application\/ld+json\" class=\"yoast-schema-graph\">{\"@context\":\"https:\\\/\\\/schema.org\",\"@graph\":[{\"@type\":\"WebPage\",\"@id\":\"https:\\\/\\\/www.nordex-online.com\\\/de\\\/schulungen-fur-eigentumer\\\/\",\"url\":\"https:\\\/\\\/www.nordex-online.com\\\/de\\\/schulungen-fur-eigentumer\\\/\",\"name\":\"Schulungen f\u00fcr Eigent\u00fcmer und Betreiber - Nordex SE - Deutsch\",\"isPartOf\":{\"@id\":\"https:\\\/\\\/www.nordex-online.com\\\/de\\\/#website\"},\"primaryImageOfPage\":{\"@id\":\"https:\\\/\\\/www.nordex-online.com\\\/de\\\/schulungen-fur-eigentumer\\\/#primaryimage\"},\"image\":{\"@id\":\"https:\\\/\\\/www.nordex-online.com\\\/de\\\/schulungen-fur-eigentumer\\\/#primaryimage\"},\"thumbnailUrl\":\"https:\\\/\\\/www.nordex-online.com\\\/wp-content\\\/uploads\\\/sites\\\/2\\\/2025\\\/12\\\/Technical-Training-2.jpg\",\"datePublished\":\"2025-12-03T17:17:00+00:00\",\"dateModified\":\"2025-12-05T15:18:06+00:00\",\"breadcrumb\":{\"@id\":\"https:\\\/\\\/www.nordex-online.com\\\/de\\\/schulungen-fur-eigentumer\\\/#breadcrumb\"},\"inLanguage\":\"de\",\"potentialAction\":[{\"@type\":\"ReadAction\",\"target\":[\"https:\\\/\\\/www.nordex-online.com\\\/de\\\/schulungen-fur-eigentumer\\\/\"]}]},{\"@type\":\"ImageObject\",\"inLanguage\":\"de\",\"@id\":\"https:\\\/\\\/www.nordex-online.com\\\/de\\\/schulungen-fur-eigentumer\\\/#primaryimage\",\"url\":\"https:\\\/\\\/www.nordex-online.com\\\/wp-content\\\/uploads\\\/sites\\\/2\\\/2025\\\/12\\\/Technical-Training-2.jpg\",\"contentUrl\":\"https:\\\/\\\/www.nordex-online.com\\\/wp-content\\\/uploads\\\/sites\\\/2\\\/2025\\\/12\\\/Technical-Training-2.jpg\"},{\"@type\":\"BreadcrumbList\",\"@id\":\"https:\\\/\\\/www.nordex-online.com\\\/de\\\/schulungen-fur-eigentumer\\\/#breadcrumb\",\"itemListElement\":[{\"@type\":\"ListItem\",\"position\":1,\"name\":\"Home\",\"item\":\"https:\\\/\\\/www.nordex-online.com\\\/de\\\/\"},{\"@type\":\"ListItem\",\"position\":2,\"name\":\"Schulungen f\u00fcr Eigent\u00fcmer und Betreiber\"}]},{\"@type\":\"WebSite\",\"@id\":\"https:\\\/\\\/www.nordex-online.com\\\/de\\\/#website\",\"url\":\"https:\\\/\\\/www.nordex-online.com\\\/de\\\/\",\"name\":\"Nordex SE - Deutsch\",\"description\":\"Manufacture, installation and maintenance of wind turbines.\",\"publisher\":{\"@id\":\"https:\\\/\\\/www.nordex-online.com\\\/de\\\/#organization\"},\"potentialAction\":[{\"@type\":\"SearchAction\",\"target\":{\"@type\":\"EntryPoint\",\"urlTemplate\":\"https:\\\/\\\/www.nordex-online.com\\\/de\\\/?s={search_term_string}\"},\"query-input\":{\"@type\":\"PropertyValueSpecification\",\"valueRequired\":true,\"valueName\":\"search_term_string\"}}],\"inLanguage\":\"de\"},{\"@type\":\"Organization\",\"@id\":\"https:\\\/\\\/www.nordex-online.com\\\/de\\\/#organization\",\"name\":\"Nordex SE - Deutsch\",\"url\":\"https:\\\/\\\/www.nordex-online.com\\\/de\\\/\",\"logo\":{\"@type\":\"ImageObject\",\"inLanguage\":\"de\",\"@id\":\"https:\\\/\\\/www.nordex-online.com\\\/de\\\/#\\\/schema\\\/logo\\\/image\\\/\",\"url\":\"https:\\\/\\\/www.nordex-online.com\\\/wp-content\\\/uploads\\\/sites\\\/3\\\/2024\\\/07\\\/cropped-cropped-Combined-Logos_cmyk_PNG.png\",\"contentUrl\":\"https:\\\/\\\/www.nordex-online.com\\\/wp-content\\\/uploads\\\/sites\\\/3\\\/2024\\\/07\\\/cropped-cropped-Combined-Logos_cmyk_PNG.png\",\"width\":1181,\"height\":353,\"caption\":\"Nordex SE - Deutsch\"},\"image\":{\"@id\":\"https:\\\/\\\/www.nordex-online.com\\\/de\\\/#\\\/schema\\\/logo\\\/image\\\/\"}}]}<\/script>\n<!-- \/ Yoast SEO Premium plugin. -->","yoast_head_json":{"title":"Schulungen f\u00fcr Eigent\u00fcmer und Betreiber - Nordex SE - Deutsch","robots":{"index":"index","follow":"follow","max-snippet":"max-snippet:-1","max-image-preview":"max-image-preview:large","max-video-preview":"max-video-preview:-1"},"canonical":"https:\/\/www.nordex-online.com\/de\/schulungen-fur-eigentumer\/","og_locale":"de_DE","og_type":"article","og_title":"Schulungen f\u00fcr Eigent\u00fcmer und Betreiber","og_description":"MIT WISSEN UND KOMPETENTEM HANDELN: TURBINEN SICHER UND EFFIZIENT BETREIBEN. Die Nordex Group unterst\u00fctzt Eigent\u00fcmer und Betreiber beim sicheren und effizienten Betrieb ihrer Nordex-Anlagen. Unser standardisiertes Schulungsportfolie vermittelt technisches Know-how und gelebte Sicherheitsstandards. Erfahrene Trainer-Teams verbinden Theorie mit Praxisbeispielen und gehen auf Ihre konkreten Fragen ein \u2013 damit aus Wissen kompetentes Handeln wird. Die Schulungsformate [&hellip;]","og_url":"https:\/\/www.nordex-online.com\/de\/schulungen-fur-eigentumer\/","og_site_name":"Nordex SE - Deutsch","article_modified_time":"2025-12-05T15:18:06+00:00","twitter_card":"summary_large_image","twitter_misc":{"Gesch\u00e4tzte Lesezeit":"3\u00a0Minuten"},"schema":{"@context":"https:\/\/schema.org","@graph":[{"@type":"WebPage","@id":"https:\/\/www.nordex-online.com\/de\/schulungen-fur-eigentumer\/","url":"https:\/\/www.nordex-online.com\/de\/schulungen-fur-eigentumer\/","name":"Schulungen f\u00fcr Eigent\u00fcmer und Betreiber - Nordex SE - Deutsch","isPartOf":{"@id":"https:\/\/www.nordex-online.com\/de\/#website"},"primaryImageOfPage":{"@id":"https:\/\/www.nordex-online.com\/de\/schulungen-fur-eigentumer\/#primaryimage"},"image":{"@id":"https:\/\/www.nordex-online.com\/de\/schulungen-fur-eigentumer\/#primaryimage"},"thumbnailUrl":"https:\/\/www.nordex-online.com\/wp-content\/uploads\/sites\/2\/2025\/12\/Technical-Training-2.jpg","datePublished":"2025-12-03T17:17:00+00:00","dateModified":"2025-12-05T15:18:06+00:00","breadcrumb":{"@id":"https:\/\/www.nordex-online.com\/de\/schulungen-fur-eigentumer\/#breadcrumb"},"inLanguage":"de","potentialAction":[{"@type":"ReadAction","target":["https:\/\/www.nordex-online.com\/de\/schulungen-fur-eigentumer\/"]}]},{"@type":"ImageObject","inLanguage":"de","@id":"https:\/\/www.nordex-online.com\/de\/schulungen-fur-eigentumer\/#primaryimage","url":"https:\/\/www.nordex-online.com\/wp-content\/uploads\/sites\/2\/2025\/12\/Technical-Training-2.jpg","contentUrl":"https:\/\/www.nordex-online.com\/wp-content\/uploads\/sites\/2\/2025\/12\/Technical-Training-2.jpg"},{"@type":"BreadcrumbList","@id":"https:\/\/www.nordex-online.com\/de\/schulungen-fur-eigentumer\/#breadcrumb","itemListElement":[{"@type":"ListItem","position":1,"name":"Home","item":"https:\/\/www.nordex-online.com\/de\/"},{"@type":"ListItem","position":2,"name":"Schulungen f\u00fcr Eigent\u00fcmer und Betreiber"}]},{"@type":"WebSite","@id":"https:\/\/www.nordex-online.com\/de\/#website","url":"https:\/\/www.nordex-online.com\/de\/","name":"Nordex SE - Deutsch","description":"Manufacture, installation and maintenance of wind turbines.","publisher":{"@id":"https:\/\/www.nordex-online.com\/de\/#organization"},"potentialAction":[{"@type":"SearchAction","target":{"@type":"EntryPoint","urlTemplate":"https:\/\/www.nordex-online.com\/de\/?s={search_term_string}"},"query-input":{"@type":"PropertyValueSpecification","valueRequired":true,"valueName":"search_term_string"}}],"inLanguage":"de"},{"@type":"Organization","@id":"https:\/\/www.nordex-online.com\/de\/#organization","name":"Nordex SE - Deutsch","url":"https:\/\/www.nordex-online.com\/de\/","logo":{"@type":"ImageObject","inLanguage":"de","@id":"https:\/\/www.nordex-online.com\/de\/#\/schema\/logo\/image\/","url":"https:\/\/www.nordex-online.com\/wp-content\/uploads\/sites\/3\/2024\/07\/cropped-cropped-Combined-Logos_cmyk_PNG.png","contentUrl":"https:\/\/www.nordex-online.com\/wp-content\/uploads\/sites\/3\/2024\/07\/cropped-cropped-Combined-Logos_cmyk_PNG.png","width":1181,"height":353,"caption":"Nordex SE - Deutsch"},"image":{"@id":"https:\/\/www.nordex-online.com\/de\/#\/schema\/logo\/image\/"}}]}},"_links":{"self":[{"href":"https:\/\/www.nordex-online.com\/de\/wp-json\/wp\/v2\/pages\/46688","targetHints":{"allow":["GET"]}}],"collection":[{"href":"https:\/\/www.nordex-online.com\/de\/wp-json\/wp\/v2\/pages"}],"about":[{"href":"https:\/\/www.nordex-online.com\/de\/wp-json\/wp\/v2\/types\/page"}],"author":[{"embeddable":true,"href":"https:\/\/www.nordex-online.com\/de\/wp-json\/wp\/v2\/users\/6"}],"replies":[{"embeddable":true,"href":"https:\/\/www.nordex-online.com\/de\/wp-json\/wp\/v2\/comments?post=46688"}],"version-history":[{"count":5,"href":"https:\/\/www.nordex-online.com\/de\/wp-json\/wp\/v2\/pages\/46688\/revisions"}],"predecessor-version":[{"id":46705,"href":"https:\/\/www.nordex-online.com\/de\/wp-json\/wp\/v2\/pages\/46688\/revisions\/46705"}],"wp:attachment":[{"href":"https:\/\/www.nordex-online.com\/de\/wp-json\/wp\/v2\/media?parent=46688"}],"curies":[{"name":"wp","href":"https:\/\/api.w.org\/{rel}","templated":true}]}}