{"id":2399,"date":"2019-11-27T17:59:12","date_gmt":"2019-11-27T17:59:12","guid":{"rendered":"https:\/\/www.nordex-online.com\/de\/?page_id=2399"},"modified":"2023-04-24T11:12:54","modified_gmt":"2023-04-24T11:12:54","slug":"wartung-service","status":"publish","type":"page","link":"https:\/\/www.nordex-online.com\/de\/service\/wartung-service\/","title":{"rendered":"Wartung &#038; Service"},"content":{"rendered":"\n<div class=\"wp-block-cover alignfull is-light is-style-default\" style=\"min-height:340px;aspect-ratio:unset;\"><span aria-hidden=\"true\" class=\"has-background-dim-10 wp-block-cover__gradient-background has-background-dim\"><\/span><video class=\"wp-block-cover__video-background intrinsic-ignore\" autoplay muted loop playsinline src=\"https:\/\/www.nordex-online.com\/wp-content\/uploads\/sites\/3\/2021\/07\/Service-2-final.mp4\" data-object-fit=\"cover\"><\/video><div class=\"wp-block-cover__inner-container is-layout-flow wp-block-cover-is-layout-flow\">\n<p class=\"has-text-align-center has-white-color has-text-color has-large-font-size\">NORDEX SERVICE &#8211; COE-EFFIZIENT UND ZUVERL\u00c4SSIG<\/p>\n<\/div><\/div>\n\n\n\n<div class=\"wp-block-nordex-heading is-style-underline nordex-heading wp-block-columns has-4-columns\"><div class=\"nordex-heading__chapter wp-block-column\"><span class=\"nordex-heading__chapter-title\">01<\/span><span class=\"nordex-heading__chapter-subtitle\">05<\/span><\/div><div class=\"nordex-heading__heading wp-block-column\"><h3 class=\"nordex-heading__heading-title\">Service &amp; Wartung<\/h3><\/div><div class=\"nordex-heading__subhead wp-block-column\"><p class=\"nordex-heading__subhead-title\"><\/p><\/div><div class=\"nordex-heading__button wp-block-column\"><\/div><\/div>\n\n\n\n<p>Unser Serviceportfolio umfasst drei flexible Pakete, damit wir die jeweiligen Anforderungen des Projekts bedienen k\u00f6nnen. Dar\u00fcber hinaus k\u00f6nnen wir unseren Kunden auch ganz individuelle Service-Vereinbarungen anbieten \u2013 je nach Bedarf. <\/p>\n\n\n\n<div class=\"wp-block-columns is-layout-flex wp-container-core-columns-is-layout-28f84493 wp-block-columns-is-layout-flex\">\n<div class=\"wp-block-column is-layout-flow wp-block-column-is-layout-flow\">\n<p> <strong>1. PREMIUM LIGHT <\/strong><\/p>\n\n\n\n<p><strong>DIE FLEXIBLE L\u00d6SUNG<\/strong><\/p>\n\n\n\n<p>Light-Paket umfasst eine 24\/7-Fern\u00fcberwachung, die planm\u00e4\u00dfige und au\u00dferplanm\u00e4\u00dfige Wartung sowie eine zeitabh\u00e4ngige Verf\u00fcgbarkeitsgarantie. Ersatzteile und Reparaturen sind selbstverst\u00e4ndlich Bestandteile der Vertragsleistungen, Hauptkomponenten sind nicht Bestandteil.  <\/p>\n<\/div>\n\n\n\n<div class=\"wp-block-column is-layout-flow wp-block-column-is-layout-flow\">\n<p> <strong>2. PREMIUM  <\/strong><\/p>\n\n\n\n<p><strong>DAS RUNDUM-SORGLOS-PAKET <\/strong><br><\/p>\n\n\n\n<p>Das Premium-Vertragspaket umfasst einen Rundum-Sorglos-Service und sichert so die Investition unserer Kunden. Zus\u00e4tzlich zum Leistungsumfang \u201ePremium Light\u201c sind auch Ersatzteile und Reparaturen der Hauptkomponenten vollst\u00e4ndig inkludiert.  <\/p>\n<\/div>\n\n\n\n<div class=\"wp-block-column is-layout-flow wp-block-column-is-layout-flow\">\n<p> <strong>3. PREMIUM PLUS <\/strong><\/p>\n\n\n\n<p><strong>DIE PRODUKTIONS-BASIERTE ALTERNATIVE <\/strong> <\/p>\n\n\n\n<p>Das &#8222;Plus&#8220; steht f\u00fcr eine produktionsbasierte Verf\u00fcgbarkeitsgarantie, die das Rundum-Sorglos-Paket des Premium-Vertrags erweitert. Die planm\u00e4\u00dfige Durchf\u00fchrung von Wartungs- und Reparaturleistungen in Zeiten mit geringem Wind sichern h\u00f6chstm\u00f6gliche Ertr\u00e4ge.  <\/p>\n<\/div>\n<\/div>\n\n\n\n<div class=\"wp-block-nordex-heading is-style-underline nordex-heading wp-block-columns has-4-columns\"><div class=\"nordex-heading__chapter wp-block-column\"><span class=\"nordex-heading__chapter-title\">02<\/span><span class=\"nordex-heading__chapter-subtitle\">05<\/span><\/div><div class=\"nordex-heading__heading wp-block-column\"><h3 class=\"nordex-heading__heading-title\">Vertragsdetails<\/h3><\/div><div class=\"nordex-heading__subhead wp-block-column\"><p class=\"nordex-heading__subhead-title\"><\/p><\/div><div class=\"nordex-heading__button wp-block-column\"><\/div><\/div>\n\n\n\n<figure class=\"wp-block-image size-large\"><img loading=\"lazy\" decoding=\"async\" width=\"1024\" height=\"618\" src=\"https:\/\/www.nordex-online.com\/wp-content\/uploads\/sites\/3\/2019\/11\/ServiceGraph1Deu-1024x618.jpg\" alt=\"\" class=\"wp-image-2443\" srcset=\"https:\/\/www.nordex-online.com\/wp-content\/uploads\/sites\/3\/2019\/11\/ServiceGraph1Deu-1024x618.jpg 1024w, https:\/\/www.nordex-online.com\/wp-content\/uploads\/sites\/3\/2019\/11\/ServiceGraph1Deu-300x181.jpg 300w, https:\/\/www.nordex-online.com\/wp-content\/uploads\/sites\/3\/2019\/11\/ServiceGraph1Deu-768x464.jpg 768w, https:\/\/www.nordex-online.com\/wp-content\/uploads\/sites\/3\/2019\/11\/ServiceGraph1Deu-1536x927.jpg 1536w, https:\/\/www.nordex-online.com\/wp-content\/uploads\/sites\/3\/2019\/11\/ServiceGraph1Deu-2048x1236.jpg 2048w\" sizes=\"auto, (max-width: 1024px) 100vw, 1024px\" \/><\/figure>\n\n\n\n<div class=\"wp-block-nordex-heading is-style-underline nordex-heading wp-block-columns has-4-columns\"><div class=\"nordex-heading__chapter wp-block-column\"><span class=\"nordex-heading__chapter-title\">03<\/span><span class=\"nordex-heading__chapter-subtitle\">05<\/span><\/div><div class=\"nordex-heading__heading wp-block-column\"><h3 class=\"nordex-heading__heading-title\">Ersatzteile &amp; Reparaturen <\/h3><\/div><div class=\"nordex-heading__subhead wp-block-column\"><p class=\"nordex-heading__subhead-title\"><\/p><\/div><div class=\"nordex-heading__button wp-block-column\"><\/div><\/div>\n\n\n\n<div class=\"wp-block-nordex-media-text wp-block-nordex-media-text--image-block-paragraph-block-paragraph\">\n<div class=\"wp-block-nordex-columns wp-block-nordex-columns--one-one-two wp-block-columns has-3-columns\">\n<div class=\"wp-block-nordex-column wp-block-column\">\n<figure class=\"wp-block-image size-large\"><img decoding=\"async\" src=\"https:\/\/www.nordex-online.com\/wp-content\/uploads\/sites\/2\/2019\/11\/Ersatzteillager_D_HRO_2017-1024px.jpg\" alt=\"\" class=\"wp-image-6420\"\/><\/figure>\n<\/div>\n\n\n\n<div class=\"wp-block-nordex-column wp-block-column\">\n<p>Das Sparepart-Management der Nordex Group gew\u00e4hrleistet die zuverl\u00e4ssige Versorgung mit ben\u00f6tigen Ersatzteilen an 365 Tagen im Jahr und weltweit. Die Lagerung der ben\u00f6tigen Komponenten in der N\u00e4he des Windparks sichert kurze Transportwege, schnelle Reaktionszeiten und damit eine hohe Verf\u00fcgbarkeit. Als Hersteller wissen wir genau, welche Ersatzteile f\u00fcr einen langfristigen, effizienten Betrieb der Turbine w\u00e4hrend der gesamten Produktlebenszeit eingeplant werden m\u00fcssen. <br>Basierend auf diesem Know-How stellt unser zentrales Spare Parts Management in Zusammenarbeit mit den lokalen Service-Organisationen ein optimales Material-Management und einen ausgezeichneten Vor-Ort-Service sicher. <\/p>\n<\/div>\n\n\n\n<div class=\"wp-block-nordex-column wp-block-column\">\n<p>Unabh\u00e4ngig davon, welche Komponente ben\u00f6tigt wird, stellt unser Spare-Part-Team vom Einkauf \u00fcber Lagerung bis zur Auslieferung eine effiziente Abwicklung \u00fcber die gesamte Lieferkette sicher \u2013 weltweit.<br>Regelm\u00e4\u00dfige Inspektionen sind erforderlich, um den optimalen Betrieb eines Windparks zu gew\u00e4hrleisten und ernste Besch\u00e4digungen zu vermeiden. <br>Alle Inspektionen werden von unseren Service-Teams gem\u00e4\u00df eines bew\u00e4hrten Wartungsplans durchgef\u00fchrt. Flexible Methoden, beispielsweise der Einsatz von Drohnen oder Endoskopie, verhindern m\u00f6gliche Ertragseinbu\u00dfen und sichern damit den Erfolg der Bestandsflotte. <br><br><strong>Unser Spare-Part Team erreichen Sie auch per E-Mail unter <a href=\"mailto:parts_sales@nordex-online.com\">parts_sales@nordex-online.com<\/a><br><\/strong><\/p>\n<\/div>\n<\/div>\n<\/div>\n\n\n\n<div class=\"wp-block-nordex-heading is-style-underline nordex-heading wp-block-columns has-4-columns\"><div class=\"nordex-heading__chapter wp-block-column\"><span class=\"nordex-heading__chapter-title\">04<\/span><span class=\"nordex-heading__chapter-subtitle\">05<\/span><\/div><div class=\"nordex-heading__heading wp-block-column\"><h3 class=\"nordex-heading__heading-title\">Fokus  Kosten-Effizienz<\/h3><\/div><div class=\"nordex-heading__subhead wp-block-column\"><p class=\"nordex-heading__subhead-title\"><\/p><\/div><div class=\"nordex-heading__button wp-block-column\"><\/div><\/div>\n\n\n\n<div class=\"wp-block-columns is-layout-flex wp-container-core-columns-is-layout-28f84493 wp-block-columns-is-layout-flex\">\n<div class=\"wp-block-column is-layout-flow wp-block-column-is-layout-flow\" style=\"flex-basis:33.33%\">\n<h3 class=\"has-grey-65-color has-text-color wp-block-heading\" id=\"h-intelligente-losungen-hohere-ertrage\">INTELLIGENTE L\u00d6SUNGEN, H\u00d6HERE ERTR\u00c4GE<\/h3>\n<\/div>\n\n\n\n<div class=\"wp-block-column is-layout-flow wp-block-column-is-layout-flow\" style=\"flex-basis:66.66%\">\n<p>Schnelle L\u00f6sungen auch f\u00fcr komplexe Probleme: Unser Kompetenzzentrum mit den Schwerpunkten Converter, Antriebsstr\u00e4nge und Bl\u00e4tter verf\u00fcgt \u00fcber umfassendes Experten-Know-How. Das Ziel: Unseren Kunden m\u00f6glichst hohe Ertr\u00e4ge zu sichern. Die sichere und kosteneffiziente Durchf\u00fchrbarkeit von Service und Wartung sind heute zentrale Designprinzipien bei der Anlagenentwicklung. <br>So ist bei der neuesten Anlagengeneration, der Delta4000-Serie, jede Komponente konsequent auf gute Zug\u00e4nglichkeit und einen geringen Wartungsaufwand hin ausgelegt. Der Austausch von Gro\u00dfkomponenten wie Getrieben kann durch mobile, selbsterrichtende Kranl\u00f6sungen nachhaltiger, kosteng\u00fcnstiger und schneller als mit konventionellen Ans\u00e4tzen vorgenommen werden.<\/p>\n<\/div>\n<\/div>\n\n\n\n<p><\/p>\n\n\n\n<div class=\"wp-block-nordex-video-text is-style-large-image nordex-video-text wp-block-columns wp-block-nordex-columns has-2-columns\"><div class=\"nordex-video-text__left wp-block-column wp-block-nordex-column\">\n<figure class=\"wp-block-embed is-type-video is-provider-youtube wp-block-embed-youtube wp-embed-aspect-16-9 wp-has-aspect-ratio\"><div class=\"wp-block-embed__wrapper\">\n <div class=\"brlbs-cmpnt-container brlbs-cmpnt-content-blocker brlbs-cmpnt-with-individual-styles\" data-borlabs-cookie-content-blocker-id=\"youtube-content-blocker\" data-borlabs-cookie-content=\"PGlmcmFtZSB0aXRsZT0iR2VhcmJveCBFeGNoYW5nZSB3aXRoIExpZnRyYSBTZWxmLUhvaXN0aW5nLUNyYW5lIHwgU2VydmljZSBhdCB0aGUgTm9yZGV4IEdyb3VwIChFTikiIHdpZHRoPSI5NjAiIGhlaWdodD0iNTQwIiBzcmM9Imh0dHBzOi8vd3d3LnlvdXR1YmUuY29tL2VtYmVkL3RHblNwMG1OejE0P2ZlYXR1cmU9b2VtYmVkIiBmcmFtZWJvcmRlcj0iMCIgYWxsb3c9ImFjY2VsZXJvbWV0ZXI7IGF1dG9wbGF5OyBjbGlwYm9hcmQtd3JpdGU7IGVuY3J5cHRlZC1tZWRpYTsgZ3lyb3Njb3BlOyBwaWN0dXJlLWluLXBpY3R1cmUiIGFsbG93ZnVsbHNjcmVlbj48L2lmcmFtZT4=\"><div class=\"brlbs-cmpnt-cb-preset-c brlbs-cmpnt-cb-youtube\"> <div class=\"brlbs-cmpnt-cb-thumbnail\" style=\"background-image: url('')\"><\/div> <div class=\"brlbs-cmpnt-cb-main\"> <div class=\"brlbs-cmpnt-cb-play-button\"><\/div> <div class=\"brlbs-cmpnt-cb-content\"> <p class=\"brlbs-cmpnt-cb-description\">Sie sehen gerade einen Platzhalterinhalt von <strong>YouTube<\/strong>. Um auf den eigentlichen Inhalt zuzugreifen, klicken Sie auf die Schaltfl\u00e4che unten. Bitte beachten Sie, dass dabei Daten an Drittanbieter weitergegeben werden.<\/p> <a class=\"brlbs-cmpnt-cb-provider-toggle\" href=\"#\" data-borlabs-cookie-show-provider-information role=\"button\">Mehr Informationen<\/a> <\/div> <div class=\"brlbs-cmpnt-cb-buttons\"> <a class=\"brlbs-cmpnt-cb-btn\" href=\"#\" data-borlabs-cookie-unblock role=\"button\">Inhalt entsperren<\/a> <a class=\"brlbs-cmpnt-cb-btn\" href=\"#\" data-borlabs-cookie-accept-service role=\"button\" style=\"display: inherit\">Erforderlichen Service akzeptieren und Inhalte entsperren<\/a> <\/div> <\/div> <\/div><\/div>\n<\/div><\/figure>\n<\/div><div class=\"nordex-video-text__right wp-block-column wp-block-nordex-column\"><div class=\"nordex-video-text__container\"><h2><\/h2><p class=\"nordex-video-text__subtitle\" style=\"color:#0e5783\"><\/p><p class=\"nordex-video-text__content\">Ein Test-Austausch ist heute Bestandteil des Zertifizierungs- und Testing-Prozesses bei Prototypen \u2013 wie im Video am Delta4000 Prototypen in Wennersdorf (Deutschland) zu sehen.<\/p><\/div><\/div><\/div>\n\n\n\n<div class=\"wp-block-nordex-heading is-style-underline nordex-heading wp-block-columns has-4-columns\"><div class=\"nordex-heading__chapter wp-block-column\"><span class=\"nordex-heading__chapter-title\">05<\/span><span class=\"nordex-heading__chapter-subtitle\">05<\/span><\/div><div class=\"nordex-heading__heading wp-block-column\"><h3 class=\"nordex-heading__heading-title\">Mehr erfahren <\/h3><\/div><div class=\"nordex-heading__subhead wp-block-column\"><p class=\"nordex-heading__subhead-title\"><\/p><\/div><div class=\"nordex-heading__button wp-block-column\"><\/div><\/div>\n\n\n\n<div class=\"wp-block-columns is-style-nordex-gaps is-layout-flex wp-container-core-columns-is-layout-28f84493 wp-block-columns-is-layout-flex\">\n<div class=\"wp-block-column is-layout-flow wp-block-column-is-layout-flow\">\n<div class=\"wp-block-nordex-tile wp-block-nordex-tile--portrait\"><a class=\"wp-block-nordex-tile__button\" href=\"https:\/\/www.nordex-online.com\/de\/service\/\"><div class=\"wp-block-nordex-tile__image\" style=\"background-image:url(https:\/\/www.nordex-online.com\/wp-content\/uploads\/sites\/3\/2021\/07\/1.jpg)\"><\/div><p class=\"wp-block-nordex-tile__title\">SERVICE<\/p><p class=\"wp-block-button is-style-underline\"><span class=\"wp-block-button__link\">Mehr erfahren<\/span><\/p><\/a><\/div>\n<\/div>\n\n\n\n<div class=\"wp-block-column is-layout-flow wp-block-column-is-layout-flow\">\n<div class=\"wp-block-nordex-tile wp-block-nordex-tile--portrait\"><a class=\"wp-block-nordex-tile__button\" href=\"https:\/\/www.nordex-online.com\/de\/service\/upgrades\/\"><div class=\"wp-block-nordex-tile__image\" style=\"background-image:url(https:\/\/www.nordex-online.com\/wp-content\/uploads\/sites\/2\/2019\/11\/21UMertens.png)\"><\/div><p class=\"wp-block-nordex-tile__title\">UPGRADES<\/p><p class=\"wp-block-button is-style-underline\"><span class=\"wp-block-button__link\">Mehr erfahren <\/span><\/p><\/a><\/div>\n<\/div>\n\n\n\n<div class=\"wp-block-column is-layout-flow wp-block-column-is-layout-flow\">\n<div class=\"wp-block-nordex-tile wp-block-nordex-tile--portrait\"><a class=\"wp-block-nordex-tile__button\" href=\"https:\/\/www.nordex-online.com\/de\/product\/product-main-page-deutsch\/\"><div class=\"wp-block-nordex-tile__image\" style=\"background-image:url(https:\/\/www.nordex-online.com\/wp-content\/uploads\/sites\/2\/2019\/11\/04UMertens.png)\"><\/div><p class=\"wp-block-nordex-tile__title\">PRODUKTE<\/p><p class=\"wp-block-button is-style-underline\"><span class=\"wp-block-button__link\">Mehr erfahren<\/span><\/p><\/a><\/div>\n<\/div>\n<\/div>\n","protected":false},"excerpt":{"rendered":"<p>Unser Serviceportfolio umfasst drei flexible Pakete, damit wir die jeweiligen Anforderungen des Projekts bedienen k\u00f6nnen. Dar\u00fcber hinaus k\u00f6nnen wir unseren Kunden auch ganz individuelle Service-Vereinbarungen anbieten \u2013 je nach Bedarf. 1. PREMIUM LIGHT DIE FLEXIBLE L\u00d6SUNG Light-Paket umfasst eine 24\/7-Fern\u00fcberwachung, die planm\u00e4\u00dfige und au\u00dferplanm\u00e4\u00dfige Wartung sowie eine zeitabh\u00e4ngige Verf\u00fcgbarkeitsgarantie. Ersatzteile und Reparaturen sind selbstverst\u00e4ndlich Bestandteile [&hellip;]<\/p>\n","protected":false},"author":5,"featured_media":5982,"parent":2372,"menu_order":0,"comment_status":"closed","ping_status":"closed","template":"","meta":{"_trash_the_other_posts":false,"editor_notices":[],"footnotes":""},"class_list":["post-2399","page","type-page","status-publish","has-post-thumbnail","hentry"],"yoast_head":"<!-- This site is optimized with the Yoast SEO Premium plugin v27.3 (Yoast SEO v27.3) - https:\/\/yoast.com\/product\/yoast-seo-premium-wordpress\/ -->\n<title>Wartung &amp; Service - Nordex SE - Deutsch<\/title>\n<meta name=\"description\" content=\"Die Nordex Group bietet flexible Servicevertr\u00e4ge an, um f\u00fcr diverse Kundenanforderungen einen individuellen Service zu bieten.\" \/>\n<meta name=\"robots\" content=\"index, follow, max-snippet:-1, max-image-preview:large, max-video-preview:-1\" \/>\n<link rel=\"canonical\" href=\"https:\/\/www.nordex-online.com\/de\/service\/wartung-service\/\" \/>\n<meta property=\"og:locale\" content=\"de_DE\" \/>\n<meta property=\"og:type\" content=\"article\" \/>\n<meta property=\"og:title\" content=\"Wartung &amp; Service\" \/>\n<meta property=\"og:description\" content=\"Die Nordex Group bietet flexible Servicevertr\u00e4ge an, um f\u00fcr diverse Kundenanforderungen einen individuellen Service zu bieten.\" \/>\n<meta property=\"og:url\" content=\"https:\/\/www.nordex-online.com\/de\/service\/wartung-service\/\" \/>\n<meta property=\"og:site_name\" content=\"Nordex SE - Deutsch\" \/>\n<meta property=\"article:modified_time\" content=\"2023-04-24T11:12:54+00:00\" \/>\n<meta property=\"og:image\" content=\"https:\/\/www.nordex-online.com\/wp-content\/uploads\/sites\/3\/2021\/07\/2.jpg\" \/>\n\t<meta property=\"og:image:width\" content=\"387\" \/>\n\t<meta property=\"og:image:height\" content=\"450\" \/>\n\t<meta property=\"og:image:type\" content=\"image\/jpeg\" \/>\n<meta name=\"twitter:card\" content=\"summary_large_image\" \/>\n<meta name=\"twitter:label1\" content=\"Gesch\u00e4tzte Lesezeit\" \/>\n\t<meta name=\"twitter:data1\" content=\"3\u00a0Minuten\" \/>\n<script type=\"application\/ld+json\" class=\"yoast-schema-graph\">{\"@context\":\"https:\\\/\\\/schema.org\",\"@graph\":[{\"@type\":\"WebPage\",\"@id\":\"https:\\\/\\\/www.nordex-online.com\\\/de\\\/service\\\/wartung-service\\\/\",\"url\":\"https:\\\/\\\/www.nordex-online.com\\\/de\\\/service\\\/wartung-service\\\/\",\"name\":\"Wartung & Service - Nordex SE - Deutsch\",\"isPartOf\":{\"@id\":\"https:\\\/\\\/www.nordex-online.com\\\/de\\\/#website\"},\"primaryImageOfPage\":{\"@id\":\"https:\\\/\\\/www.nordex-online.com\\\/de\\\/service\\\/wartung-service\\\/#primaryimage\"},\"image\":{\"@id\":\"https:\\\/\\\/www.nordex-online.com\\\/de\\\/service\\\/wartung-service\\\/#primaryimage\"},\"thumbnailUrl\":\"https:\\\/\\\/www.nordex-online.com\\\/wp-content\\\/uploads\\\/sites\\\/3\\\/2021\\\/07\\\/2.jpg\",\"datePublished\":\"2019-11-27T17:59:12+00:00\",\"dateModified\":\"2023-04-24T11:12:54+00:00\",\"description\":\"Die Nordex Group bietet flexible Servicevertr\u00e4ge an, um f\u00fcr diverse Kundenanforderungen einen individuellen Service zu bieten.\",\"breadcrumb\":{\"@id\":\"https:\\\/\\\/www.nordex-online.com\\\/de\\\/service\\\/wartung-service\\\/#breadcrumb\"},\"inLanguage\":\"de\",\"potentialAction\":[{\"@type\":\"ReadAction\",\"target\":[\"https:\\\/\\\/www.nordex-online.com\\\/de\\\/service\\\/wartung-service\\\/\"]}]},{\"@type\":\"ImageObject\",\"inLanguage\":\"de\",\"@id\":\"https:\\\/\\\/www.nordex-online.com\\\/de\\\/service\\\/wartung-service\\\/#primaryimage\",\"url\":\"https:\\\/\\\/www.nordex-online.com\\\/wp-content\\\/uploads\\\/sites\\\/3\\\/2021\\\/07\\\/2.jpg\",\"contentUrl\":\"https:\\\/\\\/www.nordex-online.com\\\/wp-content\\\/uploads\\\/sites\\\/3\\\/2021\\\/07\\\/2.jpg\",\"width\":387,\"height\":450},{\"@type\":\"BreadcrumbList\",\"@id\":\"https:\\\/\\\/www.nordex-online.com\\\/de\\\/service\\\/wartung-service\\\/#breadcrumb\",\"itemListElement\":[{\"@type\":\"ListItem\",\"position\":1,\"name\":\"Home\",\"item\":\"https:\\\/\\\/www.nordex-online.com\\\/de\\\/\"},{\"@type\":\"ListItem\",\"position\":2,\"name\":\"Service\",\"item\":\"https:\\\/\\\/www.nordex-online.com\\\/de\\\/service\\\/\"},{\"@type\":\"ListItem\",\"position\":3,\"name\":\"Wartung &#038; Service\"}]},{\"@type\":\"WebSite\",\"@id\":\"https:\\\/\\\/www.nordex-online.com\\\/de\\\/#website\",\"url\":\"https:\\\/\\\/www.nordex-online.com\\\/de\\\/\",\"name\":\"Nordex SE - Deutsch\",\"description\":\"Manufacture, installation and maintenance of wind turbines.\",\"publisher\":{\"@id\":\"https:\\\/\\\/www.nordex-online.com\\\/de\\\/#organization\"},\"potentialAction\":[{\"@type\":\"SearchAction\",\"target\":{\"@type\":\"EntryPoint\",\"urlTemplate\":\"https:\\\/\\\/www.nordex-online.com\\\/de\\\/?s={search_term_string}\"},\"query-input\":{\"@type\":\"PropertyValueSpecification\",\"valueRequired\":true,\"valueName\":\"search_term_string\"}}],\"inLanguage\":\"de\"},{\"@type\":\"Organization\",\"@id\":\"https:\\\/\\\/www.nordex-online.com\\\/de\\\/#organization\",\"name\":\"Nordex SE - Deutsch\",\"url\":\"https:\\\/\\\/www.nordex-online.com\\\/de\\\/\",\"logo\":{\"@type\":\"ImageObject\",\"inLanguage\":\"de\",\"@id\":\"https:\\\/\\\/www.nordex-online.com\\\/de\\\/#\\\/schema\\\/logo\\\/image\\\/\",\"url\":\"https:\\\/\\\/www.nordex-online.com\\\/wp-content\\\/uploads\\\/sites\\\/3\\\/2024\\\/07\\\/cropped-cropped-Combined-Logos_cmyk_PNG.png\",\"contentUrl\":\"https:\\\/\\\/www.nordex-online.com\\\/wp-content\\\/uploads\\\/sites\\\/3\\\/2024\\\/07\\\/cropped-cropped-Combined-Logos_cmyk_PNG.png\",\"width\":1181,\"height\":353,\"caption\":\"Nordex SE - Deutsch\"},\"image\":{\"@id\":\"https:\\\/\\\/www.nordex-online.com\\\/de\\\/#\\\/schema\\\/logo\\\/image\\\/\"}}]}<\/script>\n<!-- \/ Yoast SEO Premium plugin. -->","yoast_head_json":{"title":"Wartung & Service - Nordex SE - Deutsch","description":"Die Nordex Group bietet flexible Servicevertr\u00e4ge an, um f\u00fcr diverse Kundenanforderungen einen individuellen Service zu bieten.","robots":{"index":"index","follow":"follow","max-snippet":"max-snippet:-1","max-image-preview":"max-image-preview:large","max-video-preview":"max-video-preview:-1"},"canonical":"https:\/\/www.nordex-online.com\/de\/service\/wartung-service\/","og_locale":"de_DE","og_type":"article","og_title":"Wartung & Service","og_description":"Die Nordex Group bietet flexible Servicevertr\u00e4ge an, um f\u00fcr diverse Kundenanforderungen einen individuellen Service zu bieten.","og_url":"https:\/\/www.nordex-online.com\/de\/service\/wartung-service\/","og_site_name":"Nordex SE - Deutsch","article_modified_time":"2023-04-24T11:12:54+00:00","og_image":[{"width":387,"height":450,"url":"https:\/\/www.nordex-online.com\/wp-content\/uploads\/sites\/3\/2021\/07\/2.jpg","type":"image\/jpeg"}],"twitter_card":"summary_large_image","twitter_misc":{"Gesch\u00e4tzte Lesezeit":"3\u00a0Minuten"},"schema":{"@context":"https:\/\/schema.org","@graph":[{"@type":"WebPage","@id":"https:\/\/www.nordex-online.com\/de\/service\/wartung-service\/","url":"https:\/\/www.nordex-online.com\/de\/service\/wartung-service\/","name":"Wartung & Service - Nordex SE - Deutsch","isPartOf":{"@id":"https:\/\/www.nordex-online.com\/de\/#website"},"primaryImageOfPage":{"@id":"https:\/\/www.nordex-online.com\/de\/service\/wartung-service\/#primaryimage"},"image":{"@id":"https:\/\/www.nordex-online.com\/de\/service\/wartung-service\/#primaryimage"},"thumbnailUrl":"https:\/\/www.nordex-online.com\/wp-content\/uploads\/sites\/3\/2021\/07\/2.jpg","datePublished":"2019-11-27T17:59:12+00:00","dateModified":"2023-04-24T11:12:54+00:00","description":"Die Nordex Group bietet flexible Servicevertr\u00e4ge an, um f\u00fcr diverse Kundenanforderungen einen individuellen Service zu bieten.","breadcrumb":{"@id":"https:\/\/www.nordex-online.com\/de\/service\/wartung-service\/#breadcrumb"},"inLanguage":"de","potentialAction":[{"@type":"ReadAction","target":["https:\/\/www.nordex-online.com\/de\/service\/wartung-service\/"]}]},{"@type":"ImageObject","inLanguage":"de","@id":"https:\/\/www.nordex-online.com\/de\/service\/wartung-service\/#primaryimage","url":"https:\/\/www.nordex-online.com\/wp-content\/uploads\/sites\/3\/2021\/07\/2.jpg","contentUrl":"https:\/\/www.nordex-online.com\/wp-content\/uploads\/sites\/3\/2021\/07\/2.jpg","width":387,"height":450},{"@type":"BreadcrumbList","@id":"https:\/\/www.nordex-online.com\/de\/service\/wartung-service\/#breadcrumb","itemListElement":[{"@type":"ListItem","position":1,"name":"Home","item":"https:\/\/www.nordex-online.com\/de\/"},{"@type":"ListItem","position":2,"name":"Service","item":"https:\/\/www.nordex-online.com\/de\/service\/"},{"@type":"ListItem","position":3,"name":"Wartung &#038; Service"}]},{"@type":"WebSite","@id":"https:\/\/www.nordex-online.com\/de\/#website","url":"https:\/\/www.nordex-online.com\/de\/","name":"Nordex SE - Deutsch","description":"Manufacture, installation and maintenance of wind turbines.","publisher":{"@id":"https:\/\/www.nordex-online.com\/de\/#organization"},"potentialAction":[{"@type":"SearchAction","target":{"@type":"EntryPoint","urlTemplate":"https:\/\/www.nordex-online.com\/de\/?s={search_term_string}"},"query-input":{"@type":"PropertyValueSpecification","valueRequired":true,"valueName":"search_term_string"}}],"inLanguage":"de"},{"@type":"Organization","@id":"https:\/\/www.nordex-online.com\/de\/#organization","name":"Nordex SE - Deutsch","url":"https:\/\/www.nordex-online.com\/de\/","logo":{"@type":"ImageObject","inLanguage":"de","@id":"https:\/\/www.nordex-online.com\/de\/#\/schema\/logo\/image\/","url":"https:\/\/www.nordex-online.com\/wp-content\/uploads\/sites\/3\/2024\/07\/cropped-cropped-Combined-Logos_cmyk_PNG.png","contentUrl":"https:\/\/www.nordex-online.com\/wp-content\/uploads\/sites\/3\/2024\/07\/cropped-cropped-Combined-Logos_cmyk_PNG.png","width":1181,"height":353,"caption":"Nordex SE - Deutsch"},"image":{"@id":"https:\/\/www.nordex-online.com\/de\/#\/schema\/logo\/image\/"}}]}},"_links":{"self":[{"href":"https:\/\/www.nordex-online.com\/de\/wp-json\/wp\/v2\/pages\/2399","targetHints":{"allow":["GET"]}}],"collection":[{"href":"https:\/\/www.nordex-online.com\/de\/wp-json\/wp\/v2\/pages"}],"about":[{"href":"https:\/\/www.nordex-online.com\/de\/wp-json\/wp\/v2\/types\/page"}],"author":[{"embeddable":true,"href":"https:\/\/www.nordex-online.com\/de\/wp-json\/wp\/v2\/users\/5"}],"replies":[{"embeddable":true,"href":"https:\/\/www.nordex-online.com\/de\/wp-json\/wp\/v2\/comments?post=2399"}],"version-history":[{"count":33,"href":"https:\/\/www.nordex-online.com\/de\/wp-json\/wp\/v2\/pages\/2399\/revisions"}],"predecessor-version":[{"id":6704,"href":"https:\/\/www.nordex-online.com\/de\/wp-json\/wp\/v2\/pages\/2399\/revisions\/6704"}],"up":[{"embeddable":true,"href":"https:\/\/www.nordex-online.com\/de\/wp-json\/wp\/v2\/pages\/2372"}],"wp:featuredmedia":[{"embeddable":true,"href":"https:\/\/www.nordex-online.com\/de\/wp-json\/wp\/v2\/media\/5982"}],"wp:attachment":[{"href":"https:\/\/www.nordex-online.com\/de\/wp-json\/wp\/v2\/media?parent=2399"}],"curies":[{"name":"wp","href":"https:\/\/api.w.org\/{rel}","templated":true}]}}