{"id":2372,"date":"2019-11-27T09:24:35","date_gmt":"2019-11-27T09:24:35","guid":{"rendered":"https:\/\/www.nordex-online.com\/de\/?page_id=2372"},"modified":"2025-11-04T15:57:14","modified_gmt":"2025-11-04T15:57:14","slug":"service","status":"publish","type":"page","link":"https:\/\/www.nordex-online.com\/de\/service\/","title":{"rendered":"Service"},"content":{"rendered":"\n<div class=\"wp-block-cover alignfull is-light is-style-default\" style=\"min-height:340px;aspect-ratio:unset;\"><video class=\"wp-block-cover__video-background intrinsic-ignore\" autoplay muted loop playsinline src=\"https:\/\/www.nordex-online.com\/wp-content\/uploads\/sites\/3\/2021\/07\/Service-Final.mp4\" data-object-fit=\"cover\"><\/video><span aria-hidden=\"true\" class=\"wp-block-cover__background has-background-dim-10 has-background-dim\"><\/span><div class=\"wp-block-cover__inner-container is-layout-flow wp-block-cover-is-layout-flow\">\n<p class=\"has-text-align-center has-white-color has-text-color has-large-font-size\">DER SERVICE MACHT DEN UNTERSCHIED<\/p>\n<\/div><\/div>\n\n\n\n<div class=\"wp-block-nordex-heading is-style-underline nordex-heading wp-block-columns has-4-columns\"><div class=\"nordex-heading__chapter wp-block-column\"><span class=\"nordex-heading__chapter-title\">01<\/span><span class=\"nordex-heading__chapter-subtitle\">05<\/span><\/div><div class=\"nordex-heading__heading wp-block-column\"><h3 class=\"nordex-heading__heading-title\">Nordex Service<\/h3><\/div><div class=\"nordex-heading__subhead wp-block-column\"><p class=\"nordex-heading__subhead-title\"><\/p><\/div><div class=\"nordex-heading__button wp-block-column\"><\/div><\/div>\n\n\n\n<div class=\"wp-block-nordex-text wp-block-nordex-text--headline-two-block-paragraphs\">\n<div class=\"wp-block-nordex-columns wp-block-nordex-columns--one-one-one wp-block-columns has-3-columns\">\n<div class=\"wp-block-nordex-column wp-block-column\">\n<h3 class=\"wp-block-heading\" id=\"h-nichts-passt-besser-zu-nordex-turbinen-als-der-service-der-nordex-group\">Nichts passt besser zu Nordex Turbinen als der Service der Nordex Group    <\/h3>\n<\/div>\n\n\n\n<div class=\"wp-block-nordex-column wp-block-column\">\n<p>Wind so effizient wie m\u00f6glich zu nutzen, maximale Energie-Ertr\u00e4ge zu sichern und so die Stromgestehungskosten zu senken ist nicht nur bei der Entwicklung unserer Turbinen unsere Maxime. Dieser Aspekt bleibt f\u00fcr die gesamte Lebensdauer unser Anlagen im Fokus. <br><br>Weltweit haben alle Service-Mitarbeitenden daher ein gemeinsames Ziel: Die Minimierung von Ausfallzeiten und somit die Steigerung des Ertrags. Unsere Kunden profotieren von technischem Wissen und Daten aus 40 Jahren Erfahrung sowie von einem weltweiten Netzwerk lokaler Service-Teams vor Ort: Dezentrale Regionalb\u00fcros sind die direkten Ansprechpartner f\u00fcr unsere Kunden.<br><br>Rund 380 Service-Points weltweit sorgen f\u00fcr kurzfristige Erreichbarkeit, schnelle L\u00f6sungen und regionale Kompetenz. Unsere nach globalen Standards qualifizierten Service-Teams stellen Wartungs- und Reparaturarbeiten in hoher Qualit\u00e4t sicher.<\/p>\n<\/div>\n\n\n\n<div class=\"wp-block-nordex-column wp-block-column\">\n<p>Das Nordex Spare-Part-Management erm\u00f6glicht die zeitnahe und kosteneffiziente Durchf\u00fchrung von erforderlichen Wartungs- und Reparaturarbeiten. Digitale Initiativen und moderne Service-Konzepte reduzieren Ausfallszeiten. <br><br>Um individuellen Kundenanforderungen optimal gerecht zu werden, decken unsere flexiblen Vertragsmodelle Service- und Wartungsleistungen modular gestaltbar ab. <br><br>Mit dem Ziel, die Ertr\u00e4ge und damit den Return on Investment von Bestandsanlagen kontinuierlich zu optimieren, machen wir mit den \u201eUpgrade\u201c-Produkten die neusten technischen Entwicklungen auch f\u00fcr die Bestandsflotten unserer Kunden einsetzbar. <br><br>Ausgezeichnete Servicequalit\u00e4t bedeutet f\u00fcr uns, unser Angebot immer am individuellen Bedarf unseres Kunden auszurichten. <\/p>\n<\/div>\n<\/div>\n<\/div>\n\n\n\n<div class=\"wp-block-nordex-image-text nordex-image-text wp-block-columns wp-block-nordex-columns has-2-columns\"><div class=\"nordex-image-text__left wp-block-column wp-block-nordex-column\">\n<figure class=\"wp-block-image size-large\"><img loading=\"lazy\" decoding=\"async\" width=\"1024\" height=\"682\" src=\"https:\/\/www.nordex-online.com\/wp-content\/uploads\/sites\/3\/2025\/02\/DJI_0183-1024x682.jpg\" alt=\"\" class=\"wp-image-44177\" srcset=\"https:\/\/www.nordex-online.com\/wp-content\/uploads\/sites\/3\/2025\/02\/DJI_0183-1024x682.jpg 1024w, https:\/\/www.nordex-online.com\/wp-content\/uploads\/sites\/3\/2025\/02\/DJI_0183-300x200.jpg 300w, https:\/\/www.nordex-online.com\/wp-content\/uploads\/sites\/3\/2025\/02\/DJI_0183-768x512.jpg 768w, https:\/\/www.nordex-online.com\/wp-content\/uploads\/sites\/3\/2025\/02\/DJI_0183-1536x1023.jpg 1536w, https:\/\/www.nordex-online.com\/wp-content\/uploads\/sites\/3\/2025\/02\/DJI_0183-2048x1364.jpg 2048w\" sizes=\"auto, (max-width: 1024px) 100vw, 1024px\" \/><\/figure>\n<\/div><div class=\"nordex-image-text__right wp-block-column wp-block-nordex-column\"><div class=\"nordex-image-text__container\"><h2><\/h2><p class=\"nordex-image-text__subtitle\" style=\"color:#0e5783\">DER SERVICE MACHT DEN UNTERSCHIED<\/p><p class=\"nordex-image-text__content\">Enge und langj\u00e4hrige Kundenbeziehungen, bedarfsgerechte Produkte, moderne Service-Konzepte und der konsequente Fokus  auf die Reduzierung von Stromgestehungskosten machen uns zum besten Partner auf der Site. <\/p><\/div><\/div><\/div>\n\n\n\n<div class=\"wp-block-nordex-heading is-style-underline nordex-heading wp-block-columns has-4-columns\"><div class=\"nordex-heading__chapter wp-block-column\"><span class=\"nordex-heading__chapter-title\">02<\/span><span class=\"nordex-heading__chapter-subtitle\">05<\/span><\/div><div class=\"nordex-heading__heading wp-block-column\"><h3 class=\"nordex-heading__heading-title\">Remote &amp; Vor-Ort Support<\/h3><\/div><div class=\"nordex-heading__subhead wp-block-column\"><p class=\"nordex-heading__subhead-title\"><\/p><\/div><div class=\"nordex-heading__button wp-block-column\"><\/div><\/div>\n\n\n\n<div class=\"wp-block-nordex-text wp-block-nordex-text--headline-two-block-paragraphs\">\n<div class=\"wp-block-nordex-columns wp-block-nordex-columns--one-one-one wp-block-columns has-3-columns\">\n<div class=\"wp-block-nordex-column wp-block-column\">\n<h3 class=\"wp-block-heading\" id=\"h-die-wichtigsten-ziele-ausfallzeiten-minimieren-ertrage-maximieren\">Die wichtigsten Ziele: Ausfallzeiten minimieren,  Ertr\u00e4ge maximieren <\/h3>\n<\/div>\n\n\n\n<div class=\"wp-block-nordex-column wp-block-column\">\n<p>Wir kennen unsere Turbinen wie kein anderer. Langj\u00e4hrige und umfangreiche Daten und moderne Analyseverfahren erlauben es uns, m\u00f6gliche Schwachstellen und Sch\u00e4den fr\u00fchzeitig erkennen zu k\u00f6nnen. Durch den kontinuierlichen Informationsfluss zwischen unserer Zentrale und den Tochtergesellschaften profitieren die Kunden von den neuesten Forschungs- und Entwicklungsergebnissen, der Kenntnis der aktuellen Marktanforderungen sowie der schnellen L\u00f6sung technischer Probleme. <br>Die Kombination aus Hersteller-Expertise, jahrzehntelange Erfahrung als Service-Anbieter und das Zusammenspiel zwischen Vor-Ort-Service durch lokale Service-Teams und unseren Fachkr\u00e4ften in der Zentrale macht die Qualit\u00e4t unseres Service-Angebots aus. <\/p>\n<\/div>\n\n\n\n<div class=\"wp-block-nordex-column wp-block-column\">\n<p>Das Trainings-Angebot der Nordex Group qualifiziert die Service-Teams in den Regionen dazu, Reparaturen, regelm\u00e4\u00dfige Wartungsleistungen und den Austausch einzelner Komponenten eigenst\u00e4ndig durchzuf\u00fchren, um die Turbinen technisch stets auf dem neusten Stand betreiben zu k\u00f6nnen. <br><br>Damit unsere Kunden \u00fcberall von bestm\u00f6glichen Service profitieren k\u00f6nnen, bilden wir unsere Mitarbeitenden weltweit nach einem einheitlichen globalen Standard aus.<br><br>Sicherheit, Qualit\u00e4t und lokale Expertise \u2013 damit stellen unsere erfahrenen Service-Teams sicher, dass Ihre Anlagen reibungslos funktionieren. <\/p>\n<\/div>\n<\/div>\n<\/div>\n\n\n\n<div class=\"wp-block-nordex-heading is-style-underline nordex-heading wp-block-columns has-4-columns\"><div class=\"nordex-heading__chapter wp-block-column\"><span class=\"nordex-heading__chapter-title\">02<\/span><span class=\"nordex-heading__chapter-subtitle\">05<\/span><\/div><div class=\"nordex-heading__heading wp-block-column\"><h3 class=\"nordex-heading__heading-title\">Service Hotline<\/h3><\/div><div class=\"nordex-heading__subhead wp-block-column\"><p class=\"nordex-heading__subhead-title\"><\/p><\/div><div class=\"nordex-heading__button wp-block-column\"><\/div><\/div>\n\n\n\n<div class=\"wp-block-cover is-light\"><img loading=\"lazy\" decoding=\"async\" width=\"2560\" height=\"1706\" class=\"wp-block-cover__image-background wp-image-44229\" alt=\"\" src=\"https:\/\/www.nordex-online.com\/wp-content\/uploads\/sites\/3\/2025\/03\/Nordex-Recruiting-campaign_2390_web-scaled.jpg\" data-object-fit=\"cover\" srcset=\"https:\/\/www.nordex-online.com\/wp-content\/uploads\/sites\/3\/2025\/03\/Nordex-Recruiting-campaign_2390_web-scaled.jpg 2560w, https:\/\/www.nordex-online.com\/wp-content\/uploads\/sites\/3\/2025\/03\/Nordex-Recruiting-campaign_2390_web-300x200.jpg 300w, https:\/\/www.nordex-online.com\/wp-content\/uploads\/sites\/3\/2025\/03\/Nordex-Recruiting-campaign_2390_web-1024x683.jpg 1024w, https:\/\/www.nordex-online.com\/wp-content\/uploads\/sites\/3\/2025\/03\/Nordex-Recruiting-campaign_2390_web-768x512.jpg 768w, https:\/\/www.nordex-online.com\/wp-content\/uploads\/sites\/3\/2025\/03\/Nordex-Recruiting-campaign_2390_web-1536x1024.jpg 1536w, https:\/\/www.nordex-online.com\/wp-content\/uploads\/sites\/3\/2025\/03\/Nordex-Recruiting-campaign_2390_web-2048x1365.jpg 2048w\" sizes=\"auto, (max-width: 2560px) 100vw, 2560px\" \/><span aria-hidden=\"true\" class=\"wp-block-cover__background has-grey-85-background-color has-background-dim-40 has-background-dim\"><\/span><div class=\"wp-block-cover__inner-container is-layout-flow wp-block-cover-is-layout-flow\">\n<p class=\"has-white-color has-text-color has-large-font-size\"><strong>RUND UM DIE UHR F\u00dcR SIE IM EINSATZ<\/strong><\/p>\n\n\n\n<p class=\"has-white-color has-text-color has-large-font-size\"> <strong>Tel: +49 381 6663 3728 <\/strong> <\/p>\n\n\n\n<p class=\"has-white-color has-text-color has-large-font-size\">Das Angebot speziell f\u00fcr Vertragskunden:  Sollte der lokale Kontakt nicht unmittelbar erreichbar sein, unterst\u00fctzt unsere Service-Hotline rund um die Uhr. <\/p>\n<\/div><\/div>\n\n\n\n<div class=\"wp-block-nordex-heading is-style-underline nordex-heading wp-block-columns has-4-columns\"><div class=\"nordex-heading__chapter wp-block-column\"><span class=\"nordex-heading__chapter-title\">04<\/span><span class=\"nordex-heading__chapter-subtitle\">05<\/span><\/div><div class=\"nordex-heading__heading wp-block-column\"><h3 class=\"nordex-heading__heading-title\">Digitale Services <\/h3><\/div><div class=\"nordex-heading__subhead wp-block-column\"><p class=\"nordex-heading__subhead-title\"><\/p><\/div><div class=\"nordex-heading__button wp-block-column\"><\/div><\/div>\n\n\n\n<div class=\"wp-block-nordex-text wp-block-nordex-text--headline-two-block-paragraphs\">\n<div class=\"wp-block-nordex-columns wp-block-nordex-columns--one-one-one wp-block-columns has-3-columns\">\n<div class=\"wp-block-nordex-column wp-block-column\">\n<h3 class=\"wp-block-heading\" id=\"h-digitale-services-amp-moderne-konzepte\">Digitale Services &amp; Moderne  Konzepte <\/h3>\n<\/div>\n\n\n\n<div class=\"wp-block-nordex-column wp-block-column\">\n<p>Die Themenfelder Big Data und Digitalisierung spielen f\u00fcr die Nordex Group eine wichtige Rolle. Basierend auf diesen Trends arbeiten wir an der digitalen Zukunft von Windparks und Servicegesch\u00e4ft. <br><br>Erfolgreich treiben wir verschiedene Initiativen zu den Themen Industrial Internet of Things (IIoT), zum Condition-Monitoring und Dispatching-Tools voran. <br><br>Zus\u00e4tzlich zu dem fortlaufenden Monitoring zentraler Komponenten nutzt das Programm \u201ePredict to prevent\u201c auf SCADA-Daten basierende, maschinelle Lernmodelle, um fr\u00fchzeitig drohende Ausf\u00e4lle einzelner Komponenten zu identifizieren.  <\/p>\n<\/div>\n\n\n\n<div class=\"wp-block-nordex-column wp-block-column\">\n<p>Mit pr\u00e4ventiven Ma\u00dfnahmen k\u00f6nnen so Ausfallzeiten reduziert und Kosten f\u00fcr Komponenten-Sch\u00e4den vermieden werden. <br><br>Unsere Fachkr\u00e4fte im Bereich Digital- und Data-Analyse entwickeln fortw\u00e4hrend innovative Ans\u00e4tze und intelligente L\u00f6sungen, um in Windparks Transparenz und Planungssicherheit zu erh\u00f6hen und Ertragseinbu\u00dfen durch Ausfallzeiten auf ein Minimum zu beschr\u00e4nken. <\/p>\n<\/div>\n<\/div>\n<\/div>\n\n\n\n<div class=\"wp-block-nordex-heading is-style-underline nordex-heading wp-block-columns has-4-columns\"><div class=\"nordex-heading__chapter wp-block-column\"><span class=\"nordex-heading__chapter-title\">05<\/span><span class=\"nordex-heading__chapter-subtitle\">05<\/span><\/div><div class=\"nordex-heading__heading wp-block-column\"><h3 class=\"nordex-heading__heading-title\">Mehr erfahren<\/h3><\/div><div class=\"nordex-heading__subhead wp-block-column\"><p class=\"nordex-heading__subhead-title\"><\/p><\/div><div class=\"nordex-heading__button wp-block-column\"><\/div><\/div>\n\n\n\n<div class=\"wp-block-columns is-style-nordex-gaps is-layout-flex wp-container-core-columns-is-layout-28f84493 wp-block-columns-is-layout-flex\">\n<div class=\"wp-block-column is-layout-flow wp-block-column-is-layout-flow\">\n<div class=\"wp-block-nordex-tile wp-block-nordex-tile--portrait\"><a class=\"wp-block-nordex-tile__button\" href=\"https:\/\/www.nordex-online.com\/de\/service\/upgrades\/\"><div class=\"wp-block-nordex-tile__image\" style=\"background-image:url(https:\/\/www.nordex-online.com\/wp-content\/uploads\/sites\/2\/2019\/11\/21UMertens.png)\"><\/div><p class=\"wp-block-nordex-tile__title\">UPGRADES<\/p><p class=\"wp-block-button is-style-underline\"><span class=\"wp-block-button__link\">Mehr erfahren<\/span><\/p><\/a><\/div>\n<\/div>\n\n\n\n<div class=\"wp-block-column is-layout-flow wp-block-column-is-layout-flow\">\n<div class=\"wp-block-nordex-tile wp-block-nordex-tile--portrait\"><a class=\"wp-block-nordex-tile__button\" href=\"https:\/\/www.nordex-online.com\/de\/service\/wartung-service\/\"><div class=\"wp-block-nordex-tile__image\" style=\"background-image:url(https:\/\/www.nordex-online.com\/wp-content\/uploads\/sites\/3\/2021\/07\/2.jpg)\"><\/div><p class=\"wp-block-nordex-tile__title\">WARTUNG<\/p><p class=\"wp-block-button is-style-underline\"><span class=\"wp-block-button__link\">Mehr erfahren <\/span><\/p><\/a><\/div>\n<\/div>\n\n\n\n<div class=\"wp-block-column is-layout-flow wp-block-column-is-layout-flow\">\n<div class=\"wp-block-nordex-tile wp-block-nordex-tile--portrait\"><a class=\"wp-block-nordex-tile__button\" href=\"https:\/\/www.nordex-online.com\/de\/trainings-bei-der-nordex-group\/\"><div class=\"wp-block-nordex-tile__image\" style=\"background-image:url(https:\/\/www.nordex-online.com\/wp-content\/uploads\/sites\/3\/2023\/10\/GTA-400x460.png)\"><\/div><p class=\"wp-block-nordex-tile__title\">TECHNISCHE TRAININGS<\/p><p class=\"wp-block-button is-style-underline\"><span class=\"wp-block-button__link\">Mehr erfahren <\/span><\/p><\/a><\/div>\n<\/div>\n<\/div>\n","protected":false},"excerpt":{"rendered":"","protected":false},"author":5,"featured_media":5981,"parent":0,"menu_order":0,"comment_status":"closed","ping_status":"closed","template":"","meta":{"_trash_the_other_posts":false,"editor_notices":[],"footnotes":""},"class_list":["post-2372","page","type-page","status-publish","has-post-thumbnail","hentry"],"yoast_head":"<!-- This site is optimized with the Yoast SEO Premium plugin v27.3 (Yoast SEO v27.3) - https:\/\/yoast.com\/product\/yoast-seo-premium-wordpress\/ -->\n<title>Service - Nordex SE - Deutsch<\/title>\n<meta name=\"description\" content=\"Basierend auf 40-j\u00e4hriger Erfahrung als Hersteller in der Windindustrie, bietet die Nordex Group einen zuverl\u00e4ssigen und qualitativ hochwertigen Service.\" \/>\n<meta name=\"robots\" content=\"index, follow, max-snippet:-1, max-image-preview:large, max-video-preview:-1\" \/>\n<link rel=\"canonical\" href=\"https:\/\/www.nordex-online.com\/de\/service\/\" \/>\n<meta property=\"og:locale\" content=\"de_DE\" \/>\n<meta property=\"og:type\" content=\"article\" \/>\n<meta property=\"og:title\" content=\"Service\" \/>\n<meta property=\"og:description\" content=\"Basierend auf 40-j\u00e4hriger Erfahrung als Hersteller in der Windindustrie, bietet die Nordex Group einen zuverl\u00e4ssigen und qualitativ hochwertigen Service.\" \/>\n<meta property=\"og:url\" content=\"https:\/\/www.nordex-online.com\/de\/service\/\" \/>\n<meta property=\"og:site_name\" content=\"Nordex SE - Deutsch\" \/>\n<meta property=\"article:modified_time\" content=\"2025-11-04T15:57:14+00:00\" \/>\n<meta property=\"og:image\" content=\"https:\/\/www.nordex-online.com\/wp-content\/uploads\/sites\/3\/2021\/07\/1.jpg\" \/>\n\t<meta property=\"og:image:width\" content=\"387\" \/>\n\t<meta property=\"og:image:height\" content=\"450\" \/>\n\t<meta property=\"og:image:type\" content=\"image\/jpeg\" \/>\n<meta name=\"twitter:card\" content=\"summary_large_image\" \/>\n<meta name=\"twitter:label1\" content=\"Gesch\u00e4tzte Lesezeit\" \/>\n\t<meta name=\"twitter:data1\" content=\"4\u00a0Minuten\" \/>\n<script type=\"application\/ld+json\" class=\"yoast-schema-graph\">{\"@context\":\"https:\\\/\\\/schema.org\",\"@graph\":[{\"@type\":\"WebPage\",\"@id\":\"https:\\\/\\\/www.nordex-online.com\\\/de\\\/service\\\/\",\"url\":\"https:\\\/\\\/www.nordex-online.com\\\/de\\\/service\\\/\",\"name\":\"Service - Nordex SE - Deutsch\",\"isPartOf\":{\"@id\":\"https:\\\/\\\/www.nordex-online.com\\\/de\\\/#website\"},\"primaryImageOfPage\":{\"@id\":\"https:\\\/\\\/www.nordex-online.com\\\/de\\\/service\\\/#primaryimage\"},\"image\":{\"@id\":\"https:\\\/\\\/www.nordex-online.com\\\/de\\\/service\\\/#primaryimage\"},\"thumbnailUrl\":\"https:\\\/\\\/www.nordex-online.com\\\/wp-content\\\/uploads\\\/sites\\\/3\\\/2021\\\/07\\\/1.jpg\",\"datePublished\":\"2019-11-27T09:24:35+00:00\",\"dateModified\":\"2025-11-04T15:57:14+00:00\",\"description\":\"Basierend auf 40-j\u00e4hriger Erfahrung als Hersteller in der Windindustrie, bietet die Nordex Group einen zuverl\u00e4ssigen und qualitativ hochwertigen Service.\",\"breadcrumb\":{\"@id\":\"https:\\\/\\\/www.nordex-online.com\\\/de\\\/service\\\/#breadcrumb\"},\"inLanguage\":\"de\",\"potentialAction\":[{\"@type\":\"ReadAction\",\"target\":[\"https:\\\/\\\/www.nordex-online.com\\\/de\\\/service\\\/\"]}]},{\"@type\":\"ImageObject\",\"inLanguage\":\"de\",\"@id\":\"https:\\\/\\\/www.nordex-online.com\\\/de\\\/service\\\/#primaryimage\",\"url\":\"https:\\\/\\\/www.nordex-online.com\\\/wp-content\\\/uploads\\\/sites\\\/3\\\/2021\\\/07\\\/1.jpg\",\"contentUrl\":\"https:\\\/\\\/www.nordex-online.com\\\/wp-content\\\/uploads\\\/sites\\\/3\\\/2021\\\/07\\\/1.jpg\",\"width\":387,\"height\":450},{\"@type\":\"BreadcrumbList\",\"@id\":\"https:\\\/\\\/www.nordex-online.com\\\/de\\\/service\\\/#breadcrumb\",\"itemListElement\":[{\"@type\":\"ListItem\",\"position\":1,\"name\":\"Home\",\"item\":\"https:\\\/\\\/www.nordex-online.com\\\/de\\\/\"},{\"@type\":\"ListItem\",\"position\":2,\"name\":\"Service\"}]},{\"@type\":\"WebSite\",\"@id\":\"https:\\\/\\\/www.nordex-online.com\\\/de\\\/#website\",\"url\":\"https:\\\/\\\/www.nordex-online.com\\\/de\\\/\",\"name\":\"Nordex SE - Deutsch\",\"description\":\"Manufacture, installation and maintenance of wind turbines.\",\"publisher\":{\"@id\":\"https:\\\/\\\/www.nordex-online.com\\\/de\\\/#organization\"},\"potentialAction\":[{\"@type\":\"SearchAction\",\"target\":{\"@type\":\"EntryPoint\",\"urlTemplate\":\"https:\\\/\\\/www.nordex-online.com\\\/de\\\/?s={search_term_string}\"},\"query-input\":{\"@type\":\"PropertyValueSpecification\",\"valueRequired\":true,\"valueName\":\"search_term_string\"}}],\"inLanguage\":\"de\"},{\"@type\":\"Organization\",\"@id\":\"https:\\\/\\\/www.nordex-online.com\\\/de\\\/#organization\",\"name\":\"Nordex SE - Deutsch\",\"url\":\"https:\\\/\\\/www.nordex-online.com\\\/de\\\/\",\"logo\":{\"@type\":\"ImageObject\",\"inLanguage\":\"de\",\"@id\":\"https:\\\/\\\/www.nordex-online.com\\\/de\\\/#\\\/schema\\\/logo\\\/image\\\/\",\"url\":\"https:\\\/\\\/www.nordex-online.com\\\/wp-content\\\/uploads\\\/sites\\\/3\\\/2024\\\/07\\\/cropped-cropped-Combined-Logos_cmyk_PNG.png\",\"contentUrl\":\"https:\\\/\\\/www.nordex-online.com\\\/wp-content\\\/uploads\\\/sites\\\/3\\\/2024\\\/07\\\/cropped-cropped-Combined-Logos_cmyk_PNG.png\",\"width\":1181,\"height\":353,\"caption\":\"Nordex SE - Deutsch\"},\"image\":{\"@id\":\"https:\\\/\\\/www.nordex-online.com\\\/de\\\/#\\\/schema\\\/logo\\\/image\\\/\"}}]}<\/script>\n<!-- \/ Yoast SEO Premium plugin. -->","yoast_head_json":{"title":"Service - Nordex SE - Deutsch","description":"Basierend auf 40-j\u00e4hriger Erfahrung als Hersteller in der Windindustrie, bietet die Nordex Group einen zuverl\u00e4ssigen und qualitativ hochwertigen Service.","robots":{"index":"index","follow":"follow","max-snippet":"max-snippet:-1","max-image-preview":"max-image-preview:large","max-video-preview":"max-video-preview:-1"},"canonical":"https:\/\/www.nordex-online.com\/de\/service\/","og_locale":"de_DE","og_type":"article","og_title":"Service","og_description":"Basierend auf 40-j\u00e4hriger Erfahrung als Hersteller in der Windindustrie, bietet die Nordex Group einen zuverl\u00e4ssigen und qualitativ hochwertigen Service.","og_url":"https:\/\/www.nordex-online.com\/de\/service\/","og_site_name":"Nordex SE - Deutsch","article_modified_time":"2025-11-04T15:57:14+00:00","og_image":[{"width":387,"height":450,"url":"https:\/\/www.nordex-online.com\/wp-content\/uploads\/sites\/3\/2021\/07\/1.jpg","type":"image\/jpeg"}],"twitter_card":"summary_large_image","twitter_misc":{"Gesch\u00e4tzte Lesezeit":"4\u00a0Minuten"},"schema":{"@context":"https:\/\/schema.org","@graph":[{"@type":"WebPage","@id":"https:\/\/www.nordex-online.com\/de\/service\/","url":"https:\/\/www.nordex-online.com\/de\/service\/","name":"Service - Nordex SE - Deutsch","isPartOf":{"@id":"https:\/\/www.nordex-online.com\/de\/#website"},"primaryImageOfPage":{"@id":"https:\/\/www.nordex-online.com\/de\/service\/#primaryimage"},"image":{"@id":"https:\/\/www.nordex-online.com\/de\/service\/#primaryimage"},"thumbnailUrl":"https:\/\/www.nordex-online.com\/wp-content\/uploads\/sites\/3\/2021\/07\/1.jpg","datePublished":"2019-11-27T09:24:35+00:00","dateModified":"2025-11-04T15:57:14+00:00","description":"Basierend auf 40-j\u00e4hriger Erfahrung als Hersteller in der Windindustrie, bietet die Nordex Group einen zuverl\u00e4ssigen und qualitativ hochwertigen Service.","breadcrumb":{"@id":"https:\/\/www.nordex-online.com\/de\/service\/#breadcrumb"},"inLanguage":"de","potentialAction":[{"@type":"ReadAction","target":["https:\/\/www.nordex-online.com\/de\/service\/"]}]},{"@type":"ImageObject","inLanguage":"de","@id":"https:\/\/www.nordex-online.com\/de\/service\/#primaryimage","url":"https:\/\/www.nordex-online.com\/wp-content\/uploads\/sites\/3\/2021\/07\/1.jpg","contentUrl":"https:\/\/www.nordex-online.com\/wp-content\/uploads\/sites\/3\/2021\/07\/1.jpg","width":387,"height":450},{"@type":"BreadcrumbList","@id":"https:\/\/www.nordex-online.com\/de\/service\/#breadcrumb","itemListElement":[{"@type":"ListItem","position":1,"name":"Home","item":"https:\/\/www.nordex-online.com\/de\/"},{"@type":"ListItem","position":2,"name":"Service"}]},{"@type":"WebSite","@id":"https:\/\/www.nordex-online.com\/de\/#website","url":"https:\/\/www.nordex-online.com\/de\/","name":"Nordex SE - Deutsch","description":"Manufacture, installation and maintenance of wind turbines.","publisher":{"@id":"https:\/\/www.nordex-online.com\/de\/#organization"},"potentialAction":[{"@type":"SearchAction","target":{"@type":"EntryPoint","urlTemplate":"https:\/\/www.nordex-online.com\/de\/?s={search_term_string}"},"query-input":{"@type":"PropertyValueSpecification","valueRequired":true,"valueName":"search_term_string"}}],"inLanguage":"de"},{"@type":"Organization","@id":"https:\/\/www.nordex-online.com\/de\/#organization","name":"Nordex SE - Deutsch","url":"https:\/\/www.nordex-online.com\/de\/","logo":{"@type":"ImageObject","inLanguage":"de","@id":"https:\/\/www.nordex-online.com\/de\/#\/schema\/logo\/image\/","url":"https:\/\/www.nordex-online.com\/wp-content\/uploads\/sites\/3\/2024\/07\/cropped-cropped-Combined-Logos_cmyk_PNG.png","contentUrl":"https:\/\/www.nordex-online.com\/wp-content\/uploads\/sites\/3\/2024\/07\/cropped-cropped-Combined-Logos_cmyk_PNG.png","width":1181,"height":353,"caption":"Nordex SE - Deutsch"},"image":{"@id":"https:\/\/www.nordex-online.com\/de\/#\/schema\/logo\/image\/"}}]}},"_links":{"self":[{"href":"https:\/\/www.nordex-online.com\/de\/wp-json\/wp\/v2\/pages\/2372","targetHints":{"allow":["GET"]}}],"collection":[{"href":"https:\/\/www.nordex-online.com\/de\/wp-json\/wp\/v2\/pages"}],"about":[{"href":"https:\/\/www.nordex-online.com\/de\/wp-json\/wp\/v2\/types\/page"}],"author":[{"embeddable":true,"href":"https:\/\/www.nordex-online.com\/de\/wp-json\/wp\/v2\/users\/5"}],"replies":[{"embeddable":true,"href":"https:\/\/www.nordex-online.com\/de\/wp-json\/wp\/v2\/comments?post=2372"}],"version-history":[{"count":44,"href":"https:\/\/www.nordex-online.com\/de\/wp-json\/wp\/v2\/pages\/2372\/revisions"}],"predecessor-version":[{"id":46604,"href":"https:\/\/www.nordex-online.com\/de\/wp-json\/wp\/v2\/pages\/2372\/revisions\/46604"}],"wp:featuredmedia":[{"embeddable":true,"href":"https:\/\/www.nordex-online.com\/de\/wp-json\/wp\/v2\/media\/5981"}],"wp:attachment":[{"href":"https:\/\/www.nordex-online.com\/de\/wp-json\/wp\/v2\/media?parent=2372"}],"curies":[{"name":"wp","href":"https:\/\/api.w.org\/{rel}","templated":true}]}}