{"id":2325,"date":"2019-11-26T20:18:42","date_gmt":"2019-11-26T20:18:42","guid":{"rendered":"https:\/\/www.nordex-online.com\/de\/?page_id=2325"},"modified":"2025-11-04T16:08:17","modified_gmt":"2025-11-04T16:08:17","slug":"karriere","status":"publish","type":"page","link":"https:\/\/www.nordex-online.com\/de\/karriere\/","title":{"rendered":"Karriere"},"content":{"rendered":"\n<div class=\"wp-block-cover alignfull is-light\" style=\"min-height:340px;aspect-ratio:unset;\"><img decoding=\"async\" class=\"wp-block-cover__image-background wp-image-49776\" alt=\"\" src=\"https:\/\/www.nordex-online.com\/wp-content\/uploads\/sites\/2\/2025\/03\/Career-Headers-Website-12.jpg\" data-object-fit=\"cover\"\/><span aria-hidden=\"true\" class=\"wp-block-cover__background has-grey-85-background-color has-background-dim-40 has-background-dim\"><\/span><div class=\"wp-block-cover__inner-container is-layout-constrained wp-block-cover-is-layout-constrained\">\n<p class=\"has-text-align-center has-white-color has-text-color has-link-color has-large-font-size wp-elements-399fbf7ac0274b8035a05c4d5a7c9c7d\">#TEAMUP. F\u00dcR EINE GR\u00dcNERE ZUKUNFT.<\/p>\n<\/div><\/div>\n\n\n\n<div class=\"wp-block-nordex-heading is-style-underline nordex-heading wp-block-columns has-4-columns\"><div class=\"nordex-heading__chapter wp-block-column\"><span class=\"nordex-heading__chapter-title\">01<\/span><span class=\"nordex-heading__chapter-subtitle\">04<\/span><\/div><div class=\"nordex-heading__heading wp-block-column\"><h3 class=\"nordex-heading__heading-title\">Wer wir sind<\/h3><\/div><div class=\"nordex-heading__subhead wp-block-column\"><p class=\"nordex-heading__subhead-title\"><\/p><\/div><div class=\"nordex-heading__button wp-block-column\"><\/div><\/div>\n\n\n\n<div class=\"wp-block-nordex-text wp-block-nordex-text--headline-one-block-paragraph\">\n<div class=\"wp-block-nordex-columns wp-block-nordex-columns--one-two wp-block-columns has-2-columns\">\n<div class=\"wp-block-nordex-column wp-block-column\">\n<h3 class=\"wp-block-heading\" id=\"h-powered-by-nature-and-driven-by-passionate-people\">POWERED BY NATURE AND DRIVEN BY PASSIONATE PEOPLE<\/h3>\n<\/div>\n\n\n\n<div class=\"wp-block-nordex-column wp-block-column\">\n<p>Mit \u00fcber 10.900 Mitarbeiterinnen und Mitarbeitern weltweit z\u00e4hlt die Nordex Group zu den f\u00fchrenden Herstellern von Windkraftanlagen im Onshore-Bereich. Seit unserer Gr\u00fcndung im Jahr 1985 entwickeln, fertigen und warten wir Windenergieanlagen und bringen unsere Erfahrungen aus 4 Jahrzehnten in jedes Projekt ein.<br>Unsere Windkraftanlagen sind in \u00fcber 40 L\u00e4ndern im Einsatz und leisten einen wichtigen Beitrag zur globalen Energiewende \u2013 mit bezahlbarer und umweltfreundlicher Energie. Wir sind ein internationales Team, das mit Leidenschaft und Agilit\u00e4t gemeinsam die gesteckten Ziele erreicht. Bei #TeamNordex erwartet dich ein offenes Miteinander, ein kooperatives Umfeld und Raum f\u00fcr Ideen, die wirklich etwas bewegen.<\/p>\n<\/div>\n<\/div>\n<\/div>\n\n\n\n<p class=\"has-blue-100-color has-text-color has-link-color has-medium-font-size wp-elements-88b85ccb106d2f83e5ae66a8ae01819a\"><strong>DIE NORDEX GROUP IN ZAHLEN<\/strong><\/p>\n\n\n\n<div class=\"wp-block-nordex-products-numbers ndx-numbers wp-block-columns is-style-nordex-gaps\"><div class=\"wp-block-nordex-column wp-block-column\"><div class=\"metric -large-number\"><div class=\"metric__title\"><h3>~ 10.900<\/h3><\/div><div class=\"metric__description\"><p>MITARBEITENDE WELTWEIT<\/p><\/div><\/div><\/div><div class=\"wp-block-nordex-column wp-block-column\"><div class=\"metric -large-number\"><div class=\"metric__title\"><h3>~ 100<\/h3><\/div><div class=\"metric__description\"><p>NATIONALIT\u00c4TEN<\/p><\/div><\/div><\/div><div class=\"wp-block-nordex-column wp-block-column\"><div class=\"metric -large-number\"><div class=\"metric__title\"><h3>> 40<\/h3><\/div><div class=\"metric__description\"><p>L\u00c4NDER<\/p><\/div><\/div><\/div><\/div>\n\n\n\n<div class=\"wp-block-nordex-products-numbers ndx-numbers wp-block-columns is-style-nordex-gaps\"><div class=\"wp-block-nordex-column wp-block-column\"><div class=\"metric -large-number\"><div class=\"metric__title\"><h3>~ 21.000<\/h3><\/div><div class=\"metric__description\"><p>INSTALLIERTE WINDKRAFTANLAGEN<\/p><\/div><\/div><\/div><div class=\"wp-block-nordex-column wp-block-column\"><div class=\"metric -large-number\"><div class=\"metric__title\"><h3>~ 61 GW<\/h3><\/div><div class=\"metric__description\"><p>INSTALLIERTE WINDENERGIE-LEISTUNG<\/p><\/div><\/div><\/div><div class=\"wp-block-nordex-column wp-block-column\"><div class=\"metric -large-number\"><div class=\"metric__title\"><h3>5.000 HAUSHALTE<\/h3><\/div><div class=\"metric__description\"><p>WERDEN J\u00c4HRLICH VON EINER N163\/6.X VERSORGT<\/p><\/div><\/div><\/div><\/div>\n\n\n\n<div class=\"wp-block-nordex-heading is-style-underline nordex-heading wp-block-columns has-4-columns\"><div class=\"nordex-heading__chapter wp-block-column\"><span class=\"nordex-heading__chapter-title\">02<\/span><span class=\"nordex-heading__chapter-subtitle\">04<\/span><\/div><div class=\"nordex-heading__heading wp-block-column\"><h3 class=\"nordex-heading__heading-title\">Warum #teamnordex <\/h3><\/div><div class=\"nordex-heading__subhead wp-block-column\"><p class=\"nordex-heading__subhead-title\"><\/p><\/div><div class=\"nordex-heading__button wp-block-column\"><\/div><\/div>\n\n\n\n<div class=\"wp-block-columns is-layout-flex wp-container-core-columns-is-layout-28f84493 wp-block-columns-is-layout-flex\">\n<div class=\"wp-block-column is-layout-flow wp-block-column-is-layout-flow\" style=\"flex-basis:66.66%\">\n<p class=\"has-grey-05-background-color has-background\">Bei der Nordex Group sind wir fest davon \u00fcberzeugt, dass unsere Mitarbeiterinnen und Mitarbeiter das Herzst\u00fcck unseres Erfolgs sind. Wir setzen alles daran, eine Kultur zu schaffen, die Teamarbeit, Kreativit\u00e4t und pers\u00f6nliches Wachstum f\u00f6rdert. Gemeinsam arbeiten wir an innovativen Projekten, entwickeln unsere F\u00e4higkeiten und unser Wissen weiter und liefern saubere Energiel\u00f6sungen als positiven Beitrag f\u00fcr unsere Welt. Wenn du eine pers\u00f6nlich bereichernde und spannende Karriere suchst, dann bist du bei Nordex genau richtig. Werde Teil von #TeamNordex!<em><br><\/em><br><strong>Christian Heinen<\/strong><br><strong>Chief People Officer<\/strong><\/p>\n<\/div>\n\n\n\n<div class=\"wp-block-column is-vertically-aligned-center is-layout-flow wp-block-column-is-layout-flow\" style=\"flex-basis:33.33%\">\n<figure class=\"wp-block-image size-large is-style-rounded\"><img loading=\"lazy\" decoding=\"async\" width=\"1024\" height=\"804\" src=\"https:\/\/www.nordex-online.com\/wp-content\/uploads\/sites\/3\/2025\/06\/CHE-01-1024x804.jpg\" alt=\"\" class=\"wp-image-44653\" srcset=\"https:\/\/www.nordex-online.com\/wp-content\/uploads\/sites\/3\/2025\/06\/CHE-01-1024x804.jpg 1024w, https:\/\/www.nordex-online.com\/wp-content\/uploads\/sites\/3\/2025\/06\/CHE-01-300x235.jpg 300w, https:\/\/www.nordex-online.com\/wp-content\/uploads\/sites\/3\/2025\/06\/CHE-01-768x603.jpg 768w, https:\/\/www.nordex-online.com\/wp-content\/uploads\/sites\/3\/2025\/06\/CHE-01-1536x1206.jpg 1536w, https:\/\/www.nordex-online.com\/wp-content\/uploads\/sites\/3\/2025\/06\/CHE-01-2048x1607.jpg 2048w\" sizes=\"auto, (max-width: 1024px) 100vw, 1024px\" \/><\/figure>\n<\/div>\n<\/div>\n\n\n\n<div class=\"wp-block-columns is-layout-flex wp-container-core-columns-is-layout-28f84493 wp-block-columns-is-layout-flex\">\n<div class=\"wp-block-column is-layout-flow wp-block-column-is-layout-flow\" style=\"flex-basis:33.33%\"><\/div>\n\n\n\n<div class=\"wp-block-column is-vertically-aligned-center is-layout-flow wp-block-column-is-layout-flow\" style=\"flex-basis:66.66%\"><\/div>\n<\/div>\n\n\n\n<div class=\"wp-block-nordex-video-text nordex-video-text wp-block-columns wp-block-nordex-columns has-2-columns\"><div class=\"nordex-video-text__left wp-block-column wp-block-nordex-column\">\n<figure class=\"wp-block-embed is-type-video is-provider-youtube wp-block-embed-youtube\"><div class=\"wp-block-embed__wrapper\">\n <div class=\"brlbs-cmpnt-container brlbs-cmpnt-content-blocker brlbs-cmpnt-with-individual-styles\" data-borlabs-cookie-content-blocker-id=\"youtube-content-blocker\" data-borlabs-cookie-content=\"PGlmcmFtZSB0aXRsZT0iNDAgSmFocmUgTGVpZGVuc2NoYWZ0IGbDvHIgV2luZGVuZXJnaWUgfCBEaWUgTm9yZGV4IEdyb3VwIiB3aWR0aD0iOTYwIiBoZWlnaHQ9IjU0MCIgc3JjPSJodHRwczovL3d3dy55b3V0dWJlLmNvbS9lbWJlZC80ZF9uUk1Ta3VPVT9mZWF0dXJlPW9lbWJlZCIgZnJhbWVib3JkZXI9IjAiIGFsbG93PSJhY2NlbGVyb21ldGVyOyBhdXRvcGxheTsgY2xpcGJvYXJkLXdyaXRlOyBlbmNyeXB0ZWQtbWVkaWE7IGd5cm9zY29wZTsgcGljdHVyZS1pbi1waWN0dXJlOyB3ZWItc2hhcmUiIHJlZmVycmVycG9saWN5PSJzdHJpY3Qtb3JpZ2luLXdoZW4tY3Jvc3Mtb3JpZ2luIiBhbGxvd2Z1bGxzY3JlZW4+PC9pZnJhbWU+\"><div class=\"brlbs-cmpnt-cb-preset-c brlbs-cmpnt-cb-youtube\"> <div class=\"brlbs-cmpnt-cb-thumbnail\" style=\"background-image: url('')\"><\/div> <div class=\"brlbs-cmpnt-cb-main\"> <div class=\"brlbs-cmpnt-cb-play-button\"><\/div> <div class=\"brlbs-cmpnt-cb-content\"> <p class=\"brlbs-cmpnt-cb-description\">Sie sehen gerade einen Platzhalterinhalt von <strong>YouTube<\/strong>. Um auf den eigentlichen Inhalt zuzugreifen, klicken Sie auf die Schaltfl\u00e4che unten. Bitte beachten Sie, dass dabei Daten an Drittanbieter weitergegeben werden.<\/p> <a class=\"brlbs-cmpnt-cb-provider-toggle\" href=\"#\" data-borlabs-cookie-show-provider-information role=\"button\">Mehr Informationen<\/a> <\/div> <div class=\"brlbs-cmpnt-cb-buttons\"> <a class=\"brlbs-cmpnt-cb-btn\" href=\"#\" data-borlabs-cookie-unblock role=\"button\">Inhalt entsperren<\/a> <a class=\"brlbs-cmpnt-cb-btn\" href=\"#\" data-borlabs-cookie-accept-service role=\"button\" style=\"display: inherit\">Erforderlichen Service akzeptieren und Inhalte entsperren<\/a> <\/div> <\/div> <\/div><\/div>\n<\/div><\/figure>\n<\/div><div class=\"nordex-video-text__right wp-block-column wp-block-nordex-column\"><div class=\"nordex-video-text__container\"><h2><\/h2><p class=\"nordex-video-text__subtitle\" style=\"color:#0e5783\">GEMEINSAM MEHR ERREICHEN<\/p><p class=\"nordex-video-text__content\">#TeamNordex ist stolz darauf, an der Spitze der Energiewende zu stehen und L\u00f6sungen f\u00fcr eine bessere Zukunft zu schaffen. Als technologiegetriebenes Unternehmen setzen wir auf Innovation und Flexibilit\u00e4t \u2013 doch den Unterschied macht unser Team. Mit Leidenschaft und Vielfalt aus aller Welt sind wir ein agiles, eng verbundenes Team, das gemeinsam seine Ziele erreicht.<\/p><div class=\"nordex-video-text__button\"><a class=\"wp-block-button is-style-underline\" href=\"https:\/\/www.nordex-online.com\/de\/unternehmenskultur\/\"><span class=\"wp-block-button__link\">ERFAHRE MEHR \u00dcBER UNSERE KULTUR<\/span><\/a><\/div><\/div><\/div><\/div>\n\n\n\n<div class=\"wp-block-nordex-heading is-style-underline nordex-heading wp-block-columns has-4-columns\"><div class=\"nordex-heading__chapter wp-block-column\"><span class=\"nordex-heading__chapter-title\">03<\/span><span class=\"nordex-heading__chapter-subtitle\">04<\/span><\/div><div class=\"nordex-heading__heading wp-block-column\"><h3 class=\"nordex-heading__heading-title\">Entdecke deine Karrierechancen<\/h3><\/div><div class=\"nordex-heading__subhead wp-block-column\"><p class=\"nordex-heading__subhead-title\"><\/p><\/div><div class=\"nordex-heading__button wp-block-column\"><\/div><\/div>\n\n\n\n<div class=\"wp-block-cover is-light\"><img decoding=\"async\" class=\"wp-block-cover__image-background wp-image-50099\" alt=\"\" src=\"https:\/\/www.nordex-online.com\/wp-content\/uploads\/sites\/2\/2025\/04\/Nordex-white-collar-shooting_2785-scaled.jpg\" style=\"object-position:47% 29%\" data-object-fit=\"cover\" data-object-position=\"47% 29%\"\/><span aria-hidden=\"true\" class=\"wp-block-cover__background has-grey-85-background-color has-background-dim-30 has-background-dim\"><\/span><div class=\"wp-block-cover__inner-container is-layout-constrained wp-block-cover-is-layout-constrained\">\n<p class=\"has-text-align-left has-white-color has-text-color has-link-color has-large-font-size wp-elements-9988f3952240bc6e6a2aad9d2360f9af\"><br><br><br><strong>#TEAMUP. F\u00dcR EINE GR\u00dcNERE ZUKUNFT.<br><a href=\"https:\/\/jobs.nordex-online.com\/?locale=de_DE\" target=\"_blank\" rel=\"noreferrer noopener\">ZU DEN STELLENANGEBOTEN<\/a><\/strong><\/p>\n<\/div><\/div>\n\n\n\n<div class=\"wp-block-nordex-heading is-style-underline nordex-heading wp-block-columns has-4-columns\"><div class=\"nordex-heading__chapter wp-block-column\"><span class=\"nordex-heading__chapter-title\">04<\/span><span class=\"nordex-heading__chapter-subtitle\">04<\/span><\/div><div class=\"nordex-heading__heading wp-block-column\"><h3 class=\"nordex-heading__heading-title\">Mehr erfahren<\/h3><\/div><div class=\"nordex-heading__subhead wp-block-column\"><p class=\"nordex-heading__subhead-title\"><\/p><\/div><div class=\"nordex-heading__button wp-block-column\"><\/div><\/div>\n\n\n\n<div class=\"wp-block-columns is-layout-flex wp-container-core-columns-is-layout-28f84493 wp-block-columns-is-layout-flex\">\n<div class=\"wp-block-column is-layout-flow wp-block-column-is-layout-flow\">\n<div class=\"wp-block-nordex-tile wp-block-nordex-tile--portrait\"><a class=\"wp-block-nordex-tile__button\" href=\"https:\/\/www.nordex-online.com\/de\/bewerbungsprozess\/\"><div class=\"wp-block-nordex-tile__image\" style=\"background-image:url(https:\/\/www.nordex-online.com\/wp-content\/uploads\/sites\/2\/2025\/04\/Website-Learn-More-Teaser-Application.png)\"><\/div><p class=\"wp-block-nordex-tile__title\">BEWERBUNGSPROZESS<\/p><p class=\"wp-block-button is-style-underline\"><span class=\"wp-block-button__link\">Mehr erfahren<\/span><\/p><\/a><\/div>\n<\/div>\n\n\n\n<div class=\"wp-block-column is-layout-flow wp-block-column-is-layout-flow\">\n<div class=\"wp-block-nordex-tile wp-block-nordex-tile--portrait\"><a class=\"wp-block-nordex-tile__button\" href=\"https:\/\/www.nordex-online.com\/de\/karrieremoglichkeiten\/\"><div class=\"wp-block-nordex-tile__image\" style=\"background-image:url(https:\/\/www.nordex-online.com\/wp-content\/uploads\/sites\/2\/2025\/03\/Career-Opportunities-.png)\"><\/div><p class=\"wp-block-nordex-tile__title\">KARRIEREM\u00d6GLICHKEITEN<\/p><p class=\"wp-block-button is-style-underline\"><span class=\"wp-block-button__link\">Mehr erfahren <\/span><\/p><\/a><\/div>\n<\/div>\n\n\n\n<div class=\"wp-block-column is-layout-flow wp-block-column-is-layout-flow\">\n<div class=\"wp-block-nordex-tile wp-block-nordex-tile--portrait\"><a class=\"wp-block-nordex-tile__button\" href=\"https:\/\/jobs.nordex-online.com\/?locale=de_DE\"><div class=\"wp-block-nordex-tile__image\" style=\"background-image:url(https:\/\/www.nordex-online.com\/wp-content\/uploads\/sites\/2\/2025\/03\/Job-Portal.png)\"><\/div><p class=\"wp-block-nordex-tile__title\">JOB PORTAL<\/p><p class=\"wp-block-button is-style-underline\"><span class=\"wp-block-button__link\">MEHR ERFAHREN<\/span><\/p><\/a><\/div>\n<\/div>\n<\/div>\n\n\n\n<p><\/p>\n","protected":false},"excerpt":{"rendered":"<p>DIE NORDEX GROUP IN ZAHLEN Bei der Nordex Group sind wir fest davon \u00fcberzeugt, dass unsere Mitarbeiterinnen und Mitarbeiter das Herzst\u00fcck unseres Erfolgs sind. Wir setzen alles daran, eine Kultur zu schaffen, die Teamarbeit, Kreativit\u00e4t und pers\u00f6nliches Wachstum f\u00f6rdert. Gemeinsam arbeiten wir an innovativen Projekten, entwickeln unsere F\u00e4higkeiten und unser Wissen weiter und liefern saubere [&hellip;]<\/p>\n","protected":false},"author":5,"featured_media":0,"parent":0,"menu_order":0,"comment_status":"closed","ping_status":"closed","template":"","meta":{"_trash_the_other_posts":false,"editor_notices":[],"footnotes":""},"class_list":["post-2325","page","type-page","status-publish","hentry"],"yoast_head":"<!-- This site is optimized with the Yoast SEO Premium plugin v27.3 (Yoast SEO v27.3) - https:\/\/yoast.com\/product\/yoast-seo-premium-wordpress\/ -->\n<title>Karriere - Nordex SE - Deutsch<\/title>\n<meta name=\"description\" content=\"M\u00f6chten Sie die Zukunft der Energie mit Engagement und Know-how mitgestalten? Kommen Sie zur Nordex Group und werden Sie Teil eines globalen Teams.\" \/>\n<meta name=\"robots\" content=\"index, follow, max-snippet:-1, max-image-preview:large, max-video-preview:-1\" \/>\n<link rel=\"canonical\" href=\"https:\/\/www.nordex-online.com\/de\/karriere\/\" \/>\n<meta property=\"og:locale\" content=\"de_DE\" \/>\n<meta property=\"og:type\" content=\"article\" \/>\n<meta property=\"og:title\" content=\"Karriere\" \/>\n<meta property=\"og:description\" content=\"M\u00f6chten Sie die Zukunft der Energie mit Engagement und Know-how mitgestalten? Kommen Sie zur Nordex Group und werden Sie Teil eines globalen Teams.\" \/>\n<meta property=\"og:url\" content=\"https:\/\/www.nordex-online.com\/de\/karriere\/\" \/>\n<meta property=\"og:site_name\" content=\"Nordex SE - Deutsch\" \/>\n<meta property=\"article:modified_time\" content=\"2025-11-04T16:08:17+00:00\" \/>\n<meta name=\"twitter:card\" content=\"summary_large_image\" \/>\n<meta name=\"twitter:label1\" content=\"Gesch\u00e4tzte Lesezeit\" \/>\n\t<meta name=\"twitter:data1\" content=\"3\u00a0Minuten\" \/>\n<script type=\"application\/ld+json\" class=\"yoast-schema-graph\">{\"@context\":\"https:\\\/\\\/schema.org\",\"@graph\":[{\"@type\":\"WebPage\",\"@id\":\"https:\\\/\\\/www.nordex-online.com\\\/de\\\/karriere\\\/\",\"url\":\"https:\\\/\\\/www.nordex-online.com\\\/de\\\/karriere\\\/\",\"name\":\"Karriere - Nordex SE - Deutsch\",\"isPartOf\":{\"@id\":\"https:\\\/\\\/www.nordex-online.com\\\/de\\\/#website\"},\"primaryImageOfPage\":{\"@id\":\"https:\\\/\\\/www.nordex-online.com\\\/de\\\/karriere\\\/#primaryimage\"},\"image\":{\"@id\":\"https:\\\/\\\/www.nordex-online.com\\\/de\\\/karriere\\\/#primaryimage\"},\"thumbnailUrl\":\"https:\\\/\\\/www.nordex-online.com\\\/wp-content\\\/uploads\\\/sites\\\/2\\\/2025\\\/03\\\/Career-Headers-Website-12.jpg\",\"datePublished\":\"2019-11-26T20:18:42+00:00\",\"dateModified\":\"2025-11-04T16:08:17+00:00\",\"description\":\"M\u00f6chten Sie die Zukunft der Energie mit Engagement und Know-how mitgestalten? Kommen Sie zur Nordex Group und werden Sie Teil eines globalen Teams.\",\"breadcrumb\":{\"@id\":\"https:\\\/\\\/www.nordex-online.com\\\/de\\\/karriere\\\/#breadcrumb\"},\"inLanguage\":\"de\",\"potentialAction\":[{\"@type\":\"ReadAction\",\"target\":[\"https:\\\/\\\/www.nordex-online.com\\\/de\\\/karriere\\\/\"]}]},{\"@type\":\"ImageObject\",\"inLanguage\":\"de\",\"@id\":\"https:\\\/\\\/www.nordex-online.com\\\/de\\\/karriere\\\/#primaryimage\",\"url\":\"https:\\\/\\\/www.nordex-online.com\\\/wp-content\\\/uploads\\\/sites\\\/2\\\/2025\\\/03\\\/Career-Headers-Website-12.jpg\",\"contentUrl\":\"https:\\\/\\\/www.nordex-online.com\\\/wp-content\\\/uploads\\\/sites\\\/2\\\/2025\\\/03\\\/Career-Headers-Website-12.jpg\"},{\"@type\":\"BreadcrumbList\",\"@id\":\"https:\\\/\\\/www.nordex-online.com\\\/de\\\/karriere\\\/#breadcrumb\",\"itemListElement\":[{\"@type\":\"ListItem\",\"position\":1,\"name\":\"Home\",\"item\":\"https:\\\/\\\/www.nordex-online.com\\\/de\\\/\"},{\"@type\":\"ListItem\",\"position\":2,\"name\":\"Karriere\"}]},{\"@type\":\"WebSite\",\"@id\":\"https:\\\/\\\/www.nordex-online.com\\\/de\\\/#website\",\"url\":\"https:\\\/\\\/www.nordex-online.com\\\/de\\\/\",\"name\":\"Nordex SE - Deutsch\",\"description\":\"Manufacture, installation and maintenance of wind turbines.\",\"publisher\":{\"@id\":\"https:\\\/\\\/www.nordex-online.com\\\/de\\\/#organization\"},\"potentialAction\":[{\"@type\":\"SearchAction\",\"target\":{\"@type\":\"EntryPoint\",\"urlTemplate\":\"https:\\\/\\\/www.nordex-online.com\\\/de\\\/?s={search_term_string}\"},\"query-input\":{\"@type\":\"PropertyValueSpecification\",\"valueRequired\":true,\"valueName\":\"search_term_string\"}}],\"inLanguage\":\"de\"},{\"@type\":\"Organization\",\"@id\":\"https:\\\/\\\/www.nordex-online.com\\\/de\\\/#organization\",\"name\":\"Nordex SE - Deutsch\",\"url\":\"https:\\\/\\\/www.nordex-online.com\\\/de\\\/\",\"logo\":{\"@type\":\"ImageObject\",\"inLanguage\":\"de\",\"@id\":\"https:\\\/\\\/www.nordex-online.com\\\/de\\\/#\\\/schema\\\/logo\\\/image\\\/\",\"url\":\"https:\\\/\\\/www.nordex-online.com\\\/wp-content\\\/uploads\\\/sites\\\/3\\\/2024\\\/07\\\/cropped-cropped-Combined-Logos_cmyk_PNG.png\",\"contentUrl\":\"https:\\\/\\\/www.nordex-online.com\\\/wp-content\\\/uploads\\\/sites\\\/3\\\/2024\\\/07\\\/cropped-cropped-Combined-Logos_cmyk_PNG.png\",\"width\":1181,\"height\":353,\"caption\":\"Nordex SE - Deutsch\"},\"image\":{\"@id\":\"https:\\\/\\\/www.nordex-online.com\\\/de\\\/#\\\/schema\\\/logo\\\/image\\\/\"}}]}<\/script>\n<!-- \/ Yoast SEO Premium plugin. -->","yoast_head_json":{"title":"Karriere - Nordex SE - Deutsch","description":"M\u00f6chten Sie die Zukunft der Energie mit Engagement und Know-how mitgestalten? Kommen Sie zur Nordex Group und werden Sie Teil eines globalen Teams.","robots":{"index":"index","follow":"follow","max-snippet":"max-snippet:-1","max-image-preview":"max-image-preview:large","max-video-preview":"max-video-preview:-1"},"canonical":"https:\/\/www.nordex-online.com\/de\/karriere\/","og_locale":"de_DE","og_type":"article","og_title":"Karriere","og_description":"M\u00f6chten Sie die Zukunft der Energie mit Engagement und Know-how mitgestalten? Kommen Sie zur Nordex Group und werden Sie Teil eines globalen Teams.","og_url":"https:\/\/www.nordex-online.com\/de\/karriere\/","og_site_name":"Nordex SE - Deutsch","article_modified_time":"2025-11-04T16:08:17+00:00","twitter_card":"summary_large_image","twitter_misc":{"Gesch\u00e4tzte Lesezeit":"3\u00a0Minuten"},"schema":{"@context":"https:\/\/schema.org","@graph":[{"@type":"WebPage","@id":"https:\/\/www.nordex-online.com\/de\/karriere\/","url":"https:\/\/www.nordex-online.com\/de\/karriere\/","name":"Karriere - Nordex SE - Deutsch","isPartOf":{"@id":"https:\/\/www.nordex-online.com\/de\/#website"},"primaryImageOfPage":{"@id":"https:\/\/www.nordex-online.com\/de\/karriere\/#primaryimage"},"image":{"@id":"https:\/\/www.nordex-online.com\/de\/karriere\/#primaryimage"},"thumbnailUrl":"https:\/\/www.nordex-online.com\/wp-content\/uploads\/sites\/2\/2025\/03\/Career-Headers-Website-12.jpg","datePublished":"2019-11-26T20:18:42+00:00","dateModified":"2025-11-04T16:08:17+00:00","description":"M\u00f6chten Sie die Zukunft der Energie mit Engagement und Know-how mitgestalten? Kommen Sie zur Nordex Group und werden Sie Teil eines globalen Teams.","breadcrumb":{"@id":"https:\/\/www.nordex-online.com\/de\/karriere\/#breadcrumb"},"inLanguage":"de","potentialAction":[{"@type":"ReadAction","target":["https:\/\/www.nordex-online.com\/de\/karriere\/"]}]},{"@type":"ImageObject","inLanguage":"de","@id":"https:\/\/www.nordex-online.com\/de\/karriere\/#primaryimage","url":"https:\/\/www.nordex-online.com\/wp-content\/uploads\/sites\/2\/2025\/03\/Career-Headers-Website-12.jpg","contentUrl":"https:\/\/www.nordex-online.com\/wp-content\/uploads\/sites\/2\/2025\/03\/Career-Headers-Website-12.jpg"},{"@type":"BreadcrumbList","@id":"https:\/\/www.nordex-online.com\/de\/karriere\/#breadcrumb","itemListElement":[{"@type":"ListItem","position":1,"name":"Home","item":"https:\/\/www.nordex-online.com\/de\/"},{"@type":"ListItem","position":2,"name":"Karriere"}]},{"@type":"WebSite","@id":"https:\/\/www.nordex-online.com\/de\/#website","url":"https:\/\/www.nordex-online.com\/de\/","name":"Nordex SE - Deutsch","description":"Manufacture, installation and maintenance of wind turbines.","publisher":{"@id":"https:\/\/www.nordex-online.com\/de\/#organization"},"potentialAction":[{"@type":"SearchAction","target":{"@type":"EntryPoint","urlTemplate":"https:\/\/www.nordex-online.com\/de\/?s={search_term_string}"},"query-input":{"@type":"PropertyValueSpecification","valueRequired":true,"valueName":"search_term_string"}}],"inLanguage":"de"},{"@type":"Organization","@id":"https:\/\/www.nordex-online.com\/de\/#organization","name":"Nordex SE - Deutsch","url":"https:\/\/www.nordex-online.com\/de\/","logo":{"@type":"ImageObject","inLanguage":"de","@id":"https:\/\/www.nordex-online.com\/de\/#\/schema\/logo\/image\/","url":"https:\/\/www.nordex-online.com\/wp-content\/uploads\/sites\/3\/2024\/07\/cropped-cropped-Combined-Logos_cmyk_PNG.png","contentUrl":"https:\/\/www.nordex-online.com\/wp-content\/uploads\/sites\/3\/2024\/07\/cropped-cropped-Combined-Logos_cmyk_PNG.png","width":1181,"height":353,"caption":"Nordex SE - Deutsch"},"image":{"@id":"https:\/\/www.nordex-online.com\/de\/#\/schema\/logo\/image\/"}}]}},"_links":{"self":[{"href":"https:\/\/www.nordex-online.com\/de\/wp-json\/wp\/v2\/pages\/2325","targetHints":{"allow":["GET"]}}],"collection":[{"href":"https:\/\/www.nordex-online.com\/de\/wp-json\/wp\/v2\/pages"}],"about":[{"href":"https:\/\/www.nordex-online.com\/de\/wp-json\/wp\/v2\/types\/page"}],"author":[{"embeddable":true,"href":"https:\/\/www.nordex-online.com\/de\/wp-json\/wp\/v2\/users\/5"}],"replies":[{"embeddable":true,"href":"https:\/\/www.nordex-online.com\/de\/wp-json\/wp\/v2\/comments?post=2325"}],"version-history":[{"count":77,"href":"https:\/\/www.nordex-online.com\/de\/wp-json\/wp\/v2\/pages\/2325\/revisions"}],"predecessor-version":[{"id":46608,"href":"https:\/\/www.nordex-online.com\/de\/wp-json\/wp\/v2\/pages\/2325\/revisions\/46608"}],"wp:attachment":[{"href":"https:\/\/www.nordex-online.com\/de\/wp-json\/wp\/v2\/media?parent=2325"}],"curies":[{"name":"wp","href":"https:\/\/api.w.org\/{rel}","templated":true}]}}